{"id":9922,"date":"2021-06-29T02:53:56","date_gmt":"2021-06-29T02:53:56","guid":{"rendered":"https:\/\/www.arteenboga.com.co\/la\/?page_id=9922"},"modified":"2022-05-11T04:50:04","modified_gmt":"2022-05-11T04:50:04","slug":"capsulas","status":"publish","type":"page","link":"https:\/\/www.arteenboga.com.co\/la\/capsulas\/","title":{"rendered":"C\u00e1psulas"},"content":{"rendered":"<div class=\"wpb-content-wrapper\"><p>[vc_section][vc_row][vc_column width=\u00bb1\/5&#8243;][\/vc_column][vc_column width=\u00bb3\/5&#8243;]<div class=\"wpb_content_element \"><style type=\"text\/css\">#ut_header_69f9da96e18c3 h2.section-title { font-size:75px !important;line-height:90px !important;letter-spacing:-0.03em; }<\/style><header id=\"ut_header_69f9da96e18c3\" class=\"section-header  ut-no-title-linebreak-mobile ut-no-lead-linebreak-mobile pt-style-7 header-left header-tablet-left header-mobile-center element-with-custom-line-height\"><div class=\"element-with-custom-line-height\" ><h2 data-title=\"ARTE Y TRANSFORMACI\u00d3N SOCIAL\"  data-responsive-font=\"section_title\" data-responsive-font-settings=\"{&quot;base-font-size&quot;:&quot;global&quot;,&quot;font-size&quot;:{&quot;desktop_large&quot;:&quot;75&quot;},&quot;base-line-height&quot;:&quot;global&quot;,&quot;line-height&quot;:{&quot;desktop_large&quot;:&quot;90&quot;},&quot;base-letter-spacing&quot;:&quot;global&quot;,&quot;letter-spacing&quot;:{&quot;desktop_large&quot;:&quot;-0.03&quot;}}\" class=\"section-title  \"><span>ARTE Y TRANSFORMACI\u00d3N SOCIAL<\/span><\/h2><\/div><\/header><\/div>[vc_column_text]<\/p>\n<p class=\"p1\">Hemos dise\u00f1ado estas c\u00e1psulas pedag\u00f3gicas para acercarte a estas investigaciones en artes con enfoque social, en ellas encontrar\u00e1s formas y modos de hacer desde la investigaci\u00f3n en artes, un vistazo al trabajo de campo de estos investigadores con las poblaciones objetivas y el abordaje de una problem\u00e1tica social en proyectos art\u00edsticos.<\/p>\n<p class=\"p1\">Desde Arte en Boga creemos que es importante generar espacios que acompa\u00f1en el proceso de los artistas y darle voz a las propuestas que, desde su concepci\u00f3n, generen un aporte social dentro de sus investigaciones, que trabajen con poblaciones minoritarias y problem\u00e1ticas sociales, aportando propuestas creativas desde el arte para la transformaci\u00f3n social.<\/p>\n<p>[\/vc_column_text][\/vc_column][vc_column width=\u00bb1\/5&#8243;][\/vc_column][\/vc_row][\/vc_section][vc_row][vc_column]<div class=\"wpb_content_element \"><style type=\"text\/css\">#ut_vs_69f9da96e708f.ut-shortcode-video-wrap .ut-video-module-caption-text span { font-weight: bold; }<\/style><div id=\"ut_vs_69f9da96e708f\" class=\"ut-shortcode-video-wrap  ut-shortcode-video-wrap-tablet- ut-shortcode-video-wrap-mobile- clearfix\" ><div id=\"ut_reveal_69f9da96e7091\"  class=\"ut-video-module \"><div class=\"ut-video-module-caption \"><a class=\"ut-load-video \" data-source=\"mp4\" data-autoplay=\"0\" data-nonce=\"999db80e93\" data-location=\"inline\"   data-video=\"https:\/\/www.youtube.com\/watch?v=xCi97RE0jsQ\" data-html=\"#ut_vid_69f9da96ebf4f\">\r\n        <img loading=\"lazy\" decoding=\"async\" data-adaptive-images=\"{&quot;300&quot;:&quot;https:\\\/\\\/www.arteenboga.com.co\\\/la\\\/wp-content\\\/uploads\\\/2022\\\/03\\\/Miniatura_capsula1-300x169.png&quot;,&quot;500&quot;:&quot;https:\\\/\\\/www.arteenboga.com.co\\\/la\\\/wp-content\\\/uploads\\\/2022\\\/03\\\/Miniatura_capsula1-500x281.png&quot;,&quot;750&quot;:&quot;https:\\\/\\\/www.arteenboga.com.co\\\/la\\\/wp-content\\\/uploads\\\/2022\\\/03\\\/Miniatura_capsula1-750x422.png&quot;,&quot;1000&quot;:&quot;https:\\\/\\\/www.arteenboga.com.co\\\/la\\\/wp-content\\\/uploads\\\/2022\\\/03\\\/Miniatura_capsula1-1000x563.png&quot;,&quot;1500&quot;:&quot;https:\\\/\\\/www.arteenboga.com.co\\\/la\\\/wp-content\\\/uploads\\\/2022\\\/03\\\/Miniatura_capsula1-1500x844.png&quot;,&quot;2500&quot;:&quot;https:\\\/\\\/www.arteenboga.com.co\\\/la\\\/wp-content\\\/uploads\\\/2022\\\/03\\\/Miniatura_capsula1-2500x1406.png&quot;}\" src=\"data:image\/svg+xml;charset=utf-8,%3Csvg xmlns%3D&#039;http%3A%2F%2Fwww.w3.org%2F2000%2Fsvg&#039; viewBox%3D&#039;0 0 1500 844&#039;%2F%3E\" width=\"1500\" height=\"844\" data-src=\"https:\/\/www.arteenboga.com.co\/la\/wp-content\/uploads\/2022\/03\/Miniatura_capsula1-1500x844.png\" data-image-id=\"10935\" class=\"ut-adaptive-image wp-post-image skip-lazy \">\r\n\r\n        <div class=\"ut-video-module-caption-text\"><div class=\"ut-video-module-inner-caption-text ut-video-module-empty-caption ut-video-module-caption-position-default\"><div class=\"ut-video-module-play-icon \"><i class=\"Bklyn-Core-Right-6\" aria-hidden=\"true\"><\/i><\/div><\/div><\/div><\/a><\/div><div class=\"ut-video-module-loading\"><div class=\"ut-image-gallery-loader\"><div class=\"ut-image-gallery-loader-inner\"><\/div><\/div><\/div><\/div><\/div><\/div>[\/vc_column][\/vc_row][vc_row][vc_column width=\u00bb1\/2&#8243;]<div class=\"wpb_content_element \"><style type=\"text\/css\">#ut_header_69f9da96ecc9c h2.section-title { font-size:75px !important;line-height:90px !important;letter-spacing:-0.03em; }<\/style><header id=\"ut_header_69f9da96ecc9c\" class=\"section-header  ut-no-title-linebreak-mobile ut-no-lead-linebreak-mobile pt-style-7 header-left header-tablet-left header-mobile-center element-with-custom-line-height\"><div class=\"element-with-custom-line-height\" ><h2 data-title=\"Arte y Memoria\"  data-responsive-font=\"section_title\" data-responsive-font-settings=\"{&quot;base-font-size&quot;:&quot;global&quot;,&quot;font-size&quot;:{&quot;desktop_large&quot;:&quot;75&quot;},&quot;base-line-height&quot;:&quot;global&quot;,&quot;line-height&quot;:{&quot;desktop_large&quot;:&quot;90&quot;},&quot;base-letter-spacing&quot;:&quot;global&quot;,&quot;letter-spacing&quot;:{&quot;desktop_large&quot;:&quot;-0.03&quot;}}\" class=\"section-title  \"><span>Arte y Memoria<\/span><\/h2><\/div><div data-delay=\"0\" class=\"lead \"><p>La Construcci\u00f3n de la Memoria a Trav\u00e9s de las Pr\u00e1cticas Art\u00edsticas<\/p>\n<\/div><\/header><\/div>[\/vc_column][vc_column width=\u00bb1\/2&#8243;][vc_column_text]<\/p>\n<p class=\"p1\">La memoria nos define, el acto de recordar pone en juego nuestros v\u00ednculos con el pasado, ahondando en ese archivo inagotable de recuerdos que nos hace ser lo que somos. El arte es memoria viva; a partir de \u00e9ste podemos volver la mirada sobre el pasado: una foto, un relato, un objeto, puede ser la v\u00eda para traer al presente eso que sent\u00edamos perdido.<\/p>\n<p>[\/vc_column_text][vc_separator color=\u00bbpurple\u00bb border_width=\u00bb7&#8243;][\/vc_column][\/vc_row][vc_section][vc_row][vc_column]<div class=\"wpb_content_element \"><style type=\"text\/css\">#ut_vs_69f9da96eddea.ut-shortcode-video-wrap .ut-video-module-caption-text span { font-weight: bold; }<\/style><div id=\"ut_vs_69f9da96eddea\" class=\"ut-shortcode-video-wrap  ut-shortcode-video-wrap-tablet- ut-shortcode-video-wrap-mobile- clearfix\" ><div id=\"ut_reveal_69f9da96eddeb\"  class=\"ut-video-module \"><div class=\"ut-video-module-caption \"><a class=\"ut-load-video \" data-source=\"mp4\" data-autoplay=\"0\" data-nonce=\"999db80e93\" data-location=\"inline\"   data-video=\"https:\/\/www.youtube.com\/watch?v=BLbsQstV0nc\" data-html=\"#ut_vid_69f9da96f28f3\">\r\n        <img loading=\"lazy\" decoding=\"async\" data-adaptive-images=\"{&quot;300&quot;:&quot;https:\\\/\\\/www.arteenboga.com.co\\\/la\\\/wp-content\\\/uploads\\\/2022\\\/03\\\/fotogramafiltro-300x169.jpg&quot;,&quot;500&quot;:&quot;https:\\\/\\\/www.arteenboga.com.co\\\/la\\\/wp-content\\\/uploads\\\/2022\\\/03\\\/fotogramafiltro-500x281.jpg&quot;,&quot;750&quot;:&quot;https:\\\/\\\/www.arteenboga.com.co\\\/la\\\/wp-content\\\/uploads\\\/2022\\\/03\\\/fotogramafiltro-750x422.jpg&quot;,&quot;1000&quot;:&quot;https:\\\/\\\/www.arteenboga.com.co\\\/la\\\/wp-content\\\/uploads\\\/2022\\\/03\\\/fotogramafiltro-1000x563.jpg&quot;,&quot;1500&quot;:&quot;https:\\\/\\\/www.arteenboga.com.co\\\/la\\\/wp-content\\\/uploads\\\/2022\\\/03\\\/fotogramafiltro-1500x844.jpg&quot;,&quot;2500&quot;:&quot;https:\\\/\\\/www.arteenboga.com.co\\\/la\\\/wp-content\\\/uploads\\\/2022\\\/03\\\/fotogramafiltro-2500x1406.jpg&quot;}\" src=\"data:image\/svg+xml;charset=utf-8,%3Csvg xmlns%3D&#039;http%3A%2F%2Fwww.w3.org%2F2000%2Fsvg&#039; viewBox%3D&#039;0 0 1500 844&#039;%2F%3E\" width=\"1500\" height=\"844\" data-src=\"https:\/\/www.arteenboga.com.co\/la\/wp-content\/uploads\/2022\/03\/fotogramafiltro-1500x844.jpg\" data-image-id=\"10841\" class=\"ut-adaptive-image wp-post-image skip-lazy \">\r\n\r\n        <div class=\"ut-video-module-caption-text\"><div class=\"ut-video-module-inner-caption-text ut-video-module-empty-caption ut-video-module-caption-position-default\"><div class=\"ut-video-module-play-icon \"><i class=\"Bklyn-Core-Right-6\" aria-hidden=\"true\"><\/i><\/div><\/div><\/div><\/a><\/div><div class=\"ut-video-module-loading\"><div class=\"ut-image-gallery-loader\"><div class=\"ut-image-gallery-loader-inner\"><\/div><\/div><\/div><\/div><\/div><\/div>[\/vc_column][\/vc_row][vc_row][vc_column width=\u00bb1\/2&#8243;]<div class=\"wpb_content_element \"><style type=\"text\/css\">#ut_header_69f9da96f3778 h2.section-title { font-size:75px !important;line-height:90px !important;letter-spacing:-0.03em; }<\/style><header id=\"ut_header_69f9da96f3778\" class=\"section-header  ut-no-title-linebreak-mobile ut-no-lead-linebreak-mobile pt-style-7 header-left header-tablet-left header-mobile-center element-with-custom-line-height\"><div class=\"element-with-custom-line-height\" ><h2 data-title=\"Arte y Victimas\"  data-responsive-font=\"section_title\" data-responsive-font-settings=\"{&quot;base-font-size&quot;:&quot;global&quot;,&quot;font-size&quot;:{&quot;desktop_large&quot;:&quot;75&quot;},&quot;base-line-height&quot;:&quot;global&quot;,&quot;line-height&quot;:{&quot;desktop_large&quot;:&quot;90&quot;},&quot;base-letter-spacing&quot;:&quot;global&quot;,&quot;letter-spacing&quot;:{&quot;desktop_large&quot;:&quot;-0.03&quot;}}\" class=\"section-title  \"><span>Arte y Victimas<\/span><\/h2><\/div><div data-delay=\"0\" class=\"lead \"><p>El Arte como Medio de Transformaci\u00f3n, Visibilizaci\u00f3n y Reconstrucci\u00f3n de la Memoria del Conflicto en Colombia<\/p>\n<\/div><\/header><\/div>[\/vc_column][vc_column width=\u00bb1\/2&#8243;][vc_column_text]<\/p>\n<p class=\"p1\">En un contexto como el nuestro, el arte es una herramienta fundamental para visibilizar lo ocurrido dentro del marco del conflicto armado y la violencia en Colombia. El lenguaje creativo nos permite desestabilizar los discursos dominantes, esclareciendo los hechos desde otras voces y preservando esas memorias para convertirlas en ejes de transformaci\u00f3n, reparaci\u00f3n y perd\u00f3n hacia una verdadera construcci\u00f3n de paz.<\/p>\n<p>[\/vc_column_text][vc_separator color=\u00bbpurple\u00bb border_width=\u00bb7&#8243;][\/vc_column][\/vc_row][vc_row][vc_column]<div class=\"wpb_content_element \"><style type=\"text\/css\">#ut_vs_69f9da9700811.ut-shortcode-video-wrap .ut-video-module-caption-text span { font-weight: bold; }<\/style><div id=\"ut_vs_69f9da9700811\" class=\"ut-shortcode-video-wrap  ut-shortcode-video-wrap-tablet- ut-shortcode-video-wrap-mobile- clearfix\" ><div id=\"ut_reveal_69f9da9700813\"  class=\"ut-video-module \"><div class=\"ut-video-module-caption \"><a class=\"ut-load-video \" data-source=\"mp4\" data-autoplay=\"0\" data-nonce=\"999db80e93\" data-location=\"inline\"   data-video=\"https:\/\/www.youtube.com\/watch?v=Efv3fW2hNIQ\" data-html=\"#ut_vid_69f9da9704d7e\">\r\n        <img loading=\"lazy\" decoding=\"async\" data-adaptive-images=\"{&quot;300&quot;:&quot;https:\\\/\\\/www.arteenboga.com.co\\\/la\\\/wp-content\\\/uploads\\\/2022\\\/03\\\/cuerpo-privado5-300x169.jpg&quot;,&quot;500&quot;:&quot;https:\\\/\\\/www.arteenboga.com.co\\\/la\\\/wp-content\\\/uploads\\\/2022\\\/03\\\/cuerpo-privado5-500x281.jpg&quot;,&quot;750&quot;:&quot;https:\\\/\\\/www.arteenboga.com.co\\\/la\\\/wp-content\\\/uploads\\\/2022\\\/03\\\/cuerpo-privado5-750x422.jpg&quot;,&quot;1000&quot;:&quot;https:\\\/\\\/www.arteenboga.com.co\\\/la\\\/wp-content\\\/uploads\\\/2022\\\/03\\\/cuerpo-privado5-1000x563.jpg&quot;,&quot;1500&quot;:&quot;https:\\\/\\\/www.arteenboga.com.co\\\/la\\\/wp-content\\\/uploads\\\/2022\\\/03\\\/cuerpo-privado5-1500x844.jpg&quot;,&quot;2500&quot;:&quot;https:\\\/\\\/www.arteenboga.com.co\\\/la\\\/wp-content\\\/uploads\\\/2022\\\/03\\\/cuerpo-privado5-2500x1406.jpg&quot;}\" alt=\"Fotograf\u00eda 2020\" src=\"data:image\/svg+xml;charset=utf-8,%3Csvg xmlns%3D&#039;http%3A%2F%2Fwww.w3.org%2F2000%2Fsvg&#039; viewBox%3D&#039;0 0 1500 844&#039;%2F%3E\" width=\"1500\" height=\"844\" data-src=\"https:\/\/www.arteenboga.com.co\/la\/wp-content\/uploads\/2022\/03\/cuerpo-privado5-1500x844.jpg\" data-image-id=\"10886\" class=\"ut-adaptive-image wp-post-image skip-lazy \">\r\n\r\n        <div class=\"ut-video-module-caption-text\"><div class=\"ut-video-module-inner-caption-text ut-video-module-empty-caption ut-video-module-caption-position-default\"><div class=\"ut-video-module-play-icon \"><i class=\"Bklyn-Core-Right-6\" aria-hidden=\"true\"><\/i><\/div><\/div><\/div><\/a><\/div><div class=\"ut-video-module-loading\"><div class=\"ut-image-gallery-loader\"><div class=\"ut-image-gallery-loader-inner\"><\/div><\/div><\/div><\/div><\/div><\/div>[\/vc_column][\/vc_row][vc_row][vc_column width=\u00bb1\/2&#8243;]<div class=\"wpb_content_element \"><style type=\"text\/css\">#ut_header_69f9da970547e h2.section-title { font-size:75px !important;line-height:90px !important;letter-spacing:-0.03em; }<\/style><header id=\"ut_header_69f9da970547e\" class=\"section-header  ut-no-title-linebreak-mobile ut-no-lead-linebreak-mobile pt-style-7 header-left header-tablet-left header-mobile-center element-with-custom-line-height\"><div class=\"element-with-custom-line-height\" ><h2 data-title=\"Arte, Cuerpo y Territorio\"  data-responsive-font=\"section_title\" data-responsive-font-settings=\"{&quot;base-font-size&quot;:&quot;global&quot;,&quot;font-size&quot;:{&quot;desktop_large&quot;:&quot;75&quot;},&quot;base-line-height&quot;:&quot;global&quot;,&quot;line-height&quot;:{&quot;desktop_large&quot;:&quot;90&quot;},&quot;base-letter-spacing&quot;:&quot;global&quot;,&quot;letter-spacing&quot;:{&quot;desktop_large&quot;:&quot;-0.03&quot;}}\" class=\"section-title  \"><span>Arte, Cuerpo y Territorio<\/span><\/h2><\/div><div data-delay=\"0\" class=\"lead \"><p>Las Pr\u00e1cticas Art\u00edsticas como Espacios de Discusi\u00f3n, Di\u00e1logo y Disenso para Toda la Comunidad<\/p>\n<\/div><\/header><\/div>[\/vc_column][vc_column width=\u00bb1\/2&#8243;][vc_column_text]<span style=\"font-weight: 400;\">El arte es un lenguaje polis\u00e9mico,\u00a0<\/span><span style=\"font-weight: 400;\">a partir de la mirada de cada artista accedemos <\/span><span style=\"font-weight: 400;\">a distintos significados de un mismo concepto,\u00a0<\/span><span style=\"font-weight: 400;\">esto nos permite ampliar la mirada sobre eso que vemos,\u00a0<\/span><span style=\"font-weight: 400;\">percibimos y entendemos como experiencia est\u00e9tica\u00a0<\/span><span style=\"font-weight: 400;\">frente al objeto art\u00edstico.\u00a0\u00a0<\/span>[\/vc_column_text][vc_separator color=\u00bbpurple\u00bb border_width=\u00bb7&#8243;][\/vc_column][\/vc_row][\/vc_section][vc_row][vc_column]<div class=\"wpb_content_element \"><style type=\"text\/css\">#ut_vs_69f9da9705df0.ut-shortcode-video-wrap .ut-video-module-caption-text span { font-weight: bold; }<\/style><div id=\"ut_vs_69f9da9705df0\" class=\"ut-shortcode-video-wrap  ut-shortcode-video-wrap-tablet- ut-shortcode-video-wrap-mobile- clearfix\" ><div id=\"ut_reveal_69f9da9705df2\"  class=\"ut-video-module \"><div class=\"ut-video-module-caption \"><a class=\"ut-load-video \" data-source=\"mp4\" data-autoplay=\"0\" data-nonce=\"999db80e93\" data-location=\"inline\"   data-video=\"https:\/\/www.youtube.com\/watch?v=SXIyNK_nG5M\" data-html=\"#ut_vid_69f9da970a38d\">\r\n        <img loading=\"lazy\" decoding=\"async\" data-adaptive-images=\"{&quot;300&quot;:&quot;https:\\\/\\\/www.arteenboga.com.co\\\/la\\\/wp-content\\\/uploads\\\/2021\\\/06\\\/poster-capsula-victimas-1-300x169.jpg&quot;,&quot;500&quot;:&quot;https:\\\/\\\/www.arteenboga.com.co\\\/la\\\/wp-content\\\/uploads\\\/2021\\\/06\\\/poster-capsula-victimas-1-500x281.jpg&quot;,&quot;750&quot;:&quot;https:\\\/\\\/www.arteenboga.com.co\\\/la\\\/wp-content\\\/uploads\\\/2021\\\/06\\\/poster-capsula-victimas-1-750x422.jpg&quot;,&quot;1000&quot;:&quot;https:\\\/\\\/www.arteenboga.com.co\\\/la\\\/wp-content\\\/uploads\\\/2021\\\/06\\\/poster-capsula-victimas-1-1000x563.jpg&quot;,&quot;1500&quot;:&quot;https:\\\/\\\/www.arteenboga.com.co\\\/la\\\/wp-content\\\/uploads\\\/2021\\\/06\\\/poster-capsula-victimas-1-1500x844.jpg&quot;,&quot;2500&quot;:&quot;https:\\\/\\\/www.arteenboga.com.co\\\/la\\\/wp-content\\\/uploads\\\/2021\\\/06\\\/poster-capsula-victimas-1-2500x1406.jpg&quot;}\" src=\"data:image\/svg+xml;charset=utf-8,%3Csvg xmlns%3D&#039;http%3A%2F%2Fwww.w3.org%2F2000%2Fsvg&#039; viewBox%3D&#039;0 0 1500 844&#039;%2F%3E\" width=\"1500\" height=\"844\" data-src=\"https:\/\/www.arteenboga.com.co\/la\/wp-content\/uploads\/2021\/06\/poster-capsula-victimas-1-1500x844.jpg\" data-image-id=\"9990\" class=\"ut-adaptive-image wp-post-image skip-lazy \">\r\n\r\n        <div class=\"ut-video-module-caption-text\"><div class=\"ut-video-module-inner-caption-text ut-video-module-empty-caption ut-video-module-caption-position-default\"><div class=\"ut-video-module-play-icon \"><i class=\"Bklyn-Core-Right-6\" aria-hidden=\"true\"><\/i><\/div><\/div><\/div><\/a><\/div><div class=\"ut-video-module-loading\"><div class=\"ut-image-gallery-loader\"><div class=\"ut-image-gallery-loader-inner\"><\/div><\/div><\/div><\/div><\/div><\/div>[\/vc_column][\/vc_row][vc_section][vc_row][vc_column width=\u00bb1\/2&#8243;]<div class=\"wpb_content_element \"><style type=\"text\/css\">#ut_header_69f9da970ab25 h2.section-title { font-size:75px !important;line-height:90px !important;letter-spacing:-0.03em; }<\/style><header id=\"ut_header_69f9da970ab25\" class=\"section-header  ut-no-title-linebreak-mobile ut-no-lead-linebreak-mobile pt-style-7 header-left header-tablet-left header-mobile-center element-with-custom-line-height\"><div class=\"element-with-custom-line-height\" ><h2 data-title=\"V\u00edctimas de Conflicto \/ Arte y Ciencia\"  data-responsive-font=\"section_title\" data-responsive-font-settings=\"{&quot;base-font-size&quot;:&quot;global&quot;,&quot;font-size&quot;:{&quot;desktop_large&quot;:&quot;75&quot;},&quot;base-line-height&quot;:&quot;global&quot;,&quot;line-height&quot;:{&quot;desktop_large&quot;:&quot;90&quot;},&quot;base-letter-spacing&quot;:&quot;global&quot;,&quot;letter-spacing&quot;:{&quot;desktop_large&quot;:&quot;-0.03&quot;}}\" class=\"section-title  \"><span>V\u00edctimas de Conflicto \/ Arte y Ciencia<\/span><\/h2><\/div><\/header><\/div>[\/vc_column][vc_column width=\u00bb1\/2&#8243;][vc_column_text]<\/p>\n<p class=\"p1\">El arte nos conecta, nos instaura en el lenguaje de lo sensible, es creaci\u00f3n y expresi\u00f3n viva tanto para el creador como para su p\u00fablico.\u00a0 La investigaci\u00f3n en artes va m\u00e1s all\u00e1 de su campo disciplinar pues interroga, analiza, deconstruye discursos, realidades y fen\u00f3menos sociales que se convierten en un medio para la construcci\u00f3n de memoria hist\u00f3rica, identidad cultural y transformaci\u00f3n social.<\/p>\n<p>[\/vc_column_text][vc_separator color=\u00bbpurple\u00bb border_width=\u00bb7&#8243;][\/vc_column][\/vc_row][vc_row][vc_column]<div class=\"wpb_content_element \"><style type=\"text\/css\">#ut_vs_69f9da970b4a2.ut-shortcode-video-wrap .ut-video-module-caption-text span { font-weight: bold; }<\/style><div id=\"ut_vs_69f9da970b4a2\" class=\"ut-shortcode-video-wrap  ut-shortcode-video-wrap-tablet- ut-shortcode-video-wrap-mobile- clearfix\" ><div id=\"ut_reveal_69f9da970b4a4\"  class=\"ut-video-module \"><div class=\"ut-video-module-caption \"><a class=\"ut-load-video \" data-source=\"mp4\" data-autoplay=\"0\" data-nonce=\"999db80e93\" data-location=\"inline\"   data-video=\"https:\/\/www.youtube.com\/watch?v=Q6qjdWMYjh8&amp;t=4s\" data-html=\"#ut_vid_69f9da970fee3\">\r\n        <img loading=\"lazy\" decoding=\"async\" data-adaptive-images=\"{&quot;300&quot;:&quot;https:\\\/\\\/www.arteenboga.com.co\\\/la\\\/wp-content\\\/uploads\\\/2021\\\/06\\\/poster-capsula-discapacidad-2-300x169.jpg&quot;,&quot;500&quot;:&quot;https:\\\/\\\/www.arteenboga.com.co\\\/la\\\/wp-content\\\/uploads\\\/2021\\\/06\\\/poster-capsula-discapacidad-2-500x281.jpg&quot;,&quot;750&quot;:&quot;https:\\\/\\\/www.arteenboga.com.co\\\/la\\\/wp-content\\\/uploads\\\/2021\\\/06\\\/poster-capsula-discapacidad-2-750x422.jpg&quot;,&quot;1000&quot;:&quot;https:\\\/\\\/www.arteenboga.com.co\\\/la\\\/wp-content\\\/uploads\\\/2021\\\/06\\\/poster-capsula-discapacidad-2-1000x563.jpg&quot;,&quot;1500&quot;:&quot;https:\\\/\\\/www.arteenboga.com.co\\\/la\\\/wp-content\\\/uploads\\\/2021\\\/06\\\/poster-capsula-discapacidad-2-1500x844.jpg&quot;,&quot;2500&quot;:&quot;https:\\\/\\\/www.arteenboga.com.co\\\/la\\\/wp-content\\\/uploads\\\/2021\\\/06\\\/poster-capsula-discapacidad-2-2500x1406.jpg&quot;}\" src=\"data:image\/svg+xml;charset=utf-8,%3Csvg xmlns%3D&#039;http%3A%2F%2Fwww.w3.org%2F2000%2Fsvg&#039; viewBox%3D&#039;0 0 1500 844&#039;%2F%3E\" width=\"1500\" height=\"844\" data-src=\"https:\/\/www.arteenboga.com.co\/la\/wp-content\/uploads\/2021\/06\/poster-capsula-discapacidad-2-1500x844.jpg\" data-image-id=\"9989\" class=\"ut-adaptive-image wp-post-image skip-lazy \">\r\n\r\n        <div class=\"ut-video-module-caption-text\"><div class=\"ut-video-module-inner-caption-text ut-video-module-empty-caption ut-video-module-caption-position-default\"><div class=\"ut-video-module-play-icon \"><i class=\"Bklyn-Core-Right-6\" aria-hidden=\"true\"><\/i><\/div><\/div><\/div><\/a><\/div><div class=\"ut-video-module-loading\"><div class=\"ut-image-gallery-loader\"><div class=\"ut-image-gallery-loader-inner\"><\/div><\/div><\/div><\/div><\/div><\/div>[\/vc_column][\/vc_row][vc_row][vc_column width=\u00bb1\/2&#8243;]<div class=\"wpb_content_element \"><style type=\"text\/css\">#ut_header_69f9da9710bf2 h2.section-title { font-size:75px !important;line-height:90px !important;letter-spacing:-0.03em; }<\/style><header id=\"ut_header_69f9da9710bf2\" class=\"section-header  ut-no-title-linebreak-mobile ut-no-lead-linebreak-mobile pt-style-7 header-left header-tablet-left header-mobile-center element-with-custom-line-height\"><div class=\"element-with-custom-line-height\" ><h2 data-title=\"Poblaciones Diferenciales\"  data-responsive-font=\"section_title\" data-responsive-font-settings=\"{&quot;base-font-size&quot;:&quot;global&quot;,&quot;font-size&quot;:{&quot;desktop_large&quot;:&quot;75&quot;},&quot;base-line-height&quot;:&quot;global&quot;,&quot;line-height&quot;:{&quot;desktop_large&quot;:&quot;90&quot;},&quot;base-letter-spacing&quot;:&quot;global&quot;,&quot;letter-spacing&quot;:{&quot;desktop_large&quot;:&quot;-0.03&quot;}}\" class=\"section-title  \"><span>Poblaciones Diferenciales<\/span><\/h2><\/div><\/header><\/div>[\/vc_column][vc_column width=\u00bb1\/2&#8243;][vc_column_text]<\/p>\n<p class=\"p1\">El arte es mediador, un motor de cambio y transformaci\u00f3n social, que admite la diferencia y el disenso. Los artistas, en el transcurso de una investigaci\u00f3n se sumergen en el contexto de la poblaci\u00f3n objetiva tratando de entender sus necesidades, anhelos, problem\u00e1ticas y vivencias para luego tejer realidades alternas a partir de la creaci\u00f3n y de todo el material sensible que se gesta en estos procesos.<\/p>\n<p>[\/vc_column_text][vc_separator color=\u00bbpurple\u00bb border_width=\u00bb7&#8243;][\/vc_column][\/vc_row][\/vc_section]<\/p>\n<\/div>","protected":false},"excerpt":{"rendered":"<p>[vc_section][vc_row][vc_column width=\u00bb1\/5&#8243;][\/vc_column][vc_column width=\u00bb3\/5&#8243;][vc_column_text] Hemos dise\u00f1ado estas c\u00e1psulas pedag\u00f3gicas para acercarte a estas investigaciones en artes con enfoque social, en ellas encontrar\u00e1s formas y modos de hacer desde la investigaci\u00f3n en artes, un vistazo al trabajo de campo de estos investigadores con las poblaciones objetivas y el abordaje de una problem\u00e1tica social en proyectos art\u00edsticos. Desde [&hellip;]<\/p>\n","protected":false},"author":1,"featured_media":0,"parent":0,"menu_order":0,"comment_status":"closed","ping_status":"closed","template":"","meta":{"footnotes":""},"class_list":["post-9922","page","type-page","status-publish","hentry"],"_links":{"self":[{"href":"https:\/\/www.arteenboga.com.co\/la\/wp-json\/wp\/v2\/pages\/9922","targetHints":{"allow":["GET"]}}],"collection":[{"href":"https:\/\/www.arteenboga.com.co\/la\/wp-json\/wp\/v2\/pages"}],"about":[{"href":"https:\/\/www.arteenboga.com.co\/la\/wp-json\/wp\/v2\/types\/page"}],"author":[{"embeddable":true,"href":"https:\/\/www.arteenboga.com.co\/la\/wp-json\/wp\/v2\/users\/1"}],"replies":[{"embeddable":true,"href":"https:\/\/www.arteenboga.com.co\/la\/wp-json\/wp\/v2\/comments?post=9922"}],"version-history":[{"count":22,"href":"https:\/\/www.arteenboga.com.co\/la\/wp-json\/wp\/v2\/pages\/9922\/revisions"}],"predecessor-version":[{"id":11012,"href":"https:\/\/www.arteenboga.com.co\/la\/wp-json\/wp\/v2\/pages\/9922\/revisions\/11012"}],"wp:attachment":[{"href":"https:\/\/www.arteenboga.com.co\/la\/wp-json\/wp\/v2\/media?parent=9922"}],"curies":[{"name":"wp","href":"https:\/\/api.w.org\/{rel}","templated":true}]}}