{"id":9855,"date":"2021-06-25T14:20:55","date_gmt":"2021-06-25T14:20:55","guid":{"rendered":"https:\/\/www.arteenboga.com.co\/la\/?page_id=9855"},"modified":"2022-05-11T05:21:21","modified_gmt":"2022-05-11T05:21:21","slug":"produccion","status":"publish","type":"page","link":"https:\/\/www.arteenboga.com.co\/la\/produccion\/","title":{"rendered":"Talleres"},"content":{"rendered":"<div class=\"wpb-content-wrapper\"><p>[vc_row][vc_column width=\u00bb1\/6&#8243;][vc_column_text]<\/p>\n<p>[\/vc_column_text][\/vc_column][vc_column width=\u00bb2\/3&#8243;][vc_empty_space][vc_column_text]<\/p>\n<blockquote><p>&#8211; Cursos y talleres de investigaci\u00f3n en artes y humanidades<\/p>\n<p>&#8211; Talleres corporativos de habilidades blandas y sensibilizaci\u00f3n sensorial<\/p>\n<p>&#8211; Cursos y talleres en el \u00e1rea de cr\u00edtica y curadur\u00eda de las artes<\/p>\n<p>&#8211; Cursos de dise\u00f1o de proyectos art\u00edsticos y culturales<\/p>\n<p>&#8211; Talleres en gesti\u00f3n y producci\u00f3n teatral para la virtualidad<\/p>\n<p>&#8211; Talleres de producci\u00f3n audiovisual<\/p>\n<p>&#8211; Talleres de producci\u00f3n esc\u00e9nica y visual (Escenograf\u00eda, Direcci\u00f3n de Arte, Vestuario, Iluminaci\u00f3n, Sonido, entre otros)<\/p>\n<p>&#8211; Talleres de formaci\u00f3n de p\u00fablicos<\/p>\n<p>&#8211; Talleres de marketing digital<\/p><\/blockquote>\n<p>[\/vc_column_text]<div class=\"wpb_content_element \"><style type=\"text\/css\">#bklyn_btn_69f8949bd6129 .bklyn-btn { border-width:px !important; border-radius:px !important; background-color:#a746d7 !important; }<\/style><div id=\"bklyn_cta_69f8949bd6126\" class=\"bklyn-call-to-action-wrapper\"><div class=\"bklyn-call-to-action-inner clearfix\"><div class=\"bklyn-call-to-action-content\"><p>Escr\u00edbenos y te asesoramos en cada uno de nuestros servicios<\/p>\n<\/div><div class=\"bklyn-call-to-action-button-holder\"><div id=\"bklyn_btn_69f8949bd6129\" class=\"bklyn-btn-holder bklyn-btn-center bklyn-btn-tablet-center bklyn-btn-mobile-center\"><a title=\"Contacto\" href=\"https:\/\/www.arteenboga.com.co\/la\/contacto\/\" target=\"_self\" class=\"bklyn-btn bklyn-btn-normal \" >Solicitar<\/a><\/div><\/div><\/div><\/div><\/div>[\/vc_column][vc_column width=\u00bb1\/6&#8243;][\/vc_column][\/vc_row]<\/p>\n<\/div>","protected":false},"excerpt":{"rendered":"<p>[vc_row][vc_column width=\u00bb1\/6&#8243;][vc_column_text] [\/vc_column_text][\/vc_column][vc_column width=\u00bb2\/3&#8243;][vc_empty_space][vc_column_text] &#8211; Cursos y talleres de investigaci\u00f3n en artes y humanidades &#8211; Talleres corporativos de habilidades blandas y sensibilizaci\u00f3n sensorial &#8211; Cursos y talleres en el \u00e1rea de cr\u00edtica y curadur\u00eda de las artes &#8211; Cursos de dise\u00f1o de proyectos art\u00edsticos y culturales &#8211; Talleres en gesti\u00f3n y producci\u00f3n teatral para la [&hellip;]<\/p>\n","protected":false},"author":1,"featured_media":0,"parent":0,"menu_order":0,"comment_status":"closed","ping_status":"closed","template":"","meta":{"footnotes":""},"class_list":["post-9855","page","type-page","status-publish","hentry"],"_links":{"self":[{"href":"https:\/\/www.arteenboga.com.co\/la\/wp-json\/wp\/v2\/pages\/9855","targetHints":{"allow":["GET"]}}],"collection":[{"href":"https:\/\/www.arteenboga.com.co\/la\/wp-json\/wp\/v2\/pages"}],"about":[{"href":"https:\/\/www.arteenboga.com.co\/la\/wp-json\/wp\/v2\/types\/page"}],"author":[{"embeddable":true,"href":"https:\/\/www.arteenboga.com.co\/la\/wp-json\/wp\/v2\/users\/1"}],"replies":[{"embeddable":true,"href":"https:\/\/www.arteenboga.com.co\/la\/wp-json\/wp\/v2\/comments?post=9855"}],"version-history":[{"count":7,"href":"https:\/\/www.arteenboga.com.co\/la\/wp-json\/wp\/v2\/pages\/9855\/revisions"}],"predecessor-version":[{"id":11316,"href":"https:\/\/www.arteenboga.com.co\/la\/wp-json\/wp\/v2\/pages\/9855\/revisions\/11316"}],"wp:attachment":[{"href":"https:\/\/www.arteenboga.com.co\/la\/wp-json\/wp\/v2\/media?parent=9855"}],"curies":[{"name":"wp","href":"https:\/\/api.w.org\/{rel}","templated":true}]}}