{"id":9845,"date":"2021-06-25T14:14:43","date_gmt":"2021-06-25T14:14:43","guid":{"rendered":"https:\/\/www.arteenboga.com.co\/la\/?page_id=9845"},"modified":"2022-05-11T05:58:21","modified_gmt":"2022-05-11T05:58:21","slug":"creaciones-artisticas","status":"publish","type":"page","link":"https:\/\/www.arteenboga.com.co\/la\/creaciones-artisticas\/","title":{"rendered":"Creaciones Art\u00edsticas"},"content":{"rendered":"<div class=\"wpb-content-wrapper\"><p>[vc_row][vc_column width=\u00bb1\/6&#8243;][\/vc_column][vc_column width=\u00bb2\/3&#8243;][vc_empty_space]<div class=\"wpb_content_element \"><style type=\"text\/css\">#ut_vs_69f6c0e1266f7.ut-shortcode-video-wrap .ut-video-module-caption-text span { font-weight: bold; }<\/style><div id=\"ut_vs_69f6c0e1266f7\" class=\"ut-shortcode-video-wrap  ut-shortcode-video-wrap-tablet- ut-shortcode-video-wrap-mobile- clearfix\" ><div id=\"ut_reveal_69f6c0e1266f9\"  class=\"ut-video-module \"><div class=\"ut-video-module-caption \"><a class=\"ut-load-video \" data-source=\"youtube\" data-autoplay=\"0\" data-nonce=\"72176c58ed\" data-location=\"inline\"   data-video=\"https:\/\/www.youtube.com\/watch?v=1WfZh6MUyL0&amp;t=2s\" data-html=\"#ut_vid_69f6c0e126841\"><img loading=\"lazy\" decoding=\"async\" class=\"ut-lozad\" src=\"data:image\/svg+xml;charset=utf-8,%3Csvg xmlns%3D'http%3A%2F%2Fwww.w3.org%2F2000%2Fsvg' viewBox%3D'0 0 1280 720'%2F%3E\" data-src=\"\/\/i.ytimg.com\/vi\/1WfZh6MUyL0\/maxresdefault.jpg\" width=\"1280\" height=\"720\"><div class=\"ut-video-module-caption-text\"><div class=\"ut-video-module-inner-caption-text ut-video-module-empty-caption ut-video-module-caption-position-default\"><div class=\"ut-video-module-play-icon \"><i class=\"Bklyn-Core-Right-6\" aria-hidden=\"true\"><\/i><\/div><\/div><\/div><\/a><\/div><div class=\"ut-video-module-loading\"><div class=\"ut-image-gallery-loader\"><div class=\"ut-image-gallery-loader-inner\"><\/div><\/div><\/div><\/div><\/div><\/div>[vc_column_text]Queremos que la comunidad se conecte con el arte de manera fresca, incluyente y efectiva, es por eso que hemos dise\u00f1ado estas experiencias art\u00edsticas de car\u00e1cter sensorial, adapt\u00e1ndolas a las necesidades de nuestro contexto, y de esta manera ofrecer a los posibles \u00a0participantes un espacio de liberaci\u00f3n de tensiones por medio de la agudizaci\u00f3n de los sentidos.[\/vc_column_text]<div class=\"wpb_content_element \"><style type=\"text\/css\">#ut_header_69f6c0e1271c7 h2.section-title { font-size:75px !important;line-height:90px !important;letter-spacing:-0.03em; }<\/style><header id=\"ut_header_69f6c0e1271c7\" class=\"section-header  ut-no-title-linebreak-mobile ut-no-lead-linebreak-mobile pt-style-7 header-left header-tablet-left header-mobile-center element-with-custom-line-height\"><div class=\"element-with-custom-line-height\" ><h2 data-title=\"Pausas Activas\"  data-responsive-font=\"section_title\" data-responsive-font-settings=\"{&quot;base-font-size&quot;:&quot;global&quot;,&quot;font-size&quot;:{&quot;desktop_large&quot;:&quot;75&quot;},&quot;base-line-height&quot;:&quot;global&quot;,&quot;line-height&quot;:{&quot;desktop_large&quot;:&quot;90&quot;},&quot;base-letter-spacing&quot;:&quot;global&quot;,&quot;letter-spacing&quot;:{&quot;desktop_large&quot;:&quot;-0.03&quot;}}\" class=\"section-title  \"><span>Pausas Activas<\/span><\/h2><\/div><\/header><\/div>[vc_column_text]<img loading=\"lazy\" decoding=\"async\" class=\"aligncenter wp-image-10491 size-full\" src=\"https:\/\/www.arteenboga.com.co\/la\/wp-content\/uploads\/2021\/07\/Untitled-1.png\" alt=\"\" width=\"627\" height=\"418\" srcset=\"https:\/\/www.arteenboga.com.co\/la\/wp-content\/uploads\/2021\/07\/Untitled-1.png 627w, https:\/\/www.arteenboga.com.co\/la\/wp-content\/uploads\/2021\/07\/Untitled-1-325x217.png 325w\" sizes=\"auto, (max-width: 627px) 100vw, 627px\" \/><\/p>\n<p><img loading=\"lazy\" decoding=\"async\" class=\"alignright wp-image-9738 size-thumbnail\" src=\"https:\/\/www.arteenboga.com.co\/la\/wp-content\/uploads\/2021\/06\/imagen-naturaleza-escondida-1-325x217.jpg\" alt=\"\" width=\"325\" height=\"217\" srcset=\"https:\/\/www.arteenboga.com.co\/la\/wp-content\/uploads\/2021\/06\/imagen-naturaleza-escondida-1-325x217.jpg 325w, https:\/\/www.arteenboga.com.co\/la\/wp-content\/uploads\/2021\/06\/imagen-naturaleza-escondida-1-650x433.jpg 650w, https:\/\/www.arteenboga.com.co\/la\/wp-content\/uploads\/2021\/06\/imagen-naturaleza-escondida-1-1300x867.jpg 1300w\" sizes=\"auto, (max-width: 325px) 100vw, 325px\" \/><span style=\"vertical-align: inherit;\"><span style=\"vertical-align: inherit;\">\u201cNaturaleza Escondida\u201d es una propuesta de experimentaci\u00f3n sonora y visual que le permite al p\u00fablico estimular sus sentidos alrededor de un paisaje sonoro entorno a las olas del mar y vivenciar una experiencia est\u00e9tica que busca suscitar en el espectador un recorrido por el mismo. Esta experiencia posibilita para el p\u00fablico un momento de relajaci\u00f3n y recarga de energ\u00eda en sus actividades laborales, a trav\u00e9s de una experiencia de sonido 360\u00ba o binaural.<\/span><\/span><\/p>\n<p><span style=\"vertical-align: inherit;\"><span style=\"vertical-align: inherit;\"><span style=\"vertical-align: inherit;\"><span style=\"vertical-align: inherit;\"><span style=\"vertical-align: inherit;\"><span style=\"vertical-align: inherit;\">Formato: visual y sonoro\/T\u00e9cnica: Sonido 360\u00ba\/Duraci\u00f3n: 10 min.\/Indispensable uso de aud\u00edfonos.<\/span><\/span><\/span><\/span><\/span><\/span><\/p>\n<p><img loading=\"lazy\" decoding=\"async\" class=\"alignright wp-image-9610 size-thumbnail\" src=\"https:\/\/www.arteenboga.com.co\/la\/wp-content\/uploads\/2021\/06\/caja-sensorial-redescubriendo-325x217.jpg\" alt=\"\" width=\"325\" height=\"217\" srcset=\"https:\/\/www.arteenboga.com.co\/la\/wp-content\/uploads\/2021\/06\/caja-sensorial-redescubriendo-325x217.jpg 325w, https:\/\/www.arteenboga.com.co\/la\/wp-content\/uploads\/2021\/06\/caja-sensorial-redescubriendo-650x433.jpg 650w, https:\/\/www.arteenboga.com.co\/la\/wp-content\/uploads\/2021\/06\/caja-sensorial-redescubriendo-1300x867.jpg 1300w\" sizes=\"auto, (max-width: 325px) 100vw, 325px\" \/><\/p>\n<p><span style=\"vertical-align: inherit;\"><span style=\"vertical-align: inherit;\"><span style=\"vertical-align: inherit;\"><span style=\"vertical-align: inherit;\"><span style=\"vertical-align: inherit;\"><span style=\"vertical-align: inherit;\">\u201cRedescubriendo la oscuridad\u201d es una obra de teatro \u00a0sensorial y sonoro, creada inicialmente para la poblaci\u00f3n \u00a0con discapacidad visual, sin embargo la pieza puede ser disfrutada por todo tipo de p\u00fablicos. Esta versi\u00f3n corta en formato de pausa activa presenta \u00a0personajes finamente delineados que se debaten entre la \u00a0realidad y la ficci\u00f3n, y que solo a trav\u00e9s de la imaginaci\u00f3n sobreviven a esta realidad. La propuesta funciona como un espacio de esparcimiento, diversi\u00f3n y recarga de energ\u00eda en medio de la jornada laboral, a trav\u00e9s de una experiencia \u00a0de sonido a trav\u00e9s de una experiencia de sonido 360\u00ba.<\/span><\/span><\/span><\/span><\/span><\/span><\/p>\n<p><span style=\"vertical-align: inherit;\"><span style=\"vertical-align: inherit;\"><span style=\"vertical-align: inherit;\"><span style=\"vertical-align: inherit;\"><span style=\"vertical-align: inherit;\"><span style=\"vertical-align: inherit;\">Formato: sonoro \/ T\u00e9cnica: Sonido binaural. \/Duraci\u00f3n: 10 min. \/ Indispensable uso de aud\u00edfonos.<\/span><\/span><\/span><\/span><\/span><\/span>[\/vc_column_text]<div class=\"wpb_content_element \"><style type=\"text\/css\">#ut_header_69f6c0e12ce43 h2.section-title { font-size:75px !important;line-height:90px !important;letter-spacing:-0.03em; }<\/style><header id=\"ut_header_69f6c0e12ce43\" class=\"section-header  ut-no-title-linebreak-mobile ut-no-lead-linebreak-mobile pt-style-7 header-left header-tablet-left header-mobile-center element-with-custom-line-height\"><div class=\"element-with-custom-line-height\" ><h2 data-title=\"Experiencias Art\u00edsticas\"  data-responsive-font=\"section_title\" data-responsive-font-settings=\"{&quot;base-font-size&quot;:&quot;global&quot;,&quot;font-size&quot;:{&quot;desktop_large&quot;:&quot;75&quot;},&quot;base-line-height&quot;:&quot;global&quot;,&quot;line-height&quot;:{&quot;desktop_large&quot;:&quot;90&quot;},&quot;base-letter-spacing&quot;:&quot;global&quot;,&quot;letter-spacing&quot;:{&quot;desktop_large&quot;:&quot;-0.03&quot;}}\" class=\"section-title  \"><span>Experiencias Art\u00edsticas<\/span><\/h2><\/div><\/header><\/div>[vc_column_text]<img loading=\"lazy\" decoding=\"async\" class=\"aligncenter wp-image-9454 size-medium\" src=\"https:\/\/www.arteenboga.com.co\/la\/wp-content\/uploads\/2021\/06\/Pared-de-texturas-pu\u0301blico-650x433.jpg\" alt=\"\" width=\"650\" height=\"433\" srcset=\"https:\/\/www.arteenboga.com.co\/la\/wp-content\/uploads\/2021\/06\/Pared-de-texturas-pu\u0301blico-650x433.jpg 650w, https:\/\/www.arteenboga.com.co\/la\/wp-content\/uploads\/2021\/06\/Pared-de-texturas-pu\u0301blico-1300x867.jpg 1300w, https:\/\/www.arteenboga.com.co\/la\/wp-content\/uploads\/2021\/06\/Pared-de-texturas-pu\u0301blico-325x217.jpg 325w\" sizes=\"auto, (max-width: 650px) 100vw, 650px\" \/><\/p>\n<p><img loading=\"lazy\" decoding=\"async\" class=\"alignright wp-image-9444 size-thumbnail\" src=\"https:\/\/www.arteenboga.com.co\/la\/wp-content\/uploads\/2021\/06\/Entrada-de-la-cabina-325x217.jpg\" alt=\"\" width=\"325\" height=\"217\" srcset=\"https:\/\/www.arteenboga.com.co\/la\/wp-content\/uploads\/2021\/06\/Entrada-de-la-cabina-325x217.jpg 325w, https:\/\/www.arteenboga.com.co\/la\/wp-content\/uploads\/2021\/06\/Entrada-de-la-cabina-650x433.jpg 650w, https:\/\/www.arteenboga.com.co\/la\/wp-content\/uploads\/2021\/06\/Entrada-de-la-cabina-1300x867.jpg 1300w\" sizes=\"auto, (max-width: 325px) 100vw, 325px\" \/><\/p>\n<p>\u201cUniverso sonoro\u201d es una instalaci\u00f3n de arte sonoro y \u00a0sensorial, que a partir de un juego de interactividad que nos invita a vivir la m\u00fasica m\u00e1s all\u00e1 de lo auditivo. \u00a0Se trata de una cabina con seis paredes, que ofrecen al espectador una experiencia sensorial completa y divertida para explorar con todos los sentidos anclada a las actividades de bienestar y discernimiento para todo tipo de p\u00fablico. La cabina cuenta con una pared de texturas, una pared de luces intermitentes y un techo luminoso, una pared de \u00a0creatividad y dos paredes de conducci\u00f3n de vibraciones sonoras a partir de un montaje de bombas y piso de metal con parlantes de baja vibraci\u00f3n que permiten a todo tipo de p\u00fablico, incluidos los enfoques diferenciales, vivenciar la experiencia sensorial en todo su esplendor. Esta cabina se puede montar en diferentes espacios convencionales y no convencionales, teniendo en cuenta los requerimientos t\u00e9cnicos.<\/p>\n<p>Formato: Instalaci\u00f3n Sensorial \/ T\u00e9cnica: Arte Sonoro y visual \/ Duraci\u00f3n: Variable\/ Capacidad: M\u00e1x. 6 personas en simult\u00e1neo<\/p>\n<p><img loading=\"lazy\" decoding=\"async\" class=\"alignright wp-image-9609 size-thumbnail\" src=\"https:\/\/www.arteenboga.com.co\/la\/wp-content\/uploads\/2021\/06\/experiencias-sensorial-1-325x217.jpg\" alt=\"\" width=\"325\" height=\"217\" srcset=\"https:\/\/www.arteenboga.com.co\/la\/wp-content\/uploads\/2021\/06\/experiencias-sensorial-1-325x217.jpg 325w, https:\/\/www.arteenboga.com.co\/la\/wp-content\/uploads\/2021\/06\/experiencias-sensorial-1-650x433.jpg 650w, https:\/\/www.arteenboga.com.co\/la\/wp-content\/uploads\/2021\/06\/experiencias-sensorial-1-1300x867.jpg 1300w\" sizes=\"auto, (max-width: 325px) 100vw, 325px\" \/><\/p>\n<p>\u201cRedescubriendo la Oscuridad\u201d es una obra de teatro sensorial en formato sonoro creada inicialmente para la poblaci\u00f3n \u00a0con discapacidad visual, sin embargo la pieza puede ser disfrutada por todo tipo de p\u00fablicos.\u00a0 Esta obra es una adaptaci\u00f3n de la pieza teatral \u201cLa marquesa de Larkspur Lotion\u201d 1968 \u00a0del estadounidense Tennessee Williams\u201d y aborda temas profundos al cuestionar la sociedad de su tiempo, \u00a0poniendo en evidencia las miserias que viven los habitantes en los suburbios de la ciudad. En esta versi\u00f3n larga, la experiencia sensorial se completa\u00a0 con la llegada de una caja sorpresa a la casa de los \u00a0espectadores, donde podr\u00e1n estimular todos los sentidos en torno a la narrativa de la obra y vivir una \u00a0experiencia diferente, novedosa y divertida desde la comodidad de sus hogares.<\/p>\n<p>Teatro sensorial sonoro \/ T\u00e9cnica: Sonido binaural \u00a0\/ Duraci\u00f3n: 30min \/Apta para todo tipo de p\u00fablico.<\/p>\n<p><img loading=\"lazy\" decoding=\"async\" class=\"alignright wp-image-9433 size-thumbnail\" src=\"https:\/\/www.arteenboga.com.co\/la\/wp-content\/uploads\/2021\/06\/poster-325x217.jpg\" alt=\"\" width=\"325\" height=\"217\" srcset=\"https:\/\/www.arteenboga.com.co\/la\/wp-content\/uploads\/2021\/06\/poster-325x217.jpg 325w, https:\/\/www.arteenboga.com.co\/la\/wp-content\/uploads\/2021\/06\/poster-650x433.jpg 650w, https:\/\/www.arteenboga.com.co\/la\/wp-content\/uploads\/2021\/06\/poster-1300x867.jpg 1300w\" sizes=\"auto, (max-width: 325px) 100vw, 325px\" \/><\/p>\n<p>\u201cBaudilio\u201d \u00d3pera prima del director Santiago Rodr\u00edguez (2019) es un cortometraje rodado en f\u00edlmico 16 mm, en el municipio de Ubal\u00e1 Cundinamarca. A trav\u00e9s de la atm\u00f3sfera sonora que impregna los lugares y de su narrativa silente nos sumergimos en el universo de este personaje que habita una profunda soledad. Baudilio es un campesino cuya vida se interrumpe con un encuentro fortuito y este encuentro le replantea toda su vida, poni\u00e9ndolo a elegir entre el pasado y el presente para medir de alguna manera su capacidad de resiliencia.El formato 16 mm en que fue filmado el cortometraje reproduce fielmente la imagen cinematogr\u00e1fica en cualquier tipo de dispositivo, llevando al espectador a simular una experiencia muy cercana a lo que se vive en el cine. Esta experiencia cinematogr\u00e1fica puede ser proyectada en cualquier espacio teniendo en cuenta las condiciones t\u00e9cnicas, tambi\u00e9n puede ser ofrecida como una actividad de bienestar para sus empleados desde la comodidad de sus hogares, en esta opci\u00f3n se les har\u00e1 llegar una caja sorpresa que acompa\u00f1ar\u00e1 el visionado del cortometraje, completando as\u00ed la experiencia est\u00e9tica.<\/p>\n<p>Formato: An\u00e1logo 16 mm Color \/ Cortometraje \/ Duraci\u00f3n: 30min \/ Apto para mayores de 13 a\u00f1os[\/vc_column_text]<div class=\"wpb_content_element \"><style type=\"text\/css\">#bklyn_btn_69f6c0e12d794 .bklyn-btn { border-width:px !important; border-radius:px !important; background-color:#a746d7 !important; }<\/style><div id=\"bklyn_cta_69f6c0e12d793\" class=\"bklyn-call-to-action-wrapper\"><div class=\"bklyn-call-to-action-inner clearfix\"><div class=\"bklyn-call-to-action-content\"><p>Cont\u00e1ctanos y te dise\u00f1amos la experiencia sensorial que m\u00e1s se adapte a tus necesidades<\/p>\n<\/div><div class=\"bklyn-call-to-action-button-holder\"><div id=\"bklyn_btn_69f6c0e12d794\" class=\"bklyn-btn-holder bklyn-btn-center bklyn-btn-tablet-center bklyn-btn-mobile-center\"><a title=\"Contacto\" href=\"https:\/\/www.arteenboga.com.co\/la\/contacto\/\" target=\"_self\" class=\"bklyn-btn bklyn-btn-normal \" >Solicitar<\/a><\/div><\/div><\/div><\/div><\/div>[\/vc_column][vc_column width=\u00bb1\/6&#8243;][\/vc_column][\/vc_row]<\/p>\n<\/div>","protected":false},"excerpt":{"rendered":"<p>[vc_row][vc_column width=\u00bb1\/6&#8243;][\/vc_column][vc_column width=\u00bb2\/3&#8243;][vc_empty_space][vc_column_text]Queremos que la comunidad se conecte con el arte de manera fresca, incluyente y efectiva, es por eso que hemos dise\u00f1ado estas experiencias art\u00edsticas de car\u00e1cter sensorial, adapt\u00e1ndolas a las necesidades de nuestro contexto, y de esta manera ofrecer a los posibles \u00a0participantes un espacio de liberaci\u00f3n de tensiones por medio de la [&hellip;]<\/p>\n","protected":false},"author":1,"featured_media":0,"parent":0,"menu_order":0,"comment_status":"closed","ping_status":"closed","template":"","meta":{"footnotes":""},"class_list":["post-9845","page","type-page","status-publish","hentry"],"_links":{"self":[{"href":"https:\/\/www.arteenboga.com.co\/la\/wp-json\/wp\/v2\/pages\/9845","targetHints":{"allow":["GET"]}}],"collection":[{"href":"https:\/\/www.arteenboga.com.co\/la\/wp-json\/wp\/v2\/pages"}],"about":[{"href":"https:\/\/www.arteenboga.com.co\/la\/wp-json\/wp\/v2\/types\/page"}],"author":[{"embeddable":true,"href":"https:\/\/www.arteenboga.com.co\/la\/wp-json\/wp\/v2\/users\/1"}],"replies":[{"embeddable":true,"href":"https:\/\/www.arteenboga.com.co\/la\/wp-json\/wp\/v2\/comments?post=9845"}],"version-history":[{"count":18,"href":"https:\/\/www.arteenboga.com.co\/la\/wp-json\/wp\/v2\/pages\/9845\/revisions"}],"predecessor-version":[{"id":11320,"href":"https:\/\/www.arteenboga.com.co\/la\/wp-json\/wp\/v2\/pages\/9845\/revisions\/11320"}],"wp:attachment":[{"href":"https:\/\/www.arteenboga.com.co\/la\/wp-json\/wp\/v2\/media?parent=9845"}],"curies":[{"name":"wp","href":"https:\/\/api.w.org\/{rel}","templated":true}]}}