{"id":9269,"date":"2021-06-09T03:12:01","date_gmt":"2021-06-09T03:12:01","guid":{"rendered":"https:\/\/www.arteenboga.com.co\/la\/?page_id=9269"},"modified":"2021-07-08T00:35:16","modified_gmt":"2021-07-08T00:35:16","slug":"manifiesto","status":"publish","type":"page","link":"https:\/\/www.arteenboga.com.co\/la\/manifiesto\/","title":{"rendered":"Manifiesto"},"content":{"rendered":"<div class=\"wpb-content-wrapper\"><p>[vc_section css=\u00bb.vc_custom_1625463185561{background-position: center !important;background-repeat: no-repeat !important;background-size: cover !important;}\u00bb][vc_row][vc_column width=\u00bb1\/6&#8243;][\/vc_column][vc_column width=\u00bb2\/3&#8243;][vc_column_text css=\u00bb.vc_custom_1625704513014{background-image: url(https:\/\/www.arteenboga.com.co\/la\/wp-content\/uploads\/2021\/07\/fondo-manifiesto.jpg?id=10445) !important;background-position: center !important;background-repeat: no-repeat !important;background-size: cover !important;}\u00bb]<\/p>\n<blockquote><p><span style=\"color: #333333;\">1. CREEMOS que la cr\u00edtica de artes puede ser una herramienta para acortar las brechas que existen entre la academia, los artistas y sus audiencias.<\/span><\/p>\n<p><span style=\"color: #333333;\">2.\u00a0CREEMOS en la construcci\u00f3n de tejido social a trav\u00e9s del arte y por eso queremos construir comunidad en torno a este objetivo.<\/span><\/p>\n<p><span style=\"color: #333333;\">3.\u00a0Nos interesa el trabajo con sentido, por eso CREEMOS en las iniciativas que fortalecen lazos, que se cimientan en terreros bald\u00edos pero que se vuelven f\u00e9rtiles a la luz de los que ven m\u00e1s all\u00e1 de lo aparente.<\/span><\/p>\n<p><span style=\"color: #333333;\">4. Abogamos por una real transferencia del conocimiento, por eso CREEMOS firmemente en el compartir de los saberes y como estos se tejen en red para construir comunidad.<\/span><\/p>\n<p><span style=\"color: #333333;\">5. Nuestro motor es la creatividad y el trabajo en equipo, por eso CREEMOS en la gente, en el trabajo colaborativo y en lo importante que es pensarnos como red.<\/span><\/p>\n<p><span style=\"color: #333333;\">6.\u00a0CREEMOS que la clave para pensarnos en red es la confianza, por eso confiamos en el otro y en los procesos de circularidad que podemos lograr juntos.<\/span><\/p>\n<p><span style=\"color: #333333;\">7. Admitimos la diferencia y el disenso pues CREEMOS que en estos dos aspectos radica la verdadera aceptaci\u00f3n de todos como iguales.<\/span><\/p>\n<p><span style=\"color: #333333;\">8. Nos inspira ayudar a otros, por eso CREEMOS que podemos cambiar el mundo juntos, que podemos pensarnos como agentes de cambio y transformaci\u00f3n de conciencia acerca de las problem\u00e1ticas que vive la sociedad.<\/span><\/p>\n<p><span style=\"color: #333333;\">9. CREEMOS en el buen vivir, en la armon\u00eda, la solidaridad del compartir y trabajar con el otro.<\/span><\/p>\n<p><span style=\"color: #333333;\">10. CREEMOS en el amor, en que es el motor de la existencia y que con entrega, compromiso y disciplina se pueden transformar realidades.<\/span><\/p><\/blockquote>\n<p>[\/vc_column_text][\/vc_column][vc_column width=\u00bb1\/6&#8243;][\/vc_column][\/vc_row][\/vc_section]<\/p>\n<\/div>","protected":false},"excerpt":{"rendered":"<p>[vc_section css=\u00bb.vc_custom_1625463185561{background-position: center !important;background-repeat: no-repeat !important;background-size: cover !important;}\u00bb][vc_row][vc_column width=\u00bb1\/6&#8243;][\/vc_column][vc_column width=\u00bb2\/3&#8243;][vc_column_text css=\u00bb.vc_custom_1625704513014{background-image: url(https:\/\/www.arteenboga.com.co\/la\/wp-content\/uploads\/2021\/07\/fondo-manifiesto.jpg?id=10445) !important;background-position: center !important;background-repeat: no-repeat !important;background-size: cover !important;}\u00bb] 1. CREEMOS que la cr\u00edtica de artes puede ser una herramienta para acortar las brechas que existen entre la academia, los artistas y sus audiencias. 2.\u00a0CREEMOS en la construcci\u00f3n de tejido social a trav\u00e9s del arte [&hellip;]<\/p>\n","protected":false},"author":1,"featured_media":0,"parent":0,"menu_order":0,"comment_status":"closed","ping_status":"closed","template":"","meta":{"footnotes":""},"class_list":["post-9269","page","type-page","status-publish","hentry"],"_links":{"self":[{"href":"https:\/\/www.arteenboga.com.co\/la\/wp-json\/wp\/v2\/pages\/9269","targetHints":{"allow":["GET"]}}],"collection":[{"href":"https:\/\/www.arteenboga.com.co\/la\/wp-json\/wp\/v2\/pages"}],"about":[{"href":"https:\/\/www.arteenboga.com.co\/la\/wp-json\/wp\/v2\/types\/page"}],"author":[{"embeddable":true,"href":"https:\/\/www.arteenboga.com.co\/la\/wp-json\/wp\/v2\/users\/1"}],"replies":[{"embeddable":true,"href":"https:\/\/www.arteenboga.com.co\/la\/wp-json\/wp\/v2\/comments?post=9269"}],"version-history":[{"count":34,"href":"https:\/\/www.arteenboga.com.co\/la\/wp-json\/wp\/v2\/pages\/9269\/revisions"}],"predecessor-version":[{"id":10626,"href":"https:\/\/www.arteenboga.com.co\/la\/wp-json\/wp\/v2\/pages\/9269\/revisions\/10626"}],"wp:attachment":[{"href":"https:\/\/www.arteenboga.com.co\/la\/wp-json\/wp\/v2\/media?parent=9269"}],"curies":[{"name":"wp","href":"https:\/\/api.w.org\/{rel}","templated":true}]}}