{"id":9267,"date":"2021-06-09T03:12:29","date_gmt":"2021-06-09T03:12:29","guid":{"rendered":"https:\/\/www.arteenboga.com.co\/la\/?page_id=9267"},"modified":"2022-05-11T04:54:13","modified_gmt":"2022-05-11T04:54:13","slug":"editorial-1era-edicion","status":"publish","type":"page","link":"https:\/\/www.arteenboga.com.co\/la\/editorial-1era-edicion\/","title":{"rendered":"Editorial 1era Edici\u00f3n"},"content":{"rendered":"<div class=\"wpb-content-wrapper\"><p>[vc_row][vc_column width=\u00bb1\/6&#8243;][vc_column_text]<\/p>\n<p>[\/vc_column_text][\/vc_column][vc_column width=\u00bb2\/3&#8243;][vc_empty_space][vc_column_text]<\/p>\n<h2>Arte en Boga se renueva en este 2021<\/h2>\n<p>La primera edici\u00f3n de Arte en Boga fue el resultado de la beca de Cr\u00edtica Cultural y Creativa del Ministerio de Cultura 2020 y surgi\u00f3 como una alternativa a la falta de espacios de circulaci\u00f3n de investigaciones en artes con un enfoque social y con la necesidad de divulgar el trabajo de artistas emergentes que se encuentran desconectados con el sector productivo. En la pasada edici\u00f3n pudimos difundir el trabajo creativo de nueve artistas emergentes de la ciudad de Bogot\u00e1, con investigaciones hacia la transformaci\u00f3n social en el campo de las artes esc\u00e9nicas, visuales y audiovisuales y que\u00a0 en su mayor\u00eda trabajaron con grupos de poblaciones diferenciales: (v\u00edctimas, l\u00edderes\u00a0 sociales asesinados, discapacidad visual y auditiva).<\/p>\n<p>En esta oportunidad contamos con la fortuna de ser uno de los 20 ganadores de la beca \u201cCreative Enterprise Programme-Laboratorios en Red\u201d del British Council en alianza con Instituto Distrital de las Artes IDARTES, donde tuvimos que competir con de m\u00e1s 450 propuestas de circulaci\u00f3n para la reactivaci\u00f3n de las pr\u00e1cticas art\u00edsticas.<\/p>\n<p>Gracias a este programa de innovaci\u00f3n para emprendedores creativos, pudimos retroalimentar nuestro proyecto teniendo en cuenta las necesidades de nuestras audiencias y el valor que queremos entregarles para construir comunidad en torno a nuestro proyecto Arte en Boga. \u00a0Ser parte de este programa ha sido para nosotros una gran oportunidad de crecimiento y proyecci\u00f3n, pues todo el trabajo colaborativo que se propuso en este espacio de formaci\u00f3n, nos permiti\u00f3 ver el proyecto desde el ecosistema cultural y art\u00edstico al que pertenece, para pensarnos de nuevo como red entre todos los participantes y fomentar el intercambio de saberes que tanta falta hace en nuestro sector.<\/p>\n<p>En esta nueva versi\u00f3n de Arte en Boga quisimos renovar nuestra plataforma virtual, con una est\u00e9tica que se acerca mucho m\u00e1s al objetivo de nuestro proyecto aprovechando nuestra propuesta de valor, reconfigurando la mirada de lo transmedial y la verdadera circularidad de los contenidos que proponemos desde Arte\u00a0 en Boga.<\/p>\n<p>Queremos seguir creciendo y continuar siendo una herramienta de visibilizaci\u00f3n y difusi\u00f3n de las pr\u00e1cticas art\u00edsticas que impactan en la sociedad, por esta raz\u00f3n en el marco del lanzamiento de nuestra p\u00e1gina web abrimos una convocatoria a nivel nacional para realizar una nueva curadur\u00eda de investigaciones en artes en el campo de las artes esc\u00e9nicas, visuales y audiovisuales, y de esta manera abrir el espacio para que artistas de cualquier lugar del pa\u00eds se presenten con sus investigaciones en artes hacia la transformaci\u00f3n social. Queremos saber qu\u00e9 est\u00e1 pasando en las regiones, c\u00f3mo el arte sigue impactando de manera positiva en las comunidades y ser un canal de difusi\u00f3n para estas valiosas iniciativas.<\/p>\n<p>Agradecemos a todos las personas que hicieron posible este proceso, a todo el equipo del British Council encabezado por Paula Silva, a la l\u00ednea de sostenibilidad del Idartes en cabeza de Johana Nieto, y a todos los colaboradores de estas dos instituciones que se unieron para gestionar y hacer realidad los sue\u00f1os que est\u00e1n detr\u00e1s de estos proyectos creativos y que ser\u00e1n sin duda alguna, multiplicadores de experiencias en un futuro cercano.<\/p>\n<p>Agradecimientos infinitos a todos los artistas que hacen parte de Arte en Boga por confiarnos sus proyectos, por compartir todo el conocimiento que hay en ellos y sobre todo por haber aportado sustancialmente a la transformaci\u00f3n del pa\u00eds, sin excusas ni miramientos.<\/p>\n<p>Mi admiraci\u00f3n y profundo agradecimiento a todo el equipo que hace parte de Arte en Boga; Natalia Fern\u00e1ndez, Karen Murcia, Diana Visbal, y a todos los colaboradores por su dedicaci\u00f3n, entrega, solidaridad y resistencia.<\/p>\n<p>A mi madre Luz Marina Moncada y mi compa\u00f1ero de ruta Juan Sebasti\u00e1n Ospina, que son el motor y eje de este proyecto, pues sin ellos este espacio que hoy toma luz no ser\u00eda posible.<\/p>\n<p>Por \u00faltimo y no menos importante, dedico todo este proyecto a mi hija Eluney, que ha sido fuente de inspiraci\u00f3n en todo este proceso y que me ha llevado a conectarme de nuevo con lo verdaderamente esencial, a trav\u00e9s de la medicina del amor y la transformaci\u00f3n espiritual.<\/p>\n<p>Esperamos seguir teniendo nuevas ediciones de Arte en Boga, para apoyar a los artistas emergentes que nutren la escena cultural y creativa en nuestro pa\u00eds. \u00a1Bienvenidos!<\/p>\n<p>Nelly Vargas<\/p>\n<p>Directora y Curadora[\/vc_column_text][\/vc_column][vc_column width=\u00bb1\/6&#8243;][\/vc_column][\/vc_row][vc_section][vc_row][vc_column]<div class=\"wpb_content_element \"><style type=\"text\/css\">#ut_vs_69f889632940a.ut-shortcode-video-wrap .ut-video-module { max-width: 90% ; }#ut_vs_69f889632940a.ut-shortcode-video-wrap .ut-video-module-caption-text span { font-weight: bold; }#ut_vs_69f889632940a.ut-shortcode-video-wrap .ut-video-module-play-icon { margin-right: 20px; }<\/style><div id=\"ut_vs_69f889632940a\" class=\"ut-shortcode-video-wrap  ut-shortcode-video-wrap-center ut-shortcode-video-wrap-tablet-center ut-shortcode-video-wrap-mobile-center clearfix\" ><div id=\"ut_reveal_69f889632940c\"  class=\"ut-video-module \"><div class=\"ut-video-module-caption \"><a class=\"ut-load-video \" data-source=\"mp4\" data-autoplay=\"0\" data-nonce=\"4999d4df82\" data-location=\"inline\"   data-video=\"https:\/\/www.youtube.com\/watch?v=Ua8_c-_q-GE\" data-html=\"#ut_vid_69f889632e386\">\r\n        <img loading=\"lazy\" decoding=\"async\" data-adaptive-images=\"{&quot;300&quot;:&quot;https:\\\/\\\/www.arteenboga.com.co\\\/la\\\/wp-content\\\/uploads\\\/2021\\\/06\\\/poster-laboratorios-en-red-300x169.jpg&quot;,&quot;500&quot;:&quot;https:\\\/\\\/www.arteenboga.com.co\\\/la\\\/wp-content\\\/uploads\\\/2021\\\/06\\\/poster-laboratorios-en-red-500x281.jpg&quot;,&quot;750&quot;:&quot;https:\\\/\\\/www.arteenboga.com.co\\\/la\\\/wp-content\\\/uploads\\\/2021\\\/06\\\/poster-laboratorios-en-red-750x422.jpg&quot;,&quot;1000&quot;:&quot;https:\\\/\\\/www.arteenboga.com.co\\\/la\\\/wp-content\\\/uploads\\\/2021\\\/06\\\/poster-laboratorios-en-red-1000x563.jpg&quot;,&quot;1500&quot;:&quot;https:\\\/\\\/www.arteenboga.com.co\\\/la\\\/wp-content\\\/uploads\\\/2021\\\/06\\\/poster-laboratorios-en-red-1500x844.jpg&quot;,&quot;2500&quot;:&quot;https:\\\/\\\/www.arteenboga.com.co\\\/la\\\/wp-content\\\/uploads\\\/2021\\\/06\\\/poster-laboratorios-en-red-2500x1406.jpg&quot;}\" src=\"data:image\/svg+xml;charset=utf-8,%3Csvg xmlns%3D&#039;http%3A%2F%2Fwww.w3.org%2F2000%2Fsvg&#039; viewBox%3D&#039;0 0 1500 844&#039;%2F%3E\" width=\"1500\" height=\"844\" data-src=\"https:\/\/www.arteenboga.com.co\/la\/wp-content\/uploads\/2021\/06\/poster-laboratorios-en-red-1500x844.jpg\" data-image-id=\"10047\" class=\"ut-adaptive-image wp-post-image skip-lazy \">\r\n\r\n        <div class=\"ut-video-module-caption-text\"><div class=\"ut-video-module-inner-caption-text  ut-video-module-caption-position-default\"><div class=\"ut-video-module-play-icon \"><i class=\"Bklyn-Core-Right-6\" aria-hidden=\"true\"><\/i><\/div><span>Ganadores Beca Creative Enterprise Programme \u2013 Laboratorios en Red 2021<\/span><\/div><\/div><\/a><\/div><div class=\"ut-video-module-loading\"><div class=\"ut-image-gallery-loader\"><div class=\"ut-image-gallery-loader-inner\"><\/div><\/div><\/div><\/div><\/div><\/div>[\/vc_column][\/vc_row][\/vc_section]<\/p>\n<\/div>","protected":false},"excerpt":{"rendered":"<p>[vc_row][vc_column width=\u00bb1\/6&#8243;][vc_column_text] [\/vc_column_text][\/vc_column][vc_column width=\u00bb2\/3&#8243;][vc_empty_space][vc_column_text] Arte en Boga se renueva en este 2021 La primera edici\u00f3n de Arte en Boga fue el resultado de la beca de Cr\u00edtica Cultural y Creativa del Ministerio de Cultura 2020 y surgi\u00f3 como una alternativa a la falta de espacios de circulaci\u00f3n de investigaciones en artes con un enfoque social [&hellip;]<\/p>\n","protected":false},"author":1,"featured_media":0,"parent":0,"menu_order":0,"comment_status":"closed","ping_status":"closed","template":"","meta":{"footnotes":""},"class_list":["post-9267","page","type-page","status-publish","hentry"],"_links":{"self":[{"href":"https:\/\/www.arteenboga.com.co\/la\/wp-json\/wp\/v2\/pages\/9267","targetHints":{"allow":["GET"]}}],"collection":[{"href":"https:\/\/www.arteenboga.com.co\/la\/wp-json\/wp\/v2\/pages"}],"about":[{"href":"https:\/\/www.arteenboga.com.co\/la\/wp-json\/wp\/v2\/types\/page"}],"author":[{"embeddable":true,"href":"https:\/\/www.arteenboga.com.co\/la\/wp-json\/wp\/v2\/users\/1"}],"replies":[{"embeddable":true,"href":"https:\/\/www.arteenboga.com.co\/la\/wp-json\/wp\/v2\/comments?post=9267"}],"version-history":[{"count":17,"href":"https:\/\/www.arteenboga.com.co\/la\/wp-json\/wp\/v2\/pages\/9267\/revisions"}],"predecessor-version":[{"id":11040,"href":"https:\/\/www.arteenboga.com.co\/la\/wp-json\/wp\/v2\/pages\/9267\/revisions\/11040"}],"wp:attachment":[{"href":"https:\/\/www.arteenboga.com.co\/la\/wp-json\/wp\/v2\/media?parent=9267"}],"curies":[{"name":"wp","href":"https:\/\/api.w.org\/{rel}","templated":true}]}}