{"id":9260,"date":"2021-06-09T02:58:12","date_gmt":"2021-06-09T02:58:12","guid":{"rendered":"https:\/\/www.arteenboga.com.co\/la\/?page_id=9260"},"modified":"2022-05-11T04:47:55","modified_gmt":"2022-05-11T04:47:55","slug":"que-es-arte-en-boga","status":"publish","type":"page","link":"https:\/\/www.arteenboga.com.co\/la\/que-es-arte-en-boga\/","title":{"rendered":"\u00bfQu\u00e9 es Arte en Boga?"},"content":{"rendered":"<div class=\"wpb-content-wrapper\"><p>[vc_row][vc_column width=\u00bb1\/6&#8243;][\/vc_column][vc_column width=\u00bb2\/3&#8243;][vc_empty_space][vc_column_text]Arte en Boga es una plataforma de cr\u00edtica y difusi\u00f3n de investigaciones en artes y de artistas emergentes en el campo de las artes esc\u00e9nicas, visuales y audiovisuales. Surge como una alternativa a la falta de espacios de circulaci\u00f3n de este tipo de investigaciones en artes con un enfoque social y con la necesidad de conectar a los artistas emergentes con el sector productivo.<\/p>\n<p>Esta plataforma funciona como un espacio para el fomento de las escrituras cr\u00edticas y la divulgaci\u00f3n de trabajos creativos, se mueve en el terrero de la cr\u00edtica de artes a trav\u00e9s de una de las modalidades discursivas de la producci\u00f3n de textos cr\u00edticos en el formato medi\u00e1tico online. Desde Arte en Boga proponemos una mirada diferente de la cr\u00edtica de artes a trav\u00e9s de las narrativas transmedia pues queremos conectarnos con otras audiencias m\u00e1s all\u00e1 del \u00e1mbito acad\u00e9mico y poner en circulaci\u00f3n este conocimiento.<\/p>\n<p>Este proyecto de circulaci\u00f3n y divulgaci\u00f3n de investigaciones pretende generar espacios de di\u00e1logo, transferencia de conocimiento y construcci\u00f3n de pensamiento cr\u00edtico en torno a las artes y como estas aportan sustancialmente a la sociedad y a la transformaci\u00f3n de la misma.<\/p>\n<p>\u00bfQuieres ser parte del cambio, participar en nuestro proyecto, visibilizar nuestras iniciativas entorno al arte y la transformaci\u00f3n social? Participa con tu mirada cr\u00edtica y s\u00e9 parte de Arte en Boga&#8230; te esperamos.[\/vc_column_text][\/vc_column][vc_column width=\u00bb1\/6&#8243;][\/vc_column][\/vc_row][vc_section][vc_row][vc_column]<div class=\"wpb_content_element \"><style type=\"text\/css\">#ut_vs_69e54976bf270.ut-shortcode-video-wrap .ut-video-module { max-width: 90% ; }#ut_vs_69e54976bf270.ut-shortcode-video-wrap .ut-video-module-caption-text span { font-weight: bold; }#ut_vs_69e54976bf270.ut-shortcode-video-wrap .ut-video-module-play-icon { margin-right: 20px; }<\/style><div id=\"ut_vs_69e54976bf270\" class=\"ut-shortcode-video-wrap  ut-shortcode-video-wrap-center ut-shortcode-video-wrap-tablet-center ut-shortcode-video-wrap-mobile-center clearfix\" ><div id=\"ut_reveal_69e54976bf271\"  class=\"ut-video-module \"><div class=\"ut-video-module-caption \"><a class=\"ut-load-video \" data-source=\"mp4\" data-autoplay=\"0\" data-nonce=\"7638a0c6a1\" data-location=\"inline\"   data-video=\"https:\/\/www.youtube.com\/watch?v=QUoOe-G9MLQ\" data-html=\"#ut_vid_69e54976c460f\">\r\n        <img loading=\"lazy\" decoding=\"async\" data-adaptive-images=\"{&quot;300&quot;:&quot;https:\\\/\\\/www.arteenboga.com.co\\\/la\\\/wp-content\\\/uploads\\\/2021\\\/06\\\/entrevistaposter-300x169.jpg&quot;,&quot;500&quot;:&quot;https:\\\/\\\/www.arteenboga.com.co\\\/la\\\/wp-content\\\/uploads\\\/2021\\\/06\\\/entrevistaposter-500x281.jpg&quot;,&quot;750&quot;:&quot;https:\\\/\\\/www.arteenboga.com.co\\\/la\\\/wp-content\\\/uploads\\\/2021\\\/06\\\/entrevistaposter-750x422.jpg&quot;,&quot;1000&quot;:&quot;https:\\\/\\\/www.arteenboga.com.co\\\/la\\\/wp-content\\\/uploads\\\/2021\\\/06\\\/entrevistaposter-1000x563.jpg&quot;,&quot;1500&quot;:&quot;https:\\\/\\\/www.arteenboga.com.co\\\/la\\\/wp-content\\\/uploads\\\/2021\\\/06\\\/entrevistaposter-1500x844.jpg&quot;,&quot;2500&quot;:&quot;https:\\\/\\\/www.arteenboga.com.co\\\/la\\\/wp-content\\\/uploads\\\/2021\\\/06\\\/entrevistaposter-2500x1406.jpg&quot;}\" src=\"data:image\/svg+xml;charset=utf-8,%3Csvg xmlns%3D&#039;http%3A%2F%2Fwww.w3.org%2F2000%2Fsvg&#039; viewBox%3D&#039;0 0 1500 844&#039;%2F%3E\" width=\"1500\" height=\"844\" data-src=\"https:\/\/www.arteenboga.com.co\/la\/wp-content\/uploads\/2021\/06\/entrevistaposter-1500x844.jpg\" data-image-id=\"10050\" class=\"ut-adaptive-image wp-post-image skip-lazy \">\r\n\r\n        <div class=\"ut-video-module-caption-text\"><div class=\"ut-video-module-inner-caption-text  ut-video-module-caption-position-default\"><div class=\"ut-video-module-play-icon \"><i class=\"Bklyn-Core-Right-6\" aria-hidden=\"true\"><\/i><\/div><span>Entrevista a Nelly Vargas<\/span><\/div><\/div><\/a><\/div><div class=\"ut-video-module-loading\"><div class=\"ut-image-gallery-loader\"><div class=\"ut-image-gallery-loader-inner\"><\/div><\/div><\/div><\/div><\/div><\/div>[\/vc_column][\/vc_row][\/vc_section]<\/p>\n<\/div>","protected":false},"excerpt":{"rendered":"<p>[vc_row][vc_column width=\u00bb1\/6&#8243;][\/vc_column][vc_column width=\u00bb2\/3&#8243;][vc_empty_space][vc_column_text]Arte en Boga es una plataforma de cr\u00edtica y difusi\u00f3n de investigaciones en artes y de artistas emergentes en el campo de las artes esc\u00e9nicas, visuales y audiovisuales. Surge como una alternativa a la falta de espacios de circulaci\u00f3n de este tipo de investigaciones en artes con un enfoque social y con la [&hellip;]<\/p>\n","protected":false},"author":1,"featured_media":0,"parent":0,"menu_order":0,"comment_status":"closed","ping_status":"closed","template":"","meta":{"footnotes":""},"class_list":["post-9260","page","type-page","status-publish","hentry"],"_links":{"self":[{"href":"https:\/\/www.arteenboga.com.co\/la\/wp-json\/wp\/v2\/pages\/9260","targetHints":{"allow":["GET"]}}],"collection":[{"href":"https:\/\/www.arteenboga.com.co\/la\/wp-json\/wp\/v2\/pages"}],"about":[{"href":"https:\/\/www.arteenboga.com.co\/la\/wp-json\/wp\/v2\/types\/page"}],"author":[{"embeddable":true,"href":"https:\/\/www.arteenboga.com.co\/la\/wp-json\/wp\/v2\/users\/1"}],"replies":[{"embeddable":true,"href":"https:\/\/www.arteenboga.com.co\/la\/wp-json\/wp\/v2\/comments?post=9260"}],"version-history":[{"count":23,"href":"https:\/\/www.arteenboga.com.co\/la\/wp-json\/wp\/v2\/pages\/9260\/revisions"}],"predecessor-version":[{"id":10413,"href":"https:\/\/www.arteenboga.com.co\/la\/wp-json\/wp\/v2\/pages\/9260\/revisions\/10413"}],"wp:attachment":[{"href":"https:\/\/www.arteenboga.com.co\/la\/wp-json\/wp\/v2\/media?parent=9260"}],"curies":[{"name":"wp","href":"https:\/\/api.w.org\/{rel}","templated":true}]}}