{"id":8937,"date":"2019-09-30T12:11:20","date_gmt":"2019-09-30T12:11:20","guid":{"rendered":"https:\/\/www.arteenboga.com.co\/la\/?page_id=4994"},"modified":"2022-05-11T04:59:43","modified_gmt":"2022-05-11T04:59:43","slug":"equipo","status":"publish","type":"page","link":"https:\/\/www.arteenboga.com.co\/la\/equipo\/","title":{"rendered":"Equipo"},"content":{"rendered":"<div class=\"wpb-content-wrapper\"><p>[vc_section][vc_row][vc_column][vc_empty_space][\/vc_column][\/vc_row][vc_row][vc_column width=\u00bb2\/3&#8243; offset=\u00bbvc_col-lg-8 vc_col-md-8 vc_col-sm-7 vc_col-xs-12&#8243;]<div  class=\"wpb_content_element   clearfix\"><style type=\"text\/css\">#ut_am_69e5347693577 { opacity: 1; }#ut_am_wrap_69e5347693578 .ut-image-gallery-item-caption-title h3 { letter-spacing: 0em; }#ut_am_wrap_69e5347693578 .ut-gallery-slider-caption { font-weight: bold; }#ut_am_wrap_69e5347693578 { text-align: center; }@media (min-width: 768px) and (max-width: 1024px) { #ut_am_wrap_69e5347693578 { text-align: center !important; } }@media (max-width: 767px) { #ut_am_wrap_69e5347693578 { text-align: center !important; } }<\/style><div id=\"ut_am_wrap_69e5347693578\" class=\"ut-image-gallery-image  ut-reveal-fx ut-element-with-block-reveal\"><div id=\"ut_reveal_69e534769357a\" data-reveal-bgcolor=\"#a746d7\" data-reveal-direction=\"lr\" data-reveal-duration=\"750\" data-reveal-delay=\"250\" data-appear-top-offset=\"auto\" class=\"ut-animated-image-item ut-image-gallery-item ut-animation-done ut-reveal-fx-element ut-block-reveal-hide\"><a class=\"ut-deactivated-link\" href=\"#\"><div class=\"ut-animated-image-zoom\"><img loading=\"lazy\" decoding=\"async\" class=\"ut-lazy skip-lazy ut-animated-image \"  id=\"ut_am_69e5347693577\" src=\"data:image\/svg+xml;charset=utf-8,%3Csvg xmlns%3D'http%3A%2F%2Fwww.w3.org%2F2000%2Fsvg' viewBox%3D'0 0 893 534'%2F%3E\" data-src=\"https:\/\/www.arteenboga.com.co\/la\/wp-content\/uploads\/2021\/07\/equipomorado-893x534.jpg\" width=\"893\" height=\"534\" alt=\"\"\/><\/div><\/a><\/div><\/div><\/div>[\/vc_column][vc_column width=\u00bb1\/3&#8243; offset=\u00bbvc_col-lg-4 vc_col-md-4 vc_col-sm-5 vc_col-xs-12&#8243;]<div  class=\"wpb_content_element   clearfix\"><style type=\"text\/css\">#ut_am_69e5347693e4a { opacity: 1; }#ut_am_wrap_69e5347693e4b .ut-image-gallery-item-caption-title h3 { letter-spacing: 0em; }#ut_am_wrap_69e5347693e4b .ut-gallery-slider-caption { font-weight: bold; }#ut_am_wrap_69e5347693e4b { text-align: center; }@media (min-width: 768px) and (max-width: 1024px) { #ut_am_wrap_69e5347693e4b { text-align: center !important; } }@media (max-width: 767px) { #ut_am_wrap_69e5347693e4b { text-align: center !important; } }<\/style><div id=\"ut_am_wrap_69e5347693e4b\" class=\"ut-image-gallery-image  ut-reveal-fx ut-element-with-block-reveal\"><div id=\"ut_reveal_69e5347693e4c\" data-reveal-bgcolor=\"#a746d7\" data-reveal-direction=\"rl\" data-reveal-duration=\"750\" data-reveal-delay=\"500\" data-appear-top-offset=\"auto\" class=\"ut-animated-image-item ut-image-gallery-item ut-animation-done ut-reveal-fx-element ut-block-reveal-hide\"><a class=\"ut-deactivated-link\" href=\"#\"><div class=\"ut-animated-image-zoom\"><img loading=\"lazy\" decoding=\"async\" class=\"ut-lazy skip-lazy ut-animated-image \"  id=\"ut_am_69e5347693e4a\" src=\"data:image\/svg+xml;charset=utf-8,%3Csvg xmlns%3D'http%3A%2F%2Fwww.w3.org%2F2000%2Fsvg' viewBox%3D'0 0 426 534'%2F%3E\" data-src=\"https:\/\/www.arteenboga.com.co\/la\/wp-content\/uploads\/2021\/07\/trabajandoconnosotros-1.jpg\" width=\"426\" height=\"534\" alt=\"\"\/><\/div><\/a><\/div><\/div><\/div>[\/vc_column][\/vc_row][vc_row el_name=\u00bbColumn has animation\u00bb][vc_column delay=\u00bbtrue\u00bb offset=\u00bbvc_col-lg-offset-2 vc_col-lg-8&#8243; effect=\u00bbfadeIn\u00bb delay_timer=\u00bb0&#8243;]<div class=\"wpb_content_element \"><style type=\"text\/css\">#ut_header_69e53476949e4 h2.section-title { font-size:75px !important;line-height:90px !important;letter-spacing:-0.03em; }<\/style><header id=\"ut_header_69e53476949e4\" class=\"section-header  ut-no-title-linebreak-mobile ut-no-lead-linebreak-mobile pt-style-7 header-left header-tablet-left header-mobile-center element-with-custom-line-height\"><div class=\"element-with-custom-line-height\" ><h2 data-title=\"Visibilizamos tu Propuesta Creativa\"  data-responsive-font=\"section_title\" data-responsive-font-settings=\"{&quot;base-font-size&quot;:&quot;global&quot;,&quot;font-size&quot;:{&quot;desktop_large&quot;:&quot;75&quot;},&quot;base-line-height&quot;:&quot;global&quot;,&quot;line-height&quot;:{&quot;desktop_large&quot;:&quot;90&quot;},&quot;base-letter-spacing&quot;:&quot;global&quot;,&quot;letter-spacing&quot;:{&quot;desktop_large&quot;:&quot;-0.03&quot;}}\" class=\"section-title  \"><span>Visibilizamos tu Propuesta Creativa<\/span><\/h2><\/div><\/header><\/div>[vc_column_text]Desde Arte en Boga nos interesa darle circulaci\u00f3n a los trabajos creativos de artistas emergentes en el campo de las Artes Esc\u00e9nicas, Visuales y Audiovisuales a trav\u00e9s de narrativas transmedia que nos permita construir audiencias en torno a estos contenidos, es por esto que buscamos visibilizar las experiencias art\u00edsticas que enmarcan las investigaciones en este campo disciplinar y el tejido social que realizan los artistas con sus comunidades objetivas.<\/p>\n<p>Dentro de la l\u00ednea de sostenibilidad, gestionamos diversos espacios para que las propuestas creativas de estos artistas emergentes sigan circulando en pro de generar una conexi\u00f3n con el sector productivo.[\/vc_column_text][\/vc_column][\/vc_row][\/vc_section][vc_row el_name=\u00bbColumn has animation\u00bb][vc_column delay=\u00bbtrue\u00bb offset=\u00bbvc_col-lg-offset-2 vc_col-lg-8&#8243; effect=\u00bbfadeIn\u00bb delay_timer=\u00bb0&#8243;]<div class=\"wpb_content_element \"><style type=\"text\/css\">#ut_header_69e534769bd3b h2.section-title { font-size:75px !important;line-height:90px !important;letter-spacing:-0.03em; }<\/style><header id=\"ut_header_69e534769bd3b\" class=\"section-header  ut-no-title-linebreak-mobile ut-no-lead-linebreak-mobile pt-style-7 header-left header-tablet-left header-mobile-center element-with-custom-line-height\"><div class=\"element-with-custom-line-height\" ><h2 data-title=\"Equipo Creativo\"  data-responsive-font=\"section_title\" data-responsive-font-settings=\"{&quot;base-font-size&quot;:&quot;global&quot;,&quot;font-size&quot;:{&quot;desktop_large&quot;:&quot;75&quot;},&quot;base-line-height&quot;:&quot;global&quot;,&quot;line-height&quot;:{&quot;desktop_large&quot;:&quot;90&quot;},&quot;base-letter-spacing&quot;:&quot;global&quot;,&quot;letter-spacing&quot;:{&quot;desktop_large&quot;:&quot;-0.03&quot;}}\" class=\"section-title  \"><span>Equipo Creativo<\/span><\/h2><\/div><\/header><\/div>[\/vc_column][\/vc_row][vc_section][vc_row gap=\u00bb40&#8243;][vc_column width=\u00bb1\/3&#8243;]<div  class=\"wpb_content_element   vc_custom_1625111739228 clearfix\"><style type=\"text\/css\">#ut_am_69e534769d2f3 { opacity: 1; }#ut_am_wrap_69e534769d2f5 .ut-image-gallery-item-caption-title h3 { letter-spacing: 0em; }#ut_am_wrap_69e534769d2f5 .ut-gallery-slider-caption { font-weight: bold; }#ut_am_wrap_69e534769d2f5 { text-align: center; }@media (min-width: 768px) and (max-width: 1024px) { #ut_am_wrap_69e534769d2f5 { text-align: center !important; } }@media (max-width: 767px) { #ut_am_wrap_69e534769d2f5 { text-align: center !important; } }<\/style><div id=\"ut_am_wrap_69e534769d2f5\" class=\"ut-image-gallery-image  ut-reveal-fx ut-element-with-block-reveal\"><div id=\"ut_reveal_69e534769d2f6\" data-reveal-bgcolor=\"#a746d7\" data-reveal-direction=\"lr\" data-reveal-duration=\"750\" data-reveal-delay=\"0\" data-appear-top-offset=\"auto\" class=\"ut-animated-image-item ut-image-gallery-item ut-animation-done ut-reveal-fx-element ut-block-reveal-hide\"><a target=\"_self\" href=\"https:\/\/www.arteenboga.com.co\/la\/equipo\/nelly-vargas\/\" ><div class=\"ut-animated-image-zoom\"><img loading=\"lazy\" decoding=\"async\" class=\"ut-lazy skip-lazy ut-animated-image \"  id=\"ut_am_69e534769d2f3\" src=\"data:image\/svg+xml;charset=utf-8,%3Csvg xmlns%3D'http%3A%2F%2Fwww.w3.org%2F2000%2Fsvg' viewBox%3D'0 0 1300 867'%2F%3E\" data-src=\"https:\/\/www.arteenboga.com.co\/la\/wp-content\/uploads\/2021\/06\/perfil-nelly-otro-1300x867.jpg\" width=\"1300\" height=\"867\" alt=\"\"\/><\/div><\/a><\/div><\/div><\/div><style type=\"text\/css\">#ut_custom_heading69e534769d40e { color:#030303; }#ut_custom_heading69e534769d40e { font-size:18px !important; }#ut_custom_heading69e534769d40e { text-align:left; }@media (min-width: 768px) and (max-width: 1024px) { #ut_custom_heading69e534769d40e { text-align:left; } }@media (max-width: 767px) { #ut_custom_heading69e534769d40e { text-align:left; } }<\/style><h3 id=\"ut_custom_heading69e534769d40e\" data-responsive-font=\"h3\" data-responsive-font-settings=\"{&quot;base-font-size&quot;:&quot;global&quot;,&quot;font-size&quot;:{&quot;desktop_large&quot;:&quot;18&quot;},&quot;base-line-height&quot;:&quot;global&quot;,&quot;base-letter-spacing&quot;:&quot;global&quot;}\" class=\"ut-custom-heading-module   vc_custom_1625100807445\" ><span class=\"\" >Nelly Vargas<\/span><\/h3><style type=\"text\/css\">#ut_custom_heading69e534769d4b9 { color:rgba(0, 0, 0, 0.5); }#ut_custom_heading69e534769d4b9 { font-size:16px !important; }@media (min-width: 1025px) and (max-width: 1679px) {#ut_custom_heading69e534769d4b9 { font-size:-1px !important; }}@media (min-width: 768px) and (max-width: 1024px) {#ut_custom_heading69e534769d4b9 { font-size:-1px !important; }}@media (max-width: 767px) {#ut_custom_heading69e534769d4b9 { font-size:-1px !important; }}#ut_custom_heading69e534769d4b9 { text-align:left; }@media (min-width: 768px) and (max-width: 1024px) { #ut_custom_heading69e534769d4b9 { text-align:left; } }@media (max-width: 767px) { #ut_custom_heading69e534769d4b9 { text-align:left; } }<\/style><p id=\"ut_custom_heading69e534769d4b9\" data-responsive-font=\"p\" data-responsive-font-settings=\"{&quot;base-font-size&quot;:&quot;global&quot;,&quot;font-size&quot;:{&quot;desktop_large&quot;:&quot;16&quot;,&quot;desktop_small&quot;:&quot;-1&quot;,&quot;tablet&quot;:&quot;-1&quot;,&quot;mobile&quot;:&quot;-1&quot;},&quot;base-line-height&quot;:&quot;global&quot;,&quot;base-letter-spacing&quot;:&quot;global&quot;}\" class=\"ut-custom-heading-module   vc_custom_1625095416708\" ><span class=\"\" >Directora y Curadora<\/span><\/p><div class=\"wpb_content_element \"><style type=\"text\/css\">#bklyn_cta_69e534769d564 .bklyn-call-to-action-title { color: #a746d7; }#bklyn_btn_69e534769d565 .bklyn-btn { border-width:px !important; border-radius:px !important; background-color:#8224e3 !important; }<\/style><div id=\"bklyn_cta_69e534769d564\" class=\"bklyn-call-to-action-wrapper\"><div class=\"bklyn-call-to-action-inner clearfix\"><div class=\"bklyn-call-to-action-button-holder\"><div id=\"bklyn_btn_69e534769d565\" class=\"bklyn-btn-holder bklyn-btn-left bklyn-btn-tablet-left bklyn-btn-mobile-left\"><a title=\"Nelly Vargas\" href=\"https:\/\/www.arteenboga.com.co\/la\/equipo\/nelly-vargas\/\" target=\"_self\" class=\"bklyn-btn bklyn-btn-mini \" >Ver m\u00e1s<\/a><\/div><\/div><\/div><\/div><\/div>[\/vc_column][vc_column width=\u00bb1\/3&#8243;]<div  class=\"wpb_content_element   vc_custom_1625113439407 clearfix\"><style type=\"text\/css\">#ut_am_69e534769d973 { opacity: 1; }#ut_am_wrap_69e534769d975 .ut-image-gallery-item-caption-title h3 { letter-spacing: 0em; }#ut_am_wrap_69e534769d975 .ut-gallery-slider-caption { font-weight: bold; }#ut_am_wrap_69e534769d975 { text-align: center; }@media (min-width: 768px) and (max-width: 1024px) { #ut_am_wrap_69e534769d975 { text-align: center !important; } }@media (max-width: 767px) { #ut_am_wrap_69e534769d975 { text-align: center !important; } }<\/style><div id=\"ut_am_wrap_69e534769d975\" class=\"ut-image-gallery-image  ut-reveal-fx ut-element-with-block-reveal\"><div id=\"ut_reveal_69e534769d976\" data-reveal-bgcolor=\"#a746d7\" data-reveal-direction=\"lr\" data-reveal-duration=\"750\" data-reveal-delay=\"0\" data-appear-top-offset=\"auto\" class=\"ut-animated-image-item ut-image-gallery-item ut-animation-done ut-reveal-fx-element ut-block-reveal-hide\"><a target=\"_self\" href=\"https:\/\/www.arteenboga.com.co\/la\/equipo\/natalia-fernandez\/\" ><div class=\"ut-animated-image-zoom\"><img loading=\"lazy\" decoding=\"async\" class=\"ut-lazy skip-lazy ut-animated-image \"  id=\"ut_am_69e534769d973\" src=\"data:image\/svg+xml;charset=utf-8,%3Csvg xmlns%3D'http%3A%2F%2Fwww.w3.org%2F2000%2Fsvg' viewBox%3D'0 0 1300 867'%2F%3E\" data-src=\"https:\/\/www.arteenboga.com.co\/la\/wp-content\/uploads\/2021\/06\/perfil-equipo-nati-1300x867.jpg\" width=\"1300\" height=\"867\" alt=\"\"\/><\/div><\/a><\/div><\/div><\/div><style type=\"text\/css\">#ut_custom_heading69e534769da2c { font-size:18px !important; }#ut_custom_heading69e534769da2c { text-align:left; }@media (min-width: 768px) and (max-width: 1024px) { #ut_custom_heading69e534769da2c { text-align:left; } }@media (max-width: 767px) { #ut_custom_heading69e534769da2c { text-align:left; } }<\/style><h3 id=\"ut_custom_heading69e534769da2c\" data-responsive-font=\"h3\" data-responsive-font-settings=\"{&quot;base-font-size&quot;:&quot;global&quot;,&quot;font-size&quot;:{&quot;desktop_large&quot;:&quot;18&quot;},&quot;base-line-height&quot;:&quot;global&quot;,&quot;base-letter-spacing&quot;:&quot;global&quot;}\" class=\"ut-custom-heading-module   vc_custom_1625703630221\" ><span class=\"\" >Natalia Fern\u00e1ndez<\/span><\/h3><style type=\"text\/css\">#ut_custom_heading69e534769dac5 { color:rgba(0, 0, 0, 0.5); }#ut_custom_heading69e534769dac5 { font-size:16px !important; }@media (min-width: 1025px) and (max-width: 1679px) {#ut_custom_heading69e534769dac5 { font-size:-1px !important; }}@media (min-width: 768px) and (max-width: 1024px) {#ut_custom_heading69e534769dac5 { font-size:-1px !important; }}@media (max-width: 767px) {#ut_custom_heading69e534769dac5 { font-size:-1px !important; }}#ut_custom_heading69e534769dac5 { text-align:left; }@media (min-width: 768px) and (max-width: 1024px) { #ut_custom_heading69e534769dac5 { text-align:left; } }@media (max-width: 767px) { #ut_custom_heading69e534769dac5 { text-align:left; } }<\/style><p id=\"ut_custom_heading69e534769dac5\" data-responsive-font=\"p\" data-responsive-font-settings=\"{&quot;base-font-size&quot;:&quot;global&quot;,&quot;font-size&quot;:{&quot;desktop_large&quot;:&quot;16&quot;,&quot;desktop_small&quot;:&quot;-1&quot;,&quot;tablet&quot;:&quot;-1&quot;,&quot;mobile&quot;:&quot;-1&quot;},&quot;base-line-height&quot;:&quot;global&quot;,&quot;base-letter-spacing&quot;:&quot;global&quot;}\" class=\"ut-custom-heading-module   vc_custom_1625095341676\" ><span class=\"\" >Social Media Manager<\/span><\/p><div class=\"wpb_content_element \"><style type=\"text\/css\">#bklyn_cta_69e534769db6d .bklyn-call-to-action-title { color: #a746d7; }#bklyn_btn_69e534769db6e .bklyn-btn { border-width:px !important; border-radius:px !important; background-color:#8224e3 !important; }<\/style><div id=\"bklyn_cta_69e534769db6d\" class=\"bklyn-call-to-action-wrapper\"><div class=\"bklyn-call-to-action-inner clearfix\"><div class=\"bklyn-call-to-action-button-holder\"><div id=\"bklyn_btn_69e534769db6e\" class=\"bklyn-btn-holder bklyn-btn-left bklyn-btn-tablet-left bklyn-btn-mobile-left\"><a title=\"Natalia Fernandez\" href=\"https:\/\/www.arteenboga.com.co\/la\/equipo\/natalia-fernandez\/\" target=\"_self\" class=\"bklyn-btn bklyn-btn-mini \" >Ver m\u00e1s<\/a><\/div><\/div><\/div><\/div><\/div>[\/vc_column][vc_column width=\u00bb1\/3&#8243;]<div  class=\"wpb_content_element   vc_custom_1625113507681 clearfix\"><style type=\"text\/css\">#ut_am_69e534769df1a { opacity: 1; }#ut_am_wrap_69e534769df1c .ut-image-gallery-item-caption-title h3 { letter-spacing: 0em; }#ut_am_wrap_69e534769df1c .ut-gallery-slider-caption { font-weight: bold; }#ut_am_wrap_69e534769df1c { text-align: center; }@media (min-width: 768px) and (max-width: 1024px) { #ut_am_wrap_69e534769df1c { text-align: center !important; } }@media (max-width: 767px) { #ut_am_wrap_69e534769df1c { text-align: center !important; } }<\/style><div id=\"ut_am_wrap_69e534769df1c\" class=\"ut-image-gallery-image  ut-reveal-fx ut-element-with-block-reveal\"><div id=\"ut_reveal_69e534769df1d\" data-reveal-bgcolor=\"#a746d7\" data-reveal-direction=\"lr\" data-reveal-duration=\"750\" data-reveal-delay=\"0\" data-appear-top-offset=\"auto\" class=\"ut-animated-image-item ut-image-gallery-item ut-animation-done ut-reveal-fx-element ut-block-reveal-hide\"><a target=\"_self\" href=\"https:\/\/www.arteenboga.com.co\/la\/equipo\/karen-murcia\/\" ><div class=\"ut-animated-image-zoom\"><img loading=\"lazy\" decoding=\"async\" class=\"ut-lazy skip-lazy ut-animated-image \"  id=\"ut_am_69e534769df1a\" src=\"data:image\/svg+xml;charset=utf-8,%3Csvg xmlns%3D'http%3A%2F%2Fwww.w3.org%2F2000%2Fsvg' viewBox%3D'0 0 1300 867'%2F%3E\" data-src=\"https:\/\/www.arteenboga.com.co\/la\/wp-content\/uploads\/2021\/06\/perfil-andre-equipo-1300x867.jpg\" width=\"1300\" height=\"867\" alt=\"\"\/><\/div><\/a><\/div><\/div><\/div><style type=\"text\/css\">#ut_custom_heading69e534769dfbe { font-size:18px !important; }#ut_custom_heading69e534769dfbe { text-align:left; }@media (min-width: 768px) and (max-width: 1024px) { #ut_custom_heading69e534769dfbe { text-align:left; } }@media (max-width: 767px) { #ut_custom_heading69e534769dfbe { text-align:left; } }<\/style><h3 id=\"ut_custom_heading69e534769dfbe\" data-responsive-font=\"h3\" data-responsive-font-settings=\"{&quot;base-font-size&quot;:&quot;global&quot;,&quot;font-size&quot;:{&quot;desktop_large&quot;:&quot;18&quot;},&quot;base-line-height&quot;:&quot;global&quot;,&quot;base-letter-spacing&quot;:&quot;global&quot;}\" class=\"ut-custom-heading-module   vc_custom_1624943541336\" ><span class=\"\" >Karen Murcia<\/span><\/h3><style type=\"text\/css\">#ut_custom_heading69e534769e059 { color:rgba(0, 0, 0, 0.5); }#ut_custom_heading69e534769e059 { font-size:16px !important; }@media (min-width: 1025px) and (max-width: 1679px) {#ut_custom_heading69e534769e059 { font-size:-1px !important; }}@media (min-width: 768px) and (max-width: 1024px) {#ut_custom_heading69e534769e059 { font-size:-1px !important; }}@media (max-width: 767px) {#ut_custom_heading69e534769e059 { font-size:-1px !important; }}#ut_custom_heading69e534769e059 { text-align:left; }@media (min-width: 768px) and (max-width: 1024px) { #ut_custom_heading69e534769e059 { text-align:left; } }@media (max-width: 767px) { #ut_custom_heading69e534769e059 { text-align:left; } }<\/style><p id=\"ut_custom_heading69e534769e059\" data-responsive-font=\"p\" data-responsive-font-settings=\"{&quot;base-font-size&quot;:&quot;global&quot;,&quot;font-size&quot;:{&quot;desktop_large&quot;:&quot;16&quot;,&quot;desktop_small&quot;:&quot;-1&quot;,&quot;tablet&quot;:&quot;-1&quot;,&quot;mobile&quot;:&quot;-1&quot;},&quot;base-line-height&quot;:&quot;global&quot;,&quot;base-letter-spacing&quot;:&quot;global&quot;}\" class=\"ut-custom-heading-module   vc_custom_1624943628856\" ><span class=\"\" >Gestora y Productora<\/span><\/p><div class=\"wpb_content_element \"><style type=\"text\/css\">#bklyn_cta_69e534769e0e3 .bklyn-call-to-action-title { color: #a746d7; }#bklyn_btn_69e534769e0e4 .bklyn-btn { border-width:px !important; border-radius:px !important; background-color:#8224e3 !important; }<\/style><div id=\"bklyn_cta_69e534769e0e3\" class=\"bklyn-call-to-action-wrapper\"><div class=\"bklyn-call-to-action-inner clearfix\"><div class=\"bklyn-call-to-action-button-holder\"><div id=\"bklyn_btn_69e534769e0e4\" class=\"bklyn-btn-holder bklyn-btn-left bklyn-btn-tablet-left bklyn-btn-mobile-left\"><a title=\"Karen Murcia\" href=\"https:\/\/www.arteenboga.com.co\/la\/equipo\/karen-murcia\/\" target=\"_self\" class=\"bklyn-btn bklyn-btn-mini \" >Ver m\u00e1s<\/a><\/div><\/div><\/div><\/div><\/div>[\/vc_column][\/vc_row][vc_row css=\u00bb.vc_custom_1572446981924{margin-top: 0px !important;margin-bottom: 0px !important;padding-top: 0px !important;padding-bottom: 0px !important;}\u00bb][vc_column][vc_empty_space height=\u00bb20px\u00bb][\/vc_column][\/vc_row][\/vc_section]<\/p>\n<\/div>","protected":false},"excerpt":{"rendered":"<p>[vc_section][vc_row][vc_column][vc_empty_space][\/vc_column][\/vc_row][vc_row][vc_column width=\u00bb2\/3&#8243; offset=\u00bbvc_col-lg-8 vc_col-md-8 vc_col-sm-7 vc_col-xs-12&#8243;][\/vc_column][vc_column width=\u00bb1\/3&#8243; offset=\u00bbvc_col-lg-4 vc_col-md-4 vc_col-sm-5 vc_col-xs-12&#8243;][\/vc_column][\/vc_row][vc_row el_name=\u00bbColumn has animation\u00bb][vc_column delay=\u00bbtrue\u00bb offset=\u00bbvc_col-lg-offset-2 vc_col-lg-8&#8243; effect=\u00bbfadeIn\u00bb delay_timer=\u00bb0&#8243;][vc_column_text]Desde Arte en Boga nos interesa darle circulaci\u00f3n a los trabajos creativos de artistas emergentes en el campo de las Artes Esc\u00e9nicas, Visuales y Audiovisuales a trav\u00e9s de narrativas transmedia que nos permita construir audiencias en torno [&hellip;]<\/p>\n","protected":false},"author":1,"featured_media":0,"parent":0,"menu_order":0,"comment_status":"closed","ping_status":"closed","template":"","meta":{"footnotes":""},"class_list":["post-8937","page","type-page","status-publish","hentry"],"_links":{"self":[{"href":"https:\/\/www.arteenboga.com.co\/la\/wp-json\/wp\/v2\/pages\/8937","targetHints":{"allow":["GET"]}}],"collection":[{"href":"https:\/\/www.arteenboga.com.co\/la\/wp-json\/wp\/v2\/pages"}],"about":[{"href":"https:\/\/www.arteenboga.com.co\/la\/wp-json\/wp\/v2\/types\/page"}],"author":[{"embeddable":true,"href":"https:\/\/www.arteenboga.com.co\/la\/wp-json\/wp\/v2\/users\/1"}],"replies":[{"embeddable":true,"href":"https:\/\/www.arteenboga.com.co\/la\/wp-json\/wp\/v2\/comments?post=8937"}],"version-history":[{"count":53,"href":"https:\/\/www.arteenboga.com.co\/la\/wp-json\/wp\/v2\/pages\/8937\/revisions"}],"predecessor-version":[{"id":11314,"href":"https:\/\/www.arteenboga.com.co\/la\/wp-json\/wp\/v2\/pages\/8937\/revisions\/11314"}],"wp:attachment":[{"href":"https:\/\/www.arteenboga.com.co\/la\/wp-json\/wp\/v2\/media?parent=8937"}],"curies":[{"name":"wp","href":"https:\/\/api.w.org\/{rel}","templated":true}]}}