{"id":12926,"date":"2025-05-15T22:36:52","date_gmt":"2025-05-15T22:36:52","guid":{"rendered":"https:\/\/www.arteenboga.com.co\/la\/?page_id=12926"},"modified":"2025-05-16T05:59:03","modified_gmt":"2025-05-16T05:59:03","slug":"laboratorio-interdisciplinar-de-creacion-memoria-cuidado-y-afectos","status":"publish","type":"page","link":"https:\/\/www.arteenboga.com.co\/la\/laboratorio-interdisciplinar-de-creacion-memoria-cuidado-y-afectos\/","title":{"rendered":"Laboratorio Interdisciplinar de Creaci\u00f3n: Memoria, Cuidado y Afectos"},"content":{"rendered":"<div class=\"wpb-content-wrapper\"><p>[vc_row][vc_column width=\u00bb1\/6&#8243;][\/vc_column][vc_column width=\u00bb2\/3&#8243;][vc_empty_space][vc_column_text]<\/p>\n<h2><span style=\"color: #e88a25;\">Metodolog\u00eda y enfoque interdisciplinar<\/span><\/h2>\n<p>Este laboratorio interdisciplinar propone un cruce entre las artes pl\u00e1sticas y audiovisuales a trav\u00e9s de dos n\u00facleos principales: dibujo y escritura, y creaci\u00f3n audiovisual. Cada uno de estos espacios invita a explorar desde el lenguaje propio de la imagen, la palabra, el sonido y el archivo, temas como la memoria, el cuidado y los afectos. Adem\u00e1s, el laboratorio contar\u00e1 con un m\u00f3dulo integrador, en el que todas las personas participantes se acercar\u00e1n a metodolog\u00edas activas de ense\u00f1anza-aprendizaje, la investigaci\u00f3n-creaci\u00f3n y la curadur\u00eda expandida, entendida como una forma sensible de acompa\u00f1ar procesos y darles formas colectivas de circulaci\u00f3n. A lo largo del laboratorio tambi\u00e9n se realizar\u00e1 un seguimiento continuo a cada proyecto, orientando a las y los participantes en el desarrollo de piezas art\u00edsticas propias que dialoguen con el territorio, la experiencia y los lenguajes que se pondr\u00e1n en juego.<\/p>\n<p><input type='hidden' bg_collapse_expand='69e54974ad3611018024595' value='69e54974ad3611018024595'><input type='hidden' id='bg-show-more-text-69e54974ad3611018024595' value='Mediadora'><input type='hidden' id='bg-show-less-text-69e54974ad3611018024595' value='Ver menos'><button id='bg-showmore-action-69e54974ad3611018024595' class='bg-showmore-plg-button bg-orange-button bg-arrow '   style=\" color:#4a4949;\">Mediadora<\/button><div id='bg-showmore-hidden-69e54974ad3611018024595' >Nelly Vargas es Maestra en Artes Esc\u00e9nicas de la Universidad Distrital y Mag\u00edster en Cr\u00edtica y Difusi\u00f3n de las Artes de la Universidad Nacional de las Artes (UNA) de Buenos Aires, con especializaci\u00f3n en Producci\u00f3n de Textos Cr\u00edticos y Difusi\u00f3n Medi\u00e1tica de las Artes. Con m\u00e1s de 17 a\u00f1os de experiencia en docencia universitaria e investigaci\u00f3n, ha desarrollado su trayectoria en instituciones como la Universidad Jorge Tadeo Lozano, Corporaci\u00f3n Cenda, Casa del Teatro Nacional, LCI Bogot\u00e1 y la Universidad El Bosque, en programas de Arte Dram\u00e1tico, Cine &amp; TV, Producci\u00f3n Esc\u00e9nica y Visual, y Dise\u00f1o para las Industrias Creativas y Culturales. Ha liderado y acompa\u00f1ado proyectos de investigaci\u00f3n-creaci\u00f3n con enfoque interdisciplinar, integrando lenguajes esc\u00e9nicos, visuales y audiovisuales. Se ha especializado en el dise\u00f1o curricular y la implementaci\u00f3n de metodolog\u00edas activas de ense\u00f1anza-aprendizaje, como el Aprendizaje Basado en Problemas (ABP), la A\/r\/tograf\u00eda y la Curadur\u00eda expandida, aplicadas a procesos formativos en artes y comunidades. Fue directora del Programa Profesional en Arte Dram\u00e1tico de la Escuela de Artes y Letras (EAL) y actualmente lidera Arte en Boga, una plataforma de cr\u00edtica, curadur\u00eda e investigaci\u00f3n en artes, desde la cual ha desarrollado laboratorios de creaci\u00f3n, asesor\u00edas en formaci\u00f3n art\u00edstica y estrategias de circulaci\u00f3n del conocimiento con impacto social. En esta oportunidad liderar\u00e1 el m\u00f3dulo integrador del laboratorio.<\/div>[\/vc_column_text][vc_column_text]<\/p>\n<h2><span style=\"color: #e88a25;\">Dibujo y Escritura<\/span><\/h2>\n<p>En este laboratorio generaremos un espacio de di\u00e1logo interdisciplinar entre el dibujo expandido y la escritura creativa como herramientas sensibles para la pr\u00e1ctica de investigaci\u00f3n-creaci\u00f3n colectiva. Partiendo de las premisas del ABP (aprendizaje basado en problemas) para comprender el cuerpo, el territorio y la experiencia cotidiana de habitar y cuidar estos espacios como puntos de partida para tejer relaciones otras con el entorno y los afectos compartidos aplicados a la creaci\u00f3n pl\u00e1stica.<\/p>\n<input type='hidden' bg_collapse_expand='69e54974ad4575008717424' value='69e54974ad4575008717424'><input type='hidden' id='bg-show-more-text-69e54974ad4575008717424' value='Objetivos'><input type='hidden' id='bg-show-less-text-69e54974ad4575008717424' value='Ver menos'><button id='bg-showmore-action-69e54974ad4575008717424' class='bg-showmore-plg-button bg-orange-button bg-arrow '   style=\" color:#4a4949;\">Objetivos<\/button><div id='bg-showmore-hidden-69e54974ad4575008717424' >\n<p>1. Acercar a les participantes a metodolog\u00edas sensibles de la artograf\u00eda para aplicar en la investigaci\u00f3n-creaci\u00f3n desde las artes.<br \/>\n2. Encontrar en la creaci\u00f3n colectiva cuidadosa herramientas para habitarnos y sentirnos parte de un tejido colectivo vivo y en constante transformaci\u00f3n.<br \/>\n3. Reflexionar sobre como el lugar de enunciaci\u00f3n, la memoria y los afectos influyen y nutren nuestros procesos de creaci\u00f3n.<br \/>\n4.Proponer una o varias piezas de creaci\u00f3n colectiva para realizar una muestra interdisciplinar de los procesos del laboratorio.<\/div><input type='hidden' bg_collapse_expand='69e54974ad5c75062009962' value='69e54974ad5c75062009962'><input type='hidden' id='bg-show-more-text-69e54974ad5c75062009962' value='Contenidos'><input type='hidden' id='bg-show-less-text-69e54974ad5c75062009962' value='Ver menos'><button id='bg-showmore-action-69e54974ad5c75062009962' class='bg-showmore-plg-button bg-orange-button bg-arrow '   style=\" color:#4a4949;\">Contenidos<\/button><div id='bg-showmore-hidden-69e54974ad5c75062009962' >1. Presentaci\u00f3n-Sensibilizaci\u00f3n. Ca\/r\/tograf\u00edas afectivas: memorias con nuestros territorios.<br \/>\n2. Cuerpo, territorio y cuidados: ejercicios perform\u00e1ticos escriturales.<br \/>\n3. M\u00f3dulo Integrador: Metodolog\u00edas activas de aprendizaje, investigaci\u00f3n-creaci\u00f3n, curadur\u00eda expandida.<br \/>\n4. Exploraciones visuales e intervenciones al archivo.<br \/>\n5. Saberes-haceres encarnados: crear y percibir (arte) con todos los sentidos<br \/>\n6. M\u00f3dulo Integrador: Metodolog\u00edas activas de aprendizaje, investigaci\u00f3n-creaci\u00f3n, curadur\u00eda expandida.<br \/>\n7. Creaci\u00f3n colectiva: encuentros afectados palabra-imagen-memoria<br \/>\n8. M\u00f3dulo Integrador: Metodolog\u00edas activas de aprendizaje, investigaci\u00f3n-creaci\u00f3n, curadur\u00eda expandida. (Muestra final)<\/div><input type='hidden' bg_collapse_expand='69e54974ad6840080575661' value='69e54974ad6840080575661'><input type='hidden' id='bg-show-more-text-69e54974ad6840080575661' value='Metodolog\u00eda'><input type='hidden' id='bg-show-less-text-69e54974ad6840080575661' value='Ver menos'><button id='bg-showmore-action-69e54974ad6840080575661' class='bg-showmore-plg-button bg-orange-button bg-arrow '   style=\" color:#4a4949;\">Metodolog\u00eda<\/button><div id='bg-showmore-hidden-69e54974ad6840080575661' ><span style=\"font-weight: 400\">El laboratorio se desarrollar\u00e1 a partir de la experimentaci\u00f3n artogr\u00e1fica y el juego como metodolog\u00edas de investigaci\u00f3n-creaci\u00f3n, integrando la experiencia personal, los afectos presentes al cuidar, la reflexi\u00f3n te\u00f3rica y el di\u00e1logo colectivo para acercarnos a situaciones cotidianas y compartir experiencias situadas de vivir en la ciudad de Bogot\u00e1, y habitar la localidad de Barrios Unidos. Se trabajar\u00e1 mediante ejercicios pr\u00e1cticos, exploraciones en el territorio, an\u00e1lisis de referentes y momentos de retroalimentaci\u00f3n cr\u00edtica.<\/div><\/span><input type='hidden' bg_collapse_expand='69e54974ad7bd9039085864' value='69e54974ad7bd9039085864'><input type='hidden' id='bg-show-more-text-69e54974ad7bd9039085864' value='Materiales'><input type='hidden' id='bg-show-less-text-69e54974ad7bd9039085864' value='Ver menos'><button id='bg-showmore-action-69e54974ad7bd9039085864' class='bg-showmore-plg-button bg-orange-button bg-arrow '   style=\" color:#4a4949;\">Materiales<\/button><div id='bg-showmore-hidden-69e54974ad7bd9039085864' >&#8211; Dispositivo con acceso a internet para las actividades asincr\u00f3nicas y remotas.<br \/>\n&#8211; Acceso a Google Drive.<br \/>\n&#8211; La inscripci\u00f3n incluye el resto de materiales para el trabajo en clase y la muestra final.<\/div><input type='hidden' bg_collapse_expand='69e54974ad8501029606987' value='69e54974ad8501029606987'><input type='hidden' id='bg-show-more-text-69e54974ad8501029606987' value='Docente'><input type='hidden' id='bg-show-less-text-69e54974ad8501029606987' value='Ver menos'><button id='bg-showmore-action-69e54974ad8501029606987' class='bg-showmore-plg-button bg-orange-button bg-arrow '   style=\" color:#4a4949;\">Docente<\/button><div id='bg-showmore-hidden-69e54974ad8501029606987' >Daniela Henao es Artista interdisciplinar y Mag\u00edster en Estudios Culturales de la Universidad Nacional de Colombia (2024), donde se gradu\u00f3 con honores en Artes Pl\u00e1sticas (2020). Ha participado en exposiciones en la Galer\u00eda Paul Bardwell, el Museo de Arte Contempor\u00e1neo de Bogot\u00e1 y La Experimental Casa Cultural en Barcelona y en 2022 realiz\u00f3 su primera exposici\u00f3n individual en la Galer\u00eda Sur de la Casa Teatro El Poblado. Ganadora del concurso Mujeres J\u00f3venes Talento (2020) con el Proyecto Nuestra Casa, combina su pr\u00e1ctica art\u00edstica con la docencia y el trabajo comunitario. Desde 2019, colabora con el Voluntariado \u00c9tico de la Universidad Nacional en el barrio La Iguan\u00e1 y ha impartido talleres de t\u00e9cnicas gr\u00e1ficas en espacios culturales como la Librer\u00eda Mutante y La Pascasia. Desde 2022, es docente y tallerista en Arte en Boga, donde ha desarrollado laboratorios de creaci\u00f3n y muestras art\u00edsticas.<\/div><input type='hidden' bg_collapse_expand='69e54974ad8b09047027126' value='69e54974ad8b09047027126'><input type='hidden' id='bg-show-more-text-69e54974ad8b09047027126' value='Dirigido a:'><input type='hidden' id='bg-show-less-text-69e54974ad8b09047027126' value='Ver menos'><button id='bg-showmore-action-69e54974ad8b09047027126' class='bg-showmore-plg-button bg-orange-button bg-arrow '   style=\" color:#4a4949;\">Dirigido a:<\/button><div id='bg-showmore-hidden-69e54974ad8b09047027126' ><span style=\"vertical-align: inherit\">J\u00f3venes y adultos. Dirigido a personas de todas las edades, conocedoras o no de estas t\u00e9cnicas.<\/div><\/span><input type='hidden' bg_collapse_expand='69e54974ad9363062425421' value='69e54974ad9363062425421'><input type='hidden' id='bg-show-more-text-69e54974ad9363062425421' value='Horarios'><input type='hidden' id='bg-show-less-text-69e54974ad9363062425421' value='Ver menos'><button id='bg-showmore-action-69e54974ad9363062425421' class='bg-showmore-plg-button bg-orange-button bg-arrow '   style=\" color:#4a4949;\">Horarios<\/button><div id='bg-showmore-hidden-69e54974ad9363062425421' >Grupo 1<\/p>\n<p><span style=\"vertical-align: inherit\">Lunes y Martes de 6:00 pm a 9:00 pm (Presencial)<\/span><\/p>\n<ul>\n<li><span style=\"vertical-align: inherit\">Duraci\u00f3n:<\/span><br \/>\n<span style=\"vertical-align: inherit\">60 horas certificadas: <\/span>45 horas presenciales por semana \/15 hrs asincr\u00f3nicas en la plataforma Moodle<\/li>\n<li>Inicia 26 de mayo 2025 \/ Finaliza 15 de julio 2025<\/li>\n<li>Semana de muestras: Del 21 al 26 de julio 2025<\/li>\n<\/ul>\n<p><span style=\"vertical-align: inherit\">Grupo 2<\/span><br \/>\n<span style=\"vertical-align: inherit\">Mi\u00e9rcoles y Jueves de 6:00 pm a 9:00 pm (Presencial)<\/span><\/p>\n<ul>\n<li><span style=\"vertical-align: inherit\">Duraci\u00f3n:<\/span><br \/>\n<span style=\"vertical-align: inherit\">60 horas certificadas: <\/span>45 horas presenciales por semana \/15 hrs asincr\u00f3nicas en la plataforma Moodle<\/li>\n<li>Inicia 28 de mayo 2025 \/ Finaliza 17 de julio 2025<\/li>\n<li>Semana de muestras: Del 21 al 26 de julio 2025<span style=\"vertical-align: inherit\"><span style=\"font-weight: 400\"><\/div><\/span><\/span><input type='hidden' bg_collapse_expand='69e54974ada933050000549' value='69e54974ada933050000549'><input type='hidden' id='bg-show-more-text-69e54974ada933050000549' value='Inscripci\u00f3n'><input type='hidden' id='bg-show-less-text-69e54974ada933050000549' value='Ver menos'><button id='bg-showmore-action-69e54974ada933050000549' class='bg-showmore-plg-button bg-orange-button bg-arrow '   style=\" color:#4a4949;\">Inscripci\u00f3n<\/button><div id='bg-showmore-hidden-69e54974ada933050000549' >Inscripci\u00f3n gratuita (Cupos limitados) Incluye materiales<\/li>\n<li>Del 15\u00a0 al 20 de mayo 2025 o hasta agotar cupos<span style=\"font-weight: 400\"><\/div><\/span><\/li>\n<\/ul>\n<p>[\/vc_column_text][vc_column_text]<\/p>\n<h2><span style=\"color: #e88a25;\">Creaci\u00f3n Audiovisual<\/span><\/h2>\n<p>El miedo es una de las emociones m\u00e1s potentes y necesarias dentro de la experiencia humana. Expresar desde las im\u00e1genes y los sonidos las formas de esta emoci\u00f3n es una manera de conocernos desde las posibilidades po\u00e9ticas de la expresi\u00f3n art\u00edstica y de los elementos del lenguaje cinematogr\u00e1fico. Este laboratorio busca crear una micro po\u00e9tica de nuestros miedos a trav\u00e9s de la creaci\u00f3n audiovisual constru\u00edda desde el encuentro, la sensibilidad y las propuestas grupales de los participantes. Se propone generar un espacio \u00edntimo de escucha y de exploraci\u00f3n art\u00edstica desde el cuerpo, la individualidad y lo colectivo vinculando la creaci\u00f3n pl\u00e1stica y audiovisual en di\u00e1logo con los componentes interdisciplinares del laboratorio.<\/p>\n<input type='hidden' bg_collapse_expand='69e54974adb157064830700' value='69e54974adb157064830700'><input type='hidden' id='bg-show-more-text-69e54974adb157064830700' value='Objetivos'><input type='hidden' id='bg-show-less-text-69e54974adb157064830700' value='Ver menos'><button id='bg-showmore-action-69e54974adb157064830700' class='bg-showmore-plg-button bg-orange-button bg-arrow '   style=\" color:#4a4949;\">Objetivos<\/button><div id='bg-showmore-hidden-69e54974adb157064830700' >\n<p>1. Reflexionar sobre la emoci\u00f3n del miedo desde la escucha y consciencia corporal para reconocer las ideas en com\u00fan a trav\u00e9s de la creaci\u00f3n art\u00edstica.<br \/>\n2. Conocer elementos propios del lenguaje cinematogr\u00e1fico para la construcci\u00f3n audiovisual de piezas art\u00edsticas que narren los diferentes universos del miedo.<br \/>\n3. Crear una micro po\u00e9tica sensible sobre las memorias de los miedos a trav\u00e9s de la exploraci\u00f3n art\u00edstica y creaci\u00f3n colectiva desde el cuerpo y el territorio.<\/div><input type='hidden' bg_collapse_expand='69e54974adb886004125391' value='69e54974adb886004125391'><input type='hidden' id='bg-show-more-text-69e54974adb886004125391' value='Contenidos'><input type='hidden' id='bg-show-less-text-69e54974adb886004125391' value='Ver menos'><button id='bg-showmore-action-69e54974adb886004125391' class='bg-showmore-plg-button bg-orange-button bg-arrow '   style=\" color:#4a4949;\">Contenidos<\/button><div id='bg-showmore-hidden-69e54974adb886004125391' >1. Conocernos desde las formas: Mapeo de cuidado y emociones desde el cuerpo y territorio.<br \/>\n2. Nuestras memorias del miedo: im\u00e1genes y sonidos sensibles en com\u00fan.<br \/>\n3. M\u00f3dulo Integrador: Metodolog\u00edas activas de aprendizaje, investigaci\u00f3n-creaci\u00f3n, curadur\u00eda expandida.<br \/>\n4. Construcci\u00f3n narrativa: Exploraci\u00f3n desde la fotograf\u00eda y el universo sonoro.<br \/>\n5. Compartir nuestra po\u00e9tica: visionado de ejercicio pr\u00e1ctico de creaci\u00f3n art\u00edstica.<br \/>\n6. M\u00f3dulo Integrador: Metodolog\u00edas activas de aprendizaje, investigaci\u00f3n-creaci\u00f3n, curadur\u00eda expandida.<br \/>\n7. Fusi\u00f3n po\u00e9tica de las creaciones: intercambio de materiales art\u00edsticos.<br \/>\n8. M\u00f3dulo Integrador: Metodolog\u00edas activas de aprendizaje, investigaci\u00f3n-creaci\u00f3n, curadur\u00eda expandida. (Muestra final)<\/div><input type='hidden' bg_collapse_expand='69e54974adc0f6029184304' value='69e54974adc0f6029184304'><input type='hidden' id='bg-show-more-text-69e54974adc0f6029184304' value='Metodolog\u00eda'><input type='hidden' id='bg-show-less-text-69e54974adc0f6029184304' value='Ver menos'><button id='bg-showmore-action-69e54974adc0f6029184304' class='bg-showmore-plg-button bg-orange-button bg-arrow '   style=\" color:#4a4949;\">Metodolog\u00eda<\/button><div id='bg-showmore-hidden-69e54974adc0f6029184304' >Este laboratorio est\u00e1 basado en la a\/r\/tograf\u00eda como espacio de creaci\u00f3n, investigaci\u00f3n y educaci\u00f3n en la que se prioriza la pr\u00e1ctica creativa y la reflexi\u00f3n como lugares de conocimiento. Por lo tanto, se desarrollar\u00e1n los aspectos disciplinares, emocionales y creativos desde ejercicios pr\u00e1cticos, referentes visuales, sonoros y narrativos para explorar formas colectivas de construcci\u00f3n audiovisual. Los encuentros tendr\u00e1n momentos de escucha, reflexi\u00f3n, consciencia corporal, reconocimiento personal y creaci\u00f3n art\u00edstica, los cu\u00e1les ser\u00e1n elementos transversales durante todo el laboratorio a trav\u00e9s de las metodolog\u00edas activas como el ABP (Aprendizaje Basado en Problemas).<span style=\"font-weight: 400\"><\/div><\/span><input type='hidden' bg_collapse_expand='69e54974adc945051973064' value='69e54974adc945051973064'><input type='hidden' id='bg-show-more-text-69e54974adc945051973064' value='Materiales'><input type='hidden' id='bg-show-less-text-69e54974adc945051973064' value='Ver menos'><button id='bg-showmore-action-69e54974adc945051973064' class='bg-showmore-plg-button bg-orange-button bg-arrow '   style=\" color:#4a4949;\">Materiales<\/button><div id='bg-showmore-hidden-69e54974adc945051973064' >&#8211; Dispositivo con internet para acceder a la plataforma Moodle y los referentes digitales.<br \/>\n&#8211; Aud\u00edfonos.<br \/>\n&#8211; Celular con c\u00e1mara (Smartphone) para grabaci\u00f3n y edici\u00f3n de videos.<\/div><input type='hidden' bg_collapse_expand='69e54974add162081274763' value='69e54974add162081274763'><input type='hidden' id='bg-show-more-text-69e54974add162081274763' value='Docente'><input type='hidden' id='bg-show-less-text-69e54974add162081274763' value='Ver menos'><button id='bg-showmore-action-69e54974add162081274763' class='bg-showmore-plg-button bg-orange-button bg-arrow '   style=\" color:#4a4949;\">Docente<\/button><div id='bg-showmore-hidden-69e54974add162081274763' >Maria Paula Carvajal es Productora audiovisual y artista interdisciplinar, profesional en Cine y Televisi\u00f3n de la Universidad Jorge Tadeo Lozano (2019) y licenciada en Artes Esc\u00e9nicas de la Universidad Pedag\u00f3gica Nacional (2024). Sus obras han sido seleccionadas en festivales nacionales e internacionales como DOC NYC (EE.UU.), Cin\u00e9latino Toulouse (Francia) y Encounters South African International Documentary Festival (\u00c1frica). Ha recibido m\u00faltiples premios, entre ellos el Premio Ex Aequo del Jurado y el Premio del Jurado Estudiantil en el 12\u00ba Panorama du Cin\u00e9ma Colombien (Par\u00eds), Mejor Documental Nacional y Mejor Guion en BOGOSHORTS 2024, y distinciones en festivales de Vancouver y Uruguay. Ganadora de la convocatoria Sinfon\u00edas de Bacat\u00e1 del IDARTES, realiz\u00f3 Estamos en el mapa, seleccionado en el cat\u00e1logo REFRESH de Proim\u00e1genes Colombia. Ha obtenido becas de profesionalizaci\u00f3n art\u00edstica para los proyectos Narrativas del miedo y Voces de la capoeira: semillas que resisten. Investiga la relaci\u00f3n entre sonido, escucha y mujer, y coordina proyectos en el grupo Sementes da Capoeira. Actualmente, finaliza la postproducci\u00f3n de su primer cortometraje documental como directora, Cuerpos del miedo, donde explora el v\u00ednculo entre cine, teatro y exploraci\u00f3n corporal y vocal. <\/div><input type='hidden' bg_collapse_expand='69e54974add6b0071255273' value='69e54974add6b0071255273'><input type='hidden' id='bg-show-more-text-69e54974add6b0071255273' value='Dirigido a:'><input type='hidden' id='bg-show-less-text-69e54974add6b0071255273' value='Ver menos'><button id='bg-showmore-action-69e54974add6b0071255273' class='bg-showmore-plg-button bg-orange-button bg-arrow '   style=\" color:#4a4949;\">Dirigido a:<\/button><div id='bg-showmore-hidden-69e54974add6b0071255273' ><span style=\"vertical-align: inherit\">J\u00f3venes y adultos. Dirigido a personas de todas las edades, conocedoras o no de estas t\u00e9cnicas.<\/div><\/span><input type='hidden' bg_collapse_expand='69e54974addd11067141777' value='69e54974addd11067141777'><input type='hidden' id='bg-show-more-text-69e54974addd11067141777' value='Horarios'><input type='hidden' id='bg-show-less-text-69e54974addd11067141777' value='Ver menos'><button id='bg-showmore-action-69e54974addd11067141777' class='bg-showmore-plg-button bg-orange-button bg-arrow '   style=\" color:#4a4949;\">Horarios<\/button><div id='bg-showmore-hidden-69e54974addd11067141777' >Grupo 1<\/p>\n<p><span style=\"vertical-align: inherit\">Lunes y Martes de 6:00 pm a 9:00 pm (Presencial)<\/span><\/p>\n<ul>\n<li><span style=\"vertical-align: inherit\">Duraci\u00f3n:<\/span><br \/>\n<span style=\"vertical-align: inherit\">60 horas certificadas: <\/span>45 horas presenciales por semana \/15 hrs asincr\u00f3nicas en la plataforma Moodle<\/li>\n<li>Inicia 26 de mayo 2025 \/ Finaliza 15 de julio 2025<\/li>\n<li>Semana de muestras: Del 21 al 26 de julio 2025<\/li>\n<\/ul>\n<p><span style=\"vertical-align: inherit\">Grupo 2<\/span><br \/>\n<span style=\"vertical-align: inherit\">Mi\u00e9rcoles y Jueves de 6:00 pm a 9:00 pm (Presencial)<\/span><\/p>\n<ul>\n<li><span style=\"vertical-align: inherit\">Duraci\u00f3n:<\/span><br \/>\n<span style=\"vertical-align: inherit\">60 horas certificadas: <\/span>45 horas presenciales por semana \/15 hrs asincr\u00f3nicas en la plataforma Moodle<\/li>\n<li>Inicia 28 de mayo 2025 \/ Finaliza 17 de julio 2025<\/li>\n<li>Semana de muestras: Del 21 al 26 de julio 2025<span style=\"vertical-align: inherit\"><span style=\"font-weight: 400\"><\/div><\/span><\/span><input type='hidden' bg_collapse_expand='69e54974adf208000192550' value='69e54974adf208000192550'><input type='hidden' id='bg-show-more-text-69e54974adf208000192550' value='Inscripci\u00f3n'><input type='hidden' id='bg-show-less-text-69e54974adf208000192550' value='Ver menos'><button id='bg-showmore-action-69e54974adf208000192550' class='bg-showmore-plg-button bg-orange-button bg-arrow '   style=\" color:#4a4949;\">Inscripci\u00f3n<\/button><div id='bg-showmore-hidden-69e54974adf208000192550' >Inscripci\u00f3n gratuita (Cupos limitados)<\/li>\n<li>Del 15\u00a0 al 20 de mayo 2025 o hasta agotar cupos<span style=\"font-weight: 400\"><\/div><\/span><\/li>\n<\/ul>\n<p>[\/vc_column_text]<style type=\"text\/css\">#bklyn_btn_69e54974adfed a.bklyn-btn { font-weight:100 !important; }#bklyn_btn_69e54974adfed.bklyn-btn-header a.bklyn-btn { font-weight:100 !important; }#bklyn_btn_69e54974adfed.bklyn-btn-header a.bklyn-btn span { font-weight:100 !important; }<\/style><div id=\"bklyn_btn_69e54974adfed\" class=\"bklyn-btn-holder  bklyn-btn-center bklyn-btn-tablet-center bklyn-btn-mobile-center\"><a title=\"Formulario de inscripci\u00f3n\"   href=\"https:\/\/forms.gle\/ug2ZEBeKPo9smd5Z8\" target=\"_blank\" class=\"bklyn-btn  bklyn-btn-normal\" ><span class=\"ut-btn-text\">POSTULATE AQU\u00cd<\/span><\/a><\/div>[\/vc_column][vc_column width=\u00bb1\/6&#8243;][\/vc_column][vc_column][\/vc_column][vc_column][\/vc_column][\/vc_row]<\/p>\n<\/div>","protected":false},"excerpt":{"rendered":"<p>[vc_row][vc_column width=\u00bb1\/6&#8243;][\/vc_column][vc_column width=\u00bb2\/3&#8243;][vc_empty_space][vc_column_text] Metodolog\u00eda y enfoque interdisciplinar Este laboratorio interdisciplinar propone un cruce entre las artes pl\u00e1sticas y audiovisuales a trav\u00e9s de dos n\u00facleos principales: dibujo y escritura, y creaci\u00f3n audiovisual. Cada uno de estos espacios invita a explorar desde el lenguaje propio de la imagen, la palabra, el sonido y el archivo, temas como [&hellip;]<\/p>\n","protected":false},"author":1,"featured_media":0,"parent":0,"menu_order":0,"comment_status":"closed","ping_status":"closed","template":"","meta":{"footnotes":""},"class_list":["post-12926","page","type-page","status-publish","hentry"],"_links":{"self":[{"href":"https:\/\/www.arteenboga.com.co\/la\/wp-json\/wp\/v2\/pages\/12926","targetHints":{"allow":["GET"]}}],"collection":[{"href":"https:\/\/www.arteenboga.com.co\/la\/wp-json\/wp\/v2\/pages"}],"about":[{"href":"https:\/\/www.arteenboga.com.co\/la\/wp-json\/wp\/v2\/types\/page"}],"author":[{"embeddable":true,"href":"https:\/\/www.arteenboga.com.co\/la\/wp-json\/wp\/v2\/users\/1"}],"replies":[{"embeddable":true,"href":"https:\/\/www.arteenboga.com.co\/la\/wp-json\/wp\/v2\/comments?post=12926"}],"version-history":[{"count":59,"href":"https:\/\/www.arteenboga.com.co\/la\/wp-json\/wp\/v2\/pages\/12926\/revisions"}],"predecessor-version":[{"id":13004,"href":"https:\/\/www.arteenboga.com.co\/la\/wp-json\/wp\/v2\/pages\/12926\/revisions\/13004"}],"wp:attachment":[{"href":"https:\/\/www.arteenboga.com.co\/la\/wp-json\/wp\/v2\/media?parent=12926"}],"curies":[{"name":"wp","href":"https:\/\/api.w.org\/{rel}","templated":true}]}}