{"id":12891,"date":"2025-05-15T20:23:20","date_gmt":"2025-05-15T20:23:20","guid":{"rendered":"https:\/\/www.arteenboga.com.co\/la\/?page_id=12891"},"modified":"2025-05-16T01:52:42","modified_gmt":"2025-05-16T01:52:42","slug":"aeb-lab-ii-2025","status":"publish","type":"page","link":"https:\/\/www.arteenboga.com.co\/la\/aeb-lab-ii-2025\/","title":{"rendered":"AEB Lab II 2025"},"content":{"rendered":"<div class=\"wpb-content-wrapper\"><p>[vc_section][vc_row el_name=\u00bbColumn has animation \/ Column has bg image\u00bb][vc_column background_position=\u00bbleft center\u00bb hide_bg_mobile=\u00bbtrue\u00bb delay=\u00bbtrue\u00bb css=\u00bb.vc_custom_1572536786807{background-image: url(https:\/\/www.arteenboga.com.co\/la\/wp-content\/uploads\/2019\/10\/ut-dots.svg?id=5939) !important;background-position: center !important;background-repeat: no-repeat !important;background-size: contain !important;}\u00bb effect=\u00bbfadeIn\u00bb animation_duration=\u00bb2s\u00bb delay_timer=\u00bb0&#8243;]<style type=\"text\/css\">#ut_custom_heading69e5363678d95 { font-size:100px !important;line-height:100px !important;letter-spacing:-0.04em; }@media (max-width: 767px) {#ut_custom_heading69e5363678d95 { font-size:50px !important;letter-spacing:-0.04em; }}@media (min-width: 1025px) and (max-width: 1679px) {#ut_custom_heading69e5363678d95 { letter-spacing:-0.04em; }}@media (min-width: 768px) and (max-width: 1024px) {#ut_custom_heading69e5363678d95 { letter-spacing:-0.04em; }}#ut_custom_heading69e5363678d95 { text-align:center; }@media (min-width: 768px) and (max-width: 1024px) { #ut_custom_heading69e5363678d95 { text-align:center; } }@media (max-width: 767px) { #ut_custom_heading69e5363678d95 { text-align:center; } }<\/style><h1 id=\"ut_custom_heading69e5363678d95\" data-responsive-font=\"h1\" data-responsive-font-settings=\"{&quot;base-font-size&quot;:&quot;100&quot;,&quot;font-size-unit&quot;:&quot;px&quot;,&quot;font-size&quot;:{&quot;desktop_large&quot;:&quot;100&quot;,&quot;mobile&quot;:&quot;50&quot;},&quot;base-line-height&quot;:&quot;100&quot;,&quot;line-height-unit&quot;:&quot;px&quot;,&quot;line-height&quot;:{&quot;desktop_large&quot;:&quot;100&quot;},&quot;base-letter-spacing&quot;:&quot;-0.04&quot;,&quot;letter-spacing&quot;:{&quot;desktop_large&quot;:&quot;-0.04&quot;}}\" class=\"ut-custom-heading-module  \" data-appear-effect=\"effect-1\" data-appear-top-offset=\"full\"><span class=\"\" >Arte en Boga LAB II<\/span><\/h1><div data-effect=\"fadeIn\" data-animateonce=\"yes\" data-delay=\"500\" class=\"wpb_content_element ut-animate-image animated  vc_custom_1624607804502 clearfix\"><style type=\"text\/css\">#ut_am_69e5363680213 { opacity: 1; }#ut_am_wrap_69e5363680214 .ut-image-gallery-item-caption-title h3 { letter-spacing: 0em; }#ut_am_wrap_69e5363680214 .ut-gallery-slider-caption { font-weight: bold; }#ut_am_wrap_69e5363680214 { text-align: center; }@media (min-width: 768px) and (max-width: 1024px) { #ut_am_wrap_69e5363680214 { text-align: center !important; } }@media (max-width: 767px) { #ut_am_wrap_69e5363680214 { text-align: center !important; } }<\/style><div id=\"ut_am_wrap_69e5363680214\" class=\"ut-image-gallery-image ut-brush-demo-49\"><div id=\"ut_reveal_69e5363680216\"  data-appear-top-offset=\"auto\" class=\"ut-animated-image-item ut-image-gallery-item ut-animation-done \"><a class=\"ut-deactivated-link\" href=\"#\"><div class=\"ut-animated-image-zoom\"><img loading=\"lazy\" decoding=\"async\" class=\"ut-lazy skip-lazy ut-animated-image \"  id=\"ut_am_69e5363680213\" src=\"data:image\/svg+xml;charset=utf-8,%3Csvg xmlns%3D'http%3A%2F%2Fwww.w3.org%2F2000%2Fsvg' viewBox%3D'0 0 400 15'%2F%3E\" data-src=\"https:\/\/www.arteenboga.com.co\/la\/wp-content\/uploads\/2021\/05\/admin-ajaxmoradofuerte.png\" width=\"400\" height=\"15\" alt=\"\"\/><\/div><\/a><\/div><\/div><\/div><style type=\"text\/css\">#ut_custom_heading69e53636803bb { color:rgba(39, 37, 37, 0.7); }#ut_custom_heading69e53636803bb { font-family: \"Podkova\";font-weight:400;font-style:normal; }#ut_custom_heading69e53636803bb { font-size:24px !important;line-height:99px !important;letter-spacing:-0.02em; }@media (max-width: 767px) {#ut_custom_heading69e53636803bb { line-height:30px !important;letter-spacing:-0.02em; }}@media (min-width: 1025px) and (max-width: 1679px) {#ut_custom_heading69e53636803bb { letter-spacing:-0.02em; }}@media (min-width: 768px) and (max-width: 1024px) {#ut_custom_heading69e53636803bb { letter-spacing:-0.02em; }}#ut_custom_heading69e53636803bb { text-align:center; }@media (min-width: 768px) and (max-width: 1024px) { #ut_custom_heading69e53636803bb { text-align:center; } }@media (max-width: 767px) { #ut_custom_heading69e53636803bb { text-align:center; } }#ut_custom_heading69e53636803bb { text-transform:none; }<\/style><h3 id=\"ut_custom_heading69e53636803bb\" data-responsive-font=\"h3\" data-responsive-font-settings=\"{&quot;base-font-size&quot;:&quot;24&quot;,&quot;font-size-unit&quot;:&quot;px&quot;,&quot;font-size&quot;:{&quot;desktop_large&quot;:&quot;24&quot;},&quot;base-line-height&quot;:&quot;99&quot;,&quot;line-height-unit&quot;:&quot;px&quot;,&quot;line-height&quot;:{&quot;desktop_large&quot;:&quot;99&quot;,&quot;mobile&quot;:&quot;30&quot;},&quot;base-letter-spacing&quot;:&quot;-0.02&quot;,&quot;letter-spacing&quot;:{&quot;desktop_large&quot;:&quot;-0.02&quot;}}\" class=\"ut-custom-heading-module  \" data-appear-effect=\"effect-6\" data-appear-top-offset=\"full\"><span class=\"\" >\u00abLaboratorio Interdisciplinar de Investigaci\u00f3n-creaci\u00f3n: Memoria, Cuidado y Afectos en Barrios Unidos\u00bb<\/span><\/h3>[\/vc_column][\/vc_row][\/vc_section][vc_section][vc_row full_width=\u00bbstretch_row_content_no_spaces\u00bb delay=\u00bbtrue\u00bb css=\u00bb.vc_custom_1572883761516{padding-right: 15px !important;padding-left: 15px !important;}\u00bb effect=\u00bbfadeIn\u00bb delay_timer=\u00bb1000&#8243; el_name=\u00bbRow has animation\u00bb][vc_column width=\u00bb1\/2&#8243;]<style type=\"text\/css\">#ut_custom_heading69e5363680458 { font-size:30px !important; }#ut_custom_heading69e5363680458 { text-align:left; }@media (min-width: 768px) and (max-width: 1024px) { #ut_custom_heading69e5363680458 { text-align:left; } }@media (max-width: 767px) { #ut_custom_heading69e5363680458 { text-align:left; } }<\/style><h1 id=\"ut_custom_heading69e5363680458\" data-responsive-font=\"h1\" data-responsive-font-settings=\"{&quot;base-font-size&quot;:&quot;global&quot;,&quot;font-size&quot;:{&quot;desktop_large&quot;:&quot;30&quot;},&quot;base-line-height&quot;:&quot;global&quot;,&quot;base-letter-spacing&quot;:&quot;global&quot;}\" class=\"ut-custom-heading-module  \" ><span class=\"\" >Nuestra propuesta<\/span><\/h1>[vc_separator]<div class=\"wpb_content_element \"><style type=\"text\/css\">#ut_header_69e5363680b2b h2.section-title { font-size:75px !important;line-height:90px !important;letter-spacing:-0.03em; }#ut_header_69e5363680b2b h2.section-title { margin-bottom:20px; }<\/style><header id=\"ut_header_69e5363680b2b\" class=\"section-header  ut-no-title-linebreak-mobile ut-no-lead-linebreak-mobile pt-style-7 header-left header-tablet-left header-mobile-center element-with-custom-line-height\"><div data-delay=\"0\" class=\"lead \"><p>El Laboratorio Interdisciplinar de Creaci\u00f3n \u2013 Memoria, Cuidado y Afectos en Barrios Unidos es un espacio de formaci\u00f3n y creaci\u00f3n que integra las artes pl\u00e1sticas y audiovisuales mediante metodolog\u00edas de ense\u00f1anza-aprendizaje activas y estrategias de investigaci\u00f3n-creaci\u00f3n. A trav\u00e9s del cruce de disciplinas y la experimentaci\u00f3n art\u00edstica, el laboratorio busca dar continuidad a procesos formativos previos, vinculando artistas emergentes y comunidades locales en torno a la exploraci\u00f3n de la memoria, el cuidado y los afectos en el territorio.<br \/>\nSi te interesa crear desde tus emociones, tu historia o tu entorno, este laboratorio es para ti. Queremos conocer tus preguntas, tus inquietudes y aquello que tienes por contar a trav\u00e9s del arte.<\/p>\n<\/div><\/header><\/div><style type=\"text\/css\">#bklyn_btn_69e53636814ad a.bklyn-btn { font-weight:100 !important; }#bklyn_btn_69e53636814ad.bklyn-btn-header a.bklyn-btn { font-weight:100 !important; }#bklyn_btn_69e53636814ad.bklyn-btn-header a.bklyn-btn span { font-weight:100 !important; }<\/style><div id=\"bklyn_btn_69e53636814ad\" class=\"bklyn-btn-holder  bklyn-btn-center bklyn-btn-tablet-center bklyn-btn-mobile-center\"><a title=\"Formulario de inscripci\u00f3n\"   href=\"https:\/\/forms.gle\/ug2ZEBeKPo9smd5Z8\" target=\"_blank\" class=\"bklyn-btn  bklyn-btn-normal\" ><span class=\"ut-btn-text\">POSTULATE AQU\u00cd<\/span><\/a><\/div>[\/vc_column][vc_column width=\u00bb1\/2&#8243;][vc_row_inner][vc_column_inner]<div id=\"ut_content_scv_69e5363681523\" class=\"ut-information-box wpb_content_element  vc_custom_1747359086357\"><style type=\"text\/css\">#ut_scv_69e5363681522 .ut-service-icon i { color: rgba(151, 70, 215, 1); }#ut_scv_69e5363681522 .ut-service-column.ut-vertical h3 { color: #FFFBFB; }#ut_scv_69e5363681522 .ut-service-column.ut-vertical h3 { font-size:25px !important;line-height:125px !important; }#ut_scv_69e5363681522 .ut-service-column.ut-vertical p { font-size:16px !important; }@media (min-width: 1025px) and (max-width: 1679px) {#ut_scv_69e5363681522 .ut-service-column.ut-vertical p { font-size:-1px !important;line-height:-1px !important;letter-spacing:-0.21em; }}@media (min-width: 768px) and (max-width: 1024px) {#ut_scv_69e5363681522 .ut-service-column.ut-vertical p { font-size:-1px !important;line-height:-1px !important;letter-spacing:-0.21em; }}@media (max-width: 767px) {#ut_scv_69e5363681522 .ut-service-column.ut-vertical p { font-size:-1px !important;line-height:-1px !important;letter-spacing:-0.21em; }}#ut_scv_69e5363681522 .ut-service-column.ut-vertical h3 { margin-bottom: 5px; }#ut_scv_69e5363681522 .ut-service-column.ut-vertical p { color: #FFFFFF; }#ut_scv_69e5363681522 .ut-service-column.ut-vertical a.ut-service-column-vertical-link { color: #FFFFFF; }#ut_scv_69e5363681522 .ut-service-column.ut-vertical a.ut-service-column-vertical-link:hover { color: #FDF8F8; }#ut_scv_69e5363681522 .ut-service-column.ut-vertical a.ut-service-column-vertical-link:active { color: #FDF8F8; }#ut_scv_69e5363681522 .ut-service-column.ut-vertical a.ut-service-column-vertical-link:focus { color: #FDF8F8; }#ut_scv_69e5363681522 .ut-service-column.ut-vertical a.ut-service-column-vertical-link i { font-size: 16px; }#ut_scv_69e5363681522 .ut-service-column.ut-vertical a.ut-service-column-vertical-link i { color: #E32498; }#ut_scv_69e5363681522 .ut-service-column.ut-vertical a.ut-service-column-vertical-link:hover i { color: #E32498; }#ut_scv_69e5363681522 .ut-service-column.ut-vertical a.ut-service-column-vertical-link:active i { color: #E32498; }#ut_scv_69e5363681522 .ut-service-column.ut-vertical a.ut-service-column-vertical-link:focus i { color: #E32498; }#ut_scv_69e5363681522 .ut-service-column.ut-vertical a.ut-service-column-vertical-link { font-weight: 500; }#ut_scv_69e5363681522 .ut-service-column.ut-vertical a.ut-service-column-vertical-link { font-size: 14px; }#ut_content_scv_69e5363681523 .ut-information-box-inner-overlay { background: #FF147357 }#ut_content_scv_69e5363681523 .ut-information-box-image-wrap.ut-pseudo-background-loaded::after { background-image: url(https:\/\/www.arteenboga.com.co\/la\/wp-content\/uploads\/2025\/05\/image-7-1080x867.png) }<\/style><div class=\"ut-information-box-image-wrap ut-background-lozad ut-pseudo-background\" data-background-image=\"https:\/\/www.arteenboga.com.co\/la\/wp-content\/uploads\/2025\/05\/image-7-1080x867.png\"><div class=\"ut-information-box-inner-wrap\"><div class=\"ut-information-box-inner-overlay\"><div id=\"ut_scv_69e5363681522\" class=\" clearfix  ut-vertical-style-no-icon ut-vertical-style ut-vertical-style-align-center\" ><div class=\"ut-service-column ut-vertical\"><h3 data-responsive-font=\"h3\" data-responsive-font-settings=\"{&quot;base-font-size&quot;:&quot;25&quot;,&quot;font-size&quot;:{&quot;desktop_large&quot;:&quot;25&quot;},&quot;base-line-height&quot;:&quot;125&quot;,&quot;line-height-unit&quot;:&quot;px&quot;,&quot;line-height&quot;:{&quot;desktop_large&quot;:&quot;125&quot;},&quot;base-letter-spacing&quot;:&quot;global&quot;}\" class=\"ut-information-box-title element-with-custom-line-height\">Contenidos<\/h3><a class=\"ut-service-column-vertical-link ut-service-column-vertical-link-icon-after ut-service-column-vertical-link-with-animation\" title=\"Ver m\u00e1s\" href=\"https:\/\/www.arteenboga.com.co\/la\/laboratorio-interdisciplinar-de-creacion-memoria-cuidado-y-afectos\/\" target=\"_self\" rel=\"nofollow\">Ver m\u00e1s<i class=\"fa fa-arrow-circle-right\"><\/i><\/a><\/div><\/div><\/div><\/div><\/div><\/div>[vc_separator][\/vc_column_inner][\/vc_row_inner][\/vc_column][\/vc_row][\/vc_section]<\/p>\n<\/div>","protected":false},"excerpt":{"rendered":"<p>[vc_section][vc_row el_name=\u00bbColumn has animation \/ Column has bg image\u00bb][vc_column background_position=\u00bbleft center\u00bb hide_bg_mobile=\u00bbtrue\u00bb delay=\u00bbtrue\u00bb css=\u00bb.vc_custom_1572536786807{background-image: url(https:\/\/www.arteenboga.com.co\/la\/wp-content\/uploads\/2019\/10\/ut-dots.svg?id=5939) !important;background-position: center !important;background-repeat: no-repeat !important;background-size: contain !important;}\u00bb effect=\u00bbfadeIn\u00bb animation_duration=\u00bb2s\u00bb delay_timer=\u00bb0&#8243;][\/vc_column][\/vc_row][\/vc_section][vc_section][vc_row full_width=\u00bbstretch_row_content_no_spaces\u00bb delay=\u00bbtrue\u00bb css=\u00bb.vc_custom_1572883761516{padding-right: 15px !important;padding-left: 15px !important;}\u00bb effect=\u00bbfadeIn\u00bb delay_timer=\u00bb1000&#8243; el_name=\u00bbRow has animation\u00bb][vc_column width=\u00bb1\/2&#8243;][vc_separator][\/vc_column][vc_column width=\u00bb1\/2&#8243;][vc_row_inner][vc_column_inner][vc_separator][\/vc_column_inner][\/vc_row_inner][\/vc_column][\/vc_row][\/vc_section]<\/p>\n","protected":false},"author":1,"featured_media":0,"parent":0,"menu_order":0,"comment_status":"closed","ping_status":"closed","template":"","meta":{"footnotes":""},"class_list":["post-12891","page","type-page","status-publish","hentry"],"_links":{"self":[{"href":"https:\/\/www.arteenboga.com.co\/la\/wp-json\/wp\/v2\/pages\/12891","targetHints":{"allow":["GET"]}}],"collection":[{"href":"https:\/\/www.arteenboga.com.co\/la\/wp-json\/wp\/v2\/pages"}],"about":[{"href":"https:\/\/www.arteenboga.com.co\/la\/wp-json\/wp\/v2\/types\/page"}],"author":[{"embeddable":true,"href":"https:\/\/www.arteenboga.com.co\/la\/wp-json\/wp\/v2\/users\/1"}],"replies":[{"embeddable":true,"href":"https:\/\/www.arteenboga.com.co\/la\/wp-json\/wp\/v2\/comments?post=12891"}],"version-history":[{"count":15,"href":"https:\/\/www.arteenboga.com.co\/la\/wp-json\/wp\/v2\/pages\/12891\/revisions"}],"predecessor-version":[{"id":12909,"href":"https:\/\/www.arteenboga.com.co\/la\/wp-json\/wp\/v2\/pages\/12891\/revisions\/12909"}],"wp:attachment":[{"href":"https:\/\/www.arteenboga.com.co\/la\/wp-json\/wp\/v2\/media?parent=12891"}],"curies":[{"name":"wp","href":"https:\/\/api.w.org\/{rel}","templated":true}]}}