{"id":12632,"date":"2024-01-23T00:01:17","date_gmt":"2024-01-23T00:01:17","guid":{"rendered":"https:\/\/www.arteenboga.com.co\/la\/?page_id=12632"},"modified":"2024-02-15T20:44:16","modified_gmt":"2024-02-15T20:44:16","slug":"laboratorio-teatro-sensorial-contenidos","status":"publish","type":"page","link":"https:\/\/www.arteenboga.com.co\/la\/laboratorio-teatro-sensorial-contenidos\/","title":{"rendered":"Laboratorio Teatro Sensorial Contenidos"},"content":{"rendered":"<div class=\"wpb-content-wrapper\"><p>[vc_row][vc_column width=\u00bb1\/6&#8243;][vc_column_text]<span style=\"vertical-align: inherit;\"><span style=\"vertical-align: inherit;\">[\/vc_column_text][\/vc_column][vc_column width=\u00bb2\/3&#8243;][vc_column_text css=\u00bb.vc_custom_1708029620036{background-color: rgb(255, 255, 255) !important;background-position: center !important;background-repeat: no-repeat !important;background-size: contain !important;}\u00bb]\u00a0<\/span><\/span><\/p>\n<h2><span style=\"color: #800080;\">Teatro Sensorial: \u201cRedescubriendo la Oscuridad para la Creaci\u00f3n Esc\u00e9nica<\/span><\/h2>\n<p>El laboratorio de Teatro Sensorial permitir\u00e1 el desarrollo creativo y pr\u00e1ctico frente a la producci\u00f3n esc\u00e9nica sensorial, dramat\u00fargica y la construcci\u00f3n teatral desde diferentes roles de creaci\u00f3n, con un enfoque innovador y experimental. La misi\u00f3n de este, ser\u00e1 posibilitar herramientas de creaci\u00f3n sonora, t\u00e9cnicas actorales para el teatro en la oscuridad, construcci\u00f3n de l\u00edneas narrativas sensoriales, entre otras piezas claves para la realizaci\u00f3n de un montaje esc\u00e9nico, identificando principalmente c\u00f3mo transmitir a trav\u00e9s de los sentidos y la sensaciones enlazado a la memoria adem\u00e1s uniendo poblaci\u00f3n ciega y personas que ven en el proceso. S\u00ed, podemos hacer teatro que se sale de lo tradicional, sin perder su esencia, la transmisi\u00f3n de historias que se cuentan por medio de la voz, suprimiendo la imagen, pero edificando un ambiente estimulante auditivamente que potencie las sensaciones y est\u00edmulos en nuestros relatos. Por eso&#8230; sentir, evocar, escribir y crear m\u00e1s all\u00e1 de nuestros ojos ser\u00e1 la clave.<\/p>\n<input type='hidden' bg_collapse_expand='69f6d722f1fb63058962579' value='69f6d722f1fb63058962579'><input type='hidden' id='bg-show-more-text-69f6d722f1fb63058962579' value='Objetivos'><input type='hidden' id='bg-show-less-text-69f6d722f1fb63058962579' value='Ver menos'><button id='bg-showmore-action-69f6d722f1fb63058962579' class='bg-showmore-plg-button bg-blue-button bg-arrow '   style=\" color:;\">Objetivos<\/button><div id='bg-showmore-hidden-69f6d722f1fb63058962579' >\n<ul>\n<li>Identificar la creaci\u00f3n teatral sonora, origen, trayectoria, caracter\u00edsticas y aspectos a tener en cuenta, contexto nacional e internacional<\/li>\n<li>Explorar la construcci\u00f3n \u201cesc\u00e9nica\u201d t\u00e9cnicas actorales, ejercicios sensoriales, aplicaci\u00f3n de est\u00edmulos en los relatos, sensaciones en los ejercicios<\/li>\n<li><span style=\"vertical-align: inherit\"><span style=\"vertical-align: inherit\"><span style=\"vertical-align: inherit\"><span style=\"vertical-align: inherit\"><span style=\"vertical-align: inherit\"><span style=\"vertical-align: inherit\"><span style=\"vertical-align: inherit\"><span style=\"vertical-align: inherit\"><span style=\"vertical-align: inherit\"><span style=\"vertical-align: inherit\">Aplicar\/ejecutar montaje esc\u00e9nico pr\u00e1ctico; composici\u00f3n un ejercicio dram\u00e1tico teniendo en cuenta el contenido del proceso en una participaci\u00f3n conjunta de los participantes <\/div><\/span><\/span><\/span><\/span><\/span><\/span><\/span><\/span><\/span><\/span><input type='hidden' bg_collapse_expand='69f6d722f215e5058719574' value='69f6d722f215e5058719574'><input type='hidden' id='bg-show-more-text-69f6d722f215e5058719574' value='Contenidos'><input type='hidden' id='bg-show-less-text-69f6d722f215e5058719574' value='Ver menos'><button id='bg-showmore-action-69f6d722f215e5058719574' class='bg-showmore-plg-button bg-blue-button bg-arrow '   style=\" color:;\">Contenidos<\/button><div id='bg-showmore-hidden-69f6d722f215e5058719574' ><\/li>\n<\/ul>\n<p><strong>M\u00d3DULO 1: Encontrando un lenguaje en com\u00fan (Cohesi\u00f3n grupo y c\u00f3digo)<\/strong><\/p>\n<ul>\n<li>Semana 1: Presentaci\u00f3n del taller: presentaci\u00f3n del taller y la docente a cargo, presentaci\u00f3n de los participantes \u00bfqu\u00e9 esperamos del proceso? y proyecciones del mismo. Contexto y origen del teatro y teatro sensorial\/ciego; conversatorio inicial sobre percepciones acerca del tema (teatro ciego\/sensorial) (\u00bfqu\u00e9 creo que es?)<\/li>\n<li>Semana 2: De lo sensorial y sensitivo al teatro: C\u00f3mo cohesionar estos tres factores en un proceso de creaci\u00f3n esc\u00e9nica<\/li>\n<li>Semana 3: Referentes y creaciones esc\u00e9nicas en la oscuridad: Presentaci\u00f3n de referentes e intercambio de experiencias cercanas a un teatro de los sentidos, adicionalmente, intercambio de conceptos propios del lenguaje de la discapacidad ( ejercicio grupal)<br \/>\n(No conoc\u00eda que\u2026 qu\u00e9 me llama la atenci\u00f3n de\u2026 mi experiencia con\u2026<\/li>\n<li>Semana 4: Marco te\u00f3rico-pr\u00e1ctico:el teatro de los sentidos,ejercicio pr\u00e1ctico sensorial aplicado a los asistentes, posteriormente ejercicio de creaci\u00f3n<\/li>\n<\/ul>\n<p><strong>M\u00d3DULO 2: Exploraci\u00f3n e iteraci\u00f3n (Juego creativo)<\/strong><\/p>\n<ul>\n<li>Semana 5: Experiencia de los sentidos: pr\u00e1ctica con los ojos vendados, identificar diferentes emociones expuestas, transportar nuestra mente y atenci\u00f3n al relato, qu\u00e9 percibo, sensaci\u00f3n, emoci\u00f3n y percepci\u00f3n. (Avances en la obra, correcciones)<\/li>\n<li>Semana 6: Actor en la oscuridad I : Ejercicio de creaci\u00f3n esc\u00e9nica en el cual aprenderemos t\u00e9cnicas y teor\u00eda teatral que nos facilite la composici\u00f3n desde el actor y creaci\u00f3n de personaje, preguntas clave a considerar.(eneagrama- eneatipos) percepciones e inicio de opiniones para la muestra<\/li>\n<li>Semana 7: Actor en la oscuridad II: La voz del actor, interpretaci\u00f3n, caracter, \u201cImagen y percepci\u00f3n\u201d variaciones de la voz al actuar,(inicio del montaje)<\/li>\n<li>Semana 8: Creaci\u00f3n sonora y exploraci\u00f3n de los sentidos: Exposici\u00f3n de referentes y experiencias del proceso creativo del teatro sensorial a nivel nacional e internacional; percepciones, puntos de vista e ideas (debate). Puntos generales a tener en cuenta dentro de la creaci\u00f3n y ejecuci\u00f3n de un proyecto teatral sensorial.<br \/>\n(enlace al montaje)<\/li>\n<\/ul>\n<p><strong>M\u00d3DULO 3: Producci\u00f3n piezas (Muestra final)<\/strong><\/p>\n<ul>\n<li>Semana 9: Teatro, narrativas, espacios, emociones y connotaci\u00f3n: \u00bfla creaci\u00f3n de teatro depende de un espacio f\u00edsico en concreto? situar nuestra creaci\u00f3n o la obra dram\u00e1tica, c\u00f3mo deseamos crear y qu\u00e9 quiero contar. (mi historia ).<\/li>\n<li>Semana 10: Aspectos t\u00e9cnicos nuestro \u201cescenario\u201d: planimetr\u00edas, edici\u00f3n de sonido, uso de utileria,<br \/>\nsonido(dieg\u00e9ticos-extradieg\u00e9ticos), cortinas- transiciones nosotros en escena, audio descripci\u00f3n, estimulaci\u00f3n sensorial, actores\/personajes<\/li>\n<li>Semana 11: Ensayo del montaje: aspectos a tener en cuenta, resoluci\u00f3n de inquietudes o dificultades, comunicaci\u00f3n entre actores, ejercicio de repetici\u00f3n de la obra<\/li>\n<li>Semana 12: Muestra final: Socializaci\u00f3n del proceso, cierre del proceso, intercambio de percepciones y certificaci\u00f3n <\/div><input type='hidden' bg_collapse_expand='69f6d722f22669097764111' value='69f6d722f22669097764111'><input type='hidden' id='bg-show-more-text-69f6d722f22669097764111' value='Metodolog\u00eda'><input type='hidden' id='bg-show-less-text-69f6d722f22669097764111' value='Ver menos'><button id='bg-showmore-action-69f6d722f22669097764111' class='bg-showmore-plg-button bg-blue-button bg-arrow '   style=\" color:;\">Metodolog\u00eda<\/button><div id='bg-showmore-hidden-69f6d722f22669097764111' ><\/li>\n<li>El laboratorio de creaci\u00f3n de teatro sensorial pretende ser un espacio \u00fanico donde convergen la creatividad y la exploraci\u00f3n de la escena a trav\u00e9s de lo sensorial y sensitivo. Este enfoque busca desafiar las convenciones del teatro tradicional al priorizar la estimulaci\u00f3n de los sentidos distintos a la vista, creando as\u00ed experiencias teatrales inmersivas y transformadoras para cada participante. En este contexto, la presente metodolog\u00eda se concibe como un mapa detallado que guiar\u00e1 a los asistentes en el proceso de montaje de una obra en la oscuridad.<\/li>\n<li>Metodolog\u00eda Exploratoria:<br \/>\nSe inicia con una fase de indagaci\u00f3n, explorando las diferentes corrientes de teatro sensorial y ciego a nivel global.<br \/>\nFomenta la experimentaci\u00f3n a trav\u00e9s de ejercicios pr\u00e1cticos que buscan descubrir nuevas formas de transmitir sin necesidad de la imagen.<\/li>\n<li>Metodolog\u00eda Colaborativa:<br \/>\nPromueve la formaci\u00f3n de equipos multidisciplinarios que integren personas con y sin discapacidad visual, construyendo un di\u00e1logo grupal.<br \/>\nPermite la colaboraci\u00f3n constante entre los miembros del grupo para enriquecer la diversidad de perspectivas.<\/li>\n<li>Metodolog\u00eda Participativa:<br \/>\nIncluye a futuros espectadores desde las etapas iniciales del proceso creativo, recogiendo sus impresiones, preferencias y experiencias sensoriales.<br \/>\nIncorpora sesiones de retroalimentaci\u00f3n con grupos de prueba para ajustar la propuesta seg\u00fan las reacciones del p\u00fablico.<\/li>\n<li>Metodolog\u00eda Iterativa:<br \/>\nSe estructura en ciclos repetitivos de creaci\u00f3n, ensayo y evaluaci\u00f3n, permitiendo ajustes continuos a medida que se avanza en el desarrollo de la obra.<br \/>\nFavorece la adaptabilidad y la mejora constante basada en la retroalimentaci\u00f3n recibida en cada etapa del proceso.<\/li>\n<li>Metodolog\u00eda Sensorial Multidimensional:<br \/>\nConsidera la variedad de est\u00edmulos sensoriales, como el tacto, el o\u00eddo, el olfato y el gusto, y busca integrarlos de manera sin\u00e9rgica en la obra.<br \/>\nExplora la creaci\u00f3n de narrativas donde cada sentido juega un papel crucial en la construcci\u00f3n del significado.<\/li>\n<li>Metodolog\u00eda de Inclusi\u00f3n Sensorial:<br \/>\nEnfocada en dise\u00f1ar experiencias accesibles para personas con diversidad de capacidades sensoriales.<\/div><input type='hidden' bg_collapse_expand='69f6d722f232d6054427476' value='69f6d722f232d6054427476'><input type='hidden' id='bg-show-more-text-69f6d722f232d6054427476' value='Materiales'><input type='hidden' id='bg-show-less-text-69f6d722f232d6054427476' value='Ver menos'><button id='bg-showmore-action-69f6d722f232d6054427476' class='bg-showmore-plg-button bg-blue-button bg-arrow '   style=\" color:;\">Materiales<\/button><div id='bg-showmore-hidden-69f6d722f232d6054427476' ><\/li>\n<li>Acceso a descarga de aplicaci\u00f3n m\u00f3viles<\/li>\n<li>Dispositivo con acceso a internet para las actividades sincr\u00f3nicas y remotas<\/li>\n<li>Acceso a Google drive<\/li>\n<li>La inscripci\u00f3n incluye el resto de materiales para el trabajo en clase y la muestra final <\/div><span style=\"vertical-align: inherit;\"><input type='hidden' bg_collapse_expand='69f6d722f239f0030510152' value='69f6d722f239f0030510152'><input type='hidden' id='bg-show-more-text-69f6d722f239f0030510152' value='Docente'><input type='hidden' id='bg-show-less-text-69f6d722f239f0030510152' value='Ver menos'><button id='bg-showmore-action-69f6d722f239f0030510152' class='bg-showmore-plg-button bg-blue-button bg-arrow '   style=\" color:#ebe6e6;\">Docente<\/button><div id='bg-showmore-hidden-69f6d722f239f0030510152' ><\/span><\/li>\n<li>Kimberly Torres es Maestra en Arte Dram\u00e1tico con \u00c9nfasis en Actuaci\u00f3n egresada de Escuela de Artes y Letras (2020). Aspirante al t\u00edtulo de maestr\u00eda en gesti\u00f3n y emprendimiento de proyectos culturales(2024); Es una Artista Integral con Formaci\u00f3n en Artes Esc\u00e9nicas, Danza con \u00e9nfasis en folclore y salsa. Cuenta con una amplia experiencia en el \u00e1mbito art\u00edstico y cultural; festivales, temporadas de teatro, presentaci\u00f3n en colegios y universidades, iniciativas distritales, entre otros. Dentro de su experiencia como Docente en Artes ha trabajado con diferentes poblaciones tales como; primera infancia, adolescencia, adultos, adulto mayor y personas con discapacidad f\u00edsica y visual. <\/div><span style=\"vertical-align: inherit;\"><span style=\"vertical-align: inherit;\"><span style=\"vertical-align: inherit;\"><span style=\"vertical-align: inherit;\"><span style=\"vertical-align: inherit;\"><span style=\"vertical-align: inherit;\"><span style=\"vertical-align: inherit;\"><input type='hidden' bg_collapse_expand='69f6d722f23fd1086926878' value='69f6d722f23fd1086926878'><input type='hidden' id='bg-show-more-text-69f6d722f23fd1086926878' value='Dirigido a:'><input type='hidden' id='bg-show-less-text-69f6d722f23fd1086926878' value='Ver menos'><button id='bg-showmore-action-69f6d722f23fd1086926878' class='bg-showmore-plg-button bg-blue-button bg-arrow '   style=\" color:#ebe6e6;\">Dirigido a:<\/button><div id='bg-showmore-hidden-69f6d722f23fd1086926878' >Artistas, formadores, creadores, directores, actores, personas con discapacidad visual o cualquier persona interesada en el tema.<\/span><\/span><\/span><\/span><\/span><\/span><\/span><span style=\"vertical-align: inherit\"><span style=\"vertical-align: inherit\"><span style=\"vertical-align: inherit\"><span style=\"vertical-align: inherit\"><span style=\"vertical-align: inherit\"><span style=\"vertical-align: inherit\"><span style=\"vertical-align: inherit\"><span style=\"vertical-align: inherit\"><\/div><\/span><\/span><\/span><\/span><\/span><\/span><\/span><\/span><input type='hidden' bg_collapse_expand='69f6d722f24e72025630586' value='69f6d722f24e72025630586'><input type='hidden' id='bg-show-more-text-69f6d722f24e72025630586' value='Horarios '><input type='hidden' id='bg-show-less-text-69f6d722f24e72025630586' value='Ver menos'><button id='bg-showmore-action-69f6d722f24e72025630586' class='bg-showmore-plg-button bg-blue-button bg-arrow '   style=\" color:;\">Horarios <\/button><div id='bg-showmore-hidden-69f6d722f24e72025630586' ><span style=\"vertical-align: inherit\"><span style=\"vertical-align: inherit\"><span style=\"vertical-align: inherit\"><span style=\"vertical-align: inherit\"><span style=\"vertical-align: inherit\"><span style=\"vertical-align: inherit\"><span style=\"vertical-align: inherit\"><span style=\"vertical-align: inherit\">Fechas: 13 de febrero al 09 de mayo 2024<\/span><\/span><\/span><\/span><\/span><\/span><\/span><\/span><\/li>\n<li><span style=\"vertical-align: inherit\"><span style=\"vertical-align: inherit\"><span style=\"vertical-align: inherit\"><span style=\"vertical-align: inherit\"><span style=\"vertical-align: inherit\"><span style=\"vertical-align: inherit\"><span style=\"vertical-align: inherit\"><span style=\"vertical-align: inherit\">Martes y Jueves 6:00 p.m. a 8:00 p.m. (Presencial)<\/span><\/span><\/span><\/span><\/span><\/span><\/span><\/span><\/li>\n<li><span style=\"vertical-align: inherit\"><span style=\"vertical-align: inherit\"><span style=\"vertical-align: inherit\"><span style=\"vertical-align: inherit\"><span style=\"vertical-align: inherit\"><span style=\"vertical-align: inherit\"><span style=\"vertical-align: inherit\"><span style=\"vertical-align: inherit\">Duraci\u00f3n:<br \/>\n60 horas certificadas \u2013 24 sesiones \u2013 12 semanas<br \/>\n4 horas presenciales por semana \/1 hora virtual de trabajo en plataforma Moodle.<\/span><\/span><\/span><\/span><\/span><\/span><\/span><\/span><\/div><input type='hidden' bg_collapse_expand='69f6d722f26ab2068238782' value='69f6d722f26ab2068238782'><input type='hidden' id='bg-show-more-text-69f6d722f26ab2068238782' value='Inscripci\u00f3n'><input type='hidden' id='bg-show-less-text-69f6d722f26ab2068238782' value='Ver menos'><button id='bg-showmore-action-69f6d722f26ab2068238782' class='bg-showmore-plg-button bg-blue-button bg-arrow '   style=\" color:;\">Inscripci\u00f3n<\/button><div id='bg-showmore-hidden-69f6d722f26ab2068238782' ><\/li>\n<li>Inscripci\u00f3n gratuita (Cupos limitados) Incluye materiales<\/li>\n<li>Del 23 de enero al 06 de febrero de 2024 o hasta agotar cupos <\/div><input type='hidden' bg_collapse_expand='69f6d722f27227095469318' value='69f6d722f27227095469318'><input type='hidden' id='bg-show-more-text-69f6d722f27227095469318' value='Ganadores'><input type='hidden' id='bg-show-less-text-69f6d722f27227095469318' value='Ver menos'><button id='bg-showmore-action-69f6d722f27227095469318' class='bg-showmore-plg-button bg-blue-button bg-arrow '   style=\" color:;\">Ganadores<\/button><div id='bg-showmore-hidden-69f6d722f27227095469318' ><\/li>\n<li>Paula Andrea S\u00e1nchez Guti\u00e9rrez<\/li>\n<li>Violeta Zambrano<\/li>\n<li>Nathalia Ramos Polania<\/li>\n<li>Angie Nathaly Am\u00e9zquita Cubides<\/li>\n<li>Stephany Piedrahita Avellaneda<\/li>\n<li>Jineth Paola Delgado Gaviria<\/li>\n<li>Yexica Alexandra P\u00e8rez Mart\u00ecnez<\/li>\n<li>Gabriel Alejandro \u00c1vila Lozano<\/li>\n<li>Diana Marcela Fl\u00f3rez G\u00f3mez<\/li>\n<li>Mar\u00eda Fernanda Ochoa Berm\u00fadez<\/li>\n<li>Laura Ibeth Abrahem Mart\u00ednez<\/li>\n<li>Juan Manuel Marcelo Velasco<\/li>\n<li>Maria Angelica Ospina Torres<\/li>\n<li>Andr\u00e9s Mora S\u00e1nchez<\/li>\n<li>Jhonatan Arturo Rosero Oviedo<\/li>\n<li>Blanca Cecilia Herrera<\/li>\n<li>Jose Andres Fonseca Garcia<\/li>\n<li>Sof\u00eda Zuluaga Paris<\/li>\n<li>Fabian Gomez<\/li>\n<li>Edgar Arias Legro<\/li>\n<li>Alcira Escand\u00f3n Carranza<\/li>\n<li>Blanca Graciela Castillo Torres <\/div><\/li>\n<\/ul>\n<p>[\/vc_column_text]<div class=\"wpb_content_element \"><style type=\"text\/css\">#bklyn_btn_69f6d722f2814 .bklyn-btn { border-width:px !important; border-radius:px !important; background-color:#a746d7 !important; }<\/style><div id=\"bklyn_cta_69f6d722f2813\" class=\"bklyn-call-to-action-wrapper\"><div class=\"bklyn-call-to-action-inner clearfix\"><div class=\"bklyn-call-to-action-content\"><p>Inscripciones abiertas hasta el 06 de febrero 2024 o hasta agotar cupos. Inicia 13 de febrero de 2024.<\/p>\n<\/div><div class=\"bklyn-call-to-action-button-holder\"><div id=\"bklyn_btn_69f6d722f2814\" class=\"bklyn-btn-holder bklyn-btn-center bklyn-btn-tablet-center bklyn-btn-mobile-center\"><a title=\"Contacto\" href=\"https:\/\/forms.gle\/jsZNw4jJnL47TAd79\" target=\"_self\" class=\"bklyn-btn bklyn-btn-normal \" rel=\"nofollow\">Post\u00falate<\/a><\/div><\/div><\/div><\/div><\/div>[\/vc_column][vc_column width=\u00bb1\/6&#8243;][\/vc_column][\/vc_row][vc_row][vc_column][vc_column_text][\/vc_column_text][\/vc_column][\/vc_row]<\/p>\n<\/div>","protected":false},"excerpt":{"rendered":"<p>[vc_row][vc_column width=\u00bb1\/6&#8243;][vc_column_text][\/vc_column_text][\/vc_column][vc_column width=\u00bb2\/3&#8243;][vc_column_text css=\u00bb.vc_custom_1708029620036{background-color: rgb(255, 255, 255) !important;background-position: center !important;background-repeat: no-repeat !important;background-size: contain !important;}\u00bb]\u00a0 Teatro Sensorial: \u201cRedescubriendo la Oscuridad para la Creaci\u00f3n Esc\u00e9nica El laboratorio de Teatro Sensorial permitir\u00e1 el desarrollo creativo y pr\u00e1ctico frente a la producci\u00f3n esc\u00e9nica sensorial, dramat\u00fargica y la construcci\u00f3n teatral desde diferentes roles de creaci\u00f3n, con un enfoque innovador y [&hellip;]<\/p>\n","protected":false},"author":1,"featured_media":0,"parent":0,"menu_order":0,"comment_status":"closed","ping_status":"closed","template":"","meta":{"footnotes":""},"class_list":["post-12632","page","type-page","status-publish","hentry"],"_links":{"self":[{"href":"https:\/\/www.arteenboga.com.co\/la\/wp-json\/wp\/v2\/pages\/12632","targetHints":{"allow":["GET"]}}],"collection":[{"href":"https:\/\/www.arteenboga.com.co\/la\/wp-json\/wp\/v2\/pages"}],"about":[{"href":"https:\/\/www.arteenboga.com.co\/la\/wp-json\/wp\/v2\/types\/page"}],"author":[{"embeddable":true,"href":"https:\/\/www.arteenboga.com.co\/la\/wp-json\/wp\/v2\/users\/1"}],"replies":[{"embeddable":true,"href":"https:\/\/www.arteenboga.com.co\/la\/wp-json\/wp\/v2\/comments?post=12632"}],"version-history":[{"count":16,"href":"https:\/\/www.arteenboga.com.co\/la\/wp-json\/wp\/v2\/pages\/12632\/revisions"}],"predecessor-version":[{"id":12743,"href":"https:\/\/www.arteenboga.com.co\/la\/wp-json\/wp\/v2\/pages\/12632\/revisions\/12743"}],"wp:attachment":[{"href":"https:\/\/www.arteenboga.com.co\/la\/wp-json\/wp\/v2\/media?parent=12632"}],"curies":[{"name":"wp","href":"https:\/\/api.w.org\/{rel}","templated":true}]}}