{"id":12631,"date":"2024-01-23T00:00:25","date_gmt":"2024-01-23T00:00:25","guid":{"rendered":"https:\/\/www.arteenboga.com.co\/la\/?page_id=12631"},"modified":"2024-01-23T17:22:41","modified_gmt":"2024-01-23T17:22:41","slug":"laboratorio-sonoviso-audiovisual-contenidos","status":"publish","type":"page","link":"https:\/\/www.arteenboga.com.co\/la\/laboratorio-sonoviso-audiovisual-contenidos\/","title":{"rendered":"Laboratorio Sonoviso Audiovisual Contenidos"},"content":{"rendered":"<div class=\"wpb-content-wrapper\"><p>[vc_row][vc_column width=\u00bb1\/6&#8243;][vc_column_text]<span style=\"vertical-align: inherit;\"><span style=\"vertical-align: inherit;\">[\/vc_column_text][\/vc_column][vc_column width=\u00bb2\/3&#8243;][vc_column_text css=\u00bb.vc_custom_1706030538430{background-color: rgb(255, 255, 255) !important;background-position: center !important;background-repeat: no-repeat !important;background-size: contain !important;}\u00bb]\u00a0<\/span><\/span><\/p>\n<h2><span style=\"color: #800080;\">Creaci\u00f3n Audiovisual Sonoviso: \u201cAproximaciones po\u00e9ticas y narrativas a \u201cLa Casa\u201d a trav\u00e9s del lenguaje cinematogr\u00e1fico.\u201d<\/span><\/h2>\n<p class=\"p1\">Teniendo en cuenta que el espacio y el tiempo son componentes clave para contar historias en distintos lenguajes, pues es en la manipulaci\u00f3n de ambos que se construyen universos de sentidos y donde toma lugar la situaci\u00f3n y\/o acci\u00f3n dram\u00e1tica. El laboratorio busca repensar \u201cLa casa\u201d como un espacio capaz de albergar historias, memorias y emociones al estar vinculados con nuestra propia experiencia de habitar el mundo. Dicho esto, el laboratorio busca otorgar herramientas b\u00e1sicas sobre el que hacer y el lenguaje cinematogr\u00e1fico con el fin de construir sonovisos narrativos o po\u00e9ticos a trav\u00e9s de la observaci\u00f3n y exploraci\u00f3n constante del espacio f\u00edlmico, en este caso, la casa de cada uno de los participantes. Los sonovisos buscar\u00e1n explorar la sensibilidad de quienes observan bajo la premisa de que todo paisaje, espacio o lugar puede ser reinventado o redescubierto tantas veces como sea confrontado por un nuevo impulso creador. Ello dar\u00e1 cuenta de que, el interior de las casas que constituyen los barrios y la localidad, son tambi\u00e9n espacios capaces de hablar del territorio y de la comunidad que lo habita.<\/p>\n<input type='hidden' bg_collapse_expand='69f6d74b778ee8015425080' value='69f6d74b778ee8015425080'><input type='hidden' id='bg-show-more-text-69f6d74b778ee8015425080' value='Objetivos'><input type='hidden' id='bg-show-less-text-69f6d74b778ee8015425080' value='Ver menos'><button id='bg-showmore-action-69f6d74b778ee8015425080' class='bg-showmore-plg-button bg-blue-button bg-arrow '   style=\" color:;\">Objetivos<\/button><div id='bg-showmore-hidden-69f6d74b778ee8015425080' >\n<ul>\n<li style=\"font-weight: 400\">Explorar y experimentar herramientas sobre el proceso creativo y el camino hacia la materializaci\u00f3n de una idea a trav\u00e9s de la sensibilizaci\u00f3n constante por el entorno que se habita: La Casa<\/li>\n<li style=\"font-weight: 400\">Identificar e interiorizar, a trav\u00e9s del visionado de pel\u00edculas y lecturas, las herramientas y conocimientos t\u00e9cnicos fundamentales del lenguaje cinematogr\u00e1fico con el fin de tomar conciencia de c\u00f3mo el espacio, la ambientaci\u00f3n, el sonido, la luz y los encuadres influyen de manera directa en la creaci\u00f3n de historias y atm\u00f3sferas vinculadas al qu\u00e9 decir y c\u00f3mo decirlo<\/li>\n<li style=\"font-weight: 400\"><span style=\"vertical-align: inherit\"><span style=\"vertical-align: inherit\"><span style=\"vertical-align: inherit\"><span style=\"vertical-align: inherit\"><span style=\"vertical-align: inherit\"><span style=\"vertical-align: inherit\"><span style=\"vertical-align: inherit\"><span style=\"vertical-align: inherit\"><span style=\"vertical-align: inherit\"><span style=\"vertical-align: inherit\">Finalizar una pieza audiovisual que d\u00e9 cuenta del afianzamiento de los conocimientos adquiridos en el laboratorio <\/div><\/span><\/span><\/span><\/span><\/span><\/span><\/span><\/span><\/span><\/span><input type='hidden' bg_collapse_expand='69f6d74b77c612039377212' value='69f6d74b77c612039377212'><input type='hidden' id='bg-show-more-text-69f6d74b77c612039377212' value='Contenidos'><input type='hidden' id='bg-show-less-text-69f6d74b77c612039377212' value='Ver menos'><button id='bg-showmore-action-69f6d74b77c612039377212' class='bg-showmore-plg-button bg-blue-button bg-arrow '   style=\" color:;\">Contenidos<\/button><div id='bg-showmore-hidden-69f6d74b77c612039377212' ><\/li>\n<\/ul>\n<p><strong>M\u00d3DULO 1: Encontrando un lenguaje en com\u00fan (Cohesi\u00f3n grupo y c\u00f3digo)<\/strong><\/p>\n<ul>\n<li style=\"font-weight: 400\">Semana 1: Identificaci\u00f3n de preconceptos: El cine y yo \/ Introducci\u00f3n al proceso creativo, la materializaci\u00f3n de una idea y el yo creador \/ Manos a la obra: Primer acercamiento a la escritura creativa<\/li>\n<li style=\"font-weight: 400\">Semana 2: La casa: Territorio, memoria, identidad, poes\u00eda \/ Fuentes de la creaci\u00f3n y elementos disparadores: memoria, realidad, emociones, imaginaci\u00f3n, intertextualidad, otras artes (Referentes) \/ Manos a la obra: Mi casa y yo \/ La retroalimentaci\u00f3n, escuchar y ser escuchado: Padrinos y madrinas creativos.<\/li>\n<li style=\"font-weight: 400\">Semana 3: \u00bfQu\u00e9 decir?: El tema \/ La idea \/ Premisas y sinopsis \/ Manos a la obra: Producci\u00f3n de sinopsis y premisas \/ De lo abstracto a lo concreto: La escaleta<\/li>\n<li style=\"font-weight: 400\">Semana 4: Introducci\u00f3n al lenguaje cinematogr\u00e1fico \/ Construcci\u00f3n narrativa \/ Significado de los planos seg\u00fan encuadre, composici\u00f3n, angulaci\u00f3n, movimiento interno, duraci\u00f3n etc. \/ \u00bfC\u00f3mo se analiza una pel\u00edcula? \/ Introducci\u00f3n al sonoviso: An\u00e1lisis de caso y referente \/ Escuchar y ser escuchado: Socializaci\u00f3n y retroalimentaci\u00f3n de escaletas<\/li>\n<\/ul>\n<p><strong>M\u00d3DULO 2: Exploraci\u00f3n e iteraci\u00f3n (Juego creativo)<\/strong><\/p>\n<ul>\n<li style=\"font-weight: 400\">Semana 5: Direcci\u00f3n de fotograf\u00eda: Composici\u00f3n y encuadre, valores de plano, iluminaci\u00f3n, exposici\u00f3n, correcci\u00f3n b\u00e1sica (Contraste, Saturaci\u00f3n, Temperatura) \/ Fotografiando mi barrio \/ Edici\u00f3n<\/li>\n<li style=\"font-weight: 400\">Semana 6: Direcci\u00f3n de arte: teor\u00eda del color, ambientaci\u00f3n, estilos art\u00edsticos arquitect\u00f3nicos, la narraci\u00f3n en los objetos \/ \u00bfC\u00f3mo se analiza una pel\u00edcula?\/ Fotografiando mi barrio<\/li>\n<li style=\"font-weight: 400\">Semana 7: El montaje cinematogr\u00e1fico: El montaje como unificador de tiempo y espacio, la importancia narrativa del montaje, tipos de montaje, racord, continuidad, el montaje y las met\u00e1foras visuales \/ \u00bfC\u00f3mo se analiza una pel\u00edcula? \/ Taller de edici\u00f3n: corte, transiciones, yuxtaposici\u00f3n, fades, superposici\u00f3n, efectos<\/li>\n<li style=\"font-weight: 400\">Semana 8: Dise\u00f1o Sonoro \/ Introducci\u00f3n al sonido en el cine: ambientes, m\u00fasica, di\u00e1logos, foleys o efectos, met\u00e1foras sonoras y construcci\u00f3n de significados a trav\u00e9s del sonido \/ \u00bfC\u00f3mo se analiza una pel\u00edcula? \/ \u00bfA qu\u00e9 suena mi casa? \/ Bibliotecas<\/li>\n<\/ul>\n<p><strong>M\u00d3DULO 3: Producci\u00f3n piezas (Muestra final)<\/strong><\/p>\n<ul>\n<li style=\"font-weight: 400\">Semana 9: Propuestas de direcci\u00f3n y referentes \/ Storyboards \/ Tutor\u00edas grupales.<\/li>\n<li style=\"font-weight: 400\">Semana 10: Sesi\u00f3n 1 &amp; 2 \/ Montaje de las fotograf\u00edas (Sonoviso)<\/li>\n<li style=\"font-weight: 400\">Semana 11: Sesi\u00f3n 1 &amp; 2 \/ Dise\u00f1o sonoro (Sonoviso)<\/li>\n<li style=\"font-weight: 400\">Semana 12: Correcci\u00f3n de color y finalizaci\u00f3n \/ Muestra final \/ Retroalimentaci\u00f3n y certificaci\u00f3n <\/div><input type='hidden' bg_collapse_expand='69f6d74b77e616069433686' value='69f6d74b77e616069433686'><input type='hidden' id='bg-show-more-text-69f6d74b77e616069433686' value='Metodolog\u00eda'><input type='hidden' id='bg-show-less-text-69f6d74b77e616069433686' value='Ver menos'><button id='bg-showmore-action-69f6d74b77e616069433686' class='bg-showmore-plg-button bg-blue-button bg-arrow '   style=\" color:;\">Metodolog\u00eda<\/button><div id='bg-showmore-hidden-69f6d74b77e616069433686' >M\u00f3dulo 1: Teniendo en cuenta que proporcionar a los estudiantes la oportunidad de construir aut\u00f3noma y colectivamente el conocimiento facilita el afianzamiento de los conceptos, ya que son ellos quienes los expresan con sus propias palabras, en este m\u00f3dulo, la metodolog\u00eda se centrar\u00e1 en la construcci\u00f3n activa del conocimiento por parte de los participantes. Tras revisar previamente el contenido en casa, los estudiantes ser\u00e1n capaces de interactuar en discusiones y debates en el aula, donde el tallerista asumir\u00e1 el rol de facilitador. Este primer momento del laboratorio estar\u00e1 orientado a sensibilizar a los estudiantes sobre los temas principales del taller, con el prop\u00f3sito de que adquieran material te\u00f3rico que les permita aplicar los conocimientos en los m\u00f3dulos siguientes.<br \/>\nM\u00f3dulo 2: En este m\u00f3dulo, centrado en el desarrollo y adquisici\u00f3n de conocimientos t\u00e9cnicos para la realizaci\u00f3n de los proyectos finales, la metodolog\u00eda se caracterizar\u00e1 por la presentaci\u00f3n de informaci\u00f3n te\u00f3rica y t\u00e9cnica por parte del tallerista, seguida de ejercicios pr\u00e1cticos para reforzar y afianzar el aprendizaje. Los ejercicios pr\u00e1cticos se centrar\u00e1n en la casa de cada participante, con el objetivo de construir bosquejos o esbozos creativos. Esta aproximaci\u00f3n permitir\u00e1 generar ideas y proporcionar nuevas herramientas que ser\u00e1n fundamentales en la etapa de consolidaci\u00f3n del proyecto final.<br \/>\nM\u00f3dulo 3: Dado que en este m\u00f3dulo los estudiantes deber\u00e1n resolver y ejecutar sus proyectos finales, la metodolog\u00eda estar\u00e1 basada en una serie de tutor\u00edas y acompa\u00f1amientos continuos. La conversaci\u00f3n, el intercambio de ideas y la retroalimentaci\u00f3n tanto del tallerista como de los compa\u00f1eros de taller ser\u00e1n fundamentales para evaluar y mejorar la calidad y el progreso del Sonoviso. <\/div><input type='hidden' bg_collapse_expand='69f6d74b77eed0060806084' value='69f6d74b77eed0060806084'><input type='hidden' id='bg-show-more-text-69f6d74b77eed0060806084' value='Materiales'><input type='hidden' id='bg-show-less-text-69f6d74b77eed0060806084' value='Ver menos'><button id='bg-showmore-action-69f6d74b77eed0060806084' class='bg-showmore-plg-button bg-blue-button bg-arrow '   style=\" color:;\">Materiales<\/button><div id='bg-showmore-hidden-69f6d74b77eed0060806084' >* Celular (Smartphone) con c\u00e1mara<br \/>\n* Auriculares<br \/>\n* Dispositivo con acceso a internet para las actividades sincr\u00f3nicas y remotas<br \/>\n* Acceso a Google drive<br \/>\n* La inscripci\u00f3n incluye el resto de materiales para el trabajo en clase y la muestra final<br \/>\n<\/div><span style=\"vertical-align: inherit;\"><input type='hidden' bg_collapse_expand='69f6d74b77f675013215051' value='69f6d74b77f675013215051'><input type='hidden' id='bg-show-more-text-69f6d74b77f675013215051' value='Docente'><input type='hidden' id='bg-show-less-text-69f6d74b77f675013215051' value='Ver menos'><button id='bg-showmore-action-69f6d74b77f675013215051' class='bg-showmore-plg-button bg-blue-button bg-arrow '   style=\" color:#ebe6e6;\">Docente<\/button><div id='bg-showmore-hidden-69f6d74b77f675013215051' >Profesional en Cine y Televisi\u00f3n egresado de la Universidad de Bogot\u00e1 Jorge Tadeo Lozano. Ha dirigido cuatro cortometrajes, los cuales han ganado varios reconocimientos como: el Premio del P\u00fablico en Bogoshorts, Mejor Cortometraje en el Festival Internacional de Cine Independiente de Villa de Leyva, Mejor Cortometraje Colombiano en el Festival de cine de Popay\u00e1n, entre otros.<br \/>\nFue ganador de la convocatoria e invitaci\u00f3n p\u00fablica del Instituto Distrital de Artes IDARTES: Sinfon\u00edas de Bacat\u00e1, con la cual realiz\u00f3 su primer documental Estamos en el Mapa (2024), un cortometraje seleccionado en el volumen cinco del cat\u00e1logo \u201cREFRESH\u201d de Proim\u00e1genes Colombia .<br \/>\nAdem\u00e1s, trabaj\u00f3 como programador acad\u00e9mico en el EUREKA Festival Universitario de cine en su tercera versi\u00f3n (Ganador del est\u00edmulo FDC) y actualmente trabaja en los departamentos de producci\u00f3n y direcci\u00f3n en pel\u00edculas y series para plataformas como Netflix y Apple TV<\/span><span style=\"vertical-align: inherit\"><span style=\"vertical-align: inherit\">.<\/div><\/span><\/span><span style=\"vertical-align: inherit;\"><span style=\"vertical-align: inherit;\"><span style=\"vertical-align: inherit;\"><span style=\"vertical-align: inherit;\"><span style=\"vertical-align: inherit;\"><span style=\"vertical-align: inherit;\"><span style=\"vertical-align: inherit;\"><input type='hidden' bg_collapse_expand='69f6d74b7800b2005614929' value='69f6d74b7800b2005614929'><input type='hidden' id='bg-show-more-text-69f6d74b7800b2005614929' value='Dirigido a:'><input type='hidden' id='bg-show-less-text-69f6d74b7800b2005614929' value='Ver menos'><button id='bg-showmore-action-69f6d74b7800b2005614929' class='bg-showmore-plg-button bg-blue-button bg-arrow '   style=\" color:#ebe6e6;\">Dirigido a:<\/button><div id='bg-showmore-hidden-69f6d74b7800b2005614929' >Artistas, formadores, creadores, realizadores o cualquier persona interesada en el tema.<\/span><\/span><\/span><\/span><\/span><\/span><\/span><span style=\"vertical-align: inherit\"><span style=\"vertical-align: inherit\"><span style=\"vertical-align: inherit\"><span style=\"vertical-align: inherit\"><span style=\"vertical-align: inherit\"><span style=\"vertical-align: inherit\"><span style=\"vertical-align: inherit\"><span style=\"vertical-align: inherit\"><\/div><\/span><\/span><\/span><\/span><\/span><\/span><\/span><\/span><input type='hidden' bg_collapse_expand='69f6d74b780ed9042546487' value='69f6d74b780ed9042546487'><input type='hidden' id='bg-show-more-text-69f6d74b780ed9042546487' value='Horarios '><input type='hidden' id='bg-show-less-text-69f6d74b780ed9042546487' value='Ver menos'><button id='bg-showmore-action-69f6d74b780ed9042546487' class='bg-showmore-plg-button bg-blue-button bg-arrow '   style=\" color:;\">Horarios <\/button><div id='bg-showmore-hidden-69f6d74b780ed9042546487' ><\/li>\n<\/ul>\n<ul>\n<li><span style=\"vertical-align: inherit\"><span style=\"vertical-align: inherit\"><span style=\"vertical-align: inherit\"><span style=\"vertical-align: inherit\"><span style=\"vertical-align: inherit\"><span style=\"vertical-align: inherit\"><span style=\"vertical-align: inherit\"><span style=\"vertical-align: inherit\">Fechas: 09 de marzo al 10 de mayo 2024<\/span><\/span><\/span><\/span><\/span><\/span><\/span><\/span><br \/>\n<span style=\"vertical-align: inherit\"><span style=\"vertical-align: inherit\"><span style=\"vertical-align: inherit\"><span style=\"vertical-align: inherit\"><span style=\"vertical-align: inherit\"><span style=\"vertical-align: inherit\"><span style=\"vertical-align: inherit\"><span style=\"vertical-align: inherit\">Mi\u00e9rcoles de 6-8 p.m y S\u00e1bado de 9-12 pm (Presencial)<\/span><\/span><\/span><\/span><\/span><\/span><\/span><\/span><\/li>\n<li>Duraci\u00f3n:<br \/>\n60 horas certificadas \u2013 24 sesiones \u2013 12 semanas<br \/>\n4 horas presenciales por semana \/1 hora virtual de trabajo en plataforma Moodle. <\/div><input type='hidden' bg_collapse_expand='69f6d74b7827d6065213344' value='69f6d74b7827d6065213344'><input type='hidden' id='bg-show-more-text-69f6d74b7827d6065213344' value='Inscripci\u00f3n'><input type='hidden' id='bg-show-less-text-69f6d74b7827d6065213344' value='Ver menos'><button id='bg-showmore-action-69f6d74b7827d6065213344' class='bg-showmore-plg-button bg-blue-button bg-arrow '   style=\" color:;\">Inscripci\u00f3n<\/button><div id='bg-showmore-hidden-69f6d74b7827d6065213344' ><\/li>\n<li>Inscripci\u00f3n gratuita (Cupos limitados) Incluye materiales<\/li>\n<li>Del 23 de enero al 06 de febrero 2024 o hasta agotar cupos <\/div><\/li>\n<\/ul>\n<p>[\/vc_column_text]<div class=\"wpb_content_element \"><style type=\"text\/css\">#bklyn_btn_69f6d74b78343 .bklyn-btn { border-width:px !important; border-radius:px !important; background-color:#a746d7 !important; }<\/style><div id=\"bklyn_cta_69f6d74b78342\" class=\"bklyn-call-to-action-wrapper\"><div class=\"bklyn-call-to-action-inner clearfix\"><div class=\"bklyn-call-to-action-content\"><p>Inscripciones abiertas hasta el 06 de febrero 2024 o hasta agotar cupos. Inicia 09 de marzo de 2024.<\/p>\n<\/div><div class=\"bklyn-call-to-action-button-holder\"><div id=\"bklyn_btn_69f6d74b78343\" class=\"bklyn-btn-holder bklyn-btn-center bklyn-btn-tablet-center bklyn-btn-mobile-center\"><a title=\"Contacto\" href=\"https:\/\/forms.gle\/jsZNw4jJnL47TAd79\" target=\"_self\" class=\"bklyn-btn bklyn-btn-normal \" rel=\"nofollow\">Post\u00falate<\/a><\/div><\/div><\/div><\/div><\/div>[\/vc_column][vc_column width=\u00bb1\/6&#8243;][\/vc_column][\/vc_row][vc_row][vc_column][vc_column_text][\/vc_column_text][\/vc_column][\/vc_row]<\/p>\n<\/div>","protected":false},"excerpt":{"rendered":"<p>[vc_row][vc_column width=\u00bb1\/6&#8243;][vc_column_text][\/vc_column_text][\/vc_column][vc_column width=\u00bb2\/3&#8243;][vc_column_text css=\u00bb.vc_custom_1706030538430{background-color: rgb(255, 255, 255) !important;background-position: center !important;background-repeat: no-repeat !important;background-size: contain !important;}\u00bb]\u00a0 Creaci\u00f3n Audiovisual Sonoviso: \u201cAproximaciones po\u00e9ticas y narrativas a \u201cLa Casa\u201d a trav\u00e9s del lenguaje cinematogr\u00e1fico.\u201d Teniendo en cuenta que el espacio y el tiempo son componentes clave para contar historias en distintos lenguajes, pues es en la manipulaci\u00f3n de ambos que [&hellip;]<\/p>\n","protected":false},"author":1,"featured_media":0,"parent":0,"menu_order":0,"comment_status":"closed","ping_status":"closed","template":"","meta":{"footnotes":""},"class_list":["post-12631","page","type-page","status-publish","hentry"],"_links":{"self":[{"href":"https:\/\/www.arteenboga.com.co\/la\/wp-json\/wp\/v2\/pages\/12631","targetHints":{"allow":["GET"]}}],"collection":[{"href":"https:\/\/www.arteenboga.com.co\/la\/wp-json\/wp\/v2\/pages"}],"about":[{"href":"https:\/\/www.arteenboga.com.co\/la\/wp-json\/wp\/v2\/types\/page"}],"author":[{"embeddable":true,"href":"https:\/\/www.arteenboga.com.co\/la\/wp-json\/wp\/v2\/users\/1"}],"replies":[{"embeddable":true,"href":"https:\/\/www.arteenboga.com.co\/la\/wp-json\/wp\/v2\/comments?post=12631"}],"version-history":[{"count":10,"href":"https:\/\/www.arteenboga.com.co\/la\/wp-json\/wp\/v2\/pages\/12631\/revisions"}],"predecessor-version":[{"id":12740,"href":"https:\/\/www.arteenboga.com.co\/la\/wp-json\/wp\/v2\/pages\/12631\/revisions\/12740"}],"wp:attachment":[{"href":"https:\/\/www.arteenboga.com.co\/la\/wp-json\/wp\/v2\/media?parent=12631"}],"curies":[{"name":"wp","href":"https:\/\/api.w.org\/{rel}","templated":true}]}}