{"id":12629,"date":"2024-01-22T23:58:58","date_gmt":"2024-01-22T23:58:58","guid":{"rendered":"https:\/\/www.arteenboga.com.co\/la\/?page_id=12629"},"modified":"2024-02-15T20:29:31","modified_gmt":"2024-02-15T20:29:31","slug":"laboratorio-de-dibujo-y-escritura-contenidos","status":"publish","type":"page","link":"https:\/\/www.arteenboga.com.co\/la\/laboratorio-de-dibujo-y-escritura-contenidos\/","title":{"rendered":"Laboratorio de Dibujo y Escritura Contenidos"},"content":{"rendered":"<div class=\"wpb-content-wrapper\"><p>[vc_row][vc_column][vc_column_text]<span style=\"vertical-align: inherit;\"><span style=\"vertical-align: inherit;\"><span style=\"vertical-align: inherit;\"><span style=\"vertical-align: inherit;\">[\/vc_column_text][\/vc_column][\/vc_row][vc_row][vc_column width=\u00bb1\/6&#8243;][vc_column_text] <\/span><\/span><\/span><\/span><span style=\"vertical-align: inherit;\"><span style=\"vertical-align: inherit;\"><span style=\"vertical-align: inherit;\"><span style=\"vertical-align: inherit;\"><span style=\"vertical-align: inherit;\"><span style=\"vertical-align: inherit;\">[\/vc_column_text][\/vc_column][vc_column width=\u00bb2\/3&#8243;][vc_column_text]\u00a0<\/span><\/span><\/span><\/span><\/span><\/span><\/p>\n<h2><span style=\"color: #800080;\">Dibujo y escritura como herramientas para sentipensar nuestro habitar<\/span><\/h2>\n<p>Los ojos, la mente, la lectura y la escritura, han sido hist\u00f3ricamente los principales medios para aprender, pero en la realidad pr\u00e1ctica no existe separaci\u00f3n entre sentir y pensar, pues tambi\u00e9n desde el cuerpo y los afectos conocemos; desde la temperatura que siente la piel, los olores que nos llegan, y mediante las texturas y atm\u00f3sferas que llaman nuestra atenci\u00f3n se van detonando emociones y afectaciones en nuestro sentir. En este laboratorio buscaremos deconstruir \u00ablo racional\u00bb para permitirnos sentipensar con el territorio y usar nuestro cuerpo y manos como herramientas para realizar publicaciones tipo fanzines en las que juguemos con las posibilidades que nos ofrecen las im\u00e1genes y las palabras.<\/p>\n<input type='hidden' bg_collapse_expand='69f6d73e72aec8024815455' value='69f6d73e72aec8024815455'><input type='hidden' id='bg-show-more-text-69f6d73e72aec8024815455' value='Objetivos'><input type='hidden' id='bg-show-less-text-69f6d73e72aec8024815455' value='Ver menos'><button id='bg-showmore-action-69f6d73e72aec8024815455' class='bg-showmore-plg-button bg-blue-button bg-arrow '   style=\" color:;\">Objetivos<\/button><div id='bg-showmore-hidden-69f6d73e72aec8024815455' >\n<ul>\n<li>Conocer las posibilidades del dibujo y la escritura como lenguajes complementarios para acercarnos al territorio desde las palabras, las im\u00e1genes y lo simb\u00f3lico.<\/li>\n<li>Acercarnos sentipensando con el cuerpo a nuestros territorios dom\u00e9sticos y barriales.<\/li>\n<li><span style=\"vertical-align: inherit\"><span style=\"vertical-align: inherit\"><span style=\"vertical-align: inherit\"><span style=\"vertical-align: inherit\"><span style=\"vertical-align: inherit\"><span style=\"vertical-align: inherit\"><span style=\"vertical-align: inherit\"><span style=\"vertical-align: inherit\"><span style=\"vertical-align: inherit\"><span style=\"vertical-align: inherit\">Construir a partir de los ejercicios de clase un fanzine o p\u00f3ster que muestre lo trabajado en el laboratorio.<\/div><\/span><\/span><\/span><\/span><\/span><\/span><\/span><\/span><\/span><\/span><input type='hidden' bg_collapse_expand='69f6d73e72d9b0027338317' value='69f6d73e72d9b0027338317'><input type='hidden' id='bg-show-more-text-69f6d73e72d9b0027338317' value='Contenidos'><input type='hidden' id='bg-show-less-text-69f6d73e72d9b0027338317' value='Ver menos'><button id='bg-showmore-action-69f6d73e72d9b0027338317' class='bg-showmore-plg-button bg-blue-button bg-arrow '   style=\" color:;\">Contenidos<\/button><div id='bg-showmore-hidden-69f6d73e72d9b0027338317' ><\/li>\n<\/ul>\n<p><strong>M\u00d3DULO 1: Encontrando un lenguaje en com\u00fan (Cohesi\u00f3n grupo y c\u00f3digo)<\/strong><\/p>\n<ul>\n<li>Semana 1: <span style=\"font-weight: 400\">Habitar con todo el cuerpo &#8211; Presentaci\u00f3n, sensibilizaci\u00f3n y primeras aproximaciones \/ Ejercicio de cartograf\u00eda corporal <\/span><\/li>\n<li>Semana 2: <span style=\"font-weight: 400\">Pensar con los materiales: soportes y tintas: papel, digital, h\u00edbrido, tinta, l\u00e1piz, colores, l\u00edquidos \/ Ejercicio sonidos y dibujo expandido<\/span><\/li>\n<li>Semana 3: <span style=\"font-weight: 400\">Ejercicio de escritura complementaria, interpretaci\u00f3n imagen &lt;-&gt; texto\u00a0 \/ Ejercicio cuadro de palabras y juegos con dados <\/span><\/li>\n<li>Semana 4: <span style=\"font-weight: 400\">Sensibilizaci\u00f3n material y contextual, pr\u00e1ctica de escritura descriptiva y sensorial \/ Ejercicio\u00a0 describir sin describir<\/span><\/li>\n<\/ul>\n<p><strong>M\u00d3DULO 2: Exploraci\u00f3n e iteraci\u00f3n (Juego creativo)<\/strong><\/p>\n<ul>\n<li>Semana 5: <span style=\"font-weight: 400\">Escribir en im\u00e1genes: Haikus y Muestra de Especies de espacios \/ Ejercicio de creaci\u00f3n texto-imagen &#8211; caligramas <\/span><\/li>\n<li>Semana 6: <span style=\"font-weight: 400\">Explorar la memoria \u00bfC\u00f3mo se ve un recuerdo? \/ Pr\u00e1ctica de dibujo desde manchas y luces con materiales diversos <\/span><\/li>\n<li>Semana 7: <span style=\"font-weight: 400\">\u00bfQu\u00e9 quiero decir? \u00bfC\u00f3mo decirlo con los materiales? \/ Ejercicio de correspondencias y mapas mentales expandidos<\/span><\/li>\n<li>Semana 8: <span style=\"font-weight: 400\">El libro de artista: presentaci\u00f3n de ideas para la muestra y experiencia \/ Visualizaci\u00f3n referentes<\/span><\/li>\n<\/ul>\n<p><b>M\u00d3DULO 3: Producci\u00f3n piezas (Muestra final)<\/b><\/p>\n<ul>\n<li>Semana 9: <span style=\"font-weight: 400\">Planeaci\u00f3n del proyecto y ejercicio material de diagramaci\u00f3n \/ Jugar con los materiales<\/span><\/li>\n<li>Semana 10: <span style=\"font-weight: 400\">Trabajemos juntes: ejercicios por grupos para hablar de los proyectos y trabajar durante la clase<\/span><\/li>\n<li>Semana 11: <span style=\"font-weight: 400\">Formas de exponer: pensar el montaje, acciones o interacciones con p\u00fablico \/ c\u00edrculo de palabra<\/span><\/li>\n<li>Semana 12: Muestra de piezas y experiencias, retroalimentaci\u00f3n, evaluaci\u00f3n y certificaci\u00f3n <\/div><input type='hidden' bg_collapse_expand='69f6d73e72f662075366356' value='69f6d73e72f662075366356'><input type='hidden' id='bg-show-more-text-69f6d73e72f662075366356' value='Metodolog\u00eda'><input type='hidden' id='bg-show-less-text-69f6d73e72f662075366356' value='Ver menos'><button id='bg-showmore-action-69f6d73e72f662075366356' class='bg-showmore-plg-button bg-blue-button bg-arrow '   style=\" color:;\">Metodolog\u00eda<\/button><div id='bg-showmore-hidden-69f6d73e72f662075366356' >Propongo una metodolog\u00eda participativa en la que construyamos ejercicios a partir de las experiencias de las personas participantes con sus propias memorias e intereses. Queremos experimentar el dibujo y la escritura como posibilidades m\u00e1s que como t\u00e9cnicas cerradas. Explorar materiales, tama\u00f1os, maneras. Disolver los l\u00edmites de lo que puede o no el dibujo. Utilizaremos herramientas de la escritura creativa, asociaciones de palabras, y entre palabras e im\u00e1genes, ideas y textos, al tiempo que dibujamos con ciertos retos que nos permitir\u00e1n potenciar la creatividad, mientras tanto iremos viendo ejemplos de publicaciones que mezclan texto e imagen de diversas formas para pensar en las posibilidades de nuestro propio libro de artista, con la multiplicidad de formatos que estos permiten.Las emociones y sensaciones que surjan en el proceso ser\u00e1n tambi\u00e9n importantes insumos en nuestra creaci\u00f3n individual y colectiva.<\/div><input type='hidden' bg_collapse_expand='69f6d73e72fd06020201365' value='69f6d73e72fd06020201365'><input type='hidden' id='bg-show-more-text-69f6d73e72fd06020201365' value='Materiales'><input type='hidden' id='bg-show-less-text-69f6d73e72fd06020201365' value='Ver menos'><button id='bg-showmore-action-69f6d73e72fd06020201365' class='bg-showmore-plg-button bg-blue-button bg-arrow '   style=\" color:;\">Materiales<\/button><div id='bg-showmore-hidden-69f6d73e72fd06020201365' ><\/li>\n<li>Dispositivo con acceso a internet para las actividades sincr\u00f3nicas y remotas<\/li>\n<li>Acceso a Google drive<\/li>\n<li>La inscripci\u00f3n incluye el resto de materiales para el trabajo en clase y la muestra final <\/div><span style=\"vertical-align: inherit;\"><input type='hidden' bg_collapse_expand='69f6d73e7303c5002435289' value='69f6d73e7303c5002435289'><input type='hidden' id='bg-show-more-text-69f6d73e7303c5002435289' value='Docente'><input type='hidden' id='bg-show-less-text-69f6d73e7303c5002435289' value='Ver menos'><button id='bg-showmore-action-69f6d73e7303c5002435289' class='bg-showmore-plg-button bg-blue-button bg-arrow '   style=\" color:#ebe6e6;\">Docente<\/button><div id='bg-showmore-hidden-69f6d73e7303c5002435289' ><\/span><\/li>\n<li>Daniela Henao es artista Interdisciplinar con intereses en las pr\u00e1cticas art\u00edsticas, la instalaci\u00f3n, las t\u00e9cnicas gr\u00e1ficas, el trabajo con comunidades, la docencia y el desarrollo audiovisual. Desde temprana edad comenz\u00f3 a estudiar en el Instituto Bellas Artes de Medell\u00edn, \u00e9poca en la que particip\u00f3 de exposiciones colectivas en La Escuela del Maestro, la Casa Barrientos y el Palacio Bellas Artes.<\/li>\n<li>En 2020 se gradu\u00f3 con honores como Maestra en Artes Pl\u00e1sticas de la Universidad Nacional de Colombia y ese mismo a\u00f1o fue una de las ganadoras del concurso Mujeres J\u00f3venes Talento en la categor\u00eda Artes con el Proyecto \u201cNuestra Casa\u201d. Ha participado en exposiciones colectivas en la galer\u00eda Paul Bardwell del Colombo Americano, La Experimental Casa Cultural en Barcelona, Espa\u00f1a, y el Museo de Arte Contempor\u00e1neo de Bogot\u00e1, y en 2022 realiz\u00f3 una exposici\u00f3n individual en la Casa Teatro El Poblado. Adem\u00e1s, fue curadora y gestora de dos exposiciones retrospectivas sobre los trabajos de su abuela Luc\u00eda en dos Parques Biblioteca de la ciudad.<\/li>\n<li>Ha realizado labores como tallerista de pintura para madres gestantes en EPS Sura, y entre 2017 y 2019 se dedic\u00f3 a la ense\u00f1anza de arte y manualidades en la Academia Arte Picassitos en Medell\u00edn. Dedica parte de su tiempo a labores como docente de arte para infantes y adultos, y desde 2019 hasta la fecha es voluntaria y gestora de proyectos en el barrio La Iguan\u00e1, donde ha trabajado de la mano con el programa de Voluntariado \u00c9tico de la Universidad Nacional, sede Medell\u00edn. Ha realizado talleres de t\u00e9cnicas gr\u00e1ficas en centros culturales de la ciudad como la Librer\u00eda Mutante y La Pascasia.<\/div><span style=\"vertical-align: inherit;\"><span style=\"vertical-align: inherit;\"><span style=\"vertical-align: inherit;\"><span style=\"vertical-align: inherit;\"><span style=\"vertical-align: inherit;\"><span style=\"vertical-align: inherit;\"><span style=\"vertical-align: inherit;\"><input type='hidden' bg_collapse_expand='69f6d73e730c31010467253' value='69f6d73e730c31010467253'><input type='hidden' id='bg-show-more-text-69f6d73e730c31010467253' value='Dirigido a:'><input type='hidden' id='bg-show-less-text-69f6d73e730c31010467253' value='Ver menos'><button id='bg-showmore-action-69f6d73e730c31010467253' class='bg-showmore-plg-button bg-blue-button bg-arrow '   style=\" color:#ebe6e6;\">Dirigido a:<\/button><div id='bg-showmore-hidden-69f6d73e730c31010467253' >J\u00f3venes y adultos. Dirigido a personas de todas las edades, conocedoras o no de estas t\u00e9cnicas.<\/span><\/span><\/span><\/span><\/span><\/span><\/span><span style=\"vertical-align: inherit\"><span style=\"vertical-align: inherit\"><span style=\"vertical-align: inherit\"><span style=\"vertical-align: inherit\"><span style=\"vertical-align: inherit\"><span style=\"vertical-align: inherit\"><span style=\"vertical-align: inherit\"><span style=\"vertical-align: inherit\"><\/div><\/span><\/span><\/span><\/span><\/span><\/span><\/span><\/span><input type='hidden' bg_collapse_expand='69f6d73e731a52008481707' value='69f6d73e731a52008481707'><input type='hidden' id='bg-show-more-text-69f6d73e731a52008481707' value='Horarios '><input type='hidden' id='bg-show-less-text-69f6d73e731a52008481707' value='Ver menos'><button id='bg-showmore-action-69f6d73e731a52008481707' class='bg-showmore-plg-button bg-blue-button bg-arrow '   style=\" color:;\">Horarios <\/button><div id='bg-showmore-hidden-69f6d73e731a52008481707' ><\/li>\n<li><span style=\"vertical-align: inherit\"><span style=\"vertical-align: inherit\"><span style=\"vertical-align: inherit\"><span style=\"vertical-align: inherit\"><span style=\"vertical-align: inherit\"><span style=\"vertical-align: inherit\"><span style=\"vertical-align: inherit\"><span style=\"vertical-align: inherit\"><span style=\"vertical-align: inherit\"><span style=\"vertical-align: inherit\">Fechas: 12 de febrero al 08 de mayo de 2024<\/span><\/span><\/span><\/span><\/span><\/span><\/span><\/span><\/span><\/span><br \/>\n<span style=\"vertical-align: inherit\"><span style=\"vertical-align: inherit\"><span style=\"vertical-align: inherit\"><span style=\"vertical-align: inherit\"><span style=\"vertical-align: inherit\"><span style=\"vertical-align: inherit\"><span style=\"vertical-align: inherit\"><span style=\"vertical-align: inherit\"><span style=\"vertical-align: inherit\"><span style=\"vertical-align: inherit\">Lunes y Mi\u00e9rcoles de 6:00 pm a 8:00 pm (Presencial)<\/span><\/span><\/span><\/span><\/span><\/span><\/span><\/span><\/span><\/span><\/li>\n<li><span style=\"vertical-align: inherit\"><span style=\"vertical-align: inherit\"><span style=\"vertical-align: inherit\"><span style=\"vertical-align: inherit\"><span style=\"vertical-align: inherit\"><span style=\"vertical-align: inherit\"><span style=\"vertical-align: inherit\"><span style=\"vertical-align: inherit\">Duraci\u00f3n:<\/span><\/span><\/span><\/span><\/span><\/span><\/span><\/span><br \/>\n<span style=\"vertical-align: inherit\"><span style=\"vertical-align: inherit\"><span style=\"vertical-align: inherit\"><span style=\"vertical-align: inherit\"><span style=\"vertical-align: inherit\"><span style=\"vertical-align: inherit\"><span style=\"vertical-align: inherit\"><span style=\"vertical-align: inherit\">60 horas certificadas \u2013 24 sesiones \u2013 12 semanas\u00a0<\/span><\/span><\/span><\/span><\/span><\/span><\/span><\/span><\/li>\n<li>4 horas presenciales por semana \/1 hora virtual de trabajo en plataforma Moodle<\/div><input type='hidden' bg_collapse_expand='69f6d73e734085073028614' value='69f6d73e734085073028614'><input type='hidden' id='bg-show-more-text-69f6d73e734085073028614' value='Inscripci\u00f3n'><input type='hidden' id='bg-show-less-text-69f6d73e734085073028614' value='Ver menos'><button id='bg-showmore-action-69f6d73e734085073028614' class='bg-showmore-plg-button bg-blue-button bg-arrow '   style=\" color:;\">Inscripci\u00f3n<\/button><div id='bg-showmore-hidden-69f6d73e734085073028614' ><\/li>\n<li>Inscripci\u00f3n gratuita (Cupos limitados) Incluye materiales<\/li>\n<li>Del 23 de enero al 06 de febrero de 2024 o hasta agotar cupos <\/div><input type='hidden' bg_collapse_expand='69f6d73e734937037025578' value='69f6d73e734937037025578'><input type='hidden' id='bg-show-more-text-69f6d73e734937037025578' value='Ganadores'><input type='hidden' id='bg-show-less-text-69f6d73e734937037025578' value='Ver menos'><button id='bg-showmore-action-69f6d73e734937037025578' class='bg-showmore-plg-button bg-blue-button bg-arrow '   style=\" color:;\">Ganadores<\/button><div id='bg-showmore-hidden-69f6d73e734937037025578' ><\/li>\n<li>Angelica Yesenia Alonso Valdes<\/li>\n<li>Laura Camila Pe\u00f1a Achury<\/li>\n<li>Viviana Carolina Villalba Hernandez<\/li>\n<li>Carolina Esperanza Real Casas<\/li>\n<li>Camila Talero Soto<\/li>\n<li>Jasay Stefany Morales Maury<\/li>\n<li>Daniela Alejandra Hern\u00e1ndez Zapata<\/li>\n<li>Veronica Alejandra Mu\u00f1oz Roa<\/li>\n<li>Laura Fernanda Castellanos Meneses<\/li>\n<li>Yider Santiago Zuluaga Correa<\/li>\n<li>Nad Hortua Espitia<\/li>\n<li>Gynna Mayely Reyes Contreras<\/li>\n<li>Yamile Andrea Moreno Velandia<\/li>\n<li>Luisa Fernanda Pava Rodr\u00edguez<\/li>\n<li>Leonardo Gonz\u00e1lez Rojas<\/li>\n<li>Chanelly Juliette Morelo Aricapa<\/li>\n<li>Susam Paola Laverde S\u00e1nchez<\/li>\n<li>Maria Jose Narvaez Vanegas<\/li>\n<li>Daniela Alejandra Guerrero Pati\u00f1o<\/li>\n<li>Diana Marcela Bocanegra Tibaquir\u00e1<\/li>\n<li>Sara Ospina Guzm\u00e1n<\/li>\n<li>Nicolle Valentina Mossos Mendez<\/div><\/li>\n<\/ul>\n<p>[\/vc_column_text]<div class=\"wpb_content_element \"><style type=\"text\/css\">#bklyn_btn_69f6d73e735a0 .bklyn-btn { border-width:px !important; border-radius:px !important; background-color:#a746d7 !important; }<\/style><div id=\"bklyn_cta_69f6d73e7359e\" class=\"bklyn-call-to-action-wrapper\"><div class=\"bklyn-call-to-action-inner clearfix\"><div class=\"bklyn-call-to-action-content\"><p>Inscripciones abiertas hasta el 06 de febrero 2024 o hasta agotar cupos. Inicia 12 de febrero de 2024.<\/p>\n<\/div><div class=\"bklyn-call-to-action-button-holder\"><div id=\"bklyn_btn_69f6d73e735a0\" class=\"bklyn-btn-holder bklyn-btn-center bklyn-btn-tablet-center bklyn-btn-mobile-center\"><a title=\"Contacto\" href=\"https:\/\/forms.gle\/jsZNw4jJnL47TAd79\" target=\"_self\" class=\"bklyn-btn bklyn-btn-normal \" rel=\"nofollow\">Post\u00falate<\/a><\/div><\/div><\/div><\/div><\/div>[\/vc_column][vc_column width=\u00bb1\/6&#8243;][\/vc_column][\/vc_row][vc_row][vc_column][vc_column_text][\/vc_column_text][\/vc_column][\/vc_row][vc_row][vc_column][vc_column_text][\/vc_column_text][\/vc_column][\/vc_row]<\/p>\n<\/div>","protected":false},"excerpt":{"rendered":"<p>[vc_row][vc_column][vc_column_text][\/vc_column_text][\/vc_column][\/vc_row][vc_row][vc_column width=\u00bb1\/6&#8243;][vc_column_text] [\/vc_column_text][\/vc_column][vc_column width=\u00bb2\/3&#8243;][vc_column_text]\u00a0 Dibujo y escritura como herramientas para sentipensar nuestro habitar Los ojos, la mente, la lectura y la escritura, han sido hist\u00f3ricamente los principales medios para aprender, pero en la realidad pr\u00e1ctica no existe separaci\u00f3n entre sentir y pensar, pues tambi\u00e9n desde el cuerpo y los afectos conocemos; desde la temperatura que [&hellip;]<\/p>\n","protected":false},"author":1,"featured_media":0,"parent":0,"menu_order":0,"comment_status":"closed","ping_status":"closed","template":"","meta":{"footnotes":""},"class_list":["post-12629","page","type-page","status-publish","hentry"],"_links":{"self":[{"href":"https:\/\/www.arteenboga.com.co\/la\/wp-json\/wp\/v2\/pages\/12629","targetHints":{"allow":["GET"]}}],"collection":[{"href":"https:\/\/www.arteenboga.com.co\/la\/wp-json\/wp\/v2\/pages"}],"about":[{"href":"https:\/\/www.arteenboga.com.co\/la\/wp-json\/wp\/v2\/types\/page"}],"author":[{"embeddable":true,"href":"https:\/\/www.arteenboga.com.co\/la\/wp-json\/wp\/v2\/users\/1"}],"replies":[{"embeddable":true,"href":"https:\/\/www.arteenboga.com.co\/la\/wp-json\/wp\/v2\/comments?post=12629"}],"version-history":[{"count":21,"href":"https:\/\/www.arteenboga.com.co\/la\/wp-json\/wp\/v2\/pages\/12629\/revisions"}],"predecessor-version":[{"id":12762,"href":"https:\/\/www.arteenboga.com.co\/la\/wp-json\/wp\/v2\/pages\/12629\/revisions\/12762"}],"wp:attachment":[{"href":"https:\/\/www.arteenboga.com.co\/la\/wp-json\/wp\/v2\/media?parent=12629"}],"curies":[{"name":"wp","href":"https:\/\/api.w.org\/{rel}","templated":true}]}}