{"id":12178,"date":"2023-07-10T08:21:03","date_gmt":"2023-07-10T08:21:03","guid":{"rendered":"https:\/\/www.arteenboga.com.co\/la\/?page_id=12178"},"modified":"2023-07-19T02:23:25","modified_gmt":"2023-07-19T02:23:25","slug":"curso-de-teatro-sensorial-territorio-contenidos","status":"publish","type":"page","link":"https:\/\/www.arteenboga.com.co\/la\/curso-de-teatro-sensorial-territorio-contenidos\/","title":{"rendered":"Curso de Teatro Sensorial Territorio Contenidos"},"content":{"rendered":"<div class=\"wpb-content-wrapper\"><p>[vc_row][vc_column width=\u00bb1\/6&#8243;][vc_column_text]<span style=\"vertical-align: inherit;\"><span style=\"vertical-align: inherit;\">[\/vc_column_text][\/vc_column][vc_column width=\u00bb2\/3&#8243;][vc_column_text css=\u00bb.vc_custom_1689656212577{background-color: rgb(255, 255, 255) !important;background-position: center !important;background-repeat: no-repeat !important;background-size: contain !important;}\u00bb]\u00a0<\/span><\/span><\/p>\n<h2><span style=\"color: #008080;\">Teatro sensorial: Redescubriendo la oscuridad, narrativas sonoras de nuestros territorios<\/span><\/h2>\n<p>El taller de teatro sensorial permitir\u00e1 el desarrollo creativo y pr\u00e1ctico frente a la producci\u00f3n esc\u00e9nica, dramat\u00fargica y la construcci\u00f3n de diversas l\u00edneas narrativas a partir del reconocimiento y apropiaci\u00f3n del territorio y sus entornos. La misi\u00f3n de este ser\u00e1 posibilitar herramientas de creaci\u00f3n teatral sonora, identificando principalmente c\u00f3mo transmitir a trav\u00e9s de los sentidos y las sensaciones enlazado a la memoria y la funci\u00f3n o incidencia de los territorios en esa construcci\u00f3n. S\u00ed, podemos hacer teatro que se sale de lo tradicional sin perder su esencia, la transmisi\u00f3n de historias que se cuentan por medio de la voz, suprimiendo la imagen, pero edificando un ambiente estimulante auditivamente que potencie las sensaciones y est\u00edmulos en nuestros relatos. Por eso&#8230; sentir, evocar, escribir y crear m\u00e1s all\u00e1 de nuestros ojos ser\u00e1 la clave.<\/p>\n<input type='hidden' bg_collapse_expand='69e55a0b0cd5d9094098329' value='69e55a0b0cd5d9094098329'><input type='hidden' id='bg-show-more-text-69e55a0b0cd5d9094098329' value='Objetivos'><input type='hidden' id='bg-show-less-text-69e55a0b0cd5d9094098329' value='Ver menos'><button id='bg-showmore-action-69e55a0b0cd5d9094098329' class='bg-showmore-plg-button bg-blue-button bg-arrow '   style=\" color:;\">Objetivos<\/button><div id='bg-showmore-hidden-69e55a0b0cd5d9094098329' >\n<ul>\n<li>Identificar la creaci\u00f3n teatral sonora, origen, trayectoria, caracter\u00edsticas y aspectos a tener en cuenta, contexto nacional e internacional.<\/li>\n<li>Explorar la construcci\u00f3n \u201cesc\u00e9nica\u201d de una obra sensorial enlazadas a diversos territorios, dramaturgia (escribir obras de teatro) y estructuras narrativas.<\/li>\n<li><span style=\"vertical-align: inherit\"><span style=\"vertical-align: inherit\"><span style=\"vertical-align: inherit\"><span style=\"vertical-align: inherit\"><span style=\"vertical-align: inherit\"><span style=\"vertical-align: inherit\"><span style=\"vertical-align: inherit\"><span style=\"vertical-align: inherit\"><span style=\"vertical-align: inherit\"><span style=\"vertical-align: inherit\">Aplicar\/ejecutar ejercicio esc\u00e9nico pr\u00e1ctico; composici\u00f3n un ejercicio dram\u00e1tico teniendo en cuenta el contenido del taller.<\/div><\/span><\/span><\/span><\/span><\/span><\/span><\/span><\/span><\/span><\/span><input type='hidden' bg_collapse_expand='69e55a0b0d1711050669056' value='69e55a0b0d1711050669056'><input type='hidden' id='bg-show-more-text-69e55a0b0d1711050669056' value='Contenidos'><input type='hidden' id='bg-show-less-text-69e55a0b0d1711050669056' value='Ver menos'><button id='bg-showmore-action-69e55a0b0d1711050669056' class='bg-showmore-plg-button bg-blue-button bg-arrow '   style=\" color:;\">Contenidos<\/button><div id='bg-showmore-hidden-69e55a0b0d1711050669056' ><\/li>\n<li>Sesi\u00f3n 1: Presentaci\u00f3n del taller: Contexto y origen del teatro y teatro sensorial\/ciego; conversatorio inicial sobre percepciones acerca del tema (Teatro ciego\/sensorial)<\/li>\n<li>Sesi\u00f3n 2: Teatro, narrativas, espacios, territorios y connotaci\u00f3n: \u00bfla creaci\u00f3n de teatro depende de un espacio f\u00edsico en concreto? Situar nuestra creaci\u00f3n dramat\u00fargica, c\u00f3mo deseamos escribir y qu\u00e9 quiero contar. (Historia propia corta)<\/li>\n<li>Sesi\u00f3n 3: Apropiaci\u00f3n de entornos y territorios: Definici\u00f3n de conceptos importantes dentro del taller y hacia donde est\u00e1 dirigido el proyecto. An\u00e1lisis de la cultura frente a los territorios (Improvisaci\u00f3n escrita).<\/li>\n<li>Sesi\u00f3n 4: Escribir teatro: Ejercicio de creaci\u00f3n esc\u00e9nica en el cual aprenderemos t\u00e9cnicas y teor\u00eda teatral que nos facilite la composici\u00f3n, preguntas clave a considerar.(inicio de nuestra obra).<\/li>\n<li>Sesi\u00f3n 5: Exploraci\u00f3n de los sentidos y efectos de sonido en el teatro: Exposici\u00f3n de referentes y experiencias del proceso creativo del teatro sensorial a nivel nacional e internacional; percepciones, puntos de vista e ideas (debate). Puntos generales a tener en cuenta dentro de la creaci\u00f3n y ejecuci\u00f3n de un proyecto teatral sensorial.<\/li>\n<li>Sesi\u00f3n 6: Experiencia de los sentidos: pr\u00e1ctica con los ojos vendados, identificar diferentes emociones expuestas, transportar nuestra mente y atenci\u00f3n al relato, qu\u00e9 percibo, sensaci\u00f3n, emoci\u00f3n y percepci\u00f3n. (Avances en la obra, correcciones).<\/li>\n<li>Sesi\u00f3n 7: Aspectos t\u00e9cnicos nuestro \u201cescenario\u201d: Grabaci\u00f3n de la obra, edici\u00f3n de sonido, insertar efectos,<br \/>\nsonido(dieg\u00e9ticos-extradieg\u00e9ticos), cortinas- transiciones, audio descripci\u00f3n, estimulaci\u00f3n sensorial, actores\/personajes. (pre muestra).<\/li>\n<li>Sesi\u00f3n 8: Muestra final: Socializaci\u00f3n del proceso, cierre del proceso, intercambio de percepciones.<\/div><input type='hidden' bg_collapse_expand='69e55a0b0d2c76090571882' value='69e55a0b0d2c76090571882'><input type='hidden' id='bg-show-more-text-69e55a0b0d2c76090571882' value='Metodolog\u00eda'><input type='hidden' id='bg-show-less-text-69e55a0b0d2c76090571882' value='Ver menos'><button id='bg-showmore-action-69e55a0b0d2c76090571882' class='bg-showmore-plg-button bg-blue-button bg-arrow '   style=\" color:;\">Metodolog\u00eda<\/button><div id='bg-showmore-hidden-69e55a0b0d2c76090571882' ><\/li>\n<li>Gamificaci\u00f3n en el aula, Aprendizaje basado en el pensamiento, Aprendizaje basado en proyectos, Tutor\u00edas: entrevistas y seguimiento, Ejercicios Pr\u00e1cticos, Aula invertida (Flipped classroom)y Aprendizaje cooperativo.<\/li>\n<li>La aplicaci\u00f3n de las metodolog\u00edas anteriormente mencionadas se realizar\u00e1 en conjunto y en diferentes medidas por sesi\u00f3n, teniendo en cuenta que el proceso est\u00e1 dirigido a artistas y personas que deseen ampliar su informaci\u00f3n o conocer est\u00e1 vertiente art\u00edstica; se hace necesario el intercambio de saberes por parte de los asistentes dentro del aula aplicando el aula invertida, agrupando las diferentes experiencias, conocimientos y percepciones referentes al tema central, permitiendo un proceso enriquecido gracias a los informaci\u00f3n expuesta por parte de los participantes; asimismo, logrando un desarrollo global dentro del proceso, relacionando los conceptos obtenidos o tratados en las sesiones.<\/li>\n<li>La creaci\u00f3n teatral de por s\u00ed es un trabajo colaborativo (colectivo) por tal motivo el aprendizaje cooperativo juega un papel importante en el desarrollo del presente taller y en congruencia con lo anterior, proyectando una poblaci\u00f3n diversa dicha metodolog\u00eda permitir\u00e1 fluidez dentro del ejercicio, por otro lado, al desarrollar an\u00e1lisis de contextos, evaluar los contenidos y discernir los temas planteados el proceso pr\u00e1ctico gu\u00eda la producci\u00f3n a la fase sensitiva, perceptiva y de expresi\u00f3n de pensamientos naturalmente.<\/div><input type='hidden' bg_collapse_expand='69e55a0b0d37b4097519800' value='69e55a0b0d37b4097519800'><input type='hidden' id='bg-show-more-text-69e55a0b0d37b4097519800' value='Materiales'><input type='hidden' id='bg-show-less-text-69e55a0b0d37b4097519800' value='Ver menos'><button id='bg-showmore-action-69e55a0b0d37b4097519800' class='bg-showmore-plg-button bg-blue-button bg-arrow '   style=\" color:;\">Materiales<\/button><div id='bg-showmore-hidden-69e55a0b0d37b4097519800' ><\/li>\n<li>Libreta o agenda<br \/>\nL\u00e1piz y borrador<br \/>\nAcceso a descarga de aplicaci\u00f3n m\u00f3viles<br \/>\nMicr\u00f3fono<br \/>\nAud\u00edfonos<br \/>\nVenda para ojos<br \/>\nMateriales de estimulaci\u00f3n sensorial:<br \/>\nAlimentos<br \/>\nDiferentes texturas como algod\u00f3n, madera, telas, lana, tierra, entre otros.<br \/>\nEsencias<\/div><span style=\"vertical-align: inherit;\"><input type='hidden' bg_collapse_expand='69e55a0b0d4766084577286' value='69e55a0b0d4766084577286'><input type='hidden' id='bg-show-more-text-69e55a0b0d4766084577286' value='Docente'><input type='hidden' id='bg-show-less-text-69e55a0b0d4766084577286' value='Ver menos'><button id='bg-showmore-action-69e55a0b0d4766084577286' class='bg-showmore-plg-button bg-blue-button bg-arrow '   style=\" color:#ebe6e6;\">Docente<\/button><div id='bg-showmore-hidden-69e55a0b0d4766084577286' ><\/span><\/li>\n<\/ul>\n<p>Kimberly Torres es Maestra en Arte Dram\u00e1tico con \u00c9nfasis en Actuaci\u00f3n egresada de Escuela de Artes y Letras (2020). Es una Artista Integral con Formaci\u00f3n en Artes Esc\u00e9nicas, Danza con \u00e9nfasis en folclore y salsa y en el \u00e1rea de M\u00fasica en formaci\u00f3n percutiva. Cuenta con una amplia experiencia en el \u00e1mbito art\u00edstico y cultural; festivales, temporadas de teatro, presentaci\u00f3n en colegios y universidades, iniciativas distritales, entre otros. Dentro de su experiencia como Docente en Artes ha trabajado con diferentes poblaciones tales como; primera infancia, adolescencia, adultos, adulto mayor y personas con discapacidad f\u00edsica y visual.<\/div><span style=\"vertical-align: inherit;\"><span style=\"vertical-align: inherit;\"><span style=\"vertical-align: inherit;\"><span style=\"vertical-align: inherit;\"><span style=\"vertical-align: inherit;\"><span style=\"vertical-align: inherit;\"><span style=\"vertical-align: inherit;\"><input type='hidden' bg_collapse_expand='69e55a0b0d5056021565507' value='69e55a0b0d5056021565507'><input type='hidden' id='bg-show-more-text-69e55a0b0d5056021565507' value='Dirigido a:'><input type='hidden' id='bg-show-less-text-69e55a0b0d5056021565507' value='Ver menos'><button id='bg-showmore-action-69e55a0b0d5056021565507' class='bg-showmore-plg-button bg-blue-button bg-arrow '   style=\" color:#ebe6e6;\">Dirigido a:<\/button><div id='bg-showmore-hidden-69e55a0b0d5056021565507' >Artistas, formadores, creadores, directores, actores, o cualquier persona interesada en el tema.<\/span><\/span><\/span><\/span><\/span><\/span><\/span><span style=\"vertical-align: inherit\"><span style=\"vertical-align: inherit\"><span style=\"vertical-align: inherit\"><span style=\"vertical-align: inherit\"><span style=\"vertical-align: inherit\"><span style=\"vertical-align: inherit\"><span style=\"vertical-align: inherit\"><span style=\"vertical-align: inherit\"><\/div><\/span><\/span><\/span><\/span><\/span><\/span><\/span><\/span><input type='hidden' bg_collapse_expand='69e55a0b0d66d2085526264' value='69e55a0b0d66d2085526264'><input type='hidden' id='bg-show-more-text-69e55a0b0d66d2085526264' value='Horarios '><input type='hidden' id='bg-show-less-text-69e55a0b0d66d2085526264' value='Ver menos'><button id='bg-showmore-action-69e55a0b0d66d2085526264' class='bg-showmore-plg-button bg-blue-button bg-arrow '   style=\" color:;\">Horarios <\/button><div id='bg-showmore-hidden-69e55a0b0d66d2085526264' ><\/p>\n<ul>\n<li><span style=\"vertical-align: inherit\"><span style=\"vertical-align: inherit\"><span style=\"vertical-align: inherit\"><span style=\"vertical-align: inherit\"><span style=\"vertical-align: inherit\"><span style=\"vertical-align: inherit\"><span style=\"vertical-align: inherit\"><span style=\"vertical-align: inherit\">Fechas: 5 de agosto al 23 de septiembre 2023<\/span><\/span><\/span><\/span><\/span><\/span><\/span><\/span><br \/>\n<span style=\"vertical-align: inherit\"><span style=\"vertical-align: inherit\"><span style=\"vertical-align: inherit\"><span style=\"vertical-align: inherit\"><span style=\"vertical-align: inherit\"><span style=\"vertical-align: inherit\"><span style=\"vertical-align: inherit\"><span style=\"vertical-align: inherit\">S\u00e1bado 9:00 a.m. a 11:00 a.m.<\/span><\/span><\/span><\/span><\/span><\/span><\/span><\/span><\/li>\n<li><span style=\"vertical-align: inherit\"><span style=\"vertical-align: inherit\"><span style=\"vertical-align: inherit\"><span style=\"vertical-align: inherit\"><span style=\"vertical-align: inherit\"><span style=\"vertical-align: inherit\"><span style=\"vertical-align: inherit\"><span style=\"vertical-align: inherit\">Duraci\u00f3n:<\/span><\/span><\/span><\/span><\/span><\/span><\/span><\/span><br \/>\n<span style=\"vertical-align: inherit\"><span style=\"vertical-align: inherit\"><span style=\"vertical-align: inherit\"><span style=\"vertical-align: inherit\"><span style=\"vertical-align: inherit\"><span style=\"vertical-align: inherit\"><span style=\"vertical-align: inherit\"><span style=\"vertical-align: inherit\">24 horas \u2013 8 sesiones \u2013 8 semanas<\/span><\/span><\/span><\/span><\/span><\/span><\/span><\/span><\/li>\n<li><span style=\"vertical-align: inherit\"><span style=\"vertical-align: inherit\"><span style=\"vertical-align: inherit\"><span style=\"vertical-align: inherit\"><span style=\"vertical-align: inherit\"><span style=\"vertical-align: inherit\"><span style=\"vertical-align: inherit\"><span style=\"vertical-align: inherit\">2 horas sincr\u00f3nicas &#8211; 1 hora plataforma Moodle por semana<\/span><\/span><\/span><\/span><\/span><\/span><\/span><\/span><\/div><input type='hidden' bg_collapse_expand='69e55a0b0da769043893251' value='69e55a0b0da769043893251'><input type='hidden' id='bg-show-more-text-69e55a0b0da769043893251' value='Inscripci\u00f3n'><input type='hidden' id='bg-show-less-text-69e55a0b0da769043893251' value='Ver menos'><button id='bg-showmore-action-69e55a0b0da769043893251' class='bg-showmore-plg-button bg-blue-button bg-arrow '   style=\" color:;\">Inscripci\u00f3n<\/button><div id='bg-showmore-hidden-69e55a0b0da769043893251' ><\/li>\n<li>Inscripci\u00f3n gratuita (Cupos limitados)<\/li>\n<li>Del 18 al 30 de julio de 2023<\/div><\/li>\n<\/ul>\n<p>[\/vc_column_text]<div class=\"wpb_content_element \"><style type=\"text\/css\">#bklyn_btn_69e55a0b0de27 .bklyn-btn { border-width:px !important; border-radius:px !important; background-color:#a746d7 !important; }<\/style><div id=\"bklyn_cta_69e55a0b0de25\" class=\"bklyn-call-to-action-wrapper\"><div class=\"bklyn-call-to-action-inner clearfix\"><div class=\"bklyn-call-to-action-content\"><p>Inscripciones abiertas hasta el 30 de julio 2023. Inicia 5 de agosto de 2023.<\/p>\n<\/div><div class=\"bklyn-call-to-action-button-holder\"><div id=\"bklyn_btn_69e55a0b0de27\" class=\"bklyn-btn-holder bklyn-btn-center bklyn-btn-tablet-center bklyn-btn-mobile-center\"><a title=\"Contacto\" href=\"https:\/\/forms.gle\/DtrL98w3PtwU5WFf9\" target=\"_self\" class=\"bklyn-btn bklyn-btn-normal \" rel=\"nofollow\">Inscr\u00edbete<\/a><\/div><\/div><\/div><\/div><\/div>[\/vc_column][vc_column width=\u00bb1\/6&#8243;][\/vc_column][\/vc_row][vc_row][vc_column][vc_column_text][\/vc_column_text][\/vc_column][\/vc_row]<\/p>\n<\/div>","protected":false},"excerpt":{"rendered":"<p>[vc_row][vc_column width=\u00bb1\/6&#8243;][vc_column_text][\/vc_column_text][\/vc_column][vc_column width=\u00bb2\/3&#8243;][vc_column_text css=\u00bb.vc_custom_1689656212577{background-color: rgb(255, 255, 255) !important;background-position: center !important;background-repeat: no-repeat !important;background-size: contain !important;}\u00bb]\u00a0 Teatro sensorial: Redescubriendo la oscuridad, narrativas sonoras de nuestros territorios El taller de teatro sensorial permitir\u00e1 el desarrollo creativo y pr\u00e1ctico frente a la producci\u00f3n esc\u00e9nica, dramat\u00fargica y la construcci\u00f3n de diversas l\u00edneas narrativas a partir del reconocimiento y apropiaci\u00f3n del [&hellip;]<\/p>\n","protected":false},"author":1,"featured_media":0,"parent":0,"menu_order":0,"comment_status":"closed","ping_status":"closed","template":"","meta":{"footnotes":""},"class_list":["post-12178","page","type-page","status-publish","hentry"],"_links":{"self":[{"href":"https:\/\/www.arteenboga.com.co\/la\/wp-json\/wp\/v2\/pages\/12178","targetHints":{"allow":["GET"]}}],"collection":[{"href":"https:\/\/www.arteenboga.com.co\/la\/wp-json\/wp\/v2\/pages"}],"about":[{"href":"https:\/\/www.arteenboga.com.co\/la\/wp-json\/wp\/v2\/types\/page"}],"author":[{"embeddable":true,"href":"https:\/\/www.arteenboga.com.co\/la\/wp-json\/wp\/v2\/users\/1"}],"replies":[{"embeddable":true,"href":"https:\/\/www.arteenboga.com.co\/la\/wp-json\/wp\/v2\/comments?post=12178"}],"version-history":[{"count":11,"href":"https:\/\/www.arteenboga.com.co\/la\/wp-json\/wp\/v2\/pages\/12178\/revisions"}],"predecessor-version":[{"id":12273,"href":"https:\/\/www.arteenboga.com.co\/la\/wp-json\/wp\/v2\/pages\/12178\/revisions\/12273"}],"wp:attachment":[{"href":"https:\/\/www.arteenboga.com.co\/la\/wp-json\/wp\/v2\/media?parent=12178"}],"curies":[{"name":"wp","href":"https:\/\/api.w.org\/{rel}","templated":true}]}}