{"id":12166,"date":"2023-07-10T08:12:30","date_gmt":"2023-07-10T08:12:30","guid":{"rendered":"https:\/\/www.arteenboga.com.co\/la\/?page_id=12166"},"modified":"2023-07-19T02:20:23","modified_gmt":"2023-07-19T02:20:23","slug":"curso-de-dibujo-y-escritura-en-el-territorio-contenidos","status":"publish","type":"page","link":"https:\/\/www.arteenboga.com.co\/la\/curso-de-dibujo-y-escritura-en-el-territorio-contenidos\/","title":{"rendered":"Curso de Dibujo y Escritura en el Territorio Contenidos"},"content":{"rendered":"<div class=\"wpb-content-wrapper\"><p>[vc_row][vc_column width=\u00bb1\/6&#8243;][vc_column_text]<span style=\"vertical-align: inherit;\"><span style=\"vertical-align: inherit;\">[\/vc_column_text][\/vc_column][vc_column width=\u00bb2\/3&#8243;][vc_column_text css=\u00bb.vc_custom_1689651924580{background-color: rgb(255, 255, 255) !important;background-position: center !important;background-repeat: no-repeat !important;background-size: contain !important;}\u00bb]\u00a0<\/span><\/span><\/p>\n<h2><span style=\"color: #008080;\">Dibujo y escritura como herramientas para sentipensar nuestro habitar<\/span><\/h2>\n<p>Los ojos, la mente, la lectura y la escritura, han sido hist\u00f3ricamente los principales medios para aprender, pero en la realidad pr\u00e1ctica no existe separaci\u00f3n entre sentir y pensar, pues tambi\u00e9n desde el cuerpo y los afectos conocemos; desde la temperatura que siente la piel, los olores que nos llegan, y mediante las texturas y atmosferas que llaman nuestra atenci\u00f3n se van detonando emociones y afectaciones en nuestro sentir. En este taller buscaremos deconstruir \u00ablo racional\u00bb para permitirnos sentipensar con el territorio y usar nuestro cuerpo y manos como herramientas para realizar publicaciones tipo fanzines en las que juguemos con las posibilidades que nos ofrecen las im\u00e1genes y las palabras.<\/p>\n<input type='hidden' bg_collapse_expand='69e54e24488de9022526573' value='69e54e24488de9022526573'><input type='hidden' id='bg-show-more-text-69e54e24488de9022526573' value='Objetivos'><input type='hidden' id='bg-show-less-text-69e54e24488de9022526573' value='Ver menos'><button id='bg-showmore-action-69e54e24488de9022526573' class='bg-showmore-plg-button bg-blue-button bg-arrow '   style=\" color:;\">Objetivos<\/button><div id='bg-showmore-hidden-69e54e24488de9022526573' >\n<ul>\n<li>Conocer las posibilidades del dibujo y la escritura como lenguajes complementarios para acercarnos al territorio desde las palabras, las im\u00e1genes y lo simb\u00f3lico.<\/li>\n<li>Acercarnos sentipensando con el cuerpo a nuestros territorios dom\u00e9sticos y barriales.<\/li>\n<li><span style=\"vertical-align: inherit\"><span style=\"vertical-align: inherit\"><span style=\"vertical-align: inherit\"><span style=\"vertical-align: inherit\"><span style=\"vertical-align: inherit\"><span style=\"vertical-align: inherit\"><span style=\"vertical-align: inherit\"><span style=\"vertical-align: inherit\"><span style=\"vertical-align: inherit\"><span style=\"vertical-align: inherit\">Construir a partir de los ejercicios de clase un fanzine o p\u00f3ster que muestre lo trabajado en el laboratorio.<\/div><\/span><\/span><\/span><\/span><\/span><\/span><\/span><\/span><\/span><\/span><input type='hidden' bg_collapse_expand='69e54e2448b6f6068981024' value='69e54e2448b6f6068981024'><input type='hidden' id='bg-show-more-text-69e54e2448b6f6068981024' value='Contenidos'><input type='hidden' id='bg-show-less-text-69e54e2448b6f6068981024' value='Ver menos'><button id='bg-showmore-action-69e54e2448b6f6068981024' class='bg-showmore-plg-button bg-blue-button bg-arrow '   style=\" color:;\">Contenidos<\/button><div id='bg-showmore-hidden-69e54e2448b6f6068981024' ><\/li>\n<li>Sesi\u00f3n 1: Habitar con todo el cuerpo &#8211; Presentaci\u00f3n, sensibilizaci\u00f3n y primeras aproximaciones \/ Ejercicio de cartograf\u00eda corporal<\/li>\n<li>Sesi\u00f3n 2: Pensar con los materiales: soportes y tintas: papel, digital, h\u00edbrido, tinta, l\u00e1piz, colores, l\u00edquidos \/ Ejercicio sonidos<\/li>\n<li>Sesi\u00f3n 3: Ejercicio de escritura complementaria, interpretaci\u00f3n imagen &lt;-&gt; texto \/ Ejercicio cuadro de palabras y juegos con dado<\/li>\n<li>Sesi\u00f3n 4: Acercamiento al espacio propio, caminata sensible y pr\u00e1ctica de escritura descriptiva y sensorial \/ Ejercicio cartograf\u00eda sensible cuadra o casa<\/li>\n<li>Sesi\u00f3n 5: Interpretaci\u00f3n libre, asociaciones a partir de Haikus hechos previamente, Muestra Especies de espacios \/ Ejercicio de creaci\u00f3n texto-imagen y pr\u00e1ctica de dibujo desde manchas y luces<\/li>\n<li>Sesi\u00f3n 6: \u00bfQu\u00e9 quiero decir? \u00bfC\u00f3mo decirlo con los materiales? \/ Ejercicio de correspondencias<\/li>\n<li>Sesi\u00f3n 7: \u00bfEl fanzine y el p\u00f3ster: presentaci\u00f3n de avances para la muestra y experiencias<\/li>\n<li>Sesi\u00f3n 8: Muestra de piezas y experiencias, retroalimentaci\u00f3n y evaluaci\u00f3n del curso<\/div><input type='hidden' bg_collapse_expand='69e54e2448c659093832363' value='69e54e2448c659093832363'><input type='hidden' id='bg-show-more-text-69e54e2448c659093832363' value='Metodolog\u00eda'><input type='hidden' id='bg-show-less-text-69e54e2448c659093832363' value='Ver menos'><button id='bg-showmore-action-69e54e2448c659093832363' class='bg-showmore-plg-button bg-blue-button bg-arrow '   style=\" color:;\">Metodolog\u00eda<\/button><div id='bg-showmore-hidden-69e54e2448c659093832363' >Propongo una metodolog\u00eda participativa en la que construyamos ejercicios a partir de las experiencias de las personas participantes con sus propios espacios dom\u00e9sticos. Queremos experimentar el dibujo y la escritura como posibilidades m\u00e1s que como t\u00e9cnicas cerradas. Utilizaremos herramientas de la escritura creativa, asociaciones de palabras, palabras e im\u00e1genes, ideas y textos y dem\u00e1s, al tiempo que dibujamos con ciertos retos que nos permitir\u00e1n potenciar la creatividad, mientras tanto iremos viendo ejemplos de publicaciones que mezclan texto e imagen de diversas formas para pensar en las posibilidades de nuestro propio fanzine. Las emociones y sensaciones que surjan en el proceso ser\u00e1n tambi\u00e9n importantes aliadas en nuestra creaci\u00f3n.<\/div><input type='hidden' bg_collapse_expand='69e54e2448cc47087225640' value='69e54e2448cc47087225640'><input type='hidden' id='bg-show-more-text-69e54e2448cc47087225640' value='Materiales'><input type='hidden' id='bg-show-less-text-69e54e2448cc47087225640' value='Ver menos'><button id='bg-showmore-action-69e54e2448cc47087225640' class='bg-showmore-plg-button bg-blue-button bg-arrow '   style=\" color:;\">Materiales<\/button><div id='bg-showmore-hidden-69e54e2448cc47087225640' ><\/li>\n<li>Dispositivo con acceso a internet para las actividades sincr\u00f3nicas y remotas<\/li>\n<li>Acceso a Google drive<\/li>\n<li>Libreta para apuntes y dibujos (ojal\u00e1 sin renglones, o tener ambas opciones)<\/li>\n<li>L\u00e1pices, colores, marcadores, los materiales que tengan en casa, pinceles, acuarelas, etc.<\/div><span style=\"vertical-align: inherit;\"><input type='hidden' bg_collapse_expand='69e54e2448d340020166446' value='69e54e2448d340020166446'><input type='hidden' id='bg-show-more-text-69e54e2448d340020166446' value='Docente'><input type='hidden' id='bg-show-less-text-69e54e2448d340020166446' value='Ver menos'><button id='bg-showmore-action-69e54e2448d340020166446' class='bg-showmore-plg-button bg-blue-button bg-arrow '   style=\" color:#ebe6e6;\">Docente<\/button><div id='bg-showmore-hidden-69e54e2448d340020166446' ><\/span><\/li>\n<li>Daniela Henao es artista Interdisciplinar con intereses en las pr\u00e1cticas art\u00edsticas, la instalaci\u00f3n, las t\u00e9cnicas gr\u00e1ficas, el trabajo con comunidades, la docencia y el desarrollo audiovisual. Desde temprana edad comenz\u00f3 a estudiar en el Instituto Bellas Artes de Medell\u00edn, \u00e9poca en la que particip\u00f3 de exposiciones colectivas en La Escuela del Maestro, la Casa Barrientos y el Palacio Bellas Artes.<\/li>\n<li>En 2020 se gradu\u00f3 con honores como Maestra en Artes Pl\u00e1sticas de la Universidad Nacional de Colombia y ese mismo a\u00f1o fue una de las ganadoras del concurso Mujeres J\u00f3venes Talento en la categor\u00eda Artes con el Proyecto \u201cNuestra Casa\u201d. Ha participado en exposiciones colectivas en la galer\u00eda Paul Bardwell del Colombo Americano, La Experimental Casa Cultural en Barcelona, Espa\u00f1a, y el Museo de Arte Contempor\u00e1neo de Bogot\u00e1, y en 2022 realiz\u00f3 una exposici\u00f3n individual en la Casa Teatro El Poblado. Adem\u00e1s, fue curadora y gestora de dos exposiciones retrospectivas sobre los trabajos de su abuela Luc\u00eda en dos Parques Biblioteca de la ciudad.<\/li>\n<li>Ha realizado labores como tallerista de pintura para madres gestantes en EPS Sura, y entre 2017 y 2019 se dedic\u00f3 a la ense\u00f1anza de arte y manualidades en la Academia Arte Picassitos en Medell\u00edn. Dedica parte de su tiempo a labores como docente de arte para infantes y adultos, y desde 2019 hasta la fecha es voluntaria y gestora de proyectos en el barrio La Iguan\u00e1, donde ha trabajado de la mano con el programa de Voluntariado \u00c9tico de la Universidad Nacional, sede Medell\u00edn. Ha realizado talleres de t\u00e9cnicas gr\u00e1ficas en centros culturales de la ciudad como la Librer\u00eda Mutante y La Pascasia.<\/div><span style=\"vertical-align: inherit;\"><span style=\"vertical-align: inherit;\"><span style=\"vertical-align: inherit;\"><span style=\"vertical-align: inherit;\"><span style=\"vertical-align: inherit;\"><span style=\"vertical-align: inherit;\"><span style=\"vertical-align: inherit;\"><input type='hidden' bg_collapse_expand='69e54e2448da97031206993' value='69e54e2448da97031206993'><input type='hidden' id='bg-show-more-text-69e54e2448da97031206993' value='Dirigido a:'><input type='hidden' id='bg-show-less-text-69e54e2448da97031206993' value='Ver menos'><button id='bg-showmore-action-69e54e2448da97031206993' class='bg-showmore-plg-button bg-blue-button bg-arrow '   style=\" color:#ebe6e6;\">Dirigido a:<\/button><div id='bg-showmore-hidden-69e54e2448da97031206993' >J\u00f3venes y adultos. Dirigido a personas de todas las edades, conocedoras o no de estas t\u00e9cnicas.<\/span><\/span><\/span><\/span><\/span><\/span><\/span><span style=\"vertical-align: inherit\"><span style=\"vertical-align: inherit\"><span style=\"vertical-align: inherit\"><span style=\"vertical-align: inherit\"><span style=\"vertical-align: inherit\"><span style=\"vertical-align: inherit\"><span style=\"vertical-align: inherit\"><span style=\"vertical-align: inherit\"><\/div><\/span><\/span><\/span><\/span><\/span><\/span><\/span><\/span><input type='hidden' bg_collapse_expand='69e54e2448e832006649949' value='69e54e2448e832006649949'><input type='hidden' id='bg-show-more-text-69e54e2448e832006649949' value='Horarios '><input type='hidden' id='bg-show-less-text-69e54e2448e832006649949' value='Ver menos'><button id='bg-showmore-action-69e54e2448e832006649949' class='bg-showmore-plg-button bg-blue-button bg-arrow '   style=\" color:;\">Horarios <\/button><div id='bg-showmore-hidden-69e54e2448e832006649949' ><\/li>\n<li><span style=\"vertical-align: inherit\"><span style=\"vertical-align: inherit\"><span style=\"vertical-align: inherit\"><span style=\"vertical-align: inherit\"><span style=\"vertical-align: inherit\"><span style=\"vertical-align: inherit\"><span style=\"vertical-align: inherit\"><span style=\"vertical-align: inherit\">Fechas: 1 de agosto al 19 de septiembre 2023<\/span><\/span><\/span><\/span><\/span><\/span><\/span><\/span><br \/>\n<span style=\"vertical-align: inherit\"><span style=\"vertical-align: inherit\"><span style=\"vertical-align: inherit\"><span style=\"vertical-align: inherit\"><span style=\"vertical-align: inherit\"><span style=\"vertical-align: inherit\"><span style=\"vertical-align: inherit\"><span style=\"vertical-align: inherit\">Martes de 5:00 p.m. a 7:00 p.m.<\/span><\/span><\/span><\/span><\/span><\/span><\/span><\/span><\/li>\n<li><span style=\"vertical-align: inherit\"><span style=\"vertical-align: inherit\"><span style=\"vertical-align: inherit\"><span style=\"vertical-align: inherit\"><span style=\"vertical-align: inherit\"><span style=\"vertical-align: inherit\"><span style=\"vertical-align: inherit\"><span style=\"vertical-align: inherit\">Duraci\u00f3n:<\/span><\/span><\/span><\/span><\/span><\/span><\/span><\/span><br \/>\n<span style=\"vertical-align: inherit\"><span style=\"vertical-align: inherit\"><span style=\"vertical-align: inherit\"><span style=\"vertical-align: inherit\"><span style=\"vertical-align: inherit\"><span style=\"vertical-align: inherit\"><span style=\"vertical-align: inherit\"><span style=\"vertical-align: inherit\">24 horas \u2013 8 sesiones \u2013 8 semanas<\/span><\/span><\/span><\/span><\/span><\/span><\/span><\/span><\/li>\n<li><span style=\"vertical-align: inherit\"><span style=\"vertical-align: inherit\"><span style=\"vertical-align: inherit\"><span style=\"vertical-align: inherit\"><span style=\"vertical-align: inherit\"><span style=\"vertical-align: inherit\"><span style=\"vertical-align: inherit\"><span style=\"vertical-align: inherit\">2 horas sincr\u00f3nicas &#8211; 1 hora plataforma Moodle por semana<\/span><\/span><\/span><\/span><\/span><\/span><\/span><\/span><\/div><input type='hidden' bg_collapse_expand='69e54e24491504063858262' value='69e54e24491504063858262'><input type='hidden' id='bg-show-more-text-69e54e24491504063858262' value='Inscripci\u00f3n'><input type='hidden' id='bg-show-less-text-69e54e24491504063858262' value='Ver menos'><button id='bg-showmore-action-69e54e24491504063858262' class='bg-showmore-plg-button bg-blue-button bg-arrow '   style=\" color:;\">Inscripci\u00f3n<\/button><div id='bg-showmore-hidden-69e54e24491504063858262' ><\/li>\n<li>Inscripci\u00f3n gratuita (Cupos limitados)<\/li>\n<li>Del 18 al 30 julio de 2023<\/div><\/li>\n<\/ul>\n<p>[\/vc_column_text]<div class=\"wpb_content_element \"><style type=\"text\/css\">#bklyn_btn_69e54e2449216 .bklyn-btn { border-width:px !important; border-radius:px !important; background-color:#a746d7 !important; }<\/style><div id=\"bklyn_cta_69e54e2449215\" class=\"bklyn-call-to-action-wrapper\"><div class=\"bklyn-call-to-action-inner clearfix\"><div class=\"bklyn-call-to-action-content\"><p>Inscripciones abiertas hasta el 30 de julio 2023. Inicia 1 de agosto de 2023.<\/p>\n<\/div><div class=\"bklyn-call-to-action-button-holder\"><div id=\"bklyn_btn_69e54e2449216\" class=\"bklyn-btn-holder bklyn-btn-center bklyn-btn-tablet-center bklyn-btn-mobile-center\"><a title=\"Contacto\" href=\"https:\/\/forms.gle\/DtrL98w3PtwU5WFf9\" target=\"_self\" class=\"bklyn-btn bklyn-btn-normal \" rel=\"nofollow\">Inscr\u00edbete<\/a><\/div><\/div><\/div><\/div><\/div>[\/vc_column][vc_column width=\u00bb1\/6&#8243;][\/vc_column][\/vc_row][vc_row][vc_column][vc_column_text][\/vc_column_text][\/vc_column][\/vc_row]<\/p>\n<\/div>","protected":false},"excerpt":{"rendered":"<p>[vc_row][vc_column width=\u00bb1\/6&#8243;][vc_column_text][\/vc_column_text][\/vc_column][vc_column width=\u00bb2\/3&#8243;][vc_column_text css=\u00bb.vc_custom_1689651924580{background-color: rgb(255, 255, 255) !important;background-position: center !important;background-repeat: no-repeat !important;background-size: contain !important;}\u00bb]\u00a0 Dibujo y escritura como herramientas para sentipensar nuestro habitar Los ojos, la mente, la lectura y la escritura, han sido hist\u00f3ricamente los principales medios para aprender, pero en la realidad pr\u00e1ctica no existe separaci\u00f3n entre sentir y pensar, pues tambi\u00e9n desde [&hellip;]<\/p>\n","protected":false},"author":1,"featured_media":0,"parent":0,"menu_order":0,"comment_status":"closed","ping_status":"closed","template":"","meta":{"footnotes":""},"class_list":["post-12166","page","type-page","status-publish","hentry"],"_links":{"self":[{"href":"https:\/\/www.arteenboga.com.co\/la\/wp-json\/wp\/v2\/pages\/12166","targetHints":{"allow":["GET"]}}],"collection":[{"href":"https:\/\/www.arteenboga.com.co\/la\/wp-json\/wp\/v2\/pages"}],"about":[{"href":"https:\/\/www.arteenboga.com.co\/la\/wp-json\/wp\/v2\/types\/page"}],"author":[{"embeddable":true,"href":"https:\/\/www.arteenboga.com.co\/la\/wp-json\/wp\/v2\/users\/1"}],"replies":[{"embeddable":true,"href":"https:\/\/www.arteenboga.com.co\/la\/wp-json\/wp\/v2\/comments?post=12166"}],"version-history":[{"count":9,"href":"https:\/\/www.arteenboga.com.co\/la\/wp-json\/wp\/v2\/pages\/12166\/revisions"}],"predecessor-version":[{"id":12282,"href":"https:\/\/www.arteenboga.com.co\/la\/wp-json\/wp\/v2\/pages\/12166\/revisions\/12282"}],"wp:attachment":[{"href":"https:\/\/www.arteenboga.com.co\/la\/wp-json\/wp\/v2\/media?parent=12166"}],"curies":[{"name":"wp","href":"https:\/\/api.w.org\/{rel}","templated":true}]}}