{"id":12162,"date":"2023-07-10T08:08:45","date_gmt":"2023-07-10T08:08:45","guid":{"rendered":"https:\/\/www.arteenboga.com.co\/la\/?page_id=12162"},"modified":"2023-07-19T02:16:28","modified_gmt":"2023-07-19T02:16:28","slug":"curso-arte-objetual-y-territorio-contenidos","status":"publish","type":"page","link":"https:\/\/www.arteenboga.com.co\/la\/curso-arte-objetual-y-territorio-contenidos\/","title":{"rendered":"Curso Arte Objetual y Territorio Contenidos"},"content":{"rendered":"<div class=\"wpb-content-wrapper\"><p>[vc_row][vc_column width=\u00bb1\/6&#8243;][vc_column_text]<span style=\"vertical-align: inherit;\"><span style=\"vertical-align: inherit;\">[\/vc_column_text][\/vc_column][vc_column width=\u00bb2\/3&#8243;][vc_column_text css=\u00bb.vc_custom_1689653730197{background-color: rgb(255, 255, 255) !important;background-position: center !important;background-repeat: no-repeat !important;background-size: contain !important;}\u00bb]\u00a0<\/span><\/span><\/p>\n<h2><span style=\"color: #008080;\">El arte objetual como dispositivo para explorar, crear y reflexionar sobre el territorio<\/span><\/h2>\n<p class=\"p1\">El taller busca desarrollar un proceso creativo en el cual cada participante intervendr\u00e1 objetos a partir de su relaci\u00f3n con el territorio y su cotidianidad, compartir\u00e1 saberes, an\u00e1lisis y reflexiones desde conceptos centrales del arte como la cr\u00edtica, la est\u00e9tica y lo pol\u00edtico. As\u00ed estos intercambios reflexivos orientar\u00e1n el proceso de la elaboraci\u00f3n de objetos art\u00edsticos desde la experimentaci\u00f3n, el hacer, el recrear y la re conceptualizaci\u00f3n simb\u00f3lica. As\u00ed al finalizar el proceso creativo cada participante compartir\u00e1 de forma colectiva su creaci\u00f3n.<\/p>\n<input type='hidden' bg_collapse_expand='69e54e7f7f8591017592753' value='69e54e7f7f8591017592753'><input type='hidden' id='bg-show-more-text-69e54e7f7f8591017592753' value='Objetivos'><input type='hidden' id='bg-show-less-text-69e54e7f7f8591017592753' value='Ver menos'><button id='bg-showmore-action-69e54e7f7f8591017592753' class='bg-showmore-plg-button bg-blue-button bg-arrow '   style=\" color:;\">Objetivos<\/button><div id='bg-showmore-hidden-69e54e7f7f8591017592753' >\n<ul>\n<li style=\"font-weight: 400\">Reconocer procesos de creaci\u00f3n y desarrollar una ruta creativa que incorpore conceptos como territorio, cr\u00edtica, est\u00e9tica y lo pol\u00edtico en el arte.<\/li>\n<li style=\"font-weight: 400\">Crear y elaborar un objeto art\u00edstico como experiencia simb\u00f3lica, \u00e9tica y est\u00e9tica desde la diversidad de ambientes y entornos cotidianos del territorio en el que habita cada participante.<\/li>\n<li style=\"font-weight: 400\"><span style=\"vertical-align: inherit\"><span style=\"vertical-align: inherit\"><span style=\"vertical-align: inherit\"><span style=\"vertical-align: inherit\"><span style=\"vertical-align: inherit\"><span style=\"vertical-align: inherit\"><span style=\"vertical-align: inherit\"><span style=\"vertical-align: inherit\"><span style=\"vertical-align: inherit\"><span style=\"vertical-align: inherit\">Compartir una muestra virtual de objetos art\u00edsticos que evidencie el proceso creativo del taller.<\/div><\/span><\/span><\/span><\/span><\/span><\/span><\/span><\/span><\/span><\/span><input type='hidden' bg_collapse_expand='69e54e7f7fb396053597943' value='69e54e7f7fb396053597943'><input type='hidden' id='bg-show-more-text-69e54e7f7fb396053597943' value='Contenidos'><input type='hidden' id='bg-show-less-text-69e54e7f7fb396053597943' value='Ver menos'><button id='bg-showmore-action-69e54e7f7fb396053597943' class='bg-showmore-plg-button bg-blue-button bg-arrow '   style=\" color:;\">Contenidos<\/button><div id='bg-showmore-hidden-69e54e7f7fb396053597943' ><\/li>\n<li style=\"font-weight: 400\">Sesi\u00f3n 1: Presentaci\u00f3n, expectativas y socializaci\u00f3n de las etapas del taller &#8211; Collage sobre el Arte &#8211; \u00bfPara qu\u00e9 una ruta creativa?.<\/li>\n<li style=\"font-weight: 400\">Sesi\u00f3n 2: Ruta creativa: acercarnos al territorio su definici\u00f3n y reflexi\u00f3n &#8211; Ejercicio colectivo &#8211; Revisi\u00f3n aut\u00f3noma de material.<\/li>\n<li style=\"font-weight: 400\">Sesi\u00f3n 3: Ruta creativa: acercarnos a lo cr\u00edtico su definici\u00f3n y reflexi\u00f3n &#8211; Intervenci\u00f3n objeto &#8211; Revisi\u00f3n aut\u00f3noma de material.<\/li>\n<li style=\"font-weight: 400\">Sesi\u00f3n 4: Ruta creativa: acercarnos a lo est\u00e9tico su definici\u00f3n y reflexi\u00f3n &#8211; Intervenci\u00f3n objeto &#8211; Revisi\u00f3n aut\u00f3noma de material.<\/li>\n<li style=\"font-weight: 400\">Sesi\u00f3n 5: Ruta creativa: acercarnos a lo pol\u00edtico su definici\u00f3n y reflexi\u00f3n &#8211; Intervenci\u00f3n Objeto &#8211; Revisi\u00f3n aut\u00f3noma de material.<\/li>\n<li style=\"font-weight: 400\">Sesi\u00f3n 6: Ruta creativa: acercarnos a la cartograf\u00eda su definici\u00f3n y reflexi\u00f3n &#8211; Intervenci\u00f3n Objeto.<\/li>\n<li style=\"font-weight: 400\">Sesi\u00f3n 7: Ruta creativa: resumen y ejercicio de retroalimentaci\u00f3n colectiva.<\/li>\n<li style=\"font-weight: 400\">Sesi\u00f3n 8: Muestra colectiva reflexi\u00f3n final &#8211; Evaluaci\u00f3n.<\/div><input type='hidden' bg_collapse_expand='69e54e7f7fc728008796862' value='69e54e7f7fc728008796862'><input type='hidden' id='bg-show-more-text-69e54e7f7fc728008796862' value='Metodolog\u00eda'><input type='hidden' id='bg-show-less-text-69e54e7f7fc728008796862' value='Ver menos'><button id='bg-showmore-action-69e54e7f7fc728008796862' class='bg-showmore-plg-button bg-blue-button bg-arrow '   style=\" color:;\">Metodolog\u00eda<\/button><div id='bg-showmore-hidden-69e54e7f7fc728008796862' ><\/li>\n<\/ul>\n<p><span style=\"font-weight: 400\">Este taller virtual est\u00e1 dise\u00f1ado en 3 etapas simult\u00e1neas: encuentros sincr\u00f3nicos, actividades aut\u00f3nomas y ruta creativa descritos a continuaci\u00f3n:\u00a0<\/span><\/p>\n<ul>\n<li style=\"font-weight: 400\"><span style=\"font-weight: 400\">Los encuentros sincr\u00f3nicos son espacios semanales de dos horas en los cuales se desarrollan contenidos, temas y conceptos a trav\u00e9s de herramientas digitales, siempre permitiendo el di\u00e1logo para compartir reflexiones y saberes, realizar seguimiento, ejercicios pr\u00e1cticos y resolver dudas.<\/span><\/li>\n<li style=\"font-weight: 400\"><span style=\"font-weight: 400\">Las actividades aut\u00f3nomas son espacios de una hora de trabajo asincr\u00f3nico del participante que est\u00e1n dise\u00f1adas con el prop\u00f3sito de enriquecer, inspirar y generar reflexiones como insumo para el proceso creativo y para las sesiones de trabajo.<\/span><\/li>\n<li style=\"font-weight: 400\"><span style=\"font-weight: 400\">El proceso creativo es la etapa en la que el participante desarrollar\u00e1 una ruta creativa propia en la cual define su objeto &#8211; territorio, conceptualiza e interviene con otros materiales, dispositivos o elementos para configurar nuevos sentidos desde el lenguaje est\u00e9tico, este objeto art\u00edstico ser\u00e1 expuesto y socializado en la sesi\u00f3n de clausura.<\/span><\/li>\n<\/ul>\n<p><span style=\"font-weight: 400\">As\u00ed durante este proceso denominado Ruta Creativa el participante podr\u00e1 experimentar, crear y resignificar de forma cr\u00edtica sobre los objetos cotidianos escogidos, intervenci\u00f3n que ser\u00e1 facilitada durante los ejercicios pr\u00e1cticos desarrollados en las sesiones de trabajo de esta manera para la clausura del taller cada participante expondr\u00e1 los resultados de su proceso creativo<\/span>.<\/div><input type='hidden' bg_collapse_expand='69e54e7f7fd812040166165' value='69e54e7f7fd812040166165'><input type='hidden' id='bg-show-more-text-69e54e7f7fd812040166165' value='Materiales'><input type='hidden' id='bg-show-less-text-69e54e7f7fd812040166165' value='Ver menos'><button id='bg-showmore-action-69e54e7f7fd812040166165' class='bg-showmore-plg-button bg-blue-button bg-arrow '   style=\" color:;\">Materiales<\/button><div id='bg-showmore-hidden-69e54e7f7fd812040166165' ><\/p>\n<ul>\n<li>3 objetos (libre elecci\u00f3n)<br \/>\n1 Retablo de MDF 25 x 25 cm 1 cm grosor.<br \/>\n3 Vinilo negro y otros colores.<br \/>\n1 Bistur\u00ed.<br \/>\n1 Rollo de cinta de enmascarar\/transparente.<\/div><span style=\"vertical-align: inherit;\"><input type='hidden' bg_collapse_expand='69e54e7f7fe0d2034962156' value='69e54e7f7fe0d2034962156'><input type='hidden' id='bg-show-more-text-69e54e7f7fe0d2034962156' value='Docente'><input type='hidden' id='bg-show-less-text-69e54e7f7fe0d2034962156' value='Ver menos'><button id='bg-showmore-action-69e54e7f7fe0d2034962156' class='bg-showmore-plg-button bg-blue-button bg-arrow '   style=\" color:#ebe6e6;\">Docente<\/button><div id='bg-showmore-hidden-69e54e7f7fe0d2034962156' ><\/span><\/li>\n<\/ul>\n<p><span style=\"vertical-align: inherit\"><span style=\"vertical-align: inherit\">Francisco Miguel Mar\u00edn Guti\u00e9rrez es Maestro en Artes Visuales de la Universidad de Nari\u00f1o, Productor Audiovisual y Activista Defensor de Derechos Humanos, desde muy joven apasionado por temas como el antimilitarismo, la memoria, la verdad, los derechos humanos y el conflicto armado en Colombia. Ha participado de procesos de intervenci\u00f3n p\u00fablica como performance, acciones directas no violentas, exposiciones art\u00edsticas y la realizaci\u00f3n de piezas audiovisuales de ficci\u00f3n y documental. Cree en el arte, la comunicaci\u00f3n y el cine como herramientas para transformar la realidad.<\/div><\/span><\/span><span style=\"vertical-align: inherit;\"><span style=\"vertical-align: inherit;\"><span style=\"vertical-align: inherit;\"><span style=\"vertical-align: inherit;\"><span style=\"vertical-align: inherit;\"><span style=\"vertical-align: inherit;\"><span style=\"vertical-align: inherit;\"><input type='hidden' bg_collapse_expand='69e54e7f7fea19091728958' value='69e54e7f7fea19091728958'><input type='hidden' id='bg-show-more-text-69e54e7f7fea19091728958' value='Dirigido a:'><input type='hidden' id='bg-show-less-text-69e54e7f7fea19091728958' value='Ver menos'><button id='bg-showmore-action-69e54e7f7fea19091728958' class='bg-showmore-plg-button bg-blue-button bg-arrow '   style=\" color:#ebe6e6;\">Dirigido a:<\/button><div id='bg-showmore-hidden-69e54e7f7fea19091728958' ><\/span><\/span><\/span><\/span><\/span><\/span><\/span>Dirigido al p\u00fablico joven y adulto, interesados en las pr\u00e1cticas art\u00edsticas, con o sin conocimientos en artes.<span style=\"vertical-align: inherit\"><span style=\"vertical-align: inherit\"><span style=\"vertical-align: inherit\"><span style=\"vertical-align: inherit\"><span style=\"vertical-align: inherit\"><span style=\"vertical-align: inherit\"><span style=\"vertical-align: inherit\"><span style=\"vertical-align: inherit\"><\/div><\/span><\/span><\/span><\/span><\/span><\/span><\/span><\/span><input type='hidden' bg_collapse_expand='69e54e7f7ff769079423692' value='69e54e7f7ff769079423692'><input type='hidden' id='bg-show-more-text-69e54e7f7ff769079423692' value='Horarios '><input type='hidden' id='bg-show-less-text-69e54e7f7ff769079423692' value='Ver menos'><button id='bg-showmore-action-69e54e7f7ff769079423692' class='bg-showmore-plg-button bg-blue-button bg-arrow '   style=\" color:;\">Horarios <\/button><div id='bg-showmore-hidden-69e54e7f7ff769079423692' ><\/p>\n<ul>\n<li><span style=\"vertical-align: inherit\"><span style=\"vertical-align: inherit\"><span style=\"vertical-align: inherit\"><span style=\"vertical-align: inherit\"><span style=\"vertical-align: inherit\"><span style=\"vertical-align: inherit\"><span style=\"vertical-align: inherit\"><span style=\"vertical-align: inherit\">Fechas: 02 de agosto al 20 de septiembre 2023<\/span><\/span><\/span><\/span><\/span><\/span><\/span><\/span><br \/>\n<span style=\"vertical-align: inherit\"><span style=\"vertical-align: inherit\"><span style=\"vertical-align: inherit\"><span style=\"vertical-align: inherit\"><span style=\"vertical-align: inherit\"><span style=\"vertical-align: inherit\"><span style=\"vertical-align: inherit\"><span style=\"vertical-align: inherit\">Mi\u00e9rcoles 6:00 p.m. a 8:00 p.m.<\/span><\/span><\/span><\/span><\/span><\/span><\/span><\/span><\/li>\n<li><span style=\"vertical-align: inherit\"><span style=\"vertical-align: inherit\"><span style=\"vertical-align: inherit\"><span style=\"vertical-align: inherit\"><span style=\"vertical-align: inherit\"><span style=\"vertical-align: inherit\"><span style=\"vertical-align: inherit\"><span style=\"vertical-align: inherit\">Duraci\u00f3n:<\/span><\/span><\/span><\/span><\/span><\/span><\/span><\/span><br \/>\n<span style=\"vertical-align: inherit\"><span style=\"vertical-align: inherit\"><span style=\"vertical-align: inherit\"><span style=\"vertical-align: inherit\"><span style=\"vertical-align: inherit\"><span style=\"vertical-align: inherit\"><span style=\"vertical-align: inherit\"><span style=\"vertical-align: inherit\">24 horas \u2013 8 sesiones \u2013 8 semanas<\/span><\/span><\/span><\/span><\/span><\/span><\/span><\/span><\/li>\n<li><span style=\"vertical-align: inherit\"><span style=\"vertical-align: inherit\"><span style=\"vertical-align: inherit\"><span style=\"vertical-align: inherit\"><span style=\"vertical-align: inherit\"><span style=\"vertical-align: inherit\"><span style=\"vertical-align: inherit\"><span style=\"vertical-align: inherit\">2 horas sincr\u00f3nicas &#8211; 1 hora plataforma Moodle por semana<\/span><\/span><\/span><\/span><\/span><\/span><\/span><\/span><\/div><input type='hidden' bg_collapse_expand='69e54e7f802204050002934' value='69e54e7f802204050002934'><input type='hidden' id='bg-show-more-text-69e54e7f802204050002934' value='Inscripci\u00f3n'><input type='hidden' id='bg-show-less-text-69e54e7f802204050002934' value='Ver menos'><button id='bg-showmore-action-69e54e7f802204050002934' class='bg-showmore-plg-button bg-blue-button bg-arrow '   style=\" color:;\">Inscripci\u00f3n<\/button><div id='bg-showmore-hidden-69e54e7f802204050002934' ><\/li>\n<li>Inscripci\u00f3n gratuita (Cupos limitados)<\/li>\n<li>Del 18 al 30 de julio 2023<\/div><\/li>\n<\/ul>\n<p>[\/vc_column_text]<div class=\"wpb_content_element \"><style type=\"text\/css\">#bklyn_btn_69e54e7f802d1 .bklyn-btn { border-width:px !important; border-radius:px !important; background-color:#a746d7 !important; }<\/style><div id=\"bklyn_cta_69e54e7f802d0\" class=\"bklyn-call-to-action-wrapper\"><div class=\"bklyn-call-to-action-inner clearfix\"><div class=\"bklyn-call-to-action-content\"><p>Inscripciones abiertas hasta el 30 de julio 2023. Inicia 02 de agosto de 2023.<\/p>\n<\/div><div class=\"bklyn-call-to-action-button-holder\"><div id=\"bklyn_btn_69e54e7f802d1\" class=\"bklyn-btn-holder bklyn-btn-center bklyn-btn-tablet-center bklyn-btn-mobile-center\"><a title=\"Contacto\" href=\"https:\/\/forms.gle\/DtrL98w3PtwU5WFf9\" target=\"_self\" class=\"bklyn-btn bklyn-btn-normal \" rel=\"nofollow\">Inscr\u00edbete<\/a><\/div><\/div><\/div><\/div><\/div>[\/vc_column][vc_column width=\u00bb1\/6&#8243;][\/vc_column][\/vc_row][vc_row][vc_column][vc_column_text][\/vc_column_text][\/vc_column][\/vc_row]<\/p>\n<\/div>","protected":false},"excerpt":{"rendered":"<p>[vc_row][vc_column width=\u00bb1\/6&#8243;][vc_column_text][\/vc_column_text][\/vc_column][vc_column width=\u00bb2\/3&#8243;][vc_column_text css=\u00bb.vc_custom_1689653730197{background-color: rgb(255, 255, 255) !important;background-position: center !important;background-repeat: no-repeat !important;background-size: contain !important;}\u00bb]\u00a0 El arte objetual como dispositivo para explorar, crear y reflexionar sobre el territorio El taller busca desarrollar un proceso creativo en el cual cada participante intervendr\u00e1 objetos a partir de su relaci\u00f3n con el territorio y su cotidianidad, compartir\u00e1 saberes, an\u00e1lisis [&hellip;]<\/p>\n","protected":false},"author":1,"featured_media":0,"parent":0,"menu_order":0,"comment_status":"closed","ping_status":"closed","template":"","meta":{"footnotes":""},"class_list":["post-12162","page","type-page","status-publish","hentry"],"_links":{"self":[{"href":"https:\/\/www.arteenboga.com.co\/la\/wp-json\/wp\/v2\/pages\/12162","targetHints":{"allow":["GET"]}}],"collection":[{"href":"https:\/\/www.arteenboga.com.co\/la\/wp-json\/wp\/v2\/pages"}],"about":[{"href":"https:\/\/www.arteenboga.com.co\/la\/wp-json\/wp\/v2\/types\/page"}],"author":[{"embeddable":true,"href":"https:\/\/www.arteenboga.com.co\/la\/wp-json\/wp\/v2\/users\/1"}],"replies":[{"embeddable":true,"href":"https:\/\/www.arteenboga.com.co\/la\/wp-json\/wp\/v2\/comments?post=12162"}],"version-history":[{"count":17,"href":"https:\/\/www.arteenboga.com.co\/la\/wp-json\/wp\/v2\/pages\/12162\/revisions"}],"predecessor-version":[{"id":12280,"href":"https:\/\/www.arteenboga.com.co\/la\/wp-json\/wp\/v2\/pages\/12162\/revisions\/12280"}],"wp:attachment":[{"href":"https:\/\/www.arteenboga.com.co\/la\/wp-json\/wp\/v2\/media?parent=12162"}],"curies":[{"name":"wp","href":"https:\/\/api.w.org\/{rel}","templated":true}]}}