{"id":12139,"date":"2023-07-10T06:57:02","date_gmt":"2023-07-10T06:57:02","guid":{"rendered":"https:\/\/www.arteenboga.com.co\/la\/?page_id=12139"},"modified":"2023-07-19T02:15:11","modified_gmt":"2023-07-19T02:15:11","slug":"curso-de-narrativas-urbanas-audiovisuales-contenidos","status":"publish","type":"page","link":"https:\/\/www.arteenboga.com.co\/la\/curso-de-narrativas-urbanas-audiovisuales-contenidos\/","title":{"rendered":"Curso de Narrativas Urbanas Audiovisuales Contenidos"},"content":{"rendered":"<div class=\"wpb-content-wrapper\"><p>[vc_row][vc_column width=\u00bb1\/6&#8243;][vc_column_text]<span style=\"vertical-align: inherit;\"><span style=\"vertical-align: inherit;\">[\/vc_column_text][\/vc_column][vc_column width=\u00bb2\/3&#8243;][vc_column_text css=\u00bb.vc_custom_1689697183682{background-color: rgb(255, 255, 255) !important;background-position: center !important;background-repeat: no-repeat !important;background-size: contain !important;}\u00bb]\u00a0<\/span><\/span><\/p>\n<h2><span style=\"color: #008080;\">Narrativas Urbanas: la fotograf\u00eda y el relato en torno a mi territorio<\/span><\/h2>\n<p class=\"p1\">El taller de narrativas audiovisuales permitir\u00e1 la construcci\u00f3n de relatos fotogr\u00e1ficos y visuales en torno a mi territorio como lugar que cotidianamente habito o me habita, as\u00ed como la relaci\u00f3n que tengo con la comunidad que me circunde. Se trata de un espacio de creaci\u00f3n para encontrarme dentro de la cartograf\u00eda de mi territorio, encontrando una voz y mirada desde lo audiovisual y las narrativas digitales al alcance de todos.<\/p>\n<input type='hidden' bg_collapse_expand='69e54e7ea21bd7030121937' value='69e54e7ea21bd7030121937'><input type='hidden' id='bg-show-more-text-69e54e7ea21bd7030121937' value='Objetivos'><input type='hidden' id='bg-show-less-text-69e54e7ea21bd7030121937' value='Ver menos'><button id='bg-showmore-action-69e54e7ea21bd7030121937' class='bg-showmore-plg-button bg-blue-button bg-arrow '   style=\" color:;\">Objetivos<\/button><div id='bg-showmore-hidden-69e54e7ea21bd7030121937' >\n<ul>\n<li style=\"font-weight: 400\">Conocer y reconocer aspectos importantes del territorio donde se habita.<\/li>\n<li style=\"font-weight: 400\">Discutir temas o problem\u00e1ticas particulares de la cultura que hay sobre el territorio.<\/li>\n<li style=\"font-weight: 400\"><span style=\"vertical-align: inherit\"><span style=\"vertical-align: inherit\"><span style=\"vertical-align: inherit\"><span style=\"vertical-align: inherit\"><span style=\"vertical-align: inherit\"><span style=\"vertical-align: inherit\"><span style=\"vertical-align: inherit\"><span style=\"vertical-align: inherit\"><span style=\"vertical-align: inherit\"><span style=\"vertical-align: inherit\">Aprender de una manera din\u00e1mica y visual como los participantes se relacionan con el entorno en el que habitan.<\/span><\/span><\/span><\/span><\/span><\/span><\/span><\/span><\/span><\/span><\/li>\n<li style=\"font-weight: 400\"><span style=\"font-weight: 400\">Analizar por medio de relatos y fotograf\u00edas las interacciones que se generan con el territorio.<\/span><span style=\"vertical-align: inherit\"><span style=\"vertical-align: inherit\"><span style=\"vertical-align: inherit\"><span style=\"vertical-align: inherit\"><span style=\"vertical-align: inherit\"><span style=\"vertical-align: inherit\"><span style=\"vertical-align: inherit\"><span style=\"vertical-align: inherit\"><span style=\"vertical-align: inherit\"><span style=\"vertical-align: inherit\"><\/div><\/span><\/span><\/span><\/span><\/span><\/span><\/span><\/span><\/span><\/span><input type='hidden' bg_collapse_expand='69e54e7ea246e2069333986' value='69e54e7ea246e2069333986'><input type='hidden' id='bg-show-more-text-69e54e7ea246e2069333986' value='Contenidos'><input type='hidden' id='bg-show-less-text-69e54e7ea246e2069333986' value='Ver menos'><button id='bg-showmore-action-69e54e7ea246e2069333986' class='bg-showmore-plg-button bg-blue-button bg-arrow '   style=\" color:;\">Contenidos<\/button><div id='bg-showmore-hidden-69e54e7ea246e2069333986' ><\/li>\n<li style=\"font-weight: 400\">Sesi\u00f3n 1: Narrativas Urbanas &#8211; Proyecci\u00f3n de los participantes a nivel interpersonal y colectivo<\/li>\n<li style=\"font-weight: 400\">Sesi\u00f3n 2: Cartograf\u00eda Social &#8211; Producci\u00f3n de mapas sociales, ya sea personal o colectivos, donde se identifica el territorio en donde habitan los participantes<\/li>\n<li style=\"font-weight: 400\">Sesi\u00f3n 3: Storytelling &#8211; Relatos de cada participantes en donde exponen temas o problem\u00e1ticas particulares de ese territorio<\/li>\n<li style=\"font-weight: 400\">Sesi\u00f3n 4: Fotograf\u00eda en los territorios &#8211; mirar el territorio a trav\u00e9s del lente de una c\u00e1mara<\/li>\n<li style=\"font-weight: 400\">Sesi\u00f3n 5: Fotograf\u00eda Urbana &#8211; Los participantes que hagan parte de la zona urbana, mirar su entorno por medio del lente de una c\u00e1mara<\/li>\n<li style=\"font-weight: 400\">Sesi\u00f3n 6: La fotograf\u00eda como impulsor de historias &#8211; con las fotograf\u00edas que se tienen poder contar una historia de ese territorio al que pertenecen<\/li>\n<li style=\"font-weight: 400\">Sesi\u00f3n 7: Proyectos &#8211; Formulaci\u00f3n de los proyectos para su presentaci\u00f3n final<\/li>\n<li style=\"font-weight: 400\">Sesi\u00f3n 8: Presentaci\u00f3n de Proyectos &#8211; Clase final donde el participante a modo de galer\u00eda, expone sus fotograf\u00eda y relatos en torno a ese territorio<\/div><input type='hidden' bg_collapse_expand='69e54e7ea25b73057899934' value='69e54e7ea25b73057899934'><input type='hidden' id='bg-show-more-text-69e54e7ea25b73057899934' value='Metodolog\u00eda'><input type='hidden' id='bg-show-less-text-69e54e7ea25b73057899934' value='Ver menos'><button id='bg-showmore-action-69e54e7ea25b73057899934' class='bg-showmore-plg-button bg-blue-button bg-arrow '   style=\" color:;\">Metodolog\u00eda<\/button><div id='bg-showmore-hidden-69e54e7ea25b73057899934' >Al ser un taller virtual se busca que la metodolog\u00eda sea de aprendizaje activo, donde es importante la participaci\u00f3n no solo del profesor, sino de los estudiantes, se llegar\u00e1 a una exploraci\u00f3n de preguntas y respuestas relacionadas con los temas que se ir\u00e1n desarrollando durante la cursada, los estudiantes podr\u00e1n llegar a esas respuestas por medio de la interacci\u00f3n a trav\u00e9s de foros y debates virtuales, esto con el fin de motivar la pr\u00e1ctica de discusi\u00f3n y el intercambio de saberes. Utilizaremos material did\u00e1ctico en formatos de video, presentaci\u00f3n juego de roles, entre otros.<\/div><input type='hidden' bg_collapse_expand='69e54e7ea26290060231257' value='69e54e7ea26290060231257'><input type='hidden' id='bg-show-more-text-69e54e7ea26290060231257' value='Materiales'><input type='hidden' id='bg-show-less-text-69e54e7ea26290060231257' value='Ver menos'><button id='bg-showmore-action-69e54e7ea26290060231257' class='bg-showmore-plg-button bg-blue-button bg-arrow '   style=\" color:;\">Materiales<\/button><div id='bg-showmore-hidden-69e54e7ea26290060231257' ><\/li>\n<\/ul>\n<p>Computador, conexi\u00f3n a internet, celular con c\u00e1mara.<\/div><span style=\"vertical-align: inherit;\"><input type='hidden' bg_collapse_expand='69e54e7ea26a29048330824' value='69e54e7ea26a29048330824'><input type='hidden' id='bg-show-more-text-69e54e7ea26a29048330824' value='Docente'><input type='hidden' id='bg-show-less-text-69e54e7ea26a29048330824' value='Ver menos'><button id='bg-showmore-action-69e54e7ea26a29048330824' class='bg-showmore-plg-button bg-blue-button bg-arrow '   style=\" color:#ebe6e6;\">Docente<\/button><div id='bg-showmore-hidden-69e54e7ea26a29048330824' ><\/span><span style=\"vertical-align: inherit\"><span style=\"vertical-align: inherit\">Guadalupe Escandon es Egresada del Programa de Cine y Comunicaci\u00f3n Digital de la Universidad Aut\u00f3noma de Occidente (2021), cuenta con un Diplomado en Escritura de Guion Cinematogr\u00e1fico de la Escuela de Cine y Fotograf\u00eda Cibeff en M\u00e9xico y merecedora de la Beca de Proimagenes y la Universidad Javeriana sobre \u201cMercado Audiovisual Internacional\u201d. Actualmente, colabora en el proyecto \u201cCalibelula en las Aulas\u201d financiado por el Festival de Cine Infantil y Juvenil Calibelula, donde se dictan talleres de cinematograf\u00eda a diferentes colegios de la ciudad de Santiago de Cali. Su proyecto de grado, titulado \u201cPerdonando lo Imperdonable\u201d fue seleccionado en diferentes festivales de cine tanto a nivel nacional como internacional, donde obtuvo varios reconocimientos; Mejor Cortometraje Apasionado en el Festival Villa del Cine en Villa de Leyva, Boyac\u00e1, el premio Kolibri en la Paz, Bolivia y Nominaci\u00f3n para el premio V\u00edctor Nieto en la Ciudad de Cartagena de Indias.<\/div><\/span><\/span><span style=\"vertical-align: inherit;\"><span style=\"vertical-align: inherit;\"><span style=\"vertical-align: inherit;\"><span style=\"vertical-align: inherit;\"><span style=\"vertical-align: inherit;\"><span style=\"vertical-align: inherit;\"><span style=\"vertical-align: inherit;\"><input type='hidden' bg_collapse_expand='69e54e7ea272b0011279535' value='69e54e7ea272b0011279535'><input type='hidden' id='bg-show-more-text-69e54e7ea272b0011279535' value='Dirigido a:'><input type='hidden' id='bg-show-less-text-69e54e7ea272b0011279535' value='Ver menos'><button id='bg-showmore-action-69e54e7ea272b0011279535' class='bg-showmore-plg-button bg-blue-button bg-arrow '   style=\" color:#ebe6e6;\">Dirigido a:<\/button><div id='bg-showmore-hidden-69e54e7ea272b0011279535' >J\u00f3venes y adultos interesados en el tema, no requiere conocimientos previos<\/span><\/span><\/span><\/span><\/span><\/span><\/span>.<span style=\"vertical-align: inherit\"><span style=\"vertical-align: inherit\"><span style=\"vertical-align: inherit\"><span style=\"vertical-align: inherit\"><span style=\"vertical-align: inherit\"><span style=\"vertical-align: inherit\"><span style=\"vertical-align: inherit\"><span style=\"vertical-align: inherit\"><\/div><\/span><\/span><\/span><\/span><\/span><\/span><\/span><\/span><input type='hidden' bg_collapse_expand='69e54e7ea28189030069481' value='69e54e7ea28189030069481'><input type='hidden' id='bg-show-more-text-69e54e7ea28189030069481' value='Horarios '><input type='hidden' id='bg-show-less-text-69e54e7ea28189030069481' value='Ver menos'><button id='bg-showmore-action-69e54e7ea28189030069481' class='bg-showmore-plg-button bg-blue-button bg-arrow '   style=\" color:;\">Horarios <\/button><div id='bg-showmore-hidden-69e54e7ea28189030069481' ><\/p>\n<ul>\n<li><span style=\"vertical-align: inherit\"><span style=\"vertical-align: inherit\"><span style=\"vertical-align: inherit\"><span style=\"vertical-align: inherit\"><span style=\"vertical-align: inherit\"><span style=\"vertical-align: inherit\"><span style=\"vertical-align: inherit\"><span style=\"vertical-align: inherit\">Fechas: 3 de agosto al 21 de septiembre 2023<\/span><\/span><\/span><\/span><\/span><\/span><\/span><\/span><br \/>\n<span style=\"vertical-align: inherit\"><span style=\"vertical-align: inherit\"><span style=\"vertical-align: inherit\"><span style=\"vertical-align: inherit\"><span style=\"vertical-align: inherit\"><span style=\"vertical-align: inherit\"><span style=\"vertical-align: inherit\"><span style=\"vertical-align: inherit\">Jueves 5:00 p.m. a 7:00 p.m.<\/span><\/span><\/span><\/span><\/span><\/span><\/span><\/span><\/li>\n<li><span style=\"vertical-align: inherit\"><span style=\"vertical-align: inherit\"><span style=\"vertical-align: inherit\"><span style=\"vertical-align: inherit\"><span style=\"vertical-align: inherit\"><span style=\"vertical-align: inherit\"><span style=\"vertical-align: inherit\"><span style=\"vertical-align: inherit\">Duraci\u00f3n:<\/span><\/span><\/span><\/span><\/span><\/span><\/span><\/span><br \/>\n<span style=\"vertical-align: inherit\"><span style=\"vertical-align: inherit\"><span style=\"vertical-align: inherit\"><span style=\"vertical-align: inherit\"><span style=\"vertical-align: inherit\"><span style=\"vertical-align: inherit\"><span style=\"vertical-align: inherit\"><span style=\"vertical-align: inherit\">24 horas \u2013 8 sesiones \u2013 8 semanas<\/span><\/span><\/span><\/span><\/span><\/span><\/span><\/span><\/li>\n<li><span style=\"vertical-align: inherit\"><span style=\"vertical-align: inherit\"><span style=\"vertical-align: inherit\"><span style=\"vertical-align: inherit\"><span style=\"vertical-align: inherit\"><span style=\"vertical-align: inherit\"><span style=\"vertical-align: inherit\"><span style=\"vertical-align: inherit\">2 horas sincr\u00f3nicas &#8211; 1 hora plataforma Moodle por semana<\/span><\/span><\/span><\/span><\/span><\/span><\/span><\/span><\/div><input type='hidden' bg_collapse_expand='69e54e7ea2b3d8062146967' value='69e54e7ea2b3d8062146967'><input type='hidden' id='bg-show-more-text-69e54e7ea2b3d8062146967' value='Inscripci\u00f3n'><input type='hidden' id='bg-show-less-text-69e54e7ea2b3d8062146967' value='Ver menos'><button id='bg-showmore-action-69e54e7ea2b3d8062146967' class='bg-showmore-plg-button bg-blue-button bg-arrow '   style=\" color:;\">Inscripci\u00f3n<\/button><div id='bg-showmore-hidden-69e54e7ea2b3d8062146967' ><\/li>\n<li>Inscripci\u00f3n gratuita (Cupos limitados)<\/li>\n<li>Del 18 al 30 de julio 2023 <\/div><\/li>\n<\/ul>\n<p>[\/vc_column_text]<div class=\"wpb_content_element \"><style type=\"text\/css\">#bklyn_btn_69e54e7ea2bed .bklyn-btn { border-width:px !important; border-radius:px !important; background-color:#a746d7 !important; }<\/style><div id=\"bklyn_cta_69e54e7ea2bec\" class=\"bklyn-call-to-action-wrapper\"><div class=\"bklyn-call-to-action-inner clearfix\"><div class=\"bklyn-call-to-action-content\"><p>Inscripciones abiertas hasta el 30 de julio 2023. Inicia 03 de agosto de 2023.<\/p>\n<\/div><div class=\"bklyn-call-to-action-button-holder\"><div id=\"bklyn_btn_69e54e7ea2bed\" class=\"bklyn-btn-holder bklyn-btn-center bklyn-btn-tablet-center bklyn-btn-mobile-center\"><a title=\"Contacto\" href=\"https:\/\/forms.gle\/DtrL98w3PtwU5WFf9\" target=\"_self\" class=\"bklyn-btn bklyn-btn-normal \" rel=\"nofollow\">Inscr\u00edbete<\/a><\/div><\/div><\/div><\/div><\/div>[\/vc_column][vc_column width=\u00bb1\/6&#8243;][\/vc_column][\/vc_row][vc_row][vc_column][vc_column_text][\/vc_column_text][\/vc_column][\/vc_row]<\/p>\n<\/div>","protected":false},"excerpt":{"rendered":"<p>[vc_row][vc_column width=\u00bb1\/6&#8243;][vc_column_text][\/vc_column_text][\/vc_column][vc_column width=\u00bb2\/3&#8243;][vc_column_text css=\u00bb.vc_custom_1689697183682{background-color: rgb(255, 255, 255) !important;background-position: center !important;background-repeat: no-repeat !important;background-size: contain !important;}\u00bb]\u00a0 Narrativas Urbanas: la fotograf\u00eda y el relato en torno a mi territorio El taller de narrativas audiovisuales permitir\u00e1 la construcci\u00f3n de relatos fotogr\u00e1ficos y visuales en torno a mi territorio como lugar que cotidianamente habito o me habita, as\u00ed como la [&hellip;]<\/p>\n","protected":false},"author":1,"featured_media":0,"parent":0,"menu_order":0,"comment_status":"closed","ping_status":"closed","template":"","meta":{"footnotes":""},"class_list":["post-12139","page","type-page","status-publish","hentry"],"_links":{"self":[{"href":"https:\/\/www.arteenboga.com.co\/la\/wp-json\/wp\/v2\/pages\/12139","targetHints":{"allow":["GET"]}}],"collection":[{"href":"https:\/\/www.arteenboga.com.co\/la\/wp-json\/wp\/v2\/pages"}],"about":[{"href":"https:\/\/www.arteenboga.com.co\/la\/wp-json\/wp\/v2\/types\/page"}],"author":[{"embeddable":true,"href":"https:\/\/www.arteenboga.com.co\/la\/wp-json\/wp\/v2\/users\/1"}],"replies":[{"embeddable":true,"href":"https:\/\/www.arteenboga.com.co\/la\/wp-json\/wp\/v2\/comments?post=12139"}],"version-history":[{"count":16,"href":"https:\/\/www.arteenboga.com.co\/la\/wp-json\/wp\/v2\/pages\/12139\/revisions"}],"predecessor-version":[{"id":12279,"href":"https:\/\/www.arteenboga.com.co\/la\/wp-json\/wp\/v2\/pages\/12139\/revisions\/12279"}],"wp:attachment":[{"href":"https:\/\/www.arteenboga.com.co\/la\/wp-json\/wp\/v2\/media?parent=12139"}],"curies":[{"name":"wp","href":"https:\/\/api.w.org\/{rel}","templated":true}]}}