{"id":11627,"date":"2022-10-08T00:49:17","date_gmt":"2022-10-08T00:49:17","guid":{"rendered":"https:\/\/www.arteenboga.com.co\/la\/?page_id=11627"},"modified":"2022-10-08T01:01:45","modified_gmt":"2022-10-08T01:01:45","slug":"curso-de-dibujo-y-escritura-contenidos","status":"publish","type":"page","link":"https:\/\/www.arteenboga.com.co\/la\/curso-de-dibujo-y-escritura-contenidos\/","title":{"rendered":"Curso de Dibujo y Escritura Contenidos"},"content":{"rendered":"<div class=\"wpb-content-wrapper\"><p>[vc_row][vc_column width=\u00bb1\/6&#8243;][vc_column_text]<span style=\"vertical-align: inherit;\"><span style=\"vertical-align: inherit;\">[\/vc_column_text][\/vc_column][vc_column width=\u00bb2\/3&#8243;][vc_column_text css=\u00bb.vc_custom_1665190773945{background-color: rgb(255, 255, 255) !important;background-position: center !important;background-repeat: no-repeat !important;background-size: contain !important;}\u00bb]\u00a0<\/span><\/span><\/p>\n<h2><span style=\"color: #800080;\">Dibujo y Escritura: Aproximaciones Sensibles al Espacio Dom\u00e9stico<\/span><\/h2>\n<p>\u00bfC\u00f3mo se podr\u00eda dibujar un recuerdo? \u00bfC\u00f3mo escribir para compartirlo con alguien m\u00e1s y lograr transmitir lo que nos hace sentir? La domesticidad se compone de todas las relaciones con personas, objetos y otros seres que se dan en nuestra cotidianidad, en nuestras viviendas y los espacios que habitamos con frecuencia. A lo largo de nuestra vida vamos acumulando experiencias en la memoria, y al tiempo, vamos llenando nuestro espacio con objetos que hacen de testigos de estas vivencias, sus historias hablan de nuestra propia trayectoria de vida \u00bfAlguna vez has pensado en c\u00f3mo tu espacio y t\u00fa se domestican mutuamente? En este taller re-conoceremos nuestro entorno dom\u00e9stico y conversaremos con este desde dos lenguajes distintos; el dibujo y la escritura. Dirigido a personas de todas las edades, conocedoras o no de estas t\u00e9cnicas.<\/p>\n<input type='hidden' bg_collapse_expand='6a01cc3a073877080633004' value='6a01cc3a073877080633004'><input type='hidden' id='bg-show-more-text-6a01cc3a073877080633004' value='Objetivos'><input type='hidden' id='bg-show-less-text-6a01cc3a073877080633004' value='Ver menos'><button id='bg-showmore-action-6a01cc3a073877080633004' class='bg-showmore-plg-button bg-blue-button bg-arrow '   style=\" color:;\">Objetivos<\/button><div id='bg-showmore-hidden-6a01cc3a073877080633004' >\n<ul>\n<li><span style=\"vertical-align: inherit\"><span style=\"vertical-align: inherit\"><span style=\"vertical-align: inherit\"><span style=\"vertical-align: inherit\"><span style=\"vertical-align: inherit\"><span style=\"vertical-align: inherit\"><span style=\"vertical-align: inherit\"><span style=\"vertical-align: inherit\"><span style=\"vertical-align: inherit\"><span style=\"vertical-align: inherit\">Conocer las posibilidades del dibujo y la escritura como lenguajes complementarios<\/span><\/span><\/span><\/span><\/span><\/span><\/span><\/span><\/span><\/span><\/li>\n<li><span style=\"vertical-align: inherit\"><span style=\"vertical-align: inherit\"><span style=\"vertical-align: inherit\"><span style=\"vertical-align: inherit\"><span style=\"vertical-align: inherit\"><span style=\"vertical-align: inherit\"><span style=\"vertical-align: inherit\"><span style=\"vertical-align: inherit\"><span style=\"vertical-align: inherit\"><span style=\"vertical-align: inherit\">Acercarnos de manera sensible a nuestro entorno dom\u00e9stico<\/span><\/span><\/span><\/span><\/span><\/span><\/span><\/span><\/span><\/span><\/li>\n<li><span style=\"vertical-align: inherit\"><span style=\"vertical-align: inherit\"><span style=\"vertical-align: inherit\"><span style=\"vertical-align: inherit\"><span style=\"vertical-align: inherit\"><span style=\"vertical-align: inherit\"><span style=\"vertical-align: inherit\"><span style=\"vertical-align: inherit\"><span style=\"vertical-align: inherit\"><span style=\"vertical-align: inherit\">Construir a partir de los ejercicios de clase un fanzine sobre alg\u00fan espacio dom\u00e9stico<\/div><\/span><\/span><\/span><\/span><\/span><\/span><\/span><\/span><\/span><\/span><input type='hidden' bg_collapse_expand='6a01cc3a077852056609828' value='6a01cc3a077852056609828'><input type='hidden' id='bg-show-more-text-6a01cc3a077852056609828' value='Contenidos'><input type='hidden' id='bg-show-less-text-6a01cc3a077852056609828' value='Ver menos'><button id='bg-showmore-action-6a01cc3a077852056609828' class='bg-showmore-plg-button bg-blue-button bg-arrow '   style=\" color:;\">Contenidos<\/button><div id='bg-showmore-hidden-6a01cc3a077852056609828' ><\/li>\n<li>Sesi\u00f3n 1: Sensibilizaci\u00f3n y primeras aproximaciones<\/li>\n<li>Sesi\u00f3n 2: Ejercicio de escritura complementaria, interpretaci\u00f3n de la imagen al texto (cuadro de palabras)<\/li>\n<li>Sesi\u00f3n 3: Ejercicio de interpretaci\u00f3n libre, asociaciones y dibujo (Tarea Samuel Beckett)<\/li>\n<li>Sesi\u00f3n 4: Acercamiento al espacio propio, pr\u00e1ctica de escritura descriptiva<\/li>\n<li>Sesi\u00f3n 5: Soportes: papel, digital, transparencias, y otros medios.<\/li>\n<li>Sesi\u00f3n 6: Presentaci\u00f3n de propuestas y experiencias.<\/div><input type='hidden' bg_collapse_expand='6a01cc3a078453077999800' value='6a01cc3a078453077999800'><input type='hidden' id='bg-show-more-text-6a01cc3a078453077999800' value='Metodolog\u00eda'><input type='hidden' id='bg-show-less-text-6a01cc3a078453077999800' value='Ver menos'><button id='bg-showmore-action-6a01cc3a078453077999800' class='bg-showmore-plg-button bg-blue-button bg-arrow '   style=\" color:;\">Metodolog\u00eda<\/button><div id='bg-showmore-hidden-6a01cc3a078453077999800' >Propongo una metodolog\u00eda participativa en la que construyamos ejercicios a partir de las experiencias de las personas participantes con sus propios espacios dom\u00e9sticos. Queremos experimentar el dibujo y la escritura como posibilidades m\u00e1s que como t\u00e9cnicas cerradas. Utilizaremos herramientas de la escritura creativa, asociaciones de palabras, palabras e im\u00e1genes, ideas y textos y dem\u00e1s, al tiempo que dibujamos con ciertos retos que nos permitir\u00e1n potenciar la creatividad, mientras tanto iremos viendo ejemplos de publicaciones que mezclan texto e imagen de diversas formas para pensar en las posibilidades de nuestro propio fanzine. Las emociones y sensaciones que surjan en el proceso ser\u00e1n tambi\u00e9n importantes aliadas en nuestra creaci\u00f3n.<\/div><input type='hidden' bg_collapse_expand='6a01cc3a078b29048432733' value='6a01cc3a078b29048432733'><input type='hidden' id='bg-show-more-text-6a01cc3a078b29048432733' value='Materiales'><input type='hidden' id='bg-show-less-text-6a01cc3a078b29048432733' value='Ver menos'><button id='bg-showmore-action-6a01cc3a078b29048432733' class='bg-showmore-plg-button bg-blue-button bg-arrow '   style=\" color:;\">Materiales<\/button><div id='bg-showmore-hidden-6a01cc3a078b29048432733' ><\/li>\n<li>Dispositivo con acceso a internet para las actividades sincr\u00f3nicas y remotas<\/li>\n<li>Acceso a Google drive<\/li>\n<li>Libreta para apuntes y dibujos (ojal\u00e1 sin renglones, o tener ambas opciones)<\/li>\n<li>L\u00e1pices, colores, marcadores, los materiales que tengan en casa, pinceles, acuarelas, etc.<\/div><span style=\"vertical-align: inherit;\"><input type='hidden' bg_collapse_expand='6a01cc3a079296005514092' value='6a01cc3a079296005514092'><input type='hidden' id='bg-show-more-text-6a01cc3a079296005514092' value='Docente'><input type='hidden' id='bg-show-less-text-6a01cc3a079296005514092' value='Ver menos'><button id='bg-showmore-action-6a01cc3a079296005514092' class='bg-showmore-plg-button bg-blue-button bg-arrow '   style=\" color:#ebe6e6;\">Docente<\/button><div id='bg-showmore-hidden-6a01cc3a079296005514092' ><\/span><\/li>\n<li>Daniela Henao es artista Interdisciplinar con intereses en las pr\u00e1cticas art\u00edsticas, la instalaci\u00f3n, las t\u00e9cnicas gr\u00e1ficas, el trabajo con comunidades, la docencia y el desarrollo audiovisual. Desde temprana edad comenz\u00f3 a estudiar en el Instituto Bellas Artes de Medell\u00edn, \u00e9poca en la que particip\u00f3 de exposiciones colectivas en La Escuela del Maestro, la Casa Barrientos y el Palacio Bellas Artes.<\/li>\n<li>En 2020 se gradu\u00f3 con honores como Maestra en Artes Pl\u00e1sticas de la Universidad Nacional de Colombia y ese mismo a\u00f1o fue una de las ganadoras del concurso Mujeres J\u00f3venes Talento en la categor\u00eda Artes con el Proyecto \u201cNuestra Casa\u201d. Ha participado en exposiciones colectivas en la galer\u00eda Paul Bardwell del Colombo Americano, La Experimental Casa Cultural en Barcelona, Espa\u00f1a, y el Museo de Arte Contempor\u00e1neo de Bogot\u00e1, y en 2022 realiz\u00f3 una exposici\u00f3n individual en la Casa Teatro El Poblado. Adem\u00e1s, fue curadora y gestora de dos exposiciones retrospectivas sobre los trabajos de su abuela Luc\u00eda en dos Parques Biblioteca de la ciudad.<\/li>\n<li>Ha realizado labores como tallerista de pintura para madres gestantes en EPS Sura, y entre 2017 y 2019 se dedic\u00f3 a la ense\u00f1anza de arte y manualidades en la Academia Arte Picassitos en Medell\u00edn. Dedica parte de su tiempo a labores como docente de arte para infantes y adultos, y desde 2019 hasta la fecha es voluntaria y gestora de proyectos en el barrio La Iguan\u00e1, donde ha trabajado de la mano con el programa de Voluntariado \u00c9tico de la Universidad Nacional, sede Medell\u00edn. Ha realizado talleres de t\u00e9cnicas gr\u00e1ficas en centros culturales de la ciudad como la Librer\u00eda Mutante y La Pascasia.<\/div><span style=\"vertical-align: inherit;\"><span style=\"vertical-align: inherit;\"><span style=\"vertical-align: inherit;\"><span style=\"vertical-align: inherit;\"><span style=\"vertical-align: inherit;\"><span style=\"vertical-align: inherit;\"><span style=\"vertical-align: inherit;\"><input type='hidden' bg_collapse_expand='6a01cc3a079b06072488357' value='6a01cc3a079b06072488357'><input type='hidden' id='bg-show-more-text-6a01cc3a079b06072488357' value='Dirigido a:'><input type='hidden' id='bg-show-less-text-6a01cc3a079b06072488357' value='Ver menos'><button id='bg-showmore-action-6a01cc3a079b06072488357' class='bg-showmore-plg-button bg-blue-button bg-arrow '   style=\" color:#ebe6e6;\">Dirigido a:<\/button><div id='bg-showmore-hidden-6a01cc3a079b06072488357' >J\u00f3venes y adultos. Dirigido a personas de todas las edades, conocedoras o no de estas t\u00e9cnicas.<\/span><\/span><\/span><\/span><\/span><\/span><\/span><span style=\"vertical-align: inherit\"><span style=\"vertical-align: inherit\"><span style=\"vertical-align: inherit\"><span style=\"vertical-align: inherit\"><span style=\"vertical-align: inherit\"><span style=\"vertical-align: inherit\"><span style=\"vertical-align: inherit\"><span style=\"vertical-align: inherit\"><\/div><\/span><\/span><\/span><\/span><\/span><\/span><\/span><\/span><input type='hidden' bg_collapse_expand='6a01cc3a07a9d8008085328' value='6a01cc3a07a9d8008085328'><input type='hidden' id='bg-show-more-text-6a01cc3a07a9d8008085328' value='Horarios '><input type='hidden' id='bg-show-less-text-6a01cc3a07a9d8008085328' value='Ver menos'><button id='bg-showmore-action-6a01cc3a07a9d8008085328' class='bg-showmore-plg-button bg-blue-button bg-arrow '   style=\" color:;\">Horarios <\/button><div id='bg-showmore-hidden-6a01cc3a07a9d8008085328' ><\/li>\n<li><span style=\"vertical-align: inherit\"><span style=\"vertical-align: inherit\"><span style=\"vertical-align: inherit\"><span style=\"vertical-align: inherit\"><span style=\"vertical-align: inherit\"><span style=\"vertical-align: inherit\"><span style=\"vertical-align: inherit\"><span style=\"vertical-align: inherit\">Fechas: 1 de noviembre al 6 de diciembre 2022<\/span><\/span><\/span><\/span><\/span><\/span><\/span><\/span><br \/>\n<span style=\"vertical-align: inherit\"><span style=\"vertical-align: inherit\"><span style=\"vertical-align: inherit\"><span style=\"vertical-align: inherit\"><span style=\"vertical-align: inherit\"><span style=\"vertical-align: inherit\"><span style=\"vertical-align: inherit\"><span style=\"vertical-align: inherit\">Martes de 5:00 p.m. a 8:00 p.m.<\/span><\/span><\/span><\/span><\/span><\/span><\/span><\/span><\/li>\n<li><span style=\"vertical-align: inherit\"><span style=\"vertical-align: inherit\"><span style=\"vertical-align: inherit\"><span style=\"vertical-align: inherit\"><span style=\"vertical-align: inherit\"><span style=\"vertical-align: inherit\"><span style=\"vertical-align: inherit\"><span style=\"vertical-align: inherit\">Duraci\u00f3n:<\/span><\/span><\/span><\/span><\/span><\/span><\/span><\/span><br \/>\n<span style=\"vertical-align: inherit\"><span style=\"vertical-align: inherit\"><span style=\"vertical-align: inherit\"><span style=\"vertical-align: inherit\"><span style=\"vertical-align: inherit\"><span style=\"vertical-align: inherit\"><span style=\"vertical-align: inherit\"><span style=\"vertical-align: inherit\">24 horas \u2013 6 sesiones \u2013 6 semanas<\/span><\/span><\/span><\/span><\/span><\/span><\/span><\/span><\/li>\n<li><span style=\"vertical-align: inherit\"><span style=\"vertical-align: inherit\"><span style=\"vertical-align: inherit\"><span style=\"vertical-align: inherit\"><span style=\"vertical-align: inherit\"><span style=\"vertical-align: inherit\"><span style=\"vertical-align: inherit\"><span style=\"vertical-align: inherit\">3 horas sincr\u00f3nicas &#8211; 1 hora plataforma Moodle por semana<\/span><\/span><\/span><\/span><\/span><\/span><\/span><\/span><\/div><input type='hidden' bg_collapse_expand='6a01cc3a07d577030397317' value='6a01cc3a07d577030397317'><input type='hidden' id='bg-show-more-text-6a01cc3a07d577030397317' value='Inversi\u00f3n'><input type='hidden' id='bg-show-less-text-6a01cc3a07d577030397317' value='Ver menos'><button id='bg-showmore-action-6a01cc3a07d577030397317' class='bg-showmore-plg-button bg-blue-button bg-arrow '   style=\" color:;\">Inversi\u00f3n<\/button><div id='bg-showmore-hidden-6a01cc3a07d577030397317' ><\/li>\n<li>20% de Dto. pronto pago hasta el 22 de octubre $200.000 COP<\/li>\n<li>Del 23 al 30 de octubre $250.000 COP<\/div><\/li>\n<\/ul>\n<p>[\/vc_column_text]<div class=\"wpb_content_element \"><style type=\"text\/css\">#bklyn_btn_6a01cc3a07e13 .bklyn-btn { border-width:px !important; border-radius:px !important; background-color:#a746d7 !important; }<\/style><div id=\"bklyn_cta_6a01cc3a07e12\" class=\"bklyn-call-to-action-wrapper\"><div class=\"bklyn-call-to-action-inner clearfix\"><div class=\"bklyn-call-to-action-content\"><p>Inscripciones abiertas hasta el 30 de octubre. Inicia 1 de noviembre de 2022.<\/p>\n<\/div><div class=\"bklyn-call-to-action-button-holder\"><div id=\"bklyn_btn_6a01cc3a07e13\" class=\"bklyn-btn-holder bklyn-btn-center bklyn-btn-tablet-center bklyn-btn-mobile-center\"><a title=\"Contacto\" href=\"https:\/\/forms.gle\/933DLSDypQTrXfmA7\" target=\"_self\" class=\"bklyn-btn bklyn-btn-normal \" rel=\"nofollow\">Inscr\u00edbete<\/a><\/div><\/div><\/div><\/div><\/div>[\/vc_column][vc_column width=\u00bb1\/6&#8243;][\/vc_column][\/vc_row][vc_row][vc_column][vc_column_text][\/vc_column_text][\/vc_column][\/vc_row]<\/p>\n<\/div>","protected":false},"excerpt":{"rendered":"<p>[vc_row][vc_column width=\u00bb1\/6&#8243;][vc_column_text][\/vc_column_text][\/vc_column][vc_column width=\u00bb2\/3&#8243;][vc_column_text css=\u00bb.vc_custom_1665190773945{background-color: rgb(255, 255, 255) !important;background-position: center !important;background-repeat: no-repeat !important;background-size: contain !important;}\u00bb]\u00a0 Dibujo y Escritura: Aproximaciones Sensibles al Espacio Dom\u00e9stico \u00bfC\u00f3mo se podr\u00eda dibujar un recuerdo? \u00bfC\u00f3mo escribir para compartirlo con alguien m\u00e1s y lograr transmitir lo que nos hace sentir? La domesticidad se compone de todas las relaciones con personas, objetos y [&hellip;]<\/p>\n","protected":false},"author":1,"featured_media":0,"parent":0,"menu_order":0,"comment_status":"closed","ping_status":"closed","template":"","meta":{"footnotes":""},"class_list":["post-11627","page","type-page","status-publish","hentry"],"_links":{"self":[{"href":"https:\/\/www.arteenboga.com.co\/la\/wp-json\/wp\/v2\/pages\/11627","targetHints":{"allow":["GET"]}}],"collection":[{"href":"https:\/\/www.arteenboga.com.co\/la\/wp-json\/wp\/v2\/pages"}],"about":[{"href":"https:\/\/www.arteenboga.com.co\/la\/wp-json\/wp\/v2\/types\/page"}],"author":[{"embeddable":true,"href":"https:\/\/www.arteenboga.com.co\/la\/wp-json\/wp\/v2\/users\/1"}],"replies":[{"embeddable":true,"href":"https:\/\/www.arteenboga.com.co\/la\/wp-json\/wp\/v2\/comments?post=11627"}],"version-history":[{"count":4,"href":"https:\/\/www.arteenboga.com.co\/la\/wp-json\/wp\/v2\/pages\/11627\/revisions"}],"predecessor-version":[{"id":11632,"href":"https:\/\/www.arteenboga.com.co\/la\/wp-json\/wp\/v2\/pages\/11627\/revisions\/11632"}],"wp:attachment":[{"href":"https:\/\/www.arteenboga.com.co\/la\/wp-json\/wp\/v2\/media?parent=11627"}],"curies":[{"name":"wp","href":"https:\/\/api.w.org\/{rel}","templated":true}]}}