{"id":11613,"date":"2022-10-08T00:17:20","date_gmt":"2022-10-08T00:17:20","guid":{"rendered":"https:\/\/www.arteenboga.com.co\/la\/?page_id=11613"},"modified":"2022-10-08T00:48:43","modified_gmt":"2022-10-08T00:48:43","slug":"curso-de-teatro-sensorial-contenidos","status":"publish","type":"page","link":"https:\/\/www.arteenboga.com.co\/la\/curso-de-teatro-sensorial-contenidos\/","title":{"rendered":"Curso de Teatro Sensorial Contenidos"},"content":{"rendered":"<div class=\"wpb-content-wrapper\"><p>[vc_row][vc_column width=\u00bb1\/6&#8243;][vc_column_text]<span style=\"vertical-align: inherit;\"><span style=\"vertical-align: inherit;\">[\/vc_column_text][\/vc_column][vc_column width=\u00bb2\/3&#8243;][vc_column_text css=\u00bb.vc_custom_1665190121559{background-color: rgb(255, 255, 255) !important;background-position: center !important;background-repeat: no-repeat !important;background-size: contain !important;}\u00bb]\u00a0<\/span><\/span><\/p>\n<h2><span style=\"color: #800080;\">Teatro Sensorial: Redescubriendo la Oscuridad para la Creaci\u00f3n Esc\u00e9nica<\/span><\/h2>\n<p>El taller de teatro sensorial permitir\u00e1 el desarrollo creativo y pr\u00e1ctico frente a la producci\u00f3n esc\u00e9nica dispuesta principalmente a personas con discapacidad visual, de igual manera, posibilita herramientas de creaci\u00f3n siendo esta una pr\u00e1ctica teatral reciente e innovadora tanto en el proceso te\u00f3rico-pr\u00e1ctico como en modelo de negocio asequible y aprovechable desde diversos roles de ejecuci\u00f3n. Si bien, el teatro sensorial puede incluir a personas con discapacidad visual, es una experiencia art\u00edstica que puede ser disfrutada por cualquier tipo de p\u00fablico, este taller pretende brindar herramientas para su creaci\u00f3n, teniendo en cuenta un amplio espectro de p\u00fablicos objetivos.<\/p>\n<input type='hidden' bg_collapse_expand='6a01cc11482c78080786421' value='6a01cc11482c78080786421'><input type='hidden' id='bg-show-more-text-6a01cc11482c78080786421' value='Objetivos'><input type='hidden' id='bg-show-less-text-6a01cc11482c78080786421' value='Ver menos'><button id='bg-showmore-action-6a01cc11482c78080786421' class='bg-showmore-plg-button bg-blue-button bg-arrow '   style=\" color:;\">Objetivos<\/button><div id='bg-showmore-hidden-6a01cc11482c78080786421' >\n<ul>\n<li><span style=\"vertical-align: inherit\"><span style=\"vertical-align: inherit\"><span style=\"vertical-align: inherit\"><span style=\"vertical-align: inherit\"><span style=\"vertical-align: inherit\"><span style=\"vertical-align: inherit\"><span style=\"vertical-align: inherit\"><span style=\"vertical-align: inherit\"><span style=\"vertical-align: inherit\"><span style=\"vertical-align: inherit\">Analizar el papel de las creaciones art\u00edsticas inclusivas o dispuestas a personas con capacidades diferentes en el contexto distrital y nacional<\/span><\/span><\/span><\/span><\/span><\/span><\/span><\/span><\/span><\/span><\/li>\n<li><span style=\"vertical-align: inherit\"><span style=\"vertical-align: inherit\"><span style=\"vertical-align: inherit\"><span style=\"vertical-align: inherit\"><span style=\"vertical-align: inherit\"><span style=\"vertical-align: inherit\"><span style=\"vertical-align: inherit\"><span style=\"vertical-align: inherit\"><span style=\"vertical-align: inherit\"><span style=\"vertical-align: inherit\">Determinar posibles manuales de funciones para la creaci\u00f3n teatral de teatro sensorial seg\u00fan el rol a desempe\u00f1ar dentro del proceso (establecer estrategias).<\/span><\/span><\/span><\/span><\/span><\/span><\/span><\/span><\/span><\/span><\/li>\n<li><span style=\"vertical-align: inherit\"><span style=\"vertical-align: inherit\"><span style=\"vertical-align: inherit\"><span style=\"vertical-align: inherit\"><span style=\"vertical-align: inherit\"><span style=\"vertical-align: inherit\"><span style=\"vertical-align: inherit\"><span style=\"vertical-align: inherit\"><span style=\"vertical-align: inherit\"><span style=\"vertical-align: inherit\">Aplicar\/ejecutar ejercicio esc\u00e9nico pr\u00e1ctico; composici\u00f3n un ejercicio dram\u00e1tico teniendo en cuenta el contenido del taller.<\/div><\/span><\/span><\/span><\/span><\/span><\/span><\/span><\/span><\/span><\/span><input type='hidden' bg_collapse_expand='6a01cc11487865007788391' value='6a01cc11487865007788391'><input type='hidden' id='bg-show-more-text-6a01cc11487865007788391' value='Contenidos'><input type='hidden' id='bg-show-less-text-6a01cc11487865007788391' value='Ver menos'><button id='bg-showmore-action-6a01cc11487865007788391' class='bg-showmore-plg-button bg-blue-button bg-arrow '   style=\" color:;\">Contenidos<\/button><div id='bg-showmore-hidden-6a01cc11487865007788391' ><\/li>\n<li>Sesi\u00f3n 1: Definici\u00f3n y origen del teatro sensorial\/ciego; conversatorio inicial sobre percepciones acerca del tema (teatro ciego\/sensorial)<\/li>\n<li>Sesi\u00f3n 2: Marco legal de inclusi\u00f3n frente a la participaci\u00f3n cultural de poblaci\u00f3n con discapacidad, an\u00e1lisis contexto general aplicado a diferentes quehaceres art\u00edsticos de creaci\u00f3n<\/li>\n<li>Sesi\u00f3n 3: Marco te\u00f3rico-pr\u00e1ctico del teatro de los sentidos, ejercicio pr\u00e1ctico sensorial aplicado a los asistentes, posteriormente ejercicio de creaci\u00f3n individual o colectiva.<\/li>\n<li>Sesi\u00f3n 4: Exposici\u00f3n de referentes y experiencias del proceso creativo del teatro sensorial a nivel nacional e internacional; percepciones, puntos de vista e ideas (debate). Puntos generales a tener en cuenta dentro de la creaci\u00f3n y ejecuci\u00f3n de un proyecto teatral sensorial.<\/li>\n<li>Sesi\u00f3n 5: Ejercicio de creaci\u00f3n esc\u00e9nica (Dramaturgia, grabaci\u00f3n, efectos de sonido (dieg\u00e9ticos-extradieg\u00e9ticos), cortinas- transiciones, audio descripci\u00f3n, estimulaci\u00f3n sensorial, construcci\u00f3n l\u00ednea narrativa, entre otros puntos.<\/li>\n<li>Sesi\u00f3n 6: Socializaci\u00f3n del proceso, cierre del proceso, intercambio de percepciones.<\/div><input type='hidden' bg_collapse_expand='6a01cc11488710023431084' value='6a01cc11488710023431084'><input type='hidden' id='bg-show-more-text-6a01cc11488710023431084' value='Metodolog\u00eda'><input type='hidden' id='bg-show-less-text-6a01cc11488710023431084' value='Ver menos'><button id='bg-showmore-action-6a01cc11488710023431084' class='bg-showmore-plg-button bg-blue-button bg-arrow '   style=\" color:;\">Metodolog\u00eda<\/button><div id='bg-showmore-hidden-6a01cc11488710023431084' ><\/li>\n<li>Gamificaci\u00f3n en el aula, Aprendizaje basado en el pensamiento, Aprendizaje basado en proyectos, Tutor\u00edas: entrevistas y seguimiento, Ejercicios Pr\u00e1cticos, Aula invertida (Flipped classroom)y Aprendizaje cooperativo.<\/li>\n<li>La aplicaci\u00f3n de las metodolog\u00edas anteriormente mencionadas se realizar\u00e1 en conjunto y en diferentes medidas por sesi\u00f3n, teniendo en cuenta que el proceso est\u00e1 dirigido a artistas y personas que deseen ampliar su informaci\u00f3n o conocer est\u00e1 vertiente art\u00edstica; se hace necesario el intercambio de saberes por parte de los asistentes dentro del aula aplicando el aula invertida, agrupando las diferentes experiencias, conocimientos y percepciones referentes al tema central, permitiendo un proceso enriquecido gracias a los informaci\u00f3n expuesta por parte de los participantes; asimismo, logrando un desarrollo global dentro del proceso, relacionando los conceptos obtenidos o tratados en las sesiones.<\/li>\n<li>La creaci\u00f3n teatral de por s\u00ed es un trabajo colaborativo (colectivo) por tal motivo el aprendizaje cooperativo juega un papel importante en el desarrollo del presente taller y en congruencia con lo anterior, proyectando una poblaci\u00f3n diversa dicha metodolog\u00eda permitir\u00e1 fluidez dentro del ejercicio, por otro lado, al desarrollar an\u00e1lisis de contextos, evaluar los contenidos y discernir los temas planteados el proceso pr\u00e1ctico gu\u00eda la producci\u00f3n a la fase sensitiva, perceptiva y de expresi\u00f3n de pensamientos naturalmente.<\/div><input type='hidden' bg_collapse_expand='6a01cc114890e8080740699' value='6a01cc114890e8080740699'><input type='hidden' id='bg-show-more-text-6a01cc114890e8080740699' value='Materiales'><input type='hidden' id='bg-show-less-text-6a01cc114890e8080740699' value='Ver menos'><button id='bg-showmore-action-6a01cc114890e8080740699' class='bg-showmore-plg-button bg-blue-button bg-arrow '   style=\" color:;\">Materiales<\/button><div id='bg-showmore-hidden-6a01cc114890e8080740699' ><\/li>\n<li>Acceso a descarga de aplicaci\u00f3n m\u00f3viles<\/li>\n<li>Micr\u00f3fono<\/li>\n<li>Aud\u00edfonos<\/li>\n<li>Venda para ojos<\/li>\n<li>Materiales de estimulaci\u00f3n sensorial:<\/li>\n<li>Alimentos, diferentes texturas como algod\u00f3n, madera, telas, lana, tierra, esencias, entre otros.<\/div><span style=\"vertical-align: inherit;\"><input type='hidden' bg_collapse_expand='6a01cc11489ac1078376035' value='6a01cc11489ac1078376035'><input type='hidden' id='bg-show-more-text-6a01cc11489ac1078376035' value='Docente'><input type='hidden' id='bg-show-less-text-6a01cc11489ac1078376035' value='Ver menos'><button id='bg-showmore-action-6a01cc11489ac1078376035' class='bg-showmore-plg-button bg-blue-button bg-arrow '   style=\" color:#ebe6e6;\">Docente<\/button><div id='bg-showmore-hidden-6a01cc11489ac1078376035' ><\/span><\/li>\n<\/ul>\n<p>Kimberly Torres es Maestra en Arte Dram\u00e1tico con \u00c9nfasis en Actuaci\u00f3n egresada de Escuela de Artes y Letras (2020). Es una Artista Integral con Formaci\u00f3n en Artes Esc\u00e9nicas, Danza con \u00e9nfasis en folclore y salsa y en el \u00e1rea de M\u00fasica en formaci\u00f3n percutiva. Cuenta con una amplia experiencia en el \u00e1mbito art\u00edstico y cultural; festivales, temporadas de teatro, presentaci\u00f3n en colegios y universidades, iniciativas distritales, entre otros. Dentro de su experiencia como Docente en Artes ha trabajado con diferentes poblaciones tales como; primera infancia, adolescencia, adultos, adulto mayor y personas con discapacidad f\u00edsica y visual.<\/div><span style=\"vertical-align: inherit;\"><span style=\"vertical-align: inherit;\"><span style=\"vertical-align: inherit;\"><span style=\"vertical-align: inherit;\"><span style=\"vertical-align: inherit;\"><span style=\"vertical-align: inherit;\"><span style=\"vertical-align: inherit;\"><input type='hidden' bg_collapse_expand='6a01cc1148a0d3062229605' value='6a01cc1148a0d3062229605'><input type='hidden' id='bg-show-more-text-6a01cc1148a0d3062229605' value='Dirigido a:'><input type='hidden' id='bg-show-less-text-6a01cc1148a0d3062229605' value='Ver menos'><button id='bg-showmore-action-6a01cc1148a0d3062229605' class='bg-showmore-plg-button bg-blue-button bg-arrow '   style=\" color:#ebe6e6;\">Dirigido a:<\/button><div id='bg-showmore-hidden-6a01cc1148a0d3062229605' >Artistas, formadores, creadores, directores, actores, o cualquier persona interesada en el tema.<\/span><\/span><\/span><\/span><\/span><\/span><\/span><span style=\"vertical-align: inherit\"><span style=\"vertical-align: inherit\"><span style=\"vertical-align: inherit\"><span style=\"vertical-align: inherit\"><span style=\"vertical-align: inherit\"><span style=\"vertical-align: inherit\"><span style=\"vertical-align: inherit\"><span style=\"vertical-align: inherit\"><\/div><\/span><\/span><\/span><\/span><\/span><\/span><\/span><\/span><input type='hidden' bg_collapse_expand='6a01cc1148ae79053100474' value='6a01cc1148ae79053100474'><input type='hidden' id='bg-show-more-text-6a01cc1148ae79053100474' value='Horarios '><input type='hidden' id='bg-show-less-text-6a01cc1148ae79053100474' value='Ver menos'><button id='bg-showmore-action-6a01cc1148ae79053100474' class='bg-showmore-plg-button bg-blue-button bg-arrow '   style=\" color:;\">Horarios <\/button><div id='bg-showmore-hidden-6a01cc1148ae79053100474' ><\/p>\n<ul>\n<li><span style=\"vertical-align: inherit\"><span style=\"vertical-align: inherit\"><span style=\"vertical-align: inherit\"><span style=\"vertical-align: inherit\"><span style=\"vertical-align: inherit\"><span style=\"vertical-align: inherit\"><span style=\"vertical-align: inherit\"><span style=\"vertical-align: inherit\">Fechas: 5 de noviembre al 10 de diciembre 2022<\/span><\/span><\/span><\/span><\/span><\/span><\/span><\/span><br \/>\n<span style=\"vertical-align: inherit\"><span style=\"vertical-align: inherit\"><span style=\"vertical-align: inherit\"><span style=\"vertical-align: inherit\"><span style=\"vertical-align: inherit\"><span style=\"vertical-align: inherit\"><span style=\"vertical-align: inherit\"><span style=\"vertical-align: inherit\">S\u00e1bado 9:00 a.m. a 12:00 p.m.<\/span><\/span><\/span><\/span><\/span><\/span><\/span><\/span><\/li>\n<li><span style=\"vertical-align: inherit\"><span style=\"vertical-align: inherit\"><span style=\"vertical-align: inherit\"><span style=\"vertical-align: inherit\"><span style=\"vertical-align: inherit\"><span style=\"vertical-align: inherit\"><span style=\"vertical-align: inherit\"><span style=\"vertical-align: inherit\">Duraci\u00f3n:<\/span><\/span><\/span><\/span><\/span><\/span><\/span><\/span><br \/>\n<span style=\"vertical-align: inherit\"><span style=\"vertical-align: inherit\"><span style=\"vertical-align: inherit\"><span style=\"vertical-align: inherit\"><span style=\"vertical-align: inherit\"><span style=\"vertical-align: inherit\"><span style=\"vertical-align: inherit\"><span style=\"vertical-align: inherit\">24 horas \u2013 6 sesiones \u2013 6 semanas<\/span><\/span><\/span><\/span><\/span><\/span><\/span><\/span><\/li>\n<li><span style=\"vertical-align: inherit\"><span style=\"vertical-align: inherit\"><span style=\"vertical-align: inherit\"><span style=\"vertical-align: inherit\"><span style=\"vertical-align: inherit\"><span style=\"vertical-align: inherit\"><span style=\"vertical-align: inherit\"><span style=\"vertical-align: inherit\">3 horas sincr\u00f3nicas &#8211; 1 hora plataforma Moodle por semana<\/span><\/span><\/span><\/span><\/span><\/span><\/span><\/span><\/div><input type='hidden' bg_collapse_expand='6a01cc1148dc03007702017' value='6a01cc1148dc03007702017'><input type='hidden' id='bg-show-more-text-6a01cc1148dc03007702017' value='Inversi\u00f3n'><input type='hidden' id='bg-show-less-text-6a01cc1148dc03007702017' value='Ver menos'><button id='bg-showmore-action-6a01cc1148dc03007702017' class='bg-showmore-plg-button bg-blue-button bg-arrow '   style=\" color:;\">Inversi\u00f3n<\/button><div id='bg-showmore-hidden-6a01cc1148dc03007702017' ><\/li>\n<li>20% de Dto. pronto pago hasta el 22 de octubre $200.000 COP<\/li>\n<li>Del 23 al 30 de octubre $250.000 COP<\/div><\/li>\n<\/ul>\n<p>[\/vc_column_text]<div class=\"wpb_content_element \"><style type=\"text\/css\">#bklyn_btn_6a01cc1148e77 .bklyn-btn { border-width:px !important; border-radius:px !important; background-color:#a746d7 !important; }<\/style><div id=\"bklyn_cta_6a01cc1148e76\" class=\"bklyn-call-to-action-wrapper\"><div class=\"bklyn-call-to-action-inner clearfix\"><div class=\"bklyn-call-to-action-content\"><p>Inscripciones abiertas hasta el 30 de octubre. Inicia 5 de noviembre de 2022.<\/p>\n<\/div><div class=\"bklyn-call-to-action-button-holder\"><div id=\"bklyn_btn_6a01cc1148e77\" class=\"bklyn-btn-holder bklyn-btn-center bklyn-btn-tablet-center bklyn-btn-mobile-center\"><a title=\"Contacto\" href=\"https:\/\/forms.gle\/933DLSDypQTrXfmA7\" target=\"_self\" class=\"bklyn-btn bklyn-btn-normal \" rel=\"nofollow\">Inscr\u00edbete<\/a><\/div><\/div><\/div><\/div><\/div>[\/vc_column][vc_column width=\u00bb1\/6&#8243;][\/vc_column][\/vc_row][vc_row][vc_column][vc_column_text][\/vc_column_text][\/vc_column][\/vc_row]<\/p>\n<\/div>","protected":false},"excerpt":{"rendered":"<p>[vc_row][vc_column width=\u00bb1\/6&#8243;][vc_column_text][\/vc_column_text][\/vc_column][vc_column width=\u00bb2\/3&#8243;][vc_column_text css=\u00bb.vc_custom_1665190121559{background-color: rgb(255, 255, 255) !important;background-position: center !important;background-repeat: no-repeat !important;background-size: contain !important;}\u00bb]\u00a0 Teatro Sensorial: Redescubriendo la Oscuridad para la Creaci\u00f3n Esc\u00e9nica El taller de teatro sensorial permitir\u00e1 el desarrollo creativo y pr\u00e1ctico frente a la producci\u00f3n esc\u00e9nica dispuesta principalmente a personas con discapacidad visual, de igual manera, posibilita herramientas de creaci\u00f3n siendo esta [&hellip;]<\/p>\n","protected":false},"author":1,"featured_media":0,"parent":0,"menu_order":0,"comment_status":"closed","ping_status":"closed","template":"","meta":{"footnotes":""},"class_list":["post-11613","page","type-page","status-publish","hentry"],"_links":{"self":[{"href":"https:\/\/www.arteenboga.com.co\/la\/wp-json\/wp\/v2\/pages\/11613","targetHints":{"allow":["GET"]}}],"collection":[{"href":"https:\/\/www.arteenboga.com.co\/la\/wp-json\/wp\/v2\/pages"}],"about":[{"href":"https:\/\/www.arteenboga.com.co\/la\/wp-json\/wp\/v2\/types\/page"}],"author":[{"embeddable":true,"href":"https:\/\/www.arteenboga.com.co\/la\/wp-json\/wp\/v2\/users\/1"}],"replies":[{"embeddable":true,"href":"https:\/\/www.arteenboga.com.co\/la\/wp-json\/wp\/v2\/comments?post=11613"}],"version-history":[{"count":7,"href":"https:\/\/www.arteenboga.com.co\/la\/wp-json\/wp\/v2\/pages\/11613\/revisions"}],"predecessor-version":[{"id":11626,"href":"https:\/\/www.arteenboga.com.co\/la\/wp-json\/wp\/v2\/pages\/11613\/revisions\/11626"}],"wp:attachment":[{"href":"https:\/\/www.arteenboga.com.co\/la\/wp-json\/wp\/v2\/media?parent=11613"}],"curies":[{"name":"wp","href":"https:\/\/api.w.org\/{rel}","templated":true}]}}