{"id":11600,"date":"2022-10-07T23:37:41","date_gmt":"2022-10-07T23:37:41","guid":{"rendered":"https:\/\/www.arteenboga.com.co\/la\/?page_id=11600"},"modified":"2023-07-10T06:56:33","modified_gmt":"2023-07-10T06:56:33","slug":"curso-de-distribucion-audiovisual-contenidos","status":"publish","type":"page","link":"https:\/\/www.arteenboga.com.co\/la\/curso-de-distribucion-audiovisual-contenidos\/","title":{"rendered":"Curso de Distribuci\u00f3n Audiovisual Contenidos"},"content":{"rendered":"<div class=\"wpb-content-wrapper\"><p>[vc_row][vc_column width=\u00bb1\/6&#8243;][vc_column_text]<span style=\"vertical-align: inherit;\"><span style=\"vertical-align: inherit;\">[\/vc_column_text][\/vc_column][vc_column width=\u00bb2\/3&#8243;][vc_column_text css=\u00bb.vc_custom_1688972091664{background-color: rgb(255, 255, 255) !important;background-position: center !important;background-repeat: no-repeat !important;background-size: contain !important;}\u00bb]\u00a0<\/span><\/span><\/p>\n<h2><span style=\"color: #800080;\">Taller de Distribuci\u00f3n y Exhibici\u00f3n Audiovisual: Tengo mi Peli y \u00bfAhora qu\u00e9?<\/span><\/h2>\n<p>Este taller abordar\u00e1 aspectos claves de la distribuci\u00f3n cinematogr\u00e1fica, a partir de una serie de experiencias pr\u00e1cticas y conceptos te\u00f3ricos acerca de las diferentes estrategias de distribuci\u00f3n que puede ser aplicadas para cada proyecto audiovisual. Lo anterior, le permitir\u00e1 al participante aplicar dichas herramientas para poner en circulaci\u00f3n su producto audiovisual en diferentes festivales tanto a nivel nacional como internacional.<\/p>\n<input type='hidden' bg_collapse_expand='6a01cc56322735006420105' value='6a01cc56322735006420105'><input type='hidden' id='bg-show-more-text-6a01cc56322735006420105' value='Objetivos'><input type='hidden' id='bg-show-less-text-6a01cc56322735006420105' value='Ver menos'><button id='bg-showmore-action-6a01cc56322735006420105' class='bg-showmore-plg-button bg-blue-button bg-arrow '   style=\" color:;\">Objetivos<\/button><div id='bg-showmore-hidden-6a01cc56322735006420105' >\n<ul>\n<li style=\"font-weight: 400\"><span style=\"vertical-align: inherit\"><span style=\"vertical-align: inherit\"><span style=\"vertical-align: inherit\"><span style=\"vertical-align: inherit\"><span style=\"vertical-align: inherit\"><span style=\"vertical-align: inherit\"><span style=\"vertical-align: inherit\"><span style=\"vertical-align: inherit\"><span style=\"vertical-align: inherit\"><span style=\"vertical-align: inherit\">Entender las pautas para elaborar una estrategia de distribuci\u00f3n.<\/span><\/span><\/span><\/span><\/span><\/span><\/span><\/span><\/span><\/span><\/li>\n<li style=\"font-weight: 400\"><span style=\"vertical-align: inherit\"><span style=\"vertical-align: inherit\"><span style=\"vertical-align: inherit\"><span style=\"vertical-align: inherit\"><span style=\"vertical-align: inherit\"><span style=\"vertical-align: inherit\"><span style=\"vertical-align: inherit\"><span style=\"vertical-align: inherit\"><span style=\"vertical-align: inherit\"><span style=\"vertical-align: inherit\">Identificar los festivales y mercados audiovisuales para sacarle el mayor provecho a su producto audiovisual.<\/span><\/span><\/span><\/span><\/span><\/span><\/span><\/span><\/span><\/span><\/li>\n<li style=\"font-weight: 400\"><span style=\"vertical-align: inherit\"><span style=\"vertical-align: inherit\"><span style=\"vertical-align: inherit\"><span style=\"vertical-align: inherit\"><span style=\"vertical-align: inherit\"><span style=\"vertical-align: inherit\"><span style=\"vertical-align: inherit\"><span style=\"vertical-align: inherit\"><span style=\"vertical-align: inherit\"><span style=\"vertical-align: inherit\">Conocer las diferentes ventanas de explotaci\u00f3n para su producto audiovisual.<\/div><\/span><\/span><\/span><\/span><\/span><\/span><\/span><\/span><\/span><\/span><input type='hidden' bg_collapse_expand='6a01cc56328614064329470' value='6a01cc56328614064329470'><input type='hidden' id='bg-show-more-text-6a01cc56328614064329470' value='Contenidos'><input type='hidden' id='bg-show-less-text-6a01cc56328614064329470' value='Ver menos'><button id='bg-showmore-action-6a01cc56328614064329470' class='bg-showmore-plg-button bg-blue-button bg-arrow '   style=\" color:;\">Contenidos<\/button><div id='bg-showmore-hidden-6a01cc56328614064329470' ><\/li>\n<li style=\"font-weight: 400\">Sesi\u00f3n 1: Introducci\u00f3n a la distribuci\u00f3n audiovisual<\/li>\n<li style=\"font-weight: 400\">Sesi\u00f3n 2: Legalidad<\/li>\n<li style=\"font-weight: 400\">Sesi\u00f3n 3: Festivales y mercado audiovisual \u00bfqu\u00e9 audiencia es la correcta para mi proyecto?<\/li>\n<li style=\"font-weight: 400\">Sesi\u00f3n 4: Plataformas y Ventanas de Exhibici\u00f3n, Coproducciones<\/li>\n<li style=\"font-weight: 400\">Sesi\u00f3n 5: Comunicaci\u00f3n y Marketing<\/li>\n<li style=\"font-weight: 400\">Sesi\u00f3n 6: Caso de \u00e9xito: \u201cPerdonando Lo Imperdonable\u201d<\/div><input type='hidden' bg_collapse_expand='6a01cc56329ec2089077192' value='6a01cc56329ec2089077192'><input type='hidden' id='bg-show-more-text-6a01cc56329ec2089077192' value='Metodolog\u00eda'><input type='hidden' id='bg-show-less-text-6a01cc56329ec2089077192' value='Ver menos'><button id='bg-showmore-action-6a01cc56329ec2089077192' class='bg-showmore-plg-button bg-blue-button bg-arrow '   style=\" color:;\">Metodolog\u00eda<\/button><div id='bg-showmore-hidden-6a01cc56329ec2089077192' >Al ser un taller virtual se busca que la metodolog\u00eda sea de aprendizaje activo, donde es importante la participaci\u00f3n no solo del profesor, sino de los estudiantes, se llegar\u00e1 a una exploraci\u00f3n de preguntas y respuestas relacionadas con los temas que se ir\u00e1n desarrollando durante la cursada, los estudiantes podr\u00e1n llegar a esas respuestas por medio de la interacci\u00f3n a trav\u00e9s de foros y debates virtuales, esto con el fin de motivar la pr\u00e1ctica de discusi\u00f3n y el intercambio de saberes. Utilizaremos material did\u00e1ctico en formatos de video, presentaci\u00f3n juego de roles, entre otros.<\/div><input type='hidden' bg_collapse_expand='6a01cc5632a788032734858' value='6a01cc5632a788032734858'><input type='hidden' id='bg-show-more-text-6a01cc5632a788032734858' value='Materiales'><input type='hidden' id='bg-show-less-text-6a01cc5632a788032734858' value='Ver menos'><button id='bg-showmore-action-6a01cc5632a788032734858' class='bg-showmore-plg-button bg-blue-button bg-arrow '   style=\" color:;\">Materiales<\/button><div id='bg-showmore-hidden-6a01cc5632a788032734858' ><\/li>\n<\/ul>\n<p>Computador, conexi\u00f3n a internet, producto audiovisual terminado.<\/div><span style=\"vertical-align: inherit;\"><input type='hidden' bg_collapse_expand='6a01cc5632b037047123801' value='6a01cc5632b037047123801'><input type='hidden' id='bg-show-more-text-6a01cc5632b037047123801' value='Docente'><input type='hidden' id='bg-show-less-text-6a01cc5632b037047123801' value='Ver menos'><button id='bg-showmore-action-6a01cc5632b037047123801' class='bg-showmore-plg-button bg-blue-button bg-arrow '   style=\" color:#ebe6e6;\">Docente<\/button><div id='bg-showmore-hidden-6a01cc5632b037047123801' ><\/span><span style=\"vertical-align: inherit\"><span style=\"vertical-align: inherit\">Guadalupe Escandon es Egresada del Programa de Cine y Comunicaci\u00f3n Digital de la Universidad Aut\u00f3noma de Occidente (2021), cuenta con un Diplomado en Escritura de Guion Cinematogr\u00e1fico de la Escuela de Cine y Fotograf\u00eda Cibeff en M\u00e9xico y merecedora de la Beca de Proimagenes y la Universidad Javeriana sobre \u201cMercado Audiovisual Internacional\u201d. Actualmente, colabora en el proyecto \u201cCalibelula en las Aulas\u201d financiado por el Festival de Cine Infantil y Juvenil Calibelula, donde se dictan talleres de cinematograf\u00eda a diferentes colegios de la ciudad de Santiago de Cali. Su proyecto de grado, titulado \u201cPerdonando lo Imperdonable\u201d fue seleccionado en diferentes festivales de cine tanto a nivel nacional como internacional, donde obtuvo varios reconocimientos; Mejor Cortometraje Apasionado en el Festival Villa del Cine en Villa de Leyva, Boyac\u00e1, el premio Kolibri en la Paz, Bolivia y Nominaci\u00f3n para el premio V\u00edctor Nieto en la Ciudad de Cartagena de Indias.<\/div><\/span><\/span><span style=\"vertical-align: inherit;\"><span style=\"vertical-align: inherit;\"><span style=\"vertical-align: inherit;\"><span style=\"vertical-align: inherit;\"><span style=\"vertical-align: inherit;\"><span style=\"vertical-align: inherit;\"><span style=\"vertical-align: inherit;\"><input type='hidden' bg_collapse_expand='6a01cc5632bba1001602404' value='6a01cc5632bba1001602404'><input type='hidden' id='bg-show-more-text-6a01cc5632bba1001602404' value='Dirigido a:'><input type='hidden' id='bg-show-less-text-6a01cc5632bba1001602404' value='Ver menos'><button id='bg-showmore-action-6a01cc5632bba1001602404' class='bg-showmore-plg-button bg-blue-button bg-arrow '   style=\" color:#ebe6e6;\">Dirigido a:<\/button><div id='bg-showmore-hidden-6a01cc5632bba1001602404' ><\/span><\/span><\/span><\/span><\/span><\/span><\/span>Estudiantes de carreras afines, realizadores audiovisuales, personas interesadas en desarrollar planes y estrategias de distribuci\u00f3n.<span style=\"vertical-align: inherit\"><span style=\"vertical-align: inherit\"><span style=\"vertical-align: inherit\"><span style=\"vertical-align: inherit\"><span style=\"vertical-align: inherit\"><span style=\"vertical-align: inherit\"><span style=\"vertical-align: inherit\"><span style=\"vertical-align: inherit\"><\/div><\/span><\/span><\/span><\/span><\/span><\/span><\/span><\/span><input type='hidden' bg_collapse_expand='6a01cc5632d1c7008614913' value='6a01cc5632d1c7008614913'><input type='hidden' id='bg-show-more-text-6a01cc5632d1c7008614913' value='Horarios '><input type='hidden' id='bg-show-less-text-6a01cc5632d1c7008614913' value='Ver menos'><button id='bg-showmore-action-6a01cc5632d1c7008614913' class='bg-showmore-plg-button bg-blue-button bg-arrow '   style=\" color:;\">Horarios <\/button><div id='bg-showmore-hidden-6a01cc5632d1c7008614913' ><\/p>\n<ul>\n<li><span style=\"vertical-align: inherit\"><span style=\"vertical-align: inherit\"><span style=\"vertical-align: inherit\"><span style=\"vertical-align: inherit\"><span style=\"vertical-align: inherit\"><span style=\"vertical-align: inherit\"><span style=\"vertical-align: inherit\"><span style=\"vertical-align: inherit\">Fechas: 2 de noviembre al 7 de diciembre 2022<\/span><\/span><\/span><\/span><\/span><\/span><\/span><\/span><br \/>\n<span style=\"vertical-align: inherit\"><span style=\"vertical-align: inherit\"><span style=\"vertical-align: inherit\"><span style=\"vertical-align: inherit\"><span style=\"vertical-align: inherit\"><span style=\"vertical-align: inherit\"><span style=\"vertical-align: inherit\"><span style=\"vertical-align: inherit\">Mi\u00e9rcoles 5:00 p.m. a 8:00 p.m.<\/span><\/span><\/span><\/span><\/span><\/span><\/span><\/span><\/li>\n<li><span style=\"vertical-align: inherit\"><span style=\"vertical-align: inherit\"><span style=\"vertical-align: inherit\"><span style=\"vertical-align: inherit\"><span style=\"vertical-align: inherit\"><span style=\"vertical-align: inherit\"><span style=\"vertical-align: inherit\"><span style=\"vertical-align: inherit\">Duraci\u00f3n:<\/span><\/span><\/span><\/span><\/span><\/span><\/span><\/span><br \/>\n<span style=\"vertical-align: inherit\"><span style=\"vertical-align: inherit\"><span style=\"vertical-align: inherit\"><span style=\"vertical-align: inherit\"><span style=\"vertical-align: inherit\"><span style=\"vertical-align: inherit\"><span style=\"vertical-align: inherit\"><span style=\"vertical-align: inherit\">24 horas \u2013 6 sesiones \u2013 6 semanas<\/span><\/span><\/span><\/span><\/span><\/span><\/span><\/span><\/li>\n<li><span style=\"vertical-align: inherit\"><span style=\"vertical-align: inherit\"><span style=\"vertical-align: inherit\"><span style=\"vertical-align: inherit\"><span style=\"vertical-align: inherit\"><span style=\"vertical-align: inherit\"><span style=\"vertical-align: inherit\"><span style=\"vertical-align: inherit\">3 horas sincr\u00f3nicas &#8211; 1 hora plataforma Moodle por semana<\/span><\/span><\/span><\/span><\/span><\/span><\/span><\/span><\/div><input type='hidden' bg_collapse_expand='6a01cc56331bf4091538130' value='6a01cc56331bf4091538130'><input type='hidden' id='bg-show-more-text-6a01cc56331bf4091538130' value='Inversi\u00f3n'><input type='hidden' id='bg-show-less-text-6a01cc56331bf4091538130' value='Ver menos'><button id='bg-showmore-action-6a01cc56331bf4091538130' class='bg-showmore-plg-button bg-blue-button bg-arrow '   style=\" color:;\">Inversi\u00f3n<\/button><div id='bg-showmore-hidden-6a01cc56331bf4091538130' ><\/li>\n<li>$200.000 COP<\/li>\n<li>Del 15 al 30 de agosto <\/div><\/li>\n<\/ul>\n<p>[\/vc_column_text]<div class=\"wpb_content_element \"><style type=\"text\/css\">#bklyn_btn_6a01cc56332ab .bklyn-btn { border-width:px !important; border-radius:px !important; background-color:#a746d7 !important; }<\/style><div id=\"bklyn_cta_6a01cc56332aa\" class=\"bklyn-call-to-action-wrapper\"><div class=\"bklyn-call-to-action-inner clearfix\"><div class=\"bklyn-call-to-action-content\"><p>Inscripciones abiertas hasta el 30 de octubre. Inicia 31 de octubre de 2022.<\/p>\n<\/div><div class=\"bklyn-call-to-action-button-holder\"><div id=\"bklyn_btn_6a01cc56332ab\" class=\"bklyn-btn-holder bklyn-btn-center bklyn-btn-tablet-center bklyn-btn-mobile-center\"><a title=\"Contacto\" href=\"https:\/\/forms.gle\/933DLSDypQTrXfmA7\" target=\"_self\" class=\"bklyn-btn bklyn-btn-normal \" rel=\"nofollow\">Inscr\u00edbete<\/a><\/div><\/div><\/div><\/div><\/div>[\/vc_column][vc_column width=\u00bb1\/6&#8243;][\/vc_column][\/vc_row][vc_row][vc_column][vc_column_text][\/vc_column_text][\/vc_column][\/vc_row]<\/p>\n<\/div>","protected":false},"excerpt":{"rendered":"<p>[vc_row][vc_column width=\u00bb1\/6&#8243;][vc_column_text][\/vc_column_text][\/vc_column][vc_column width=\u00bb2\/3&#8243;][vc_column_text css=\u00bb.vc_custom_1688972091664{background-color: rgb(255, 255, 255) !important;background-position: center !important;background-repeat: no-repeat !important;background-size: contain !important;}\u00bb]\u00a0 Taller de Distribuci\u00f3n y Exhibici\u00f3n Audiovisual: Tengo mi Peli y \u00bfAhora qu\u00e9? Este taller abordar\u00e1 aspectos claves de la distribuci\u00f3n cinematogr\u00e1fica, a partir de una serie de experiencias pr\u00e1cticas y conceptos te\u00f3ricos acerca de las diferentes estrategias de distribuci\u00f3n que puede [&hellip;]<\/p>\n","protected":false},"author":1,"featured_media":0,"parent":0,"menu_order":0,"comment_status":"closed","ping_status":"closed","template":"","meta":{"footnotes":""},"class_list":["post-11600","page","type-page","status-publish","hentry"],"_links":{"self":[{"href":"https:\/\/www.arteenboga.com.co\/la\/wp-json\/wp\/v2\/pages\/11600","targetHints":{"allow":["GET"]}}],"collection":[{"href":"https:\/\/www.arteenboga.com.co\/la\/wp-json\/wp\/v2\/pages"}],"about":[{"href":"https:\/\/www.arteenboga.com.co\/la\/wp-json\/wp\/v2\/types\/page"}],"author":[{"embeddable":true,"href":"https:\/\/www.arteenboga.com.co\/la\/wp-json\/wp\/v2\/users\/1"}],"replies":[{"embeddable":true,"href":"https:\/\/www.arteenboga.com.co\/la\/wp-json\/wp\/v2\/comments?post=11600"}],"version-history":[{"count":13,"href":"https:\/\/www.arteenboga.com.co\/la\/wp-json\/wp\/v2\/pages\/11600\/revisions"}],"predecessor-version":[{"id":11608,"href":"https:\/\/www.arteenboga.com.co\/la\/wp-json\/wp\/v2\/pages\/11600\/revisions\/11608"}],"wp:attachment":[{"href":"https:\/\/www.arteenboga.com.co\/la\/wp-json\/wp\/v2\/media?parent=11600"}],"curies":[{"name":"wp","href":"https:\/\/api.w.org\/{rel}","templated":true}]}}