{"id":11591,"date":"2022-10-07T22:40:35","date_gmt":"2022-10-07T22:40:35","guid":{"rendered":"https:\/\/www.arteenboga.com.co\/la\/?page_id=11591"},"modified":"2022-10-07T23:33:17","modified_gmt":"2022-10-07T23:33:17","slug":"curso-arte-objetual-contenidos","status":"publish","type":"page","link":"https:\/\/www.arteenboga.com.co\/la\/curso-arte-objetual-contenidos\/","title":{"rendered":"Curso Arte Objetual Contenidos"},"content":{"rendered":"<div class=\"wpb-content-wrapper\"><p>[vc_row][vc_column width=\u00bb1\/6&#8243;][vc_column_text]<span style=\"vertical-align: inherit;\"><span style=\"vertical-align: inherit;\">[\/vc_column_text][\/vc_column][vc_column width=\u00bb2\/3&#8243;][vc_column_text css=\u00bb.vc_custom_1665185281653{background-color: rgb(255, 255, 255) !important;background-position: center !important;background-repeat: no-repeat !important;background-size: contain !important;}\u00bb]\u00a0<\/span><\/span><\/p>\n<h2><span style=\"color: #800080;\">Creaci\u00f3n de Objetos Art\u00edsticos como Experiencia Est\u00e9tica<\/span><\/h2>\n<p>El taller busca desarrollar un proceso creativo para cada participante desde el uso de objetos dispuestos en su cotidianidad y territorio, durante este proceso las y los participantes podr\u00e1n compartir y adquirir saberes que permitan realizar an\u00e1lisis y reflexiones desde conceptos centrales del arte como la cr\u00edtica, la est\u00e9tica y lo pol\u00edtico. As\u00ed estas reflexiones orientar\u00e1n la elaboraci\u00f3n de objetos art\u00edsticos e intervenciones sobre los mismos siendo la experimentaci\u00f3n el \u00e9nfasis para recrear, reconceptualizar y cargar simb\u00f3licamente dichos objetos. As\u00ed al finalizar el proceso creativo cada participante compartir\u00e1 de forma colectiva su creaci\u00f3n.<\/p>\n<input type='hidden' bg_collapse_expand='6a01cc46851117021945187' value='6a01cc46851117021945187'><input type='hidden' id='bg-show-more-text-6a01cc46851117021945187' value='Objetivos'><input type='hidden' id='bg-show-less-text-6a01cc46851117021945187' value='Ver menos'><button id='bg-showmore-action-6a01cc46851117021945187' class='bg-showmore-plg-button bg-blue-button bg-arrow '   style=\" color:;\">Objetivos<\/button><div id='bg-showmore-hidden-6a01cc46851117021945187' >\n<ul>\n<li style=\"font-weight: 400\"><span style=\"vertical-align: inherit\"><span style=\"vertical-align: inherit\"><span style=\"vertical-align: inherit\"><span style=\"vertical-align: inherit\"><span style=\"vertical-align: inherit\"><span style=\"vertical-align: inherit\"><span style=\"vertical-align: inherit\"><span style=\"vertical-align: inherit\"><span style=\"vertical-align: inherit\"><span style=\"vertical-align: inherit\">Reconocer procesos de creaci\u00f3n y desarrollar una ruta creativa que incorpore conceptos como la cr\u00edtica, la est\u00e9tica y lo pol\u00edtico en el arte.<\/span><\/span><\/span><\/span><\/span><\/span><\/span><\/span><\/span><\/span><\/li>\n<li style=\"font-weight: 400\"><span style=\"vertical-align: inherit\"><span style=\"vertical-align: inherit\"><span style=\"vertical-align: inherit\"><span style=\"vertical-align: inherit\"><span style=\"vertical-align: inherit\"><span style=\"vertical-align: inherit\"><span style=\"vertical-align: inherit\"><span style=\"vertical-align: inherit\"><span style=\"vertical-align: inherit\"><span style=\"vertical-align: inherit\">Crear y elaborar un objeto art\u00edstico como experiencia simb\u00f3lica, \u00e9tica y est\u00e9tica desde la diversidad de ambientes y entornos cotidianos de los participantes.<\/span><\/span><\/span><\/span><\/span><\/span><\/span><\/span><\/span><\/span><\/li>\n<li style=\"font-weight: 400\"><span style=\"vertical-align: inherit\"><span style=\"vertical-align: inherit\"><span style=\"vertical-align: inherit\"><span style=\"vertical-align: inherit\"><span style=\"vertical-align: inherit\"><span style=\"vertical-align: inherit\"><span style=\"vertical-align: inherit\"><span style=\"vertical-align: inherit\"><span style=\"vertical-align: inherit\"><span style=\"vertical-align: inherit\">Compartir una muestra virtual de objetos art\u00edsticos que evidencie el proceso creativo del taller.<\/div><\/span><\/span><\/span><\/span><\/span><\/span><\/span><\/span><\/span><\/span><input type='hidden' bg_collapse_expand='6a01cc468554e4097714797' value='6a01cc468554e4097714797'><input type='hidden' id='bg-show-more-text-6a01cc468554e4097714797' value='Contenidos'><input type='hidden' id='bg-show-less-text-6a01cc468554e4097714797' value='Ver menos'><button id='bg-showmore-action-6a01cc468554e4097714797' class='bg-showmore-plg-button bg-blue-button bg-arrow '   style=\" color:;\">Contenidos<\/button><div id='bg-showmore-hidden-6a01cc468554e4097714797' ><\/li>\n<li style=\"font-weight: 400\">Sesi\u00f3n 1: Presentaci\u00f3n, Expectativas y socializaci\u00f3n de las etapas del taller &#8211; Collage sobre el Arte &#8211; Revisi\u00f3n aut\u00f3noma de material.<\/li>\n<li style=\"font-weight: 400\">Sesi\u00f3n 2: \u00bfPara qu\u00e9 una ruta creativa? &#8211; Ejercicio colectivo &#8211; Revisi\u00f3n aut\u00f3noma de material.<\/li>\n<li style=\"font-weight: 400\">Sesi\u00f3n 3: Acercarnos a lo cr\u00edtico su definici\u00f3n y reflexi\u00f3n &#8211; Intervenci\u00f3n objeto &#8211; Revisi\u00f3n aut\u00f3noma de material.<\/li>\n<li style=\"font-weight: 400\">Sesi\u00f3n 4: Acercarnos a lo est\u00e9tico su definici\u00f3n y reflexi\u00f3n &#8211; Intervenci\u00f3n objeto &#8211; Revisi\u00f3n aut\u00f3noma de material.<\/li>\n<li style=\"font-weight: 400\">Sesi\u00f3n 5: Acercarnos a lo pol\u00edtico su definici\u00f3n y reflexi\u00f3n &#8211; Intervenci\u00f3n Objeto &#8211; Revisi\u00f3n aut\u00f3noma de material.<\/li>\n<li style=\"font-weight: 400\">Sesi\u00f3n 6: Muestra colectiva reflexi\u00f3n final &#8211; Evaluaci\u00f3n.<\/div><input type='hidden' bg_collapse_expand='6a01cc46856784042982485' value='6a01cc46856784042982485'><input type='hidden' id='bg-show-more-text-6a01cc46856784042982485' value='Metodolog\u00eda'><input type='hidden' id='bg-show-less-text-6a01cc46856784042982485' value='Ver menos'><button id='bg-showmore-action-6a01cc46856784042982485' class='bg-showmore-plg-button bg-blue-button bg-arrow '   style=\" color:;\">Metodolog\u00eda<\/button><div id='bg-showmore-hidden-6a01cc46856784042982485' ><\/li>\n<\/ul>\n<p>Este taller virtual est\u00e1 dise\u00f1ado en 3 etapas simult\u00e1neas; Encuentros sincr\u00f3nicos, Actividades Aut\u00f3nomas y Ruta Creativa descritos a continuaci\u00f3n:<\/p>\n<ul>\n<li>Los Encuentros Sincr\u00f3nicos son espacios semanales de tres horas los cuales desarrollan contenidos, temas y conceptos a trav\u00e9s de herramientas digitales, siempre permitiendo el di\u00e1logo para compartir reflexiones, saberes, realizar seguimiento y resolver dudas.<\/li>\n<li>Las Actividades Aut\u00f3nomas son espacios de una hora de trabajo asincr\u00f3nico del participante que est\u00e1n dise\u00f1adas con el prop\u00f3sito de enriquecer, inspirar y generar reflexiones como insumo para las sesiones de trabajo.<\/li>\n<li>Proceso creativo en esta etapa el participante desarrollar\u00e1 una ruta creativa propia en la cual define su objeto, conceptualiza e interviene con otros materiales, dispositivos o elementos para configurar nuevos sentidos desde el lenguaje est\u00e9tico, este objeto art\u00edstico ser\u00e1 socializado en la sesi\u00f3n de clausura.<\/li>\n<li>As\u00ed durante este proceso denominado Ruta Creativa el participante podr\u00e1 acercarse a los diferentes desde un creativo propio, a la conceptualizaci\u00f3n, la reflexi\u00f3n y la cr\u00edtica de objetos de arte.<\/div><input type='hidden' bg_collapse_expand='6a01cc468570c9005535025' value='6a01cc468570c9005535025'><input type='hidden' id='bg-show-more-text-6a01cc468570c9005535025' value='Materiales'><input type='hidden' id='bg-show-less-text-6a01cc468570c9005535025' value='Ver menos'><button id='bg-showmore-action-6a01cc468570c9005535025' class='bg-showmore-plg-button bg-blue-button bg-arrow '   style=\" color:;\">Materiales<\/button><div id='bg-showmore-hidden-6a01cc468570c9005535025' ><\/li>\n<li>5 objetos (libre elecci\u00f3n)<\/li>\n<li>1 Retablo de MDF 25 x 25 cm 1 cm grosor.<\/li>\n<li>3 Vinilo negro y otros colores<\/li>\n<li>1 Bistur\u00ed<\/li>\n<li>1 Bloque de plastilina<br \/>\n<\/div><span style=\"vertical-align: inherit;\"><input type='hidden' bg_collapse_expand='6a01cc46857a69085064402' value='6a01cc46857a69085064402'><input type='hidden' id='bg-show-more-text-6a01cc46857a69085064402' value='Docente'><input type='hidden' id='bg-show-less-text-6a01cc46857a69085064402' value='Ver menos'><button id='bg-showmore-action-6a01cc46857a69085064402' class='bg-showmore-plg-button bg-blue-button bg-arrow '   style=\" color:#ebe6e6;\">Docente<\/button><div id='bg-showmore-hidden-6a01cc46857a69085064402' ><\/span><\/li>\n<\/ul>\n<p><span style=\"vertical-align: inherit\"><span style=\"vertical-align: inherit\">Francisco Miguel Mar\u00edn Guti\u00e9rrez es Maestro en Artes Visuales de la Universidad de Nari\u00f1o, Productor Audiovisual y Activista Defensor de Derechos Humanos, desde muy joven apasionado por temas como el antimilitarismo, memoria, la verdad, los derechos humanos y el conflicto armado en Colombia. Ha participado de procesos de intervenci\u00f3n p\u00fablica como performance, acciones directas no violentas, exposiciones art\u00edsticas y la realizaci\u00f3n de piezas audiovisuales de ficci\u00f3n y documental. Cree en el arte, la comunicaci\u00f3n y el cine como herramientas para transformar la realidad.<\/div><\/span><\/span><span style=\"vertical-align: inherit;\"><span style=\"vertical-align: inherit;\"><span style=\"vertical-align: inherit;\"><span style=\"vertical-align: inherit;\"><span style=\"vertical-align: inherit;\"><span style=\"vertical-align: inherit;\"><span style=\"vertical-align: inherit;\"><input type='hidden' bg_collapse_expand='6a01cc468585b9070106816' value='6a01cc468585b9070106816'><input type='hidden' id='bg-show-more-text-6a01cc468585b9070106816' value='Dirigido a:'><input type='hidden' id='bg-show-less-text-6a01cc468585b9070106816' value='Ver menos'><button id='bg-showmore-action-6a01cc468585b9070106816' class='bg-showmore-plg-button bg-blue-button bg-arrow '   style=\" color:#ebe6e6;\">Dirigido a:<\/button><div id='bg-showmore-hidden-6a01cc468585b9070106816' ><\/span><\/span><\/span><\/span><\/span><\/span><\/span>Dirigido al p\u00fablico joven y adulto, interesados en las pr\u00e1cticas art\u00edsticas, con o sin conocimientos en artes.<span style=\"vertical-align: inherit\"><span style=\"vertical-align: inherit\"><span style=\"vertical-align: inherit\"><span style=\"vertical-align: inherit\"><span style=\"vertical-align: inherit\"><span style=\"vertical-align: inherit\"><span style=\"vertical-align: inherit\"><span style=\"vertical-align: inherit\"><\/div><\/span><\/span><\/span><\/span><\/span><\/span><\/span><\/span><input type='hidden' bg_collapse_expand='6a01cc468593d8020770255' value='6a01cc468593d8020770255'><input type='hidden' id='bg-show-more-text-6a01cc468593d8020770255' value='Horarios '><input type='hidden' id='bg-show-less-text-6a01cc468593d8020770255' value='Ver menos'><button id='bg-showmore-action-6a01cc468593d8020770255' class='bg-showmore-plg-button bg-blue-button bg-arrow '   style=\" color:;\">Horarios <\/button><div id='bg-showmore-hidden-6a01cc468593d8020770255' ><\/p>\n<ul>\n<li><span style=\"vertical-align: inherit\"><span style=\"vertical-align: inherit\"><span style=\"vertical-align: inherit\"><span style=\"vertical-align: inherit\"><span style=\"vertical-align: inherit\"><span style=\"vertical-align: inherit\"><span style=\"vertical-align: inherit\"><span style=\"vertical-align: inherit\">Fechas: 31 de octubre al 5 de diciembre 2022<\/span><\/span><\/span><\/span><\/span><\/span><\/span><\/span><br \/>\n<span style=\"vertical-align: inherit\"><span style=\"vertical-align: inherit\"><span style=\"vertical-align: inherit\"><span style=\"vertical-align: inherit\"><span style=\"vertical-align: inherit\"><span style=\"vertical-align: inherit\"><span style=\"vertical-align: inherit\"><span style=\"vertical-align: inherit\">Lunes 5:00 p.m. a 8:00 p.m.<\/span><\/span><\/span><\/span><\/span><\/span><\/span><\/span><\/li>\n<li><span style=\"vertical-align: inherit\"><span style=\"vertical-align: inherit\"><span style=\"vertical-align: inherit\"><span style=\"vertical-align: inherit\"><span style=\"vertical-align: inherit\"><span style=\"vertical-align: inherit\"><span style=\"vertical-align: inherit\"><span style=\"vertical-align: inherit\">Duraci\u00f3n:<\/span><\/span><\/span><\/span><\/span><\/span><\/span><\/span><br \/>\n<span style=\"vertical-align: inherit\"><span style=\"vertical-align: inherit\"><span style=\"vertical-align: inherit\"><span style=\"vertical-align: inherit\"><span style=\"vertical-align: inherit\"><span style=\"vertical-align: inherit\"><span style=\"vertical-align: inherit\"><span style=\"vertical-align: inherit\">24 horas \u2013 6 sesiones \u2013 6 semanas<\/span><\/span><\/span><\/span><\/span><\/span><\/span><\/span><\/li>\n<li><span style=\"vertical-align: inherit\"><span style=\"vertical-align: inherit\"><span style=\"vertical-align: inherit\"><span style=\"vertical-align: inherit\"><span style=\"vertical-align: inherit\"><span style=\"vertical-align: inherit\"><span style=\"vertical-align: inherit\"><span style=\"vertical-align: inherit\">3 horas sincr\u00f3nicas &#8211; 1 hora plataforma Moodle por semana<\/span><\/span><\/span><\/span><\/span><\/span><\/span><\/span><\/div><input type='hidden' bg_collapse_expand='6a01cc4685c092030956592' value='6a01cc4685c092030956592'><input type='hidden' id='bg-show-more-text-6a01cc4685c092030956592' value='Inversi\u00f3n'><input type='hidden' id='bg-show-less-text-6a01cc4685c092030956592' value='Ver menos'><button id='bg-showmore-action-6a01cc4685c092030956592' class='bg-showmore-plg-button bg-blue-button bg-arrow '   style=\" color:;\">Inversi\u00f3n<\/button><div id='bg-showmore-hidden-6a01cc4685c092030956592' ><\/li>\n<li>20% de Dto. pronto pago hasta el 22 de octubre $200.000 COP<\/li>\n<li>Del 23 al 30 de octubre $250.000 COP<\/div><\/li>\n<\/ul>\n<p>[\/vc_column_text]<div class=\"wpb_content_element \"><style type=\"text\/css\">#bklyn_btn_6a01cc4685cc7 .bklyn-btn { border-width:px !important; border-radius:px !important; background-color:#a746d7 !important; }<\/style><div id=\"bklyn_cta_6a01cc4685cc6\" class=\"bklyn-call-to-action-wrapper\"><div class=\"bklyn-call-to-action-inner clearfix\"><div class=\"bklyn-call-to-action-content\"><p>Inscripciones abiertas hasta el 30 de octubre. Inicia 31 de octubre de 2022.<\/p>\n<\/div><div class=\"bklyn-call-to-action-button-holder\"><div id=\"bklyn_btn_6a01cc4685cc7\" class=\"bklyn-btn-holder bklyn-btn-center bklyn-btn-tablet-center bklyn-btn-mobile-center\"><a title=\"Contacto\" href=\"https:\/\/forms.gle\/933DLSDypQTrXfmA7\" target=\"_self\" class=\"bklyn-btn bklyn-btn-normal \" rel=\"nofollow\">Inscr\u00edbete<\/a><\/div><\/div><\/div><\/div><\/div>[\/vc_column][vc_column width=\u00bb1\/6&#8243;][\/vc_column][\/vc_row][vc_row][vc_column][vc_column_text][\/vc_column_text][\/vc_column][\/vc_row]<\/p>\n<\/div>","protected":false},"excerpt":{"rendered":"<p>[vc_row][vc_column width=\u00bb1\/6&#8243;][vc_column_text][\/vc_column_text][\/vc_column][vc_column width=\u00bb2\/3&#8243;][vc_column_text css=\u00bb.vc_custom_1665185281653{background-color: rgb(255, 255, 255) !important;background-position: center !important;background-repeat: no-repeat !important;background-size: contain !important;}\u00bb]\u00a0 Creaci\u00f3n de Objetos Art\u00edsticos como Experiencia Est\u00e9tica El taller busca desarrollar un proceso creativo para cada participante desde el uso de objetos dispuestos en su cotidianidad y territorio, durante este proceso las y los participantes podr\u00e1n compartir y adquirir saberes que [&hellip;]<\/p>\n","protected":false},"author":1,"featured_media":0,"parent":0,"menu_order":0,"comment_status":"closed","ping_status":"closed","template":"","meta":{"footnotes":""},"class_list":["post-11591","page","type-page","status-publish","hentry"],"_links":{"self":[{"href":"https:\/\/www.arteenboga.com.co\/la\/wp-json\/wp\/v2\/pages\/11591","targetHints":{"allow":["GET"]}}],"collection":[{"href":"https:\/\/www.arteenboga.com.co\/la\/wp-json\/wp\/v2\/pages"}],"about":[{"href":"https:\/\/www.arteenboga.com.co\/la\/wp-json\/wp\/v2\/types\/page"}],"author":[{"embeddable":true,"href":"https:\/\/www.arteenboga.com.co\/la\/wp-json\/wp\/v2\/users\/1"}],"replies":[{"embeddable":true,"href":"https:\/\/www.arteenboga.com.co\/la\/wp-json\/wp\/v2\/comments?post=11591"}],"version-history":[{"count":4,"href":"https:\/\/www.arteenboga.com.co\/la\/wp-json\/wp\/v2\/pages\/11591\/revisions"}],"predecessor-version":[{"id":11598,"href":"https:\/\/www.arteenboga.com.co\/la\/wp-json\/wp\/v2\/pages\/11591\/revisions\/11598"}],"wp:attachment":[{"href":"https:\/\/www.arteenboga.com.co\/la\/wp-json\/wp\/v2\/media?parent=11591"}],"curies":[{"name":"wp","href":"https:\/\/api.w.org\/{rel}","templated":true}]}}