{"id":11483,"date":"2022-10-05T08:44:03","date_gmt":"2022-10-05T08:44:03","guid":{"rendered":"https:\/\/www.arteenboga.com.co\/la\/?page_id=11483"},"modified":"2022-10-08T16:35:12","modified_gmt":"2022-10-08T16:35:12","slug":"curso-biodrama-contenidos","status":"publish","type":"page","link":"https:\/\/www.arteenboga.com.co\/la\/curso-biodrama-contenidos\/","title":{"rendered":"Curso Biodrama Contenidos"},"content":{"rendered":"<div class=\"wpb-content-wrapper\"><p>[vc_row][vc_column width=\u00bb1\/6&#8243;][vc_column_text]<span style=\"vertical-align: inherit;\"><span style=\"vertical-align: inherit;\">[\/vc_column_text][\/vc_column][vc_column width=\u00bb2\/3&#8243;][vc_column_text css=\u00bb.vc_custom_1665246910337{background-color: rgb(255, 255, 255) !important;background-position: center !important;background-repeat: no-repeat !important;background-size: contain !important;}\u00bb]\u00a0<\/span><\/span><\/p>\n<h2><\/h2>\n<h2><span style=\"color: #800080;\">Biodrama: \u00bfC\u00f3mo retratar la vida en el teatro?<\/span><\/h2>\n<p>Este taller busca que los participantes tengan la oportunidad de vivir la experiencia de construir su propio biodrama partiendo de su historia de vida. Utilizando como base te\u00f3rica algunas de las consignas b\u00e1sicas que establece Vivi Tellas; creadora de esta herramienta y tomando como punto de partida las memorias, recuerdos, objetos y dem\u00e1s elementos que conforman esa \u201cDramaturgia del Destino\u201d, es que se le quiere dar forma a los distintos biodramas que surjan de esta experiencia, y que a su vez, sirvan como punto de partida para que cada interesado inscrito al taller pueda aplicar y replicar en el campo en que se desenvuelva.<\/p>\n<input type='hidden' bg_collapse_expand='6a01cc6a155b16051917716' value='6a01cc6a155b16051917716'><input type='hidden' id='bg-show-more-text-6a01cc6a155b16051917716' value='Objetivos'><input type='hidden' id='bg-show-less-text-6a01cc6a155b16051917716' value='Ver menos'><button id='bg-showmore-action-6a01cc6a155b16051917716' class='bg-showmore-plg-button bg-blue-button bg-arrow '   style=\" color:;\">Objetivos<\/button><div id='bg-showmore-hidden-6a01cc6a155b16051917716' >\n<ul>\n<li style=\"font-weight: 400\"><span style=\"vertical-align: inherit\"><span style=\"vertical-align: inherit\"><span style=\"vertical-align: inherit\"><span style=\"vertical-align: inherit\"><span style=\"vertical-align: inherit\"><span style=\"vertical-align: inherit\"><span style=\"vertical-align: inherit\"><span style=\"vertical-align: inherit\"><span style=\"vertical-align: inherit\"><span style=\"vertical-align: inherit\">Entender \u00bfQu\u00e9 es el Biodrama?, y lo que \u00e9ste conlleva dentro del trabajo que Vivi Tellas ha desarrollado a lo largo de su carrera como directora teatral y curadora argentina con gran influencia en la escena internacional.<\/span><\/span><\/span><\/span><\/span><\/span><\/span><\/span><\/span><\/span><\/li>\n<li style=\"font-weight: 400\"><span style=\"vertical-align: inherit\"><span style=\"vertical-align: inherit\"><span style=\"vertical-align: inherit\"><span style=\"vertical-align: inherit\"><span style=\"vertical-align: inherit\"><span style=\"vertical-align: inherit\"><span style=\"vertical-align: inherit\"><span style=\"vertical-align: inherit\"><span style=\"vertical-align: inherit\"><span style=\"vertical-align: inherit\">Vivir la experiencia de construir un Biodrama a partir de las memorias y experiencias recogidas de la vida misma de cada participante.<\/span><\/span><\/span><\/span><\/span><\/span><\/span><\/span><\/span><\/span><\/li>\n<li style=\"font-weight: 400\"><span style=\"vertical-align: inherit\"><span style=\"vertical-align: inherit\"><span style=\"vertical-align: inherit\"><span style=\"vertical-align: inherit\"><span style=\"vertical-align: inherit\"><span style=\"vertical-align: inherit\"><span style=\"vertical-align: inherit\"><span style=\"vertical-align: inherit\"><span style=\"vertical-align: inherit\"><span style=\"vertical-align: inherit\">Crear un Biodrama a partir de la investigaci\u00f3n documental con cada uno de los participantes.<\/div><\/span><\/span><\/span><\/span><\/span><\/span><\/span><\/span><\/span><\/span><input type='hidden' bg_collapse_expand='6a01cc6a1598d9085216390' value='6a01cc6a1598d9085216390'><input type='hidden' id='bg-show-more-text-6a01cc6a1598d9085216390' value='Contenidos'><input type='hidden' id='bg-show-less-text-6a01cc6a1598d9085216390' value='Ver menos'><button id='bg-showmore-action-6a01cc6a1598d9085216390' class='bg-showmore-plg-button bg-blue-button bg-arrow '   style=\" color:;\">Contenidos<\/button><div id='bg-showmore-hidden-6a01cc6a1598d9085216390' ><\/li>\n<li style=\"font-weight: 400\"><span style=\"vertical-align: inherit\">Sesi\u00f3n 1: Vivi Tellas le da \u201cVida\u201d al Biodrama.<\/span><\/li>\n<li style=\"font-weight: 400\"><span style=\"vertical-align: inherit\">Sesi\u00f3n 2: \u00bfC\u00f3mo retratar la vida en el teatro.<\/span><\/li>\n<li style=\"font-weight: 400\"><span style=\"vertical-align: inherit\">Sesi\u00f3n 3: Los objetos como puente hacia el pasado.<\/span><\/li>\n<li style=\"font-weight: 400\"><span style=\"vertical-align: inherit\">Sesi\u00f3n 4: \u00bfQu\u00e9 es la\u201cDramaturgia del destino\u201d y c\u00f3mo construirla?<\/span><\/li>\n<li style=\"font-weight: 400\"><span style=\"vertical-align: inherit\">Sesi\u00f3n 5: Retrato para la escena.<\/span><\/li>\n<li style=\"font-weight: 400\">Sesi\u00f3n 6: Biodrama, una nueva mirada de la vida.<\/div><input type='hidden' bg_collapse_expand='6a01cc6a15ad53041417826' value='6a01cc6a15ad53041417826'><input type='hidden' id='bg-show-more-text-6a01cc6a15ad53041417826' value='Metodolog\u00eda'><input type='hidden' id='bg-show-less-text-6a01cc6a15ad53041417826' value='Ver menos'><button id='bg-showmore-action-6a01cc6a15ad53041417826' class='bg-showmore-plg-button bg-blue-button bg-arrow '   style=\" color:;\">Metodolog\u00eda<\/button><div id='bg-showmore-hidden-6a01cc6a15ad53041417826' ><\/li>\n<\/ul>\n<p>Generar un espacio seguro y de confianza en donde los participantes tengan la oportunidad de sentirse libres; de expresar y conectar con las memorias y experiencias que los han llevado a ser quien son. Tomando como base y sustento te\u00f3rico la manera en que Vivi Tellas ha implementado el Biodrama en todos y cada uno de sus montajes, colaboraciones y trabajos teatrales realizados a lo largo de su carrera; se pretende vivenciar ese (paso a paso) para la construcci\u00f3n que luego cada integrante deber\u00e1 ir ejecutando a lo largo de los encuentros; propiciando as\u00ed la investigaci\u00f3n, la indagaci\u00f3n y por qu\u00e9 no, la experimentaci\u00f3n con cada aspecto seleccionado de su vida para la elaboraci\u00f3n de su biodrama. De esta manera, la finalidad es que cada integrante cree su Biodrama y como resultado pueda grabarlo y compartirlo como experiencia para luego reflexionar conjuntamente con los dem\u00e1s participantes sobre el proceso, el hallazgo y lo que recogi\u00f3 de todo el taller de principio a fin.<\/div><input type='hidden' bg_collapse_expand='6a01cc6a15b568002385390' value='6a01cc6a15b568002385390'><input type='hidden' id='bg-show-more-text-6a01cc6a15b568002385390' value='Materiales'><input type='hidden' id='bg-show-less-text-6a01cc6a15b568002385390' value='Ver menos'><button id='bg-showmore-action-6a01cc6a15b568002385390' class='bg-showmore-plg-button bg-blue-button bg-arrow '   style=\" color:;\">Materiales<\/button><div id='bg-showmore-hidden-6a01cc6a15b568002385390' ><\/p>\n<ul>\n<li>Computador o celular con internet para las clases sincr\u00f3nicas y la realizaci\u00f3n de las actividades y ejercicios de manera asincr\u00f3nica que as\u00ed lo requiera.<\/li>\n<li>Cuando se lleve a cabo la investigaci\u00f3n y construcci\u00f3n de los diferentes Biodramas, se utilizar\u00e1n \u201cObjetos Personales\u201d propios de cada participante. A lo largo de las clases y dependiendo de lo que surja durante la investigaci\u00f3n de cada uno, se aclarar\u00e1 cu\u00e1les ser\u00e1n esos objetos personales que se utilizar\u00e1n.<\/div><span style=\"vertical-align: inherit;\"><input type='hidden' bg_collapse_expand='6a01cc6a15bc58077671286' value='6a01cc6a15bc58077671286'><input type='hidden' id='bg-show-more-text-6a01cc6a15bc58077671286' value='Docente'><input type='hidden' id='bg-show-less-text-6a01cc6a15bc58077671286' value='Ver menos'><button id='bg-showmore-action-6a01cc6a15bc58077671286' class='bg-showmore-plg-button bg-blue-button bg-arrow '   style=\" color:#ebe6e6;\">Docente<\/button><div id='bg-showmore-hidden-6a01cc6a15bc58077671286' ><\/span><\/li>\n<\/ul>\n<p>Gina Maria \u00c1vila es Profesional de Arte Dram\u00e1tico con \u00c9nfasis en Actuaci\u00f3n y Movimiento de la Escuela de Artes y Letras de Bogot\u00e1 (2018). Desde hace m\u00e1s de 10 a\u00f1os hace parte de la Corporaci\u00f3n \u201cEspacio Teatral\u201d radicada en el Municipio de Sop\u00f3, desempe\u00f1\u00e1ndose como Actriz de diversos montajes y obras; tambi\u00e9n ha participado en m\u00faltiples proyectos art\u00edsticos de car\u00e1cter social y comunitario en el sector p\u00fablico y privado. Actualmente, trabaja como Docente en la \u201cEscuela Recrearte\u201d del Municipio de Sop\u00f3, logrando un acercamiento con distintos grupos poblacionales tales como; la comunidad LGTBIQ+, adultos mayores en situaci\u00f3n de vulnerabilidad y personas con discapacidad.<span style=\"vertical-align: inherit\"><span style=\"vertical-align: inherit\"><\/div><\/span><\/span><span style=\"vertical-align: inherit;\"><span style=\"vertical-align: inherit;\"><span style=\"vertical-align: inherit;\"><span style=\"vertical-align: inherit;\"><span style=\"vertical-align: inherit;\"><span style=\"vertical-align: inherit;\"><span style=\"vertical-align: inherit;\"><input type='hidden' bg_collapse_expand='6a01cc6a15c575002648667' value='6a01cc6a15c575002648667'><input type='hidden' id='bg-show-more-text-6a01cc6a15c575002648667' value='Dirigido a:'><input type='hidden' id='bg-show-less-text-6a01cc6a15c575002648667' value='Ver menos'><button id='bg-showmore-action-6a01cc6a15c575002648667' class='bg-showmore-plg-button bg-blue-button bg-arrow '   style=\" color:#ebe6e6;\">Dirigido a:<\/button><div id='bg-showmore-hidden-6a01cc6a15c575002648667' ><\/span><\/span><\/span><\/span><\/span><\/span><\/span><span style=\"vertical-align: inherit\"><span style=\"vertical-align: inherit\"><span style=\"vertical-align: inherit\"><span style=\"vertical-align: inherit\"><span style=\"vertical-align: inherit\"><span style=\"vertical-align: inherit\"><span style=\"vertical-align: inherit\"><span style=\"vertical-align: inherit\"><span style=\"vertical-align: inherit\">Artistas, Formadores, Creadores, Directores, Actores, Escritores, o cualquier tipo de persona interesada en el tema.<\/span><\/span><\/span><\/span><\/span><\/span><\/span><\/span><\/span><span style=\"vertical-align: inherit\"><span style=\"vertical-align: inherit\"><span style=\"vertical-align: inherit\"><span style=\"vertical-align: inherit\"><span style=\"vertical-align: inherit\"><span style=\"vertical-align: inherit\"><span style=\"vertical-align: inherit\"><span style=\"vertical-align: inherit\"><\/div><\/span><\/span><\/span><\/span><\/span><\/span><\/span><\/span><input type='hidden' bg_collapse_expand='6a01cc6a15da58075527813' value='6a01cc6a15da58075527813'><input type='hidden' id='bg-show-more-text-6a01cc6a15da58075527813' value='Horarios '><input type='hidden' id='bg-show-less-text-6a01cc6a15da58075527813' value='Ver menos'><button id='bg-showmore-action-6a01cc6a15da58075527813' class='bg-showmore-plg-button bg-blue-button bg-arrow '   style=\" color:;\">Horarios <\/button><div id='bg-showmore-hidden-6a01cc6a15da58075527813' ><\/p>\n<ul>\n<li><span style=\"vertical-align: inherit\"><span style=\"vertical-align: inherit\"><span style=\"vertical-align: inherit\"><span style=\"vertical-align: inherit\"><span style=\"vertical-align: inherit\"><span style=\"vertical-align: inherit\"><span style=\"vertical-align: inherit\"><span style=\"vertical-align: inherit\">Fechas: 3 de noviembre al 8 de diciembre 2022<\/span><\/span><\/span><\/span><\/span><\/span><\/span><\/span><br \/>\n<span style=\"vertical-align: inherit\"><span style=\"vertical-align: inherit\"><span style=\"vertical-align: inherit\"><span style=\"vertical-align: inherit\"><span style=\"vertical-align: inherit\"><span style=\"vertical-align: inherit\"><span style=\"vertical-align: inherit\"><span style=\"vertical-align: inherit\">Martes 6:00 p.m. a 9:00 p.m.<\/span><\/span><\/span><\/span><\/span><\/span><\/span><\/span><\/li>\n<li><span style=\"vertical-align: inherit\"><span style=\"vertical-align: inherit\"><span style=\"vertical-align: inherit\"><span style=\"vertical-align: inherit\"><span style=\"vertical-align: inherit\"><span style=\"vertical-align: inherit\"><span style=\"vertical-align: inherit\"><span style=\"vertical-align: inherit\">Duraci\u00f3n:<\/span><\/span><\/span><\/span><\/span><\/span><\/span><\/span><br \/>\n<span style=\"vertical-align: inherit\"><span style=\"vertical-align: inherit\"><span style=\"vertical-align: inherit\"><span style=\"vertical-align: inherit\"><span style=\"vertical-align: inherit\"><span style=\"vertical-align: inherit\"><span style=\"vertical-align: inherit\"><span style=\"vertical-align: inherit\">24 horas \u2013 6 sesiones \u2013 6 semanas<\/span><\/span><\/span><\/span><\/span><\/span><\/span><\/span><\/li>\n<li><span style=\"vertical-align: inherit\"><span style=\"vertical-align: inherit\"><span style=\"vertical-align: inherit\"><span style=\"vertical-align: inherit\"><span style=\"vertical-align: inherit\"><span style=\"vertical-align: inherit\"><span style=\"vertical-align: inherit\"><span style=\"vertical-align: inherit\">3 horas sincr\u00f3nicas &#8211; 1 hora plataforma Moodle por semana<\/span><\/span><\/span><\/span><\/span><\/span><\/span><\/span><\/div><input type='hidden' bg_collapse_expand='6a01cc6a160656049804044' value='6a01cc6a160656049804044'><input type='hidden' id='bg-show-more-text-6a01cc6a160656049804044' value='Inversi\u00f3n'><input type='hidden' id='bg-show-less-text-6a01cc6a160656049804044' value='Ver menos'><button id='bg-showmore-action-6a01cc6a160656049804044' class='bg-showmore-plg-button bg-blue-button bg-arrow '   style=\" color:;\">Inversi\u00f3n<\/button><div id='bg-showmore-hidden-6a01cc6a160656049804044' ><\/li>\n<li>20% de Dto. pronto pago hasta el 22 de octubre $200.000 COP<\/li>\n<li>Del 23 al 30 de octubre $250.000 COP<\/div><\/li>\n<\/ul>\n<p>[\/vc_column_text]<div class=\"wpb_content_element \"><style type=\"text\/css\">#bklyn_btn_6a01cc6a1610a .bklyn-btn { border-width:px !important; border-radius:px !important; background-color:#a746d7 !important; }<\/style><div id=\"bklyn_cta_6a01cc6a16109\" class=\"bklyn-call-to-action-wrapper\"><div class=\"bklyn-call-to-action-inner clearfix\"><div class=\"bklyn-call-to-action-content\"><p>Inscripciones abiertas hasta el 30 de octubre. Inicia 3 noviembre de 2022.<\/p>\n<\/div><div class=\"bklyn-call-to-action-button-holder\"><div id=\"bklyn_btn_6a01cc6a1610a\" class=\"bklyn-btn-holder bklyn-btn-center bklyn-btn-tablet-center bklyn-btn-mobile-center\"><a title=\"Contacto\" href=\"https:\/\/forms.gle\/933DLSDypQTrXfmA7\" target=\"_self\" class=\"bklyn-btn bklyn-btn-normal \" rel=\"nofollow\">Inscr\u00edbete<\/a><\/div><\/div><\/div><\/div><\/div>[\/vc_column][vc_column width=\u00bb1\/6&#8243;][\/vc_column][\/vc_row][vc_row][vc_column][vc_column_text][\/vc_column_text][\/vc_column][\/vc_row]<\/p>\n<\/div>","protected":false},"excerpt":{"rendered":"<p>[vc_row][vc_column width=\u00bb1\/6&#8243;][vc_column_text][\/vc_column_text][\/vc_column][vc_column width=\u00bb2\/3&#8243;][vc_column_text css=\u00bb.vc_custom_1665246910337{background-color: rgb(255, 255, 255) !important;background-position: center !important;background-repeat: no-repeat !important;background-size: contain !important;}\u00bb]\u00a0 Biodrama: \u00bfC\u00f3mo retratar la vida en el teatro? Este taller busca que los participantes tengan la oportunidad de vivir la experiencia de construir su propio biodrama partiendo de su historia de vida. Utilizando como base te\u00f3rica algunas de las consignas b\u00e1sicas [&hellip;]<\/p>\n","protected":false},"author":1,"featured_media":0,"parent":0,"menu_order":0,"comment_status":"closed","ping_status":"closed","template":"","meta":{"footnotes":""},"class_list":["post-11483","page","type-page","status-publish","hentry"],"_links":{"self":[{"href":"https:\/\/www.arteenboga.com.co\/la\/wp-json\/wp\/v2\/pages\/11483","targetHints":{"allow":["GET"]}}],"collection":[{"href":"https:\/\/www.arteenboga.com.co\/la\/wp-json\/wp\/v2\/pages"}],"about":[{"href":"https:\/\/www.arteenboga.com.co\/la\/wp-json\/wp\/v2\/types\/page"}],"author":[{"embeddable":true,"href":"https:\/\/www.arteenboga.com.co\/la\/wp-json\/wp\/v2\/users\/1"}],"replies":[{"embeddable":true,"href":"https:\/\/www.arteenboga.com.co\/la\/wp-json\/wp\/v2\/comments?post=11483"}],"version-history":[{"count":78,"href":"https:\/\/www.arteenboga.com.co\/la\/wp-json\/wp\/v2\/pages\/11483\/revisions"}],"predecessor-version":[{"id":11595,"href":"https:\/\/www.arteenboga.com.co\/la\/wp-json\/wp\/v2\/pages\/11483\/revisions\/11595"}],"wp:attachment":[{"href":"https:\/\/www.arteenboga.com.co\/la\/wp-json\/wp\/v2\/media?parent=11483"}],"curies":[{"name":"wp","href":"https:\/\/api.w.org\/{rel}","templated":true}]}}