{"id":11013,"date":"2022-03-22T22:46:23","date_gmt":"2022-03-22T22:46:23","guid":{"rendered":"https:\/\/www.arteenboga.com.co\/la\/?page_id=11013"},"modified":"2022-06-09T04:52:39","modified_gmt":"2022-06-09T04:52:39","slug":"editorial-2da-edicion","status":"publish","type":"page","link":"https:\/\/www.arteenboga.com.co\/la\/editorial-2da-edicion\/","title":{"rendered":"Editorial 2da Edici\u00f3n"},"content":{"rendered":"<div class=\"wpb-content-wrapper\"><p>[vc_row][vc_column width=\u00bb1\/6&#8243;][\/vc_column][vc_column width=\u00bb2\/3&#8243;][vc_empty_space][vc_column_text]<\/p>\n<h2>Segunda Edici\u00f3n de Arte en Boga: Convocatoria a Nivel Nacional para la Difusi\u00f3n de Investigaciones en Artes para la Transformaci\u00f3n Social<\/h2>\n<p>El arte y la transformaci\u00f3n social ha sido para nuestro proyecto Arte en Boga un eje fundamental para encontrar la ruta hacia el encuentro con los proyectos que hoy hacen parte de nuestra segunda curadur\u00eda de investigaciones en artes para la transformaci\u00f3n social a nivel nacional.\u00a0 Cada uno de ellos, desde diferentes regiones del pa\u00eds y a trav\u00e9s de sus pr\u00e1cticas art\u00edsticas, nos entregan una mirada particular sobre lo que ocurre en sus contextos, y que directa o indirectamente queda enunciado en sus obras.<\/p>\n<p>Los seis proyectos art\u00edsticos que hacen parte de esta curadur\u00eda tienen un profundo inter\u00e9s por la condici\u00f3n humana; el cuerpo, la memoria, el territorio, las v\u00edctimas, el empoderamiento, la resiliencia, entre otros temas, se presentan como hilos conductores que entrecruzan las propuestas, evidenciando la importancia de seguir generando obras que cuestionen los discursos establecidos, que presenten al arte como una herramienta para la transformaci\u00f3n de realidades, para el entendimiento de nuestra historia y la reconstrucci\u00f3n del tejido social.<\/p>\n<p>Por lo anterior, nos parece muy importante poner en circulaci\u00f3n todo el conocimiento que comportan estas seis tesis art\u00edsticas, considerando que \u00e9stas dan cuenta de sus intereses, visiones y pasiones que los tienen en el campo del arte y que les impulsan a crear y reflexionar en torno a estos temas.<\/p>\n<p>Desde Arte en Boga, creemos en el impacto positivo que tienen estos proyectos art\u00edsticos en sus comunidades y la importancia de hacerlos visibles, m\u00e1s all\u00e1 del \u00e1mbito acad\u00e9mico para propiciar espacios de transferencia y apropiaci\u00f3n del conocimiento en torno al arte y la transformaci\u00f3n social.<\/p>\n<p>Quiero expresarle mi m\u00e1s sincero agradecimiento a cada uno de los artistas que hacen parte de esta curadur\u00eda, por su fuerte compromiso con la sociedad, y la convicci\u00f3n que hoy los tiene reflexionando en el campo del arte, por su mirada cr\u00edtica sobre las tem\u00e1ticas abordadas y el poder reparador que se muestra con potencia en cada una de sus creaciones.<\/p>\n<p>Gracias por abrirnos las puertas de sus investigaciones, por compartirnos tanto conocimiento, tantas historias alrededor de esos momentos de creaci\u00f3n, de participaci\u00f3n con la comunidad, de posar la mirada sobre las problem\u00e1ticas, sobre lo que le pasa al otro y como eso puede ser fuente inagotable de inspiraci\u00f3n en sus creaciones art\u00edsticas.<\/p>\n<p>Gracias tambi\u00e9n a todo el equipo de Arte en Boga, Natalia Fern\u00e1ndez por su acompa\u00f1amiento, generosidad y la lucidez con que aborda cada proyecto, gracias infinitas, a todos los colaboradores, Andrea Rozo por su apoyo y solidaridad con el proyecto, a mi familia por el tiempo, la paciencia y el cuidado que siempre me brindan para llevar a cabo este sue\u00f1o.<\/p>\n<p>Agradecer tambi\u00e9n al Programa Nacional de Est\u00edmulos del Ministerio de Cultura y a la \u00abBeca para el Fortalecimiento a la Creaci\u00f3n y Circulaci\u00f3n de Contenidos de Cr\u00edtica Cultural y Creativa\u00bb 2021 por confiar en nuestro proyecto.<\/p>\n<p>Gracias a tod_s por el tiempo y la dedicaci\u00f3n, pues es gracias a su presencia que hoy podemos darle vida a una idea, que poco a poco se ha ido convirtiendo en un sue\u00f1o, donde todas, todos y tod_s tengamos un espacio para expresar, apoyar y acompa\u00f1arnos en este complejo camino de la creaci\u00f3n.<\/p>\n<p>Gracias y \u00a1Bienvenid_s a nuestro proyecto Arte en Boga!<\/p>\n<p>Nelly Vargas<\/p>\n<p><span style=\"vertical-align: inherit;\"><span style=\"vertical-align: inherit;\"><span style=\"vertical-align: inherit;\"><span style=\"vertical-align: inherit;\"><span style=\"vertical-align: inherit;\"><span style=\"vertical-align: inherit;\">Directora y Curadora<\/span><\/span><\/span><\/span><\/span><\/span>[\/vc_column_text][\/vc_column][vc_column width=\u00bb1\/6&#8243;][\/vc_column][\/vc_row][vc_section][vc_row][vc_column]<div class=\"wpb_content_element \"><style type=\"text\/css\">#ut_vs_69e5348243e93.ut-shortcode-video-wrap .ut-video-module { max-width: 90% ; }#ut_vs_69e5348243e93.ut-shortcode-video-wrap .ut-video-module-caption-text span { font-weight: bold; }#ut_vs_69e5348243e93.ut-shortcode-video-wrap .ut-video-module-play-icon { margin-right: 20px; }<\/style><div id=\"ut_vs_69e5348243e93\" class=\"ut-shortcode-video-wrap  ut-shortcode-video-wrap-center ut-shortcode-video-wrap-tablet-center ut-shortcode-video-wrap-mobile-center clearfix\" ><div id=\"ut_reveal_69e5348243e94\"  class=\"ut-video-module \"><div class=\"ut-video-module-caption \"><a class=\"ut-load-video \" data-source=\"mp4\" data-autoplay=\"0\" data-nonce=\"7638a0c6a1\" data-location=\"inline\"   data-video=\"https:\/\/www.youtube.com\/watch?v=7A8oWMwF49I\" data-html=\"#ut_vid_69e534824809c\">\r\n        <img loading=\"lazy\" decoding=\"async\" data-adaptive-images=\"{&quot;300&quot;:&quot;https:\\\/\\\/www.arteenboga.com.co\\\/la\\\/wp-content\\\/uploads\\\/2022\\\/03\\\/Miniatura_Reel-300x169.png&quot;,&quot;500&quot;:&quot;https:\\\/\\\/www.arteenboga.com.co\\\/la\\\/wp-content\\\/uploads\\\/2022\\\/03\\\/Miniatura_Reel-500x281.png&quot;,&quot;750&quot;:&quot;https:\\\/\\\/www.arteenboga.com.co\\\/la\\\/wp-content\\\/uploads\\\/2022\\\/03\\\/Miniatura_Reel-750x422.png&quot;,&quot;1000&quot;:&quot;https:\\\/\\\/www.arteenboga.com.co\\\/la\\\/wp-content\\\/uploads\\\/2022\\\/03\\\/Miniatura_Reel-1000x563.png&quot;,&quot;1500&quot;:&quot;https:\\\/\\\/www.arteenboga.com.co\\\/la\\\/wp-content\\\/uploads\\\/2022\\\/03\\\/Miniatura_Reel-1500x844.png&quot;,&quot;2500&quot;:&quot;https:\\\/\\\/www.arteenboga.com.co\\\/la\\\/wp-content\\\/uploads\\\/2022\\\/03\\\/Miniatura_Reel-2500x1406.png&quot;}\" src=\"data:image\/svg+xml;charset=utf-8,%3Csvg xmlns%3D&#039;http%3A%2F%2Fwww.w3.org%2F2000%2Fsvg&#039; viewBox%3D&#039;0 0 1500 844&#039;%2F%3E\" width=\"1500\" height=\"844\" data-src=\"https:\/\/www.arteenboga.com.co\/la\/wp-content\/uploads\/2022\/03\/Miniatura_Reel-1500x844.png\" data-image-id=\"10938\" class=\"ut-adaptive-image wp-post-image skip-lazy \">\r\n\r\n        <div class=\"ut-video-module-caption-text\"><div class=\"ut-video-module-inner-caption-text  ut-video-module-caption-position-default\"><div class=\"ut-video-module-play-icon \"><i class=\"Bklyn-Core-Right-6\" aria-hidden=\"true\"><\/i><\/div><span>Reel Nueva Curadur\u00eda a Nivel Nacional Artes para la Transformaci\u00f3n Social<\/span><\/div><\/div><\/a><\/div><div class=\"ut-video-module-loading\"><div class=\"ut-image-gallery-loader\"><div class=\"ut-image-gallery-loader-inner\"><\/div><\/div><\/div><\/div><\/div><\/div>[\/vc_column][\/vc_row][\/vc_section][vc_row][vc_column][vc_column_text]<span style=\"vertical-align: inherit;\"><span style=\"vertical-align: inherit;\"><span style=\"vertical-align: inherit;\"><span style=\"vertical-align: inherit;\"> [\/vc_column_text][\/vc_column][\/vc_row][vc_row][vc_column][vc_column_text]<\/span><\/span><\/span><\/span>[\/vc_column_text][\/vc_column][\/vc_row]<\/p>\n<\/div>","protected":false},"excerpt":{"rendered":"<p>[vc_row][vc_column width=\u00bb1\/6&#8243;][\/vc_column][vc_column width=\u00bb2\/3&#8243;][vc_empty_space][vc_column_text] Segunda Edici\u00f3n de Arte en Boga: Convocatoria a Nivel Nacional para la Difusi\u00f3n de Investigaciones en Artes para la Transformaci\u00f3n Social El arte y la transformaci\u00f3n social ha sido para nuestro proyecto Arte en Boga un eje fundamental para encontrar la ruta hacia el encuentro con los proyectos que hoy hacen parte [&hellip;]<\/p>\n","protected":false},"author":1,"featured_media":0,"parent":0,"menu_order":0,"comment_status":"closed","ping_status":"closed","template":"","meta":{"footnotes":""},"class_list":["post-11013","page","type-page","status-publish","hentry"],"_links":{"self":[{"href":"https:\/\/www.arteenboga.com.co\/la\/wp-json\/wp\/v2\/pages\/11013","targetHints":{"allow":["GET"]}}],"collection":[{"href":"https:\/\/www.arteenboga.com.co\/la\/wp-json\/wp\/v2\/pages"}],"about":[{"href":"https:\/\/www.arteenboga.com.co\/la\/wp-json\/wp\/v2\/types\/page"}],"author":[{"embeddable":true,"href":"https:\/\/www.arteenboga.com.co\/la\/wp-json\/wp\/v2\/users\/1"}],"replies":[{"embeddable":true,"href":"https:\/\/www.arteenboga.com.co\/la\/wp-json\/wp\/v2\/comments?post=11013"}],"version-history":[{"count":11,"href":"https:\/\/www.arteenboga.com.co\/la\/wp-json\/wp\/v2\/pages\/11013\/revisions"}],"predecessor-version":[{"id":11342,"href":"https:\/\/www.arteenboga.com.co\/la\/wp-json\/wp\/v2\/pages\/11013\/revisions\/11342"}],"wp:attachment":[{"href":"https:\/\/www.arteenboga.com.co\/la\/wp-json\/wp\/v2\/media?parent=11013"}],"curies":[{"name":"wp","href":"https:\/\/api.w.org\/{rel}","templated":true}]}}