{"id":10268,"date":"2021-07-01T04:19:31","date_gmt":"2021-07-01T04:19:31","guid":{"rendered":"https:\/\/www.arteenboga.com.co\/la\/?page_id=10268"},"modified":"2021-07-08T00:26:51","modified_gmt":"2021-07-08T00:26:51","slug":"natalia-fernandez","status":"publish","type":"page","link":"https:\/\/www.arteenboga.com.co\/la\/equipo\/natalia-fernandez\/","title":{"rendered":"Natalia Fern\u00e1ndez"},"content":{"rendered":"<div class=\"wpb-content-wrapper\"><p>[vc_section css=\u00bb.vc_custom_1569880113975{background-image: url(https:\/\/www.arteenboga.com.co\/la\/wp-content\/uploads\/2019\/09\/brooklyn-svg-bg-light-01-01-01-01.svg?id=5112) !important;background-position: center !important;background-repeat: no-repeat !important;background-size: contain !important;}\u00bb][vc_row full_width=\u00bb\u00bb equal_height=\u00bbyes\u00bb content_placement=\u00bbmiddle\u00bb hide_bg_mobile=\u00bbtrue\u00bb css=\u00bb.vc_custom_1570821596792{background-position: 0 0 !important;background-repeat: no-repeat !important;}\u00bb el_name=\u00bbSection title has margin bottom 20px\u00bb][vc_column width=\u00bb1\/2&#8243; delay=\u00bbtrue\u00bb effect=\u00bbfadeIn\u00bb delay_timer=\u00bb0&#8243; animation_duration=\u00bb2s\u00bb offset=\u00bbvc_col-lg-6 vc_col-md-6 vc_col-sm-6 vc_col-xs-12&#8243;]<div class=\"wpb_content_element  vc_custom_1625113703054\"><style type=\"text\/css\">#ut_header_69e549bc5685d h1.section-title { font-size:100px !important;line-height:115px !important;letter-spacing:-0.03em; }<\/style><header id=\"ut_header_69e549bc5685d\" class=\"section-header  ut-no-title-linebreak-mobile ut-no-lead-linebreak-mobile pt-style-7 header-left header-tablet-left header-mobile-center element-with-custom-line-height\"><div class=\"element-with-custom-line-height\" ><h1 data-title=\"Natalia Fern\u00e1ndez\" data-effect=\"fadeIn\" data-animateonce=\"yes\" data-delay=\"0\" data-animation-duration=\"2s\" data-responsive-font=\"section_title\" data-responsive-font-settings=\"{&quot;base-font-size&quot;:&quot;100&quot;,&quot;font-size-unit&quot;:&quot;px&quot;,&quot;font-size&quot;:{&quot;desktop_large&quot;:&quot;100&quot;},&quot;base-line-height&quot;:&quot;115&quot;,&quot;line-height-unit&quot;:&quot;px&quot;,&quot;line-height&quot;:{&quot;desktop_large&quot;:&quot;115&quot;},&quot;base-letter-spacing&quot;:&quot;global&quot;,&quot;letter-spacing&quot;:{&quot;desktop_large&quot;:&quot;-0.03&quot;}}\" class=\"section-title ut-animate-element animated ut-no-animation-tablet ut-no-animation-mobile \"><span>Natalia Fern\u00e1ndez<\/span><\/h1><\/div><\/header><\/div>[vc_empty_space height=\u00bb20px\u00bb]<div data-effect=\"fadeIn\" data-animateonce=\"yes\" data-delay=\"500\" class=\"wpb_content_element ut-animate-image animated  vc_custom_1625103500185 clearfix\"><style type=\"text\/css\">#ut_am_69e549bc5c24c { opacity: 1; }#ut_am_wrap_69e549bc5c24d .ut-image-gallery-item-caption-title h3 { letter-spacing: 0em; }#ut_am_wrap_69e549bc5c24d .ut-gallery-slider-caption { font-weight: bold; }#ut_am_wrap_69e549bc5c24d { text-align: left; }@media (min-width: 768px) and (max-width: 1024px) { #ut_am_wrap_69e549bc5c24d { text-align: left !important; } }@media (max-width: 767px) { #ut_am_wrap_69e549bc5c24d { text-align: center !important; } }<\/style><div id=\"ut_am_wrap_69e549bc5c24d\" class=\"ut-image-gallery-image ut-brush-demo-49\"><div id=\"ut_reveal_69e549bc5c24e\"  data-appear-top-offset=\"auto\" class=\"ut-animated-image-item ut-image-gallery-item ut-animation-done \"><a class=\"ut-deactivated-link\" href=\"#\"><div class=\"ut-animated-image-zoom\"><img loading=\"lazy\" decoding=\"async\" class=\"ut-lazy skip-lazy ut-animated-image \"  id=\"ut_am_69e549bc5c24c\" src=\"data:image\/svg+xml;charset=utf-8,%3Csvg xmlns%3D'http%3A%2F%2Fwww.w3.org%2F2000%2Fsvg' viewBox%3D'0 0 400 15'%2F%3E\" data-src=\"https:\/\/www.arteenboga.com.co\/la\/wp-content\/uploads\/2021\/05\/admin-ajaxmoradofuerte.png\" width=\"400\" height=\"15\" alt=\"\"\/><\/div><\/a><\/div><\/div><\/div><div class=\"wpb_content_element  vc_custom_1625703964163\"><style type=\"text\/css\">#ut_header_69e549bc5c7a0 h2.section-title { font-size:75px !important;line-height:90px !important;letter-spacing:-0.03em; }<\/style><header id=\"ut_header_69e549bc5c7a0\" class=\"section-header  ut-no-title-linebreak-mobile ut-no-lead-linebreak-mobile pt-style-7 header-left header-tablet-left header-mobile-center element-with-custom-line-height\"><div data-effect=\"fadeIn\" data-animateonce=\"yes\" data-delay=\"750\" class=\"lead ut-animate-element animated ut-no-animation-tablet ut-no-animation-mobile\"><p>\u00abSer Social Media es saber trabajar en equipo para ayudar a concretar una idea\u00bb<\/p>\n<\/div><\/header><\/div>[\/vc_column][vc_column width=\u00bb1\/2&#8243; background_position=\u00bbright center\u00bb delay=\u00bbtrue\u00bb css=\u00bb.vc_custom_1572448869018{background-image: url(https:\/\/www.arteenboga.com.co\/la\/wp-content\/uploads\/2019\/10\/ut-dots.svg?id=5939) !important;background-position: center !important;background-repeat: no-repeat !important;background-size: contain !important;}\u00bb offset=\u00bbvc_col-lg-offset-1 vc_col-lg-5 vc_col-md-offset-1 vc_col-md-5 vc_col-sm-6 vc_col-xs-12&#8243; effect=\u00bbfadeIn\u00bb delay_timer=\u00bb0&#8243;]<div  class=\"wpb_content_element   clearfix\"><style type=\"text\/css\">#ut_am_69e549bc5d3ad { opacity: 1; }#ut_am_wrap_69e549bc5d3ae .ut-image-gallery-item-caption-title h3 { color: #a746d7; }#ut_am_wrap_69e549bc5d3ae .ut-image-gallery-item-caption-title-style-2 h3 { color: #a746d7; }#ut_am_wrap_69e549bc5d3ae .ut-image-gallery-item.ut-animation-done:hover .ut-image-gallery-image-caption, #ut_am_wrap_69e549bc5d3ae .ut-image-gallery-item.ut-element-is-animating:hover .ut-image-gallery-image-caption { background: rgb(0, 0, 0); }#ut_am_wrap_69e549bc5d3ae .ut-image-gallery-item .ut-image-gallery-image-caption-style-2 { background: rgb(0, 0, 0); }@media (min-width: 768px) { #ut_am_wrap_69e549bc5d3ae .ut-animated-image-item a { padding-right: 40px; } }@media (min-width: 768px) { #ut_am_wrap_69e549bc5d3ae .ut-box-shadow-container { margin-right: 40px; } }#ut_am_wrap_69e549bc5d3ae .ut-animated-image-zoom::after { background: url(https:\/\/www.arteenboga.com.co\/la\/wp-content\/uploads\/2021\/06\/perfil-equipo-nati.jpg); }#ut_am_wrap_69e549bc5d3ae .ut-image-gallery-item-caption-title-style-2 h3 { line-height: 125%; }#ut_am_wrap_69e549bc5d3ae .ut-image-gallery-item-caption-title-style-2 h3 { letter-spacing: 0em; }#ut_am_wrap_69e549bc5d3ae .ut-gallery-slider-caption { font-weight: bold; }#ut_am_wrap_69e549bc5d3ae { text-align: center; }@media (min-width: 768px) and (max-width: 1024px) { #ut_am_wrap_69e549bc5d3ae { text-align: center !important; } }@media (max-width: 767px) { #ut_am_wrap_69e549bc5d3ae { text-align: center !important; } }<\/style><div id=\"ut_am_wrap_69e549bc5d3ae\" class=\"ut-image-gallery-image  ut-reveal-fx ut-element-with-block-reveal\"><div id=\"ut_reveal_69e549bc5d3af\" data-reveal-bgcolor=\"#a746d7\" data-reveal-direction=\"lr\" data-reveal-duration=\"750\" data-reveal-delay=\"250\" data-appear-top-offset=\"auto\" class=\"ut-animated-image-item ut-image-gallery-item ut-animation-done ut-reveal-fx-element ut-block-reveal-hide\"><a class=\"ut-deactivated-link\" href=\"#\"><div class=\"ut-animated-image-zoom\"><img loading=\"lazy\" decoding=\"async\" class=\"ut-lazy skip-lazy ut-animated-image \"  id=\"ut_am_69e549bc5d3ad\" src=\"data:image\/svg+xml;charset=utf-8,%3Csvg xmlns%3D'http%3A%2F%2Fwww.w3.org%2F2000%2Fsvg' viewBox%3D'0 0 1539 2048'%2F%3E\" data-src=\"https:\/\/www.arteenboga.com.co\/la\/wp-content\/uploads\/2021\/06\/perfil-equipo-nati.jpg\" width=\"1539\" height=\"2048\" alt=\"\"\/><\/div><div data-image-caption class=\"ut-image-gallery-image-caption-style-2\"><div class=\"ut-image-gallery-item-caption-title-style-2\"><h3>Social Media Manager<\/h3><\/div><\/div><\/a><\/div><\/div><\/div>[\/vc_column][\/vc_row][vc_row delay=\u00bbtrue\u00bb effect=\u00bbfadeIn\u00bb animation_duration=\u00bb2s\u00bb delay_timer=\u00bb0&#8243; el_name=\u00bbRow has animation \/ margin top 40px\u00bb css=\u00bb.vc_custom_1573691239515{margin-top: 40px !important;}\u00bb][vc_column][vc_separator color=\u00bbpurple\u00bb style=\u00bbshadow\u00bb border_width=\u00bb5&#8243;][\/vc_column][\/vc_row][vc_row gap=\u00bb40&#8243; equal_height=\u00bbyes\u00bb content_placement=\u00bbtop\u00bb delay=\u00bbtrue\u00bb el_name=\u00bbRow has animation\u00bb effect=\u00bbfadeIn\u00bb delay_timer=\u00bb1000&#8243;][vc_column width=\u00bb2\/3&#8243; offset=\u00bbvc_col-lg-8 vc_col-md-7 vc_col-sm-12 vc_col-xs-12&#8243;]<style type=\"text\/css\">#ut_custom_heading69e549bc5d44b { font-size:25px !important; }#ut_custom_heading69e549bc5d44b { text-align:left; }@media (min-width: 768px) and (max-width: 1024px) { #ut_custom_heading69e549bc5d44b { text-align:left; } }@media (max-width: 767px) { #ut_custom_heading69e549bc5d44b { text-align:left; } }<\/style><h2 id=\"ut_custom_heading69e549bc5d44b\" data-responsive-font=\"h2\" data-responsive-font-settings=\"{&quot;base-font-size&quot;:&quot;global&quot;,&quot;font-size&quot;:{&quot;desktop_large&quot;:&quot;25&quot;},&quot;base-line-height&quot;:&quot;global&quot;,&quot;base-letter-spacing&quot;:&quot;global&quot;}\" class=\"ut-custom-heading-module  \" ><span class=\"\" >Social Media Manager<\/span><\/h2>[vc_column_text]<\/p>\n<p class=\"p1\">Productora audiovisual, Gestora cultural y Social media argentina, egresada como Dise\u00f1adora de Imagen y Sonido, de la Universidad de Buenos Aires (UBA).<\/p>\n<p class=\"p1\">Cuenta con experiencia en producciones de cine y televisi\u00f3n, para importantes productoras (Brava Cine, Nativa, Nippur, WIP, Studio3 TV Italia, Druida) y canales de la televisi\u00f3n argentina (como Paka-Paka y Encuentro).<\/p>\n<p class=\"p1\">Realiz\u00f3\u2000distribuci\u00f3n de cine independiente y particip\u00f3\u2000en varios mercados internacionales (FyMTI, Ventana Sur, Rio Content Market, MICA). Se desempe\u00f1\u00f3 como docente en la materia Difusi\u00f3n y comercializaci\u00f3n de los medios, en la Facultad de Arquitectura, Dise\u00f1o y Urbanismo, de la Universidad de Buenos Aires.<\/p>\n<p class=\"p1\">Actualmente, se desempe\u00f1a como productora y gestora de proyectos para cine y televisi\u00f3n, a la vez se dedica a la Comunicaci\u00f3n desde el campo del Social media y Copywriter potenciando marcas personales y proyectos culturales. Forma parte del proyecto Arte en Boga, como gestora y digital manager.<\/p>\n<p>[\/vc_column_text][\/vc_column][vc_column width=\u00bb1\/3&#8243; delay=\u00bbtrue\u00bb css=\u00bb.vc_custom_1625101540554{background-color: #a746d7 !important;}\u00bb effect=\u00bbnone\u00bb offset=\u00bbvc_col-lg-4 vc_col-md-5 vc_col-sm-12 vc_col-xs-12&#8243;]<style type=\"text\/css\">#ut_custom_heading69e549bc5d4be { font-size:18px !important; }#ut_custom_heading69e549bc5d4be { text-align:left; }@media (min-width: 768px) and (max-width: 1024px) { #ut_custom_heading69e549bc5d4be { text-align:left; } }@media (max-width: 767px) { #ut_custom_heading69e549bc5d4be { text-align:left; } }<\/style><h3 id=\"ut_custom_heading69e549bc5d4be\" data-responsive-font=\"h3\" data-responsive-font-settings=\"{&quot;base-font-size&quot;:&quot;global&quot;,&quot;font-size&quot;:{&quot;desktop_large&quot;:&quot;18&quot;},&quot;base-line-height&quot;:&quot;global&quot;,&quot;base-letter-spacing&quot;:&quot;global&quot;}\" class=\"ut-custom-heading-module  \" ><span class=\"\" >Resumen<\/span><\/h3><div class=\"wpb_content_element \"><style class=\"bklyn-inline-styles\" type=\"text\/css\">#ut_fl_69e549bc5de2d609579703.bklyn-fancy-list { font-size: 13px !important; }#ut_fl_69e549bc5de2d609579703.bklyn-fancy-list { line-height: 20px !important; }#ut_fl_69e549bc5de2d609579703 .bklyn-list li:not(:last-child) { margin-bottom: 5px; }#ut_fl_69e549bc5de2d609579703 li { color: #424242; }#ut_fl_69e549bc5de2d609579703 li span { color: rgba(68, 68, 68, 1); }#ut_fl_69e549bc5de2d609579703 a { color: rgba(68, 68, 68, 1); }#ut_fl_69e549bc5de2d609579703 a:visited { color: rgba(68, 68, 68, 1); }#ut_fl_69e549bc5de2d609579703 ul { list-style-type: square; }<\/style><div id=\"ut_fl_69e549bc5de2d609579703\" class=\"bklyn-fancy-list  bklyn-fancy-list-left bklyn-fancy-list-tablet-left bklyn-fancy-list-mobile-center\"><ul class=\"bklyn-list \" data-appear-top-offset=\"almost\"><li class=\"bklyn-list-item-space-xsmall\"><span><span>Dise\u00f1o de Imagen y Sonido Facultad de Arquitectura, Dise\u00f1o y Urbanismo UBA (2009)<\/span><br \/><span>Tramo de Formaci\u00f3n Pedag\u00f3gica Facultad de Ciencias Humanas, Universidad del Este UDE (2020)<\/span><\/a><\/span><\/li><li class=\"bklyn-list-item-space-xsmall\"><span><span>Programa Integral Marketing Online Capacitarte, UBA (2020)<\/span><br \/><span>Curso B\u00e1sico de Marketing Digital Act\u2000vate Google y IAB - Interactive Advertising Bureau (2015)<\/span><\/a><\/span><\/li><li class=\"bklyn-list-item-space-xsmall\"><span><span>Productora para Brava Cine SRL Presentaciones a fondos internacionales (Ibermedia, World Cinema Fund, Vision Sud Est) y nacionales (BACA) 2020-2021<\/span><\/a><\/span><\/li><li class=\"bklyn-list-item-space-xsmall\"><span><span>Project Manager Community Manager El Acuarista y coordinaci\u00f3n del curso presencial y online (2019-2021)<\/span><\/a><\/span><\/li><li class=\"bklyn-list-item-space-xsmall\"><span><span>Gestora Cultural y Productora Audivisual de diferentes proyectos;  La Brujula, Studio 3 TV S.R.L. Nativa Contenidos, Canal TV Paka Paka, HollyLatino (2014-2017)<\/span><\/a><\/span><\/li><\/ul><\/div><\/div>[\/vc_column][\/vc_row][vc_row][vc_column]<style type=\"text\/css\">#ut_custom_heading69e549bc5e179 { font-size:18px !important; }#ut_custom_heading69e549bc5e179 { text-align:center; }@media (min-width: 768px) and (max-width: 1024px) { #ut_custom_heading69e549bc5e179 { text-align:center; } }@media (max-width: 767px) { #ut_custom_heading69e549bc5e179 { text-align:center; } }<\/style><h3 id=\"ut_custom_heading69e549bc5e179\" data-responsive-font=\"h3\" data-responsive-font-settings=\"{&quot;base-font-size&quot;:&quot;global&quot;,&quot;font-size&quot;:{&quot;desktop_large&quot;:&quot;18&quot;},&quot;base-line-height&quot;:&quot;global&quot;,&quot;base-letter-spacing&quot;:&quot;global&quot;}\" class=\"ut-custom-heading-module  \" data-appear-effect=\"effect-8\" data-appear-top-offset=\"full\"><span class=\"\" >Sigue a Natalia en:<\/span><\/h3><div class=\"wpb_content_element \"><style class=\"bklyn-inline-styles\" type=\"text\/css\">#ut_sf_69e549bc5e1ed .ut-animate-social-follow-element { opacity: 0; }#ut_sf_69e549bc5e1ed li a i { color: #0a0a0a; }#ut_sf_69e549bc5e1ed li a:hover i { color: rgba(255,255,255,0.5); }#ut_sf_69e549bc5e1ed li a:focus i { color: rgba(255,255,255,0.5); }#ut_sf_69e549bc5e1ed { font-size: 22px; }<\/style><ul id=\"ut_sf_69e549bc5e1ed\" class=\"ut-social-follow-module  ut-social-follow-module-center ut-social-follow-module-tablet-center ut-social-follow-module-mobile-center ut-social-follow-module-20\" data-settings=\"{&quot;animate&quot;:true,&quot;effect&quot;:&quot;fadeIn&quot;,&quot;delay_animation&quot;:true,&quot;global_delay_animation&quot;:false,&quot;delay_timer&quot;:&quot;250&quot;,&quot;global_delay_timer&quot;:100}\"><li data-effect=\"fadeIn\" data-animateonce=\"yes\" class=\"ut-social-follow-0 ut-social-follow-icon-only ut-animate-social-follow-element animated ut-no-animation-tablet ut-no-animation-mobile\"><a class=\"ut-social-follow-link\" title=\"\" href=\"https:\/\/www.instagram.com\/natidarcy\/?hl=es-la\" area-label=\"fa instagram\" target=\"_blank\" ><i class=\"fa fa-instagram\"><\/i><\/a><\/li><li data-effect=\"fadeIn\" data-animateonce=\"yes\" class=\"ut-social-follow-1 ut-social-follow-icon-only ut-animate-social-follow-element animated ut-no-animation-tablet ut-no-animation-mobile\"><a class=\"ut-social-follow-link\" title=\"\" href=\"https:\/\/www.linkedin.com\/in\/fernandezn\" area-label=\"fa linkedin\" target=\"_blank\" ><i class=\"fa fa-linkedin\"><\/i><\/a><\/li><\/ul><\/div>[\/vc_column][\/vc_row][\/vc_section]<\/p>\n<\/div>","protected":false},"excerpt":{"rendered":"<p>[vc_section css=\u00bb.vc_custom_1569880113975{background-image: url(https:\/\/www.arteenboga.com.co\/la\/wp-content\/uploads\/2019\/09\/brooklyn-svg-bg-light-01-01-01-01.svg?id=5112) !important;background-position: center !important;background-repeat: no-repeat !important;background-size: contain !important;}\u00bb][vc_row full_width=\u00bb\u00bb equal_height=\u00bbyes\u00bb content_placement=\u00bbmiddle\u00bb hide_bg_mobile=\u00bbtrue\u00bb css=\u00bb.vc_custom_1570821596792{background-position: 0 0 !important;background-repeat: no-repeat !important;}\u00bb el_name=\u00bbSection title has margin bottom 20px\u00bb][vc_column width=\u00bb1\/2&#8243; delay=\u00bbtrue\u00bb effect=\u00bbfadeIn\u00bb delay_timer=\u00bb0&#8243; animation_duration=\u00bb2s\u00bb offset=\u00bbvc_col-lg-6 vc_col-md-6 vc_col-sm-6 vc_col-xs-12&#8243;][vc_empty_space height=\u00bb20px\u00bb][\/vc_column][vc_column width=\u00bb1\/2&#8243; background_position=\u00bbright center\u00bb delay=\u00bbtrue\u00bb css=\u00bb.vc_custom_1572448869018{background-image: url(https:\/\/www.arteenboga.com.co\/la\/wp-content\/uploads\/2019\/10\/ut-dots.svg?id=5939) !important;background-position: center !important;background-repeat: no-repeat !important;background-size: contain !important;}\u00bb offset=\u00bbvc_col-lg-offset-1 vc_col-lg-5 vc_col-md-offset-1 vc_col-md-5 vc_col-sm-6 vc_col-xs-12&#8243; [&hellip;]<\/p>\n","protected":false},"author":1,"featured_media":0,"parent":8937,"menu_order":0,"comment_status":"closed","ping_status":"closed","template":"","meta":{"footnotes":""},"class_list":["post-10268","page","type-page","status-publish","hentry"],"_links":{"self":[{"href":"https:\/\/www.arteenboga.com.co\/la\/wp-json\/wp\/v2\/pages\/10268","targetHints":{"allow":["GET"]}}],"collection":[{"href":"https:\/\/www.arteenboga.com.co\/la\/wp-json\/wp\/v2\/pages"}],"about":[{"href":"https:\/\/www.arteenboga.com.co\/la\/wp-json\/wp\/v2\/types\/page"}],"author":[{"embeddable":true,"href":"https:\/\/www.arteenboga.com.co\/la\/wp-json\/wp\/v2\/users\/1"}],"replies":[{"embeddable":true,"href":"https:\/\/www.arteenboga.com.co\/la\/wp-json\/wp\/v2\/comments?post=10268"}],"version-history":[{"count":11,"href":"https:\/\/www.arteenboga.com.co\/la\/wp-json\/wp\/v2\/pages\/10268\/revisions"}],"predecessor-version":[{"id":10625,"href":"https:\/\/www.arteenboga.com.co\/la\/wp-json\/wp\/v2\/pages\/10268\/revisions\/10625"}],"up":[{"embeddable":true,"href":"https:\/\/www.arteenboga.com.co\/la\/wp-json\/wp\/v2\/pages\/8937"}],"wp:attachment":[{"href":"https:\/\/www.arteenboga.com.co\/la\/wp-json\/wp\/v2\/media?parent=10268"}],"curies":[{"name":"wp","href":"https:\/\/api.w.org\/{rel}","templated":true}]}}